{"id":2388,"date":"2023-07-01T02:32:17","date_gmt":"2023-07-01T02:32:17","guid":{"rendered":"https:\/\/satisfybot.com\/?post_type=product&#038;p=2388"},"modified":"2023-07-01T02:32:18","modified_gmt":"2023-07-01T02:32:18","slug":"man-truck-technology-shacman-f3000-6x4-10-wheeler-dump-trucks","status":"publish","type":"product","link":"https:\/\/satisfybot.com\/fr\/produit\/man-truck-technology-shacman-f3000-6x4-10-wheeler-dump-trucks\/","title":{"rendered":"MAN Truck Technology SHACMAN F3000 6 \u00d7 4 10 roues Camions \u00e0 benne basculante"},"content":{"rendered":"<p>MAN Truck Technology SHACMAN F2000 6 \u00d7 4 10 roues Camions \u00e0 benne basculante<\/p>\n<p>&nbsp;<\/p>\n<p>-Benne de camion de 15cbm ~ 20cbm, transport de sable et de graviers benne de type normal, transport de grosses pierres et roches avec benne basculante de type roche.<\/p>\n<p>\u2013Options pour les pneus : pneu biais 12.00-20, pneu radial 12.00R20, pneu tubeless 12R22.5 et 315\/80R22.5.<\/p>\n<p>-Couleur standard\u00a0: blanc, rouge, jaune (l&#039;autre couleur est facultative)<\/p>\n<p>&nbsp;<\/p>\n<p>Type de traction : 6\u00d74<\/p>\n<p>Syst\u00e8me d&#039;entra\u00eenement : LHD (RHD est facultatif)<\/p>\n<p>Cabine\u00a0: Cabine plate F2000, une couchette, climatiseur<\/p>\n<p>Marque de moteur : WEICHAI<\/p>\n<p>Mod\u00e8le : WP10.340E32 EuroII Puissance nominale : 340 ch<\/p>\n<p>Cylindr\u00e9e du moteur : 11.596 litres<\/p>\n<p>Bo\u00eete de vitesses : FAST 9 vitesses (RT-11509C)<\/p>\n<p>Embrayage : Type de diaphragme \u0424430<\/p>\n<p>Direction : technologie ZF<\/p>\n<p>Essieu : Essieu avant MAN de 7,5 tonnes ; Essieu arri\u00e8re \u00e0 double r\u00e9duction STR de 13 tonnes, rapport\u00a0: 5,73<\/p>\n<p>Max. vitesse de course (km\/h): 77<\/p>\n<p>Pneu : 12.00R20, 12R22.5<\/p>\n<p>R\u00e9servoir de carburant : 400L (aluminium)<\/p>\n<p>Poids \u00e0 vide (kg): 12100<\/p>\n<p>Masse totale (kg): 31000<\/p>\n<p>Empattement (mm): 3800+1350<\/p>\n<p>Dimensions (L*l*H) (mm)\u00a0: 8229x2500x3450<\/p>\n<p>&nbsp;<\/p>\n<p>Benne basculante<\/p>\n<p>5400x2300x1500mm, \u00c9paisseur de l&#039;acier (mm):Bas 8, front6mm,c\u00f4t\u00e9 6<\/p>\n<p>Syst\u00e8me de levage hydraulique\u00a0: levage moyen (le levage avant HYVA est facultatif)<\/p>\n<p><img fetchpriority=\"high\" decoding=\"async\" class=\"\" src=\"https:\/\/aliyun-hk03-cdn.hcwebsite.com\/7801b27384b660b81404f495471367cd\/res\/en\/20170223\/auto_3731.jpg\" width=\"1200\" height=\"930\" \/><\/p>\n<p><img decoding=\"async\" class=\"\" src=\"https:\/\/aliyun-hk03-cdn.hcwebsite.com\/7801b27384b660b81404f495471367cd\/res\/en\/20170223\/auto_3732.jpg\" width=\"1200\" height=\"912\" \/><\/p>","protected":false},"excerpt":{"rendered":"<p>MAN Truck Technology SHACMAN F2000 6&#215;4 10 wheeler Dump Trucks &nbsp; &#8211;Truck body from 15cbm~20cbm, sand and gravels transportation normal type dump body, big stones and rocks transportation with rock type dump body. &#8211;Options for tires: 12.00-20 bias tire, 12.00R20 radial tire, 12R22.5 and 315\/80R22.5 tubeless tire. &#8211;Standard color: White, Red, Yellow (Other color is [&hellip;]<\/p>","protected":false},"featured_media":2389,"template":"","meta":{"site-sidebar-layout":"default","site-content-layout":"default","ast-site-content-layout":"default","site-content-style":"default","site-sidebar-style":"default","ast-global-header-display":"","ast-banner-title-visibility":"","ast-main-header-display":"","ast-hfb-above-header-display":"","ast-hfb-below-header-display":"","ast-hfb-mobile-header-display":"","site-post-title":"","ast-breadcrumbs-content":"","ast-featured-img":"","footer-sml-layout":"","ast-disable-related-posts":"","theme-transparent-header-meta":"default","adv-header-id-meta":"","stick-header-meta":"","header-above-stick-meta":"","header-main-stick-meta":"","header-below-stick-meta":"","astra-migrate-meta-layouts":"default","ast-page-background-enabled":"default","ast-page-background-meta":{"desktop":{"background-color":"","background-image":"","background-repeat":"repeat","background-position":"center center","background-size":"auto","background-attachment":"scroll","background-type":"","background-media":"","overlay-type":"","overlay-color":"","overlay-opacity":"","overlay-gradient":""},"tablet":{"background-color":"","background-image":"","background-repeat":"repeat","background-position":"center center","background-size":"auto","background-attachment":"scroll","background-type":"","background-media":"","overlay-type":"","overlay-color":"","overlay-opacity":"","overlay-gradient":""},"mobile":{"background-color":"","background-image":"","background-repeat":"repeat","background-position":"center center","background-size":"auto","background-attachment":"scroll","background-type":"","background-media":"","overlay-type":"","overlay-color":"","overlay-opacity":"","overlay-gradient":""}},"ast-content-background-meta":{"desktop":{"background-color":"var(--ast-global-color-5)","background-image":"","background-repeat":"repeat","background-position":"center center","background-size":"auto","background-attachment":"scroll","background-type":"","background-media":"","overlay-type":"","overlay-color":"","overlay-opacity":"","overlay-gradient":""},"tablet":{"background-color":"var(--ast-global-color-5)","background-image":"","background-repeat":"repeat","background-position":"center center","background-size":"auto","background-attachment":"scroll","background-type":"","background-media":"","overlay-type":"","overlay-color":"","overlay-opacity":"","overlay-gradient":""},"mobile":{"background-color":"var(--ast-global-color-5)","background-image":"","background-repeat":"repeat","background-position":"center center","background-size":"auto","background-attachment":"scroll","background-type":"","background-media":"","overlay-type":"","overlay-color":"","overlay-opacity":"","overlay-gradient":""}}},"product_brand":[],"product_cat":[23],"product_tag":[],"class_list":{"0":"post-2388","1":"product","2":"type-product","3":"status-publish","4":"has-post-thumbnail","6":"product_cat-dump-truck","7":"desktop-align-left","8":"tablet-align-left","9":"mobile-align-left","11":"first","12":"instock","13":"shipping-taxable","14":"product-type-simple"},"_links":{"self":[{"href":"https:\/\/satisfybot.com\/fr\/wp-json\/wp\/v2\/product\/2388","targetHints":{"allow":["GET"]}}],"collection":[{"href":"https:\/\/satisfybot.com\/fr\/wp-json\/wp\/v2\/product"}],"about":[{"href":"https:\/\/satisfybot.com\/fr\/wp-json\/wp\/v2\/types\/product"}],"version-history":[{"count":0,"href":"https:\/\/satisfybot.com\/fr\/wp-json\/wp\/v2\/product\/2388\/revisions"}],"wp:featuredmedia":[{"embeddable":true,"href":"https:\/\/satisfybot.com\/fr\/wp-json\/wp\/v2\/media\/2389"}],"wp:attachment":[{"href":"https:\/\/satisfybot.com\/fr\/wp-json\/wp\/v2\/media?parent=2388"}],"wp:term":[{"taxonomy":"product_brand","embeddable":true,"href":"https:\/\/satisfybot.com\/fr\/wp-json\/wp\/v2\/product_brand?post=2388"},{"taxonomy":"product_cat","embeddable":true,"href":"https:\/\/satisfybot.com\/fr\/wp-json\/wp\/v2\/product_cat?post=2388"},{"taxonomy":"product_tag","embeddable":true,"href":"https:\/\/satisfybot.com\/fr\/wp-json\/wp\/v2\/product_tag?post=2388"}],"curies":[{"name":"wp","href":"https:\/\/api.w.org\/{rel}","templated":true}]}}