{"id":2393,"date":"2023-07-01T05:53:23","date_gmt":"2023-07-01T05:53:23","guid":{"rendered":"https:\/\/satisfybot.com\/?post_type=product&#038;p=2393"},"modified":"2023-07-01T05:53:24","modified_gmt":"2023-07-01T05:53:24","slug":"shaanxi-shacman-steyr-olong-6x4-dump-truck","status":"publish","type":"product","link":"https:\/\/satisfybot.com\/fr\/produit\/shaanxi-shacman-steyr-olong-6x4-dump-truck\/","title":{"rendered":"Camion \u00e0 benne basculante SHAANXI SHACMAN Steyr Olong 6 \u00d7 4"},"content":{"rendered":"<p>Camion \u00e0 benne basculante SHAANXI SHACMAN Steyr Olong 6 \u00d7 4<\/p>\n<p>-Benne de camion de 15cbm ~ 20cbm, benne basculante de type robuste, pour le transport de sable de minerai, de m\u00e2chefers, de graviers<\/p>\n<p>\u2013Options pour les pneus : pneu radial 12.00R20, pneu tubeless 12R22.5 et 315\/80R22.5.<\/p>\n<p>-Couleur standard\u00a0: blanc, rouge, jaune (l&#039;autre couleur est facultative)<\/p>\n<p>&nbsp;<\/p>\n<p>Type de traction : 6\u00d74<\/p>\n<p>Syst\u00e8me d&#039;entra\u00eenement : LHD (RHD est facultatif)<\/p>\n<p>Cabine\u00a0: Cabine plate STEYR, Climatiseur<\/p>\n<p>Marque de moteur : WEICHAI<\/p>\n<p>Mod\u00e8le\u00a0: WP10.340E32 EuroII Puissance nominale\u00a0: 340\u00a0ch (290\u00a0ch, 380\u00a0ch en option)<\/p>\n<p>Cylindr\u00e9e du moteur : 9,726 litres<\/p>\n<p>Bo\u00eete de vitesses : FAST 9 vitesses (9JS119)<\/p>\n<p>Embrayage : Type de diaphragme \u0424430<\/p>\n<p>Direction : technologie ZF<\/p>\n<p>Essieu : Essieu avant STEYR de 6,5 tonnes ; Essieu arri\u00e8re \u00e0 double r\u00e9duction STR de 16 tonnes, rapport\u00a0: 5,73<\/p>\n<p>Max. vitesse de course (km\/h): 77<\/p>\n<p>Ch\u00e2ssis : Double ch\u00e2ssis pour usage intensif<\/p>\n<p>Pneu : 12.00R20, 12R22.5 (10+1)<\/p>\n<p>R\u00e9servoir de carburant : 400L (aluminium)<\/p>\n<p>Poids \u00e0 vide (kg): 11200<\/p>\n<p>Charge utile (kg): 25000<\/p>\n<p>Empattement (mm): 3800+1350<\/p>\n<p>Dimensions (L*l*H) (mm)\u00a0: 8229x2500x3450<\/p>\n<p>&nbsp;<\/p>\n<p>Corps de d\u00e9charge(<\/p>\n<p>5400x2300x1500mm(18.6cbm), \u00c9paisseur de l&#039;acier (mm)\u00a0:Bas 8, c\u00f4t\u00e9 6. L&#039;\u00e9paisseur et la capacit\u00e9 du corps peuvent \u00eatre modifi\u00e9es en fonction des marchandises charg\u00e9es. Avoir \u00e9galement un corps de d\u00e9charge en forme de U<\/p>\n<p>Syst\u00e8me de levage hydraulique\u00a0: levage moyen F\/T<\/p>","protected":false},"excerpt":{"rendered":"<p>SHAANXI SHACMAN Steyr Olong 6&#215;4 Dump Truck &#8211;Truck body from 15cbm~20cbm, heavy duty type dump body, for ore sand, clinkers, gravels transportation &#8211;Options for tires: 12.00R20 radial tire, 12R22.5 and 315\/80R22.5 tubeless tire. &#8211;Standard color: White, Red, Yellow (Other color is optional) &nbsp; Traction type: 6&#215;4 Drive System: LHD(RHD is optional) Cabin:STEYR Flat Cabin, Air [&hellip;]<\/p>","protected":false},"featured_media":2396,"template":"","meta":{"site-sidebar-layout":"default","site-content-layout":"default","ast-site-content-layout":"default","site-content-style":"default","site-sidebar-style":"default","ast-global-header-display":"","ast-banner-title-visibility":"","ast-main-header-display":"","ast-hfb-above-header-display":"","ast-hfb-below-header-display":"","ast-hfb-mobile-header-display":"","site-post-title":"","ast-breadcrumbs-content":"","ast-featured-img":"","footer-sml-layout":"","ast-disable-related-posts":"","theme-transparent-header-meta":"default","adv-header-id-meta":"","stick-header-meta":"","header-above-stick-meta":"","header-main-stick-meta":"","header-below-stick-meta":"","astra-migrate-meta-layouts":"default","ast-page-background-enabled":"default","ast-page-background-meta":{"desktop":{"background-color":"","background-image":"","background-repeat":"repeat","background-position":"center center","background-size":"auto","background-attachment":"scroll","background-type":"","background-media":"","overlay-type":"","overlay-color":"","overlay-opacity":"","overlay-gradient":""},"tablet":{"background-color":"","background-image":"","background-repeat":"repeat","background-position":"center center","background-size":"auto","background-attachment":"scroll","background-type":"","background-media":"","overlay-type":"","overlay-color":"","overlay-opacity":"","overlay-gradient":""},"mobile":{"background-color":"","background-image":"","background-repeat":"repeat","background-position":"center center","background-size":"auto","background-attachment":"scroll","background-type":"","background-media":"","overlay-type":"","overlay-color":"","overlay-opacity":"","overlay-gradient":""}},"ast-content-background-meta":{"desktop":{"background-color":"var(--ast-global-color-5)","background-image":"","background-repeat":"repeat","background-position":"center center","background-size":"auto","background-attachment":"scroll","background-type":"","background-media":"","overlay-type":"","overlay-color":"","overlay-opacity":"","overlay-gradient":""},"tablet":{"background-color":"var(--ast-global-color-5)","background-image":"","background-repeat":"repeat","background-position":"center center","background-size":"auto","background-attachment":"scroll","background-type":"","background-media":"","overlay-type":"","overlay-color":"","overlay-opacity":"","overlay-gradient":""},"mobile":{"background-color":"var(--ast-global-color-5)","background-image":"","background-repeat":"repeat","background-position":"center center","background-size":"auto","background-attachment":"scroll","background-type":"","background-media":"","overlay-type":"","overlay-color":"","overlay-opacity":"","overlay-gradient":""}}},"product_brand":[],"product_cat":[23],"product_tag":[],"class_list":{"0":"post-2393","1":"product","2":"type-product","3":"status-publish","4":"has-post-thumbnail","6":"product_cat-dump-truck","7":"desktop-align-left","8":"tablet-align-left","9":"mobile-align-left","11":"first","12":"instock","13":"shipping-taxable","14":"product-type-simple"},"_links":{"self":[{"href":"https:\/\/satisfybot.com\/fr\/wp-json\/wp\/v2\/product\/2393","targetHints":{"allow":["GET"]}}],"collection":[{"href":"https:\/\/satisfybot.com\/fr\/wp-json\/wp\/v2\/product"}],"about":[{"href":"https:\/\/satisfybot.com\/fr\/wp-json\/wp\/v2\/types\/product"}],"version-history":[{"count":0,"href":"https:\/\/satisfybot.com\/fr\/wp-json\/wp\/v2\/product\/2393\/revisions"}],"wp:featuredmedia":[{"embeddable":true,"href":"https:\/\/satisfybot.com\/fr\/wp-json\/wp\/v2\/media\/2396"}],"wp:attachment":[{"href":"https:\/\/satisfybot.com\/fr\/wp-json\/wp\/v2\/media?parent=2393"}],"wp:term":[{"taxonomy":"product_brand","embeddable":true,"href":"https:\/\/satisfybot.com\/fr\/wp-json\/wp\/v2\/product_brand?post=2393"},{"taxonomy":"product_cat","embeddable":true,"href":"https:\/\/satisfybot.com\/fr\/wp-json\/wp\/v2\/product_cat?post=2393"},{"taxonomy":"product_tag","embeddable":true,"href":"https:\/\/satisfybot.com\/fr\/wp-json\/wp\/v2\/product_tag?post=2393"}],"curies":[{"name":"wp","href":"https:\/\/api.w.org\/{rel}","templated":true}]}}