{"id":2400,"date":"2023-07-01T06:15:45","date_gmt":"2023-07-01T06:15:45","guid":{"rendered":"https:\/\/satisfybot.com\/?post_type=product&#038;p=2400"},"modified":"2023-07-01T06:21:18","modified_gmt":"2023-07-01T06:21:18","slug":"high-quality-beiben-10-wheel-dump-truck-for-sale","status":"publish","type":"product","link":"https:\/\/satisfybot.com\/fr\/produit\/high-quality-beiben-10-wheel-dump-truck-for-sale\/","title":{"rendered":"Camion \u00e0 benne basculante Beiben 10 roues de haute qualit\u00e9 \u00e0 vendre"},"content":{"rendered":"<table border=\"1\" cellspacing=\"0\" cellpadding=\"0\">\n<tbody>\n<tr class=\"firstRow\">\n<td><strong>Type d&#039;annonce<\/strong><\/td>\n<td colspan=\"2\"><em>ND3254B38<\/em><\/td>\n<td><strong>Type de lecteur<\/strong><\/td>\n<td>6&#215;4<\/td>\n<\/tr>\n<tr>\n<td><strong>Charge nominale<\/strong><\/p>\n<p>&nbsp;<\/td>\n<td colspan=\"2\">12670kg<\/td>\n<td><strong>Origine<\/strong><\/td>\n<td>Baotou<\/td>\n<\/tr>\n<tr>\n<td><strong>Masse totale<\/strong><\/p>\n<p>&nbsp;<\/td>\n<td colspan=\"2\">25000<\/td>\n<td><strong>Poids \u00e0 vide<\/strong><\/td>\n<td>12200<\/td>\n<\/tr>\n<tr>\n<td>&nbsp;<\/p>\n<p>&nbsp;<\/p>\n<p><strong>Moteur<\/strong><\/td>\n<td colspan=\"4\">&nbsp;<\/p>\n<p><em>Mod\u00e8le de moteur : Weichai WP10.340E32,<\/em><\/p>\n<p>D\u00e9placement : 9.726L<\/p>\n<p>Normes d&#039;\u00e9mission : trois \/ Europe<\/p>\n<p>Puissance : 340 ch<\/td>\n<\/tr>\n<tr>\n<td>&nbsp;<\/p>\n<p><strong>Transmission<\/strong><\/p>\n<p>&nbsp;<\/td>\n<td colspan=\"4\"><em>Type de transmission : Vitesse rapide 9JS150A<\/em><\/p>\n<p>Marche arri\u00e8re\u00a0: 1<br \/>\nNum\u00e9ro de vitesse avant\u00a0: 9<\/td>\n<\/tr>\n<tr>\n<td><strong>Ch\u00e2ssis<\/strong><\/td>\n<td colspan=\"4\">Description : L&#039;essieu arri\u00e8re de l&#039;essieu arri\u00e8re permet une charge : 18 000 kg<\/p>\n<p>Printemps : 10\/13,<\/td>\n<\/tr>\n<tr>\n<td><strong>Pneu<\/strong><\/td>\n<td colspan=\"4\">Nombre de pneus : 10 +1(<a href=\"http:\/\/dict.baidu.com\/s?wd=spare%20tire\" target=\"_blank\" rel=\"noopener\">pneu de rechange<\/a>)<\/p>\n<p>Taille des pneus : 12.00R20<\/td>\n<\/tr>\n<tr>\n<td><strong>Empattement<\/strong><\/p>\n<p>&nbsp;<\/td>\n<td>3800+1450<\/td>\n<td colspan=\"2\"><strong>Longueur totale<\/strong><\/td>\n<td>8.53m<\/td>\n<\/tr>\n<tr>\n<td><strong>Largeur totale<\/strong><\/p>\n<p>&nbsp;<\/td>\n<td>2.5m<\/td>\n<td colspan=\"2\"><strong>Hauteur totale<\/strong><\/td>\n<td>3.31m<\/td>\n<\/tr>\n<tr>\n<td>&nbsp;<\/p>\n<p><strong>R\u00e9servoir<\/strong><\/p>\n<p>&nbsp;<\/td>\n<td colspan=\"4\">&nbsp;<\/p>\n<p>Capacit\u00e9 du r\u00e9servoir de carburant : 300L<\/td>\n<\/tr>\n<tr>\n<td>&nbsp;<\/p>\n<p><strong>Corps<\/strong><\/p>\n<p>&nbsp;<\/td>\n<td colspan=\"4\">Taille int\u00e9rieure (millim\u00e8tre) : 5800x2300x1500<\/p>\n<p>\u00c9paisseur de l&#039;acier du corps (mm): \u00e9tage 8 c\u00f4t\u00e9 et arri\u00e8re 4<\/p>\n<p><em>Type de basculement : Type de basculement avant (dans le corps avant avec syst\u00e8me de basculement HYVA technologie HOLLAND)<\/em><\/p>\n<p>&nbsp;<\/td>\n<\/tr>\n<\/tbody>\n<\/table>","protected":false},"excerpt":{"rendered":"<p>Announcement Type ND3254B38 Drive Type 6&#215;4 Rated load &nbsp; 12670kg Origin Baotou Total mass &nbsp; 25000 Curb weight 12200 &nbsp; &nbsp; Engine &nbsp; Engine Model: Weichai WP10.340E32, Displacement:9.726L Emission standards: three \/ Europe Horsepower: 340hp &nbsp; Transmission &nbsp; Transmission Type:Fast Gear 9JS150A Reverse gear:1 Forward gear number:9 Chassis Description: Rear Axle rear axle allows load: [&hellip;]<\/p>","protected":false},"featured_media":2401,"template":"","meta":{"site-sidebar-layout":"default","site-content-layout":"default","ast-site-content-layout":"default","site-content-style":"default","site-sidebar-style":"default","ast-global-header-display":"","ast-banner-title-visibility":"","ast-main-header-display":"","ast-hfb-above-header-display":"","ast-hfb-below-header-display":"","ast-hfb-mobile-header-display":"","site-post-title":"","ast-breadcrumbs-content":"","ast-featured-img":"","footer-sml-layout":"","ast-disable-related-posts":"","theme-transparent-header-meta":"default","adv-header-id-meta":"","stick-header-meta":"","header-above-stick-meta":"","header-main-stick-meta":"","header-below-stick-meta":"","astra-migrate-meta-layouts":"default","ast-page-background-enabled":"default","ast-page-background-meta":{"desktop":{"background-color":"","background-image":"","background-repeat":"repeat","background-position":"center center","background-size":"auto","background-attachment":"scroll","background-type":"","background-media":"","overlay-type":"","overlay-color":"","overlay-opacity":"","overlay-gradient":""},"tablet":{"background-color":"","background-image":"","background-repeat":"repeat","background-position":"center center","background-size":"auto","background-attachment":"scroll","background-type":"","background-media":"","overlay-type":"","overlay-color":"","overlay-opacity":"","overlay-gradient":""},"mobile":{"background-color":"","background-image":"","background-repeat":"repeat","background-position":"center center","background-size":"auto","background-attachment":"scroll","background-type":"","background-media":"","overlay-type":"","overlay-color":"","overlay-opacity":"","overlay-gradient":""}},"ast-content-background-meta":{"desktop":{"background-color":"var(--ast-global-color-5)","background-image":"","background-repeat":"repeat","background-position":"center center","background-size":"auto","background-attachment":"scroll","background-type":"","background-media":"","overlay-type":"","overlay-color":"","overlay-opacity":"","overlay-gradient":""},"tablet":{"background-color":"var(--ast-global-color-5)","background-image":"","background-repeat":"repeat","background-position":"center center","background-size":"auto","background-attachment":"scroll","background-type":"","background-media":"","overlay-type":"","overlay-color":"","overlay-opacity":"","overlay-gradient":""},"mobile":{"background-color":"var(--ast-global-color-5)","background-image":"","background-repeat":"repeat","background-position":"center center","background-size":"auto","background-attachment":"scroll","background-type":"","background-media":"","overlay-type":"","overlay-color":"","overlay-opacity":"","overlay-gradient":""}}},"product_brand":[],"product_cat":[23],"product_tag":[],"class_list":{"0":"post-2400","1":"product","2":"type-product","3":"status-publish","4":"has-post-thumbnail","6":"product_cat-dump-truck","7":"desktop-align-left","8":"tablet-align-left","9":"mobile-align-left","11":"first","12":"instock","13":"shipping-taxable","14":"product-type-simple"},"_links":{"self":[{"href":"https:\/\/satisfybot.com\/fr\/wp-json\/wp\/v2\/product\/2400","targetHints":{"allow":["GET"]}}],"collection":[{"href":"https:\/\/satisfybot.com\/fr\/wp-json\/wp\/v2\/product"}],"about":[{"href":"https:\/\/satisfybot.com\/fr\/wp-json\/wp\/v2\/types\/product"}],"version-history":[{"count":0,"href":"https:\/\/satisfybot.com\/fr\/wp-json\/wp\/v2\/product\/2400\/revisions"}],"wp:featuredmedia":[{"embeddable":true,"href":"https:\/\/satisfybot.com\/fr\/wp-json\/wp\/v2\/media\/2401"}],"wp:attachment":[{"href":"https:\/\/satisfybot.com\/fr\/wp-json\/wp\/v2\/media?parent=2400"}],"wp:term":[{"taxonomy":"product_brand","embeddable":true,"href":"https:\/\/satisfybot.com\/fr\/wp-json\/wp\/v2\/product_brand?post=2400"},{"taxonomy":"product_cat","embeddable":true,"href":"https:\/\/satisfybot.com\/fr\/wp-json\/wp\/v2\/product_cat?post=2400"},{"taxonomy":"product_tag","embeddable":true,"href":"https:\/\/satisfybot.com\/fr\/wp-json\/wp\/v2\/product_tag?post=2400"}],"curies":[{"name":"wp","href":"https:\/\/api.w.org\/{rel}","templated":true}]}}