{"id":2406,"date":"2023-07-01T06:30:08","date_gmt":"2023-07-01T06:30:08","guid":{"rendered":"https:\/\/satisfybot.com\/?post_type=product&#038;p=2406"},"modified":"2023-07-09T13:35:26","modified_gmt":"2023-07-09T13:35:26","slug":"beiben-brand-new-12-wheel-dump-truck-loading-capacity","status":"publish","type":"product","link":"https:\/\/satisfybot.com\/fr\/produit\/beiben-brand-new-12-wheel-dump-truck-loading-capacity\/","title":{"rendered":"Capacit\u00e9 de chargement de camion \u00e0 benne basculante \u00e0 12 roues Beiben Brand New"},"content":{"rendered":"<p>Capacit\u00e9 de chargement de camion \u00e0 benne basculante \u00e0 12 roues Beiben Brand New<\/p>\n<table border=\"1\" cellspacing=\"0\" cellpadding=\"0\">\n<tbody>\n<tr class=\"firstRow\">\n<td><strong>Type d&#039;annonce<\/strong><\/td>\n<td><strong>ND3315D47J<\/strong><\/td>\n<td><strong>Type de lecteur<\/strong><\/td>\n<td><strong>8&#215;4<\/strong><\/td>\n<\/tr>\n<tr>\n<td><strong>Empattement<\/strong><\/td>\n<td><strong>1500+4750+1450mm<\/strong><\/td>\n<td><strong>Longueur totale<\/strong><\/td>\n<td><strong>11,3 m<\/strong><\/td>\n<\/tr>\n<tr>\n<td><strong>Largeur totale<\/strong><\/td>\n<td><strong>2.5m<\/strong><\/td>\n<td><strong>Hauteur totale<\/strong><\/td>\n<td><strong>3.5m<\/strong><\/td>\n<\/tr>\n<tr>\n<td><strong>Masse totale<\/strong><\/td>\n<td><strong>31t<\/strong><\/td>\n<td><strong>Poids \u00e0 vide<\/strong><\/td>\n<td><strong>15.1t<\/strong><\/td>\n<\/tr>\n<tr>\n<td><strong>Piste<\/strong><\/td>\n<td colspan=\"3\"><strong>Voie avant : 1995\/1995 mm Voie arri\u00e8re : 1800 mm<\/strong><\/td>\n<\/tr>\n<tr>\n<td><strong>Porte-\u00e0-faux avant \/ arri\u00e8re<\/strong><\/td>\n<td colspan=\"3\"><strong>1410\/1906(mm)<\/strong><\/td>\n<\/tr>\n<tr>\n<td><strong>Charge nominale<\/strong><\/td>\n<td><strong>50t<\/strong><\/td>\n<td><strong>Origine<\/strong><\/td>\n<td><strong>Baotou<\/strong><\/td>\n<\/tr>\n<tr>\n<td><strong>Angle d&#039;approche<\/strong><\/td>\n<td><strong>26 degr\u00e9s<\/strong><\/td>\n<td><strong>Angle de d\u00e9part<\/strong><\/td>\n<td><strong>19 degr\u00e9s<\/strong><\/td>\n<\/tr>\n<tr>\n<td>&nbsp;<\/p>\n<p>&nbsp;<\/p>\n<p>&nbsp;<\/p>\n<p>&nbsp;<\/p>\n<p><strong>Moteur<\/strong><\/td>\n<td colspan=\"3\"><strong><em>Mod\u00e8le de moteur : Weichai WP10.336NE31,<\/em><\/strong><\/p>\n<p><strong>Nombre de cylindres\u00a0: 6,<\/strong><\/p>\n<p><strong>Type de carburant : Carburant diesel \u00a0 \u00a0 \u00a0 \u00a0 \u00a0 \u00a0 \u00a0 \u00a0 \u00a0 \u00a0 \u00a0<\/strong><\/p>\n<p><strong>D\u00e9placement : 9.726L<\/strong><\/p>\n<p><strong>Normes d&#039;\u00e9mission\u00a0: Pays, trois \/ Europe \u00a0<\/strong><\/p>\n<p><strong>Puissance : 336 ch<\/strong><\/p>\n<p><strong>Puissance de sortie maximale\u00a0: 247\u00a0KW \u00a0 \u00a0 \u00a0<\/strong><\/td>\n<\/tr>\n<tr>\n<td>&nbsp;<\/p>\n<p><strong>Transmission<\/strong><\/p>\n<p>&nbsp;<\/td>\n<td colspan=\"3\"><strong><em>Type de transmission : Vitesse rapide 12JS160T<\/em><\/strong><\/p>\n<p><strong>modes de changement de vitesse : manuel<\/strong><\/p>\n<p><strong>Y a-t-il un synchroniseur\u00a0: oui<\/strong><\/p>\n<p><strong>Marche arri\u00e8re : 2<br \/>\nNum\u00e9ro de vitesse avant\u00a0: 12<\/strong><\/td>\n<\/tr>\n<tr>\n<td>&nbsp;<\/p>\n<p><strong>Ch\u00e2ssis<\/strong><\/td>\n<td colspan=\"3\"><strong>Charge admissible sur l&#039;essieu arri\u00e8re : 18 000 kg<br \/>\nPrintemps : 12\/12\/13<\/strong><\/td>\n<\/tr>\n<tr>\n<td><strong>Pneu<\/strong><\/td>\n<td colspan=\"3\"><strong>Nombre de pneus\u00a0: 12 + 1 (<a href=\"http:\/\/dict.baidu.com\/s?wd=spare%20tire\" target=\"_blank\" rel=\"noopener\">pneu de rechange<\/a>)<\/strong><\/p>\n<p><strong>Taille des pneus : 12,00 R20<\/strong><\/td>\n<\/tr>\n<tr>\n<td><strong>R\u00e9servoir<\/strong><\/td>\n<td colspan=\"3\"><strong>Capacit\u00e9 du r\u00e9servoir de carburant : 300L<\/strong><\/td>\n<\/tr>\n<tr>\n<td><strong>Corps<\/strong><\/td>\n<td colspan=\"3\"><strong>Taille int\u00e9rieure (millim\u00e8tre) : 8200x2300x1500<\/strong><\/p>\n<p><strong>\u00c9paisseur de l&#039;acier du corps (mm): \u00e9tage 8 c\u00f4t\u00e9 et arri\u00e8re 4<\/strong><\/p>\n<p><strong><em>Type de basculement : Type de basculement avant (dans le corps avant avec syst\u00e8me de basculement HYVA technologie HOLLAND)<\/em><\/strong><\/td>\n<\/tr>\n<\/tbody>\n<\/table>","protected":false},"excerpt":{"rendered":"<p>Beiben Brand New 12 Wheel Dump Truck Loading Capacity Announcement Type ND3315D47J Drive Type 8&#215;4 Wheelbase 1500+4750+1450mm Overall length 11.3m Overall width 2.5m Overall height 3.5m Total mass 31t Curb weight 15.1t Track Front track: 1995\/1995mm \u00a0 \u00a0Rear track:1800mm Front \/ rear overhang 1410\/1906(mm) Rated load 50t Origin Baotou Approach angle 26 degrees Departure angle [&hellip;]<\/p>","protected":false},"featured_media":2380,"template":"","meta":{"site-sidebar-layout":"default","site-content-layout":"default","ast-site-content-layout":"default","site-content-style":"default","site-sidebar-style":"default","ast-global-header-display":"","ast-banner-title-visibility":"","ast-main-header-display":"","ast-hfb-above-header-display":"","ast-hfb-below-header-display":"","ast-hfb-mobile-header-display":"","site-post-title":"","ast-breadcrumbs-content":"","ast-featured-img":"","footer-sml-layout":"","ast-disable-related-posts":"","theme-transparent-header-meta":"default","adv-header-id-meta":"","stick-header-meta":"","header-above-stick-meta":"","header-main-stick-meta":"","header-below-stick-meta":"","astra-migrate-meta-layouts":"default","ast-page-background-enabled":"default","ast-page-background-meta":{"desktop":{"background-color":"","background-image":"","background-repeat":"repeat","background-position":"center center","background-size":"auto","background-attachment":"scroll","background-type":"","background-media":"","overlay-type":"","overlay-color":"","overlay-opacity":"","overlay-gradient":""},"tablet":{"background-color":"","background-image":"","background-repeat":"repeat","background-position":"center center","background-size":"auto","background-attachment":"scroll","background-type":"","background-media":"","overlay-type":"","overlay-color":"","overlay-opacity":"","overlay-gradient":""},"mobile":{"background-color":"","background-image":"","background-repeat":"repeat","background-position":"center center","background-size":"auto","background-attachment":"scroll","background-type":"","background-media":"","overlay-type":"","overlay-color":"","overlay-opacity":"","overlay-gradient":""}},"ast-content-background-meta":{"desktop":{"background-color":"var(--ast-global-color-5)","background-image":"","background-repeat":"repeat","background-position":"center center","background-size":"auto","background-attachment":"scroll","background-type":"","background-media":"","overlay-type":"","overlay-color":"","overlay-opacity":"","overlay-gradient":""},"tablet":{"background-color":"var(--ast-global-color-5)","background-image":"","background-repeat":"repeat","background-position":"center center","background-size":"auto","background-attachment":"scroll","background-type":"","background-media":"","overlay-type":"","overlay-color":"","overlay-opacity":"","overlay-gradient":""},"mobile":{"background-color":"var(--ast-global-color-5)","background-image":"","background-repeat":"repeat","background-position":"center center","background-size":"auto","background-attachment":"scroll","background-type":"","background-media":"","overlay-type":"","overlay-color":"","overlay-opacity":"","overlay-gradient":""}}},"product_brand":[],"product_cat":[23],"product_tag":[],"class_list":{"0":"post-2406","1":"product","2":"type-product","3":"status-publish","4":"has-post-thumbnail","6":"product_cat-dump-truck","7":"desktop-align-left","8":"tablet-align-left","9":"mobile-align-left","11":"first","12":"instock","13":"shipping-taxable","14":"product-type-simple"},"_links":{"self":[{"href":"https:\/\/satisfybot.com\/fr\/wp-json\/wp\/v2\/product\/2406","targetHints":{"allow":["GET"]}}],"collection":[{"href":"https:\/\/satisfybot.com\/fr\/wp-json\/wp\/v2\/product"}],"about":[{"href":"https:\/\/satisfybot.com\/fr\/wp-json\/wp\/v2\/types\/product"}],"version-history":[{"count":0,"href":"https:\/\/satisfybot.com\/fr\/wp-json\/wp\/v2\/product\/2406\/revisions"}],"wp:featuredmedia":[{"embeddable":true,"href":"https:\/\/satisfybot.com\/fr\/wp-json\/wp\/v2\/media\/2380"}],"wp:attachment":[{"href":"https:\/\/satisfybot.com\/fr\/wp-json\/wp\/v2\/media?parent=2406"}],"wp:term":[{"taxonomy":"product_brand","embeddable":true,"href":"https:\/\/satisfybot.com\/fr\/wp-json\/wp\/v2\/product_brand?post=2406"},{"taxonomy":"product_cat","embeddable":true,"href":"https:\/\/satisfybot.com\/fr\/wp-json\/wp\/v2\/product_cat?post=2406"},{"taxonomy":"product_tag","embeddable":true,"href":"https:\/\/satisfybot.com\/fr\/wp-json\/wp\/v2\/product_tag?post=2406"}],"curies":[{"name":"wp","href":"https:\/\/api.w.org\/{rel}","templated":true}]}}