{"id":2625,"date":"2023-08-21T06:07:30","date_gmt":"2023-08-21T06:07:30","guid":{"rendered":"https:\/\/satisfybot.com\/?post_type=product&#038;p=2625"},"modified":"2023-08-21T06:08:44","modified_gmt":"2023-08-21T06:08:44","slug":"used-6ton-mini-earth-moving-caterpillar-3606e2-second-hand-used-caterpillar-excavator-used-excavator-compact-excavator-306-305-5-cat306e2-305","status":"publish","type":"product","link":"https:\/\/satisfybot.com\/fr\/produit\/used-6ton-mini-earth-moving-caterpillar-3606e2-second-hand-used-caterpillar-excavator-used-excavator-compact-excavator-306-305-5-cat306e2-305\/","title":{"rendered":"Mini chenille de terrassement 6 tonnes d&#039;occasion 3606E2 pelle chenille d&#039;occasion pelle d&#039;occasion pelle compacte 306 305.5 cat306e2 305"},"content":{"rendered":"<h3 tabindex=\"0\" role=\"button\" aria-controls=\"accordion__group--1-1\" aria-expanded=\"true\">Mini chenille de terrassement de 6 tonnes d&#039;occasion 3606E2 pelle de chenille d&#039;occasion pelle d&#039;occasion pelle compacte cat306e2<\/h3>\n<p>&nbsp;<\/p>\n<h3 class=\"accordion__heading open\" tabindex=\"0\" role=\"button\" aria-controls=\"accordion__group--1-1\" aria-expanded=\"true\">MOTEUR<\/h3>\n<div id=\"accordion__group--1-1\" class=\"accordion__body\">\n<div class=\"table-scroll\">\n<div class=\"scrollable\">\n<div>\n<table>\n<tbody>\n<tr>\n<td><strong>Puissance nette<\/strong><\/td>\n<td><span class=\"unit unit-us\">55,9 CV<\/span><\/td>\n<\/tr>\n<tr>\n<td><strong>Puissance brute \u2013 ISO 14396<\/strong><\/td>\n<td><span class=\"unit unit-us\">57,9 CV<\/span><\/td>\n<\/tr>\n<tr>\n<td><strong>D\u00e9placement<\/strong><\/td>\n<td><span class=\"unit unit-us\">148 po\u00b3<\/span><\/td>\n<\/tr>\n<tr>\n<td><strong>Al\u00e9sage<\/strong><\/td>\n<td><span class=\"unit unit-us\">3,4 pouces<\/span><\/td>\n<\/tr>\n<tr>\n<td><strong>Accident vasculaire c\u00e9r\u00e9bral<\/strong><\/td>\n<td><span class=\"unit unit-us\">4 po<\/span><\/td>\n<\/tr>\n<tr>\n<td><strong>Mod\u00e8le de moteur<\/strong><\/td>\n<td><span class=\"unit unit-us\">Chat C2.4 Turbo<\/span><\/td>\n<\/tr>\n<tr>\n<td><strong>Puissance nette \u00e0 2 200 tr\/min \u2013 US EPA Tier 4 Final\/EU Stage V \u2013 ISO 9249\/EEC 80\/1269<\/strong><\/td>\n<td><span class=\"unit unit-us\">55,9 CV<\/span><\/td>\n<\/tr>\n<\/tbody>\n<\/table>\n<h3 class=\"accordion__heading open\" tabindex=\"0\" role=\"button\" aria-controls=\"accordion__group--1-2\" aria-expanded=\"true\">POIDS<\/h3>\n<div id=\"accordion__group--1-2\" class=\"accordion__body\">\n<div class=\"table-scroll\">\n<div class=\"scrollable\">\n<div>\n<table>\n<tbody>\n<tr>\n<td><strong>Poids op\u00e9rationnel<\/strong><\/td>\n<td><span class=\"unit unit-us\">15766 livres<\/span><\/td>\n<\/tr>\n<tr>\n<td><strong>Poids en ordre de marche minimum avec auvent*<\/strong><\/td>\n<td><span class=\"unit unit-us\">14134 livres<\/span><\/td>\n<\/tr>\n<tr>\n<td><strong>Poids maximal en ordre de marche avec capote**<\/strong><\/td>\n<td><span class=\"unit unit-us\">15633 livres<\/span><\/td>\n<\/tr>\n<tr>\n<td><strong>Note 2)<\/strong><\/td>\n<td><span class=\"unit unit-us\">**Le poids maximum est bas\u00e9 sur des chenilles en acier avec patins, un contrepoids suppl\u00e9mentaire, un op\u00e9rateur, un r\u00e9servoir de carburant plein, un long bras, une lame fixe et pas de godet.<\/span><\/td>\n<\/tr>\n<tr>\n<td><strong>Poids maximal en ordre de marche avec cabine**<\/strong><\/td>\n<td><span class=\"unit unit-us\">15766 livres<\/span><\/td>\n<\/tr>\n<tr>\n<td><strong>Poids en ordre de marche minimum avec cabine*<\/strong><\/td>\n<td><span class=\"unit unit-us\">14266 livres<\/span><\/td>\n<\/tr>\n<tr>\n<td><strong>Note 1)<\/strong><\/td>\n<td><span class=\"unit unit-us\">*Le poids minimum est bas\u00e9 sur des chenilles en caoutchouc, un op\u00e9rateur, un r\u00e9servoir de carburant plein, un bras standard, une lame fixe et pas de godet.<\/span><\/td>\n<\/tr>\n<\/tbody>\n<\/table>\n<h3 class=\"accordion__heading open\" tabindex=\"0\" role=\"button\" aria-controls=\"accordion__group--1-4\" aria-expanded=\"true\">SYST\u00c8ME DE VOYAGE<\/h3>\n<div id=\"accordion__group--1-4\" class=\"accordion__body\">\n<div class=\"table-scroll\">\n<div class=\"scrollable\">\n<div>\n<table>\n<tbody>\n<tr>\n<td><strong>Pression au sol \u2013 Poids minimum<\/strong><\/td>\n<td><span class=\"unit unit-us\">5,1 psi<\/span><\/td>\n<\/tr>\n<tr>\n<td><strong>Pression au sol \u2013 Poids maximal<\/strong><\/td>\n<td><span class=\"unit unit-us\">5,7 psi<\/span><\/td>\n<\/tr>\n<tr>\n<td><strong>Pente admissible \u2013 Maximum<\/strong><\/td>\n<td><span class=\"unit unit-us\">30 degr\u00e9s<\/span><\/td>\n<\/tr>\n<tr>\n<td><strong>Force de traction maximale \u2013 haute vitesse<\/strong><\/td>\n<td><span class=\"unit unit-us\">6969 livres<\/span><\/td>\n<\/tr>\n<tr>\n<td><strong>Force de traction maximale \u2013 Basse vitesse<\/strong><\/td>\n<td><span class=\"unit unit-us\">12589 livres<\/span><\/td>\n<\/tr>\n<tr>\n<td><strong>Vitesse de d\u00e9placement \u2013 \u00e9lev\u00e9e<\/strong><\/td>\n<td><span class=\"unit unit-us\">5,1 km\/h<\/span><\/td>\n<\/tr>\n<tr>\n<td><strong>Vitesse de d\u00e9placement \u2013 faible<\/strong><\/td>\n<td><span class=\"unit unit-us\">2,7 km\/h<\/span><\/td>\n<\/tr>\n<\/tbody>\n<\/table>\n<h3 class=\"accordion__heading open\" tabindex=\"0\" role=\"button\" aria-controls=\"accordion__group--1-5\" aria-expanded=\"true\">CAPACIT\u00c9S DE REMPLISSAGE<\/h3>\n<div id=\"accordion__group--1-5\" class=\"accordion__body\">\n<div class=\"table-scroll\">\n<div class=\"scrollable\">\n<div>\n<table>\n<tbody>\n<tr>\n<td><strong>Syst\u00e8me de refroidissement<\/strong><\/td>\n<td><span class=\"unit unit-us\">2,6 gal (\u00c9tats-Unis)<\/span><\/td>\n<\/tr>\n<tr>\n<td><strong>Syst\u00e8me hydraulique<\/strong><\/td>\n<td><span class=\"unit unit-us\">27,5 gal (\u00c9tats-Unis)<\/span><\/td>\n<\/tr>\n<tr>\n<td><strong>R\u00e9servoir hydraulique<\/strong><\/td>\n<td><span class=\"unit unit-us\">14 gallons (\u00c9tats-Unis)<\/span><\/td>\n<\/tr>\n<tr>\n<td><strong>Huile moteur<\/strong><\/td>\n<td><span class=\"unit unit-us\">2,1 gal (\u00c9tats-Unis)<\/span><\/td>\n<\/tr>\n<tr>\n<td><strong>R\u00e9servoir d&#039;essence<\/strong><\/td>\n<td><span class=\"unit unit-us\">34,3 gal (\u00c9tats-Unis)<\/span><\/td>\n<\/tr>\n<\/tbody>\n<\/table>\n<div style=\"width: 1280px;\" class=\"wp-video\"><video class=\"wp-video-shortcode\" id=\"video-2625-2\" width=\"1280\" height=\"720\" preload=\"metadata\" controls=\"controls\"><source type=\"video\/mp4\" src=\"https:\/\/satisfybot.com\/wp-content\/uploads\/2023\/08\/WeChat_20230613101309.mp4?_=2\" \/><a href=\"https:\/\/satisfybot.com\/wp-content\/uploads\/2023\/08\/WeChat_20230613101309.mp4\">https:\/\/satisfybot.com\/wp-content\/uploads\/2023\/08\/WeChat_20230613101309.mp4<\/a><\/video><\/div>\n<\/div>\n<\/div>\n<\/div>\n<\/div>\n<\/div>\n<\/div>\n<\/div>\n<\/div>\n<\/div>\n<\/div>\n<\/div>\n<\/div>\n<\/div>\n<\/div>\n<\/div>\n<\/div>","protected":false},"excerpt":{"rendered":"<div style=\"width: 1280px;\" class=\"wp-video\"><!--[if lt IE 9]><script>document.createElement('video');<\/script><![endif]--><br \/>\n<video class=\"wp-video-shortcode\" id=\"video-2625-1\" width=\"1280\" height=\"720\" preload=\"metadata\" controls=\"controls\"><source type=\"video\/mp4\" src=\"https:\/\/satisfybot.com\/wp-content\/uploads\/2023\/08\/WeChat_20230613101309.mp4?_=1\" \/><a href=\"https:\/\/satisfybot.com\/wp-content\/uploads\/2023\/08\/WeChat_20230613101309.mp4\">https:\/\/satisfybot.com\/wp-content\/uploads\/2023\/08\/WeChat_20230613101309.mp4<\/a><\/video><\/div>","protected":false},"featured_media":2628,"template":"","meta":{"site-sidebar-layout":"default","site-content-layout":"default","ast-site-content-layout":"default","site-content-style":"default","site-sidebar-style":"default","ast-global-header-display":"","ast-banner-title-visibility":"","ast-main-header-display":"","ast-hfb-above-header-display":"","ast-hfb-below-header-display":"","ast-hfb-mobile-header-display":"","site-post-title":"","ast-breadcrumbs-content":"","ast-featured-img":"","footer-sml-layout":"","ast-disable-related-posts":"","theme-transparent-header-meta":"default","adv-header-id-meta":"","stick-header-meta":"","header-above-stick-meta":"","header-main-stick-meta":"","header-below-stick-meta":"","astra-migrate-meta-layouts":"default","ast-page-background-enabled":"default","ast-page-background-meta":{"desktop":{"background-color":"","background-image":"","background-repeat":"repeat","background-position":"center center","background-size":"auto","background-attachment":"scroll","background-type":"","background-media":"","overlay-type":"","overlay-color":"","overlay-opacity":"","overlay-gradient":""},"tablet":{"background-color":"","background-image":"","background-repeat":"repeat","background-position":"center center","background-size":"auto","background-attachment":"scroll","background-type":"","background-media":"","overlay-type":"","overlay-color":"","overlay-opacity":"","overlay-gradient":""},"mobile":{"background-color":"","background-image":"","background-repeat":"repeat","background-position":"center center","background-size":"auto","background-attachment":"scroll","background-type":"","background-media":"","overlay-type":"","overlay-color":"","overlay-opacity":"","overlay-gradient":""}},"ast-content-background-meta":{"desktop":{"background-color":"var(--ast-global-color-5)","background-image":"","background-repeat":"repeat","background-position":"center center","background-size":"auto","background-attachment":"scroll","background-type":"","background-media":"","overlay-type":"","overlay-color":"","overlay-opacity":"","overlay-gradient":""},"tablet":{"background-color":"var(--ast-global-color-5)","background-image":"","background-repeat":"repeat","background-position":"center center","background-size":"auto","background-attachment":"scroll","background-type":"","background-media":"","overlay-type":"","overlay-color":"","overlay-opacity":"","overlay-gradient":""},"mobile":{"background-color":"var(--ast-global-color-5)","background-image":"","background-repeat":"repeat","background-position":"center center","background-size":"auto","background-attachment":"scroll","background-type":"","background-media":"","overlay-type":"","overlay-color":"","overlay-opacity":"","overlay-gradient":""}}},"product_brand":[],"product_cat":[28],"product_tag":[],"class_list":{"0":"post-2625","1":"product","2":"type-product","3":"status-publish","4":"has-post-thumbnail","6":"product_cat-excavator","7":"desktop-align-left","8":"tablet-align-left","9":"mobile-align-left","11":"first","12":"instock","13":"shipping-taxable","14":"product-type-simple"},"_links":{"self":[{"href":"https:\/\/satisfybot.com\/fr\/wp-json\/wp\/v2\/product\/2625","targetHints":{"allow":["GET"]}}],"collection":[{"href":"https:\/\/satisfybot.com\/fr\/wp-json\/wp\/v2\/product"}],"about":[{"href":"https:\/\/satisfybot.com\/fr\/wp-json\/wp\/v2\/types\/product"}],"version-history":[{"count":0,"href":"https:\/\/satisfybot.com\/fr\/wp-json\/wp\/v2\/product\/2625\/revisions"}],"wp:featuredmedia":[{"embeddable":true,"href":"https:\/\/satisfybot.com\/fr\/wp-json\/wp\/v2\/media\/2628"}],"wp:attachment":[{"href":"https:\/\/satisfybot.com\/fr\/wp-json\/wp\/v2\/media?parent=2625"}],"wp:term":[{"taxonomy":"product_brand","embeddable":true,"href":"https:\/\/satisfybot.com\/fr\/wp-json\/wp\/v2\/product_brand?post=2625"},{"taxonomy":"product_cat","embeddable":true,"href":"https:\/\/satisfybot.com\/fr\/wp-json\/wp\/v2\/product_cat?post=2625"},{"taxonomy":"product_tag","embeddable":true,"href":"https:\/\/satisfybot.com\/fr\/wp-json\/wp\/v2\/product_tag?post=2625"}],"curies":[{"name":"wp","href":"https:\/\/api.w.org\/{rel}","templated":true}]}}