{"id":2637,"date":"2023-08-21T07:10:13","date_gmt":"2023-08-21T07:10:13","guid":{"rendered":"https:\/\/satisfybot.com\/?post_type=product&#038;p=2637"},"modified":"2023-08-21T07:26:44","modified_gmt":"2023-08-21T07:26:44","slug":"used-excavator-japan-original-for-sale-in-good-hydraulic-backhoe-crawler-backhoe-excavator-7-tons-cat307-5-cat307e2-cat307c-cat307d-excavator","status":"publish","type":"product","link":"https:\/\/satisfybot.com\/fr\/produit\/used-excavator-japan-original-for-sale-in-good-hydraulic-backhoe-crawler-backhoe-excavator-7-tons-cat307-5-cat307e2-cat307c-cat307d-excavator\/","title":{"rendered":"pelle d&#039;occasion japon original \u00e0 vendre en bonne pelle r\u00e9tro pelle hydraulique sur chenilles pelle 7 tonnes CAT307.5\/CAT307E2 \/CAT307C\/CAT307D pelle"},"content":{"rendered":"<p>Excavatrice d&#039;occasion Japon original \u00e0 vendre en bonne pelle r\u00e9trocaveuse hydraulique sur chenilles 7 tonnes CAT307.5\/CAT307E2 \/CAT307C\/CAT307D<\/p>\n<h3 class=\"accordion__heading open\" tabindex=\"0\" role=\"button\" aria-controls=\"accordion__group--1-1\" aria-expanded=\"true\">MOTEUR<\/h3>\n<div id=\"accordion__group--1-1\" class=\"accordion__body\">\n<div class=\"table-scroll\">\n<div class=\"scrollable\">\n<div>\n<table>\n<tbody>\n<tr>\n<td><strong>Puissance nette<\/strong><\/td>\n<td><span class=\"unit unit-us\">54,8 ch<\/span><\/td>\n<\/tr>\n<tr>\n<td><strong>Mod\u00e8le de moteur<\/strong><\/td>\n<td><span class=\"unit unit-us\">Chat C2.4 Turbo<\/span><\/td>\n<\/tr>\n<tr>\n<td><strong>D\u00e9placement<\/strong><\/td>\n<td><span class=\"unit unit-us\">148 po\u00b3<\/span><\/td>\n<\/tr>\n<tr>\n<td><strong>Puissance brute \u2013 SAE J1995<\/strong><\/td>\n<td><span class=\"unit unit-us\">57,9 CV<\/span><\/td>\n<\/tr>\n<tr>\n<td><strong>Al\u00e9sage<\/strong><\/td>\n<td><span class=\"unit unit-us\">3,4 pouces<\/span><\/td>\n<\/tr>\n<tr>\n<td><strong>Accident vasculaire c\u00e9r\u00e9bral<\/strong><\/td>\n<td><span class=\"unit unit-us\">4 po<\/span><\/td>\n<\/tr>\n<tr>\n<td><strong>Puissance nette nominale \u2013 2\u00a0400 tr\/min \u2013 US EPA Tier 4 Final\/EU Stage V \u2013 ISO 9249\/CEE 80\/1269<\/strong><\/td>\n<\/tr>\n<\/tbody>\n<\/table>\n<h3 class=\"accordion__heading open\" tabindex=\"0\" role=\"button\" aria-controls=\"accordion__group--1-2\" aria-expanded=\"true\">POIDS<\/h3>\n<div id=\"accordion__group--1-2\" class=\"accordion__body\">\n<div class=\"table-scroll\">\n<div class=\"scrollable\">\n<div>\n<table>\n<tbody>\n<tr>\n<td><strong>Poids op\u00e9rationnel<\/strong><\/td>\n<td><span class=\"unit unit-us\">17905 livres<\/span><\/td>\n<\/tr>\n<tr>\n<td><strong>Note 2)<\/strong><\/td>\n<td><span class=\"unit unit-us\">**Le poids maximum est bas\u00e9 sur des chenilles en acier avec patins en caoutchouc, contrepoids, op\u00e9rateur, r\u00e9servoir de carburant plein, bras long, lame et sans godet.<\/span><\/td>\n<\/tr>\n<tr>\n<td><strong>Poids maximal en ordre de marche avec cabine**<\/strong><\/td>\n<td><span class=\"unit unit-us\">17905 livres<\/span><\/td>\n<\/tr>\n<tr>\n<td><strong>Poids en ordre de marche minimum avec cabine*<\/strong><\/td>\n<td><span class=\"unit unit-us\">16 549 livres<\/span><\/td>\n<\/tr>\n<tr>\n<td><strong>Note 1)<\/strong><\/td>\n<td><span class=\"unit unit-us\">*Le poids minimum est bas\u00e9 sur des chenilles en acier, sans contrepoids, sans op\u00e9rateur, avec r\u00e9servoir de carburant plein, avec bras standard, lame et sans godet.<\/span><\/td>\n<\/tr>\n<\/tbody>\n<\/table>\n<h3 class=\"accordion__heading open\" tabindex=\"0\" role=\"button\" aria-controls=\"accordion__group--1-3\" aria-expanded=\"true\">DIMENSIONS \u2013 B\u00c2TON LONG<\/h3>\n<div id=\"accordion__group--1-3\" class=\"accordion__body\">\n<div class=\"table-scroll\">\n<div class=\"scrollable\">\n<div>\n<table>\n<tbody>\n<tr>\n<td><strong>Profondeur de creusement<\/strong><\/td>\n<td><span class=\"unit unit-us\">182,8 pouces<\/span><\/td>\n<\/tr>\n<tr>\n<td><strong>Hauteur de la cabine<\/strong><\/td>\n<td><span class=\"unit unit-us\">100 po<\/span><\/td>\n<\/tr>\n<tr>\n<td><strong>Hauteur maximale de la lame<\/strong><\/td>\n<td><span class=\"unit unit-us\">14,6 pouces<\/span><\/td>\n<\/tr>\n<tr>\n<td><strong>Courroie de chenille\/largeur de patin<\/strong><\/td>\n<td><span class=\"unit unit-us\">17,7 pouces<\/span><\/td>\n<\/tr>\n<tr>\n<td><strong>D\u00e9gagement maximal de vidage<\/strong><\/td>\n<td><span class=\"unit unit-us\">225,1 pouces<\/span><\/td>\n<\/tr>\n<tr>\n<td><strong>Longueur du train de roulement O\/A<\/strong><\/td>\n<td><span class=\"unit unit-us\">108,7 pouces<\/span><\/td>\n<\/tr>\n<tr>\n<td><strong>Largeur de voie O\/A<\/strong><\/td>\n<td><span class=\"unit unit-us\">86,6 pouces<\/span><\/td>\n<\/tr>\n<tr>\n<td><strong>Mur vertical<\/strong><\/td>\n<td><span class=\"unit unit-us\">161,9 pouces<\/span><\/td>\n<\/tr>\n<tr>\n<td><strong>Largeur au-dessus de la Chambre haute<\/strong><\/td>\n<td><span class=\"unit unit-us\">88,6 pouces<\/span><\/td>\n<\/tr>\n<tr>\n<td><strong>Fl\u00e8che \u00e0 port\u00e9e<\/strong><\/td>\n<td><span class=\"unit unit-us\">88,6 pouces<\/span><\/td>\n<\/tr>\n<tr>\n<td><strong>Longueur du b\u00e2ton<\/strong><\/td>\n<td><span class=\"unit unit-us\">86,9 pouces<\/span><\/td>\n<\/tr>\n<tr>\n<td><strong>D\u00e9port arri\u00e8re avec contrepoids<\/strong><\/td>\n<td><span class=\"unit unit-us\">76 po<\/span><\/td>\n<\/tr>\n<tr>\n<td><strong>Port\u00e9e maximale<\/strong><\/td>\n<td><span class=\"unit unit-us\">267,9 pouces<\/span><\/td>\n<\/tr>\n<\/tbody>\n<\/table>\n<p>&nbsp;<\/p>\n<\/div>\n<\/div>\n<\/div>\n<\/div>\n<\/div>\n<\/div>\n<\/div>\n<\/div>\n<\/div>\n<\/div>\n<\/div>\n<\/div>","protected":false},"excerpt":{"rendered":"<div style=\"width: 544px;\" class=\"wp-video\"><!--[if lt IE 9]><script>document.createElement('video');<\/script><![endif]--><br \/>\n<video class=\"wp-video-shortcode\" id=\"video-2637-1\" width=\"544\" height=\"960\" preload=\"metadata\" controls=\"controls\"><source type=\"video\/mp4\" src=\"https:\/\/satisfybot.com\/wp-content\/uploads\/2023\/08\/CAT307E2.mp4?_=1\" \/><a href=\"https:\/\/satisfybot.com\/wp-content\/uploads\/2023\/08\/CAT307E2.mp4\">https:\/\/satisfybot.com\/wp-content\/uploads\/2023\/08\/CAT307E2.mp4<\/a><\/video><\/div>","protected":false},"featured_media":2643,"template":"","meta":{"site-sidebar-layout":"default","site-content-layout":"default","ast-site-content-layout":"default","site-content-style":"default","site-sidebar-style":"default","ast-global-header-display":"","ast-banner-title-visibility":"","ast-main-header-display":"","ast-hfb-above-header-display":"","ast-hfb-below-header-display":"","ast-hfb-mobile-header-display":"","site-post-title":"","ast-breadcrumbs-content":"","ast-featured-img":"","footer-sml-layout":"","ast-disable-related-posts":"","theme-transparent-header-meta":"default","adv-header-id-meta":"","stick-header-meta":"","header-above-stick-meta":"","header-main-stick-meta":"","header-below-stick-meta":"","astra-migrate-meta-layouts":"default","ast-page-background-enabled":"default","ast-page-background-meta":{"desktop":{"background-color":"","background-image":"","background-repeat":"repeat","background-position":"center center","background-size":"auto","background-attachment":"scroll","background-type":"","background-media":"","overlay-type":"","overlay-color":"","overlay-opacity":"","overlay-gradient":""},"tablet":{"background-color":"","background-image":"","background-repeat":"repeat","background-position":"center center","background-size":"auto","background-attachment":"scroll","background-type":"","background-media":"","overlay-type":"","overlay-color":"","overlay-opacity":"","overlay-gradient":""},"mobile":{"background-color":"","background-image":"","background-repeat":"repeat","background-position":"center center","background-size":"auto","background-attachment":"scroll","background-type":"","background-media":"","overlay-type":"","overlay-color":"","overlay-opacity":"","overlay-gradient":""}},"ast-content-background-meta":{"desktop":{"background-color":"var(--ast-global-color-5)","background-image":"","background-repeat":"repeat","background-position":"center center","background-size":"auto","background-attachment":"scroll","background-type":"","background-media":"","overlay-type":"","overlay-color":"","overlay-opacity":"","overlay-gradient":""},"tablet":{"background-color":"var(--ast-global-color-5)","background-image":"","background-repeat":"repeat","background-position":"center center","background-size":"auto","background-attachment":"scroll","background-type":"","background-media":"","overlay-type":"","overlay-color":"","overlay-opacity":"","overlay-gradient":""},"mobile":{"background-color":"var(--ast-global-color-5)","background-image":"","background-repeat":"repeat","background-position":"center center","background-size":"auto","background-attachment":"scroll","background-type":"","background-media":"","overlay-type":"","overlay-color":"","overlay-opacity":"","overlay-gradient":""}}},"product_brand":[],"product_cat":[28],"product_tag":[],"class_list":{"0":"post-2637","1":"product","2":"type-product","3":"status-publish","4":"has-post-thumbnail","6":"product_cat-excavator","7":"desktop-align-left","8":"tablet-align-left","9":"mobile-align-left","11":"first","12":"instock","13":"shipping-taxable","14":"product-type-simple"},"_links":{"self":[{"href":"https:\/\/satisfybot.com\/fr\/wp-json\/wp\/v2\/product\/2637","targetHints":{"allow":["GET"]}}],"collection":[{"href":"https:\/\/satisfybot.com\/fr\/wp-json\/wp\/v2\/product"}],"about":[{"href":"https:\/\/satisfybot.com\/fr\/wp-json\/wp\/v2\/types\/product"}],"version-history":[{"count":0,"href":"https:\/\/satisfybot.com\/fr\/wp-json\/wp\/v2\/product\/2637\/revisions"}],"wp:featuredmedia":[{"embeddable":true,"href":"https:\/\/satisfybot.com\/fr\/wp-json\/wp\/v2\/media\/2643"}],"wp:attachment":[{"href":"https:\/\/satisfybot.com\/fr\/wp-json\/wp\/v2\/media?parent=2637"}],"wp:term":[{"taxonomy":"product_brand","embeddable":true,"href":"https:\/\/satisfybot.com\/fr\/wp-json\/wp\/v2\/product_brand?post=2637"},{"taxonomy":"product_cat","embeddable":true,"href":"https:\/\/satisfybot.com\/fr\/wp-json\/wp\/v2\/product_cat?post=2637"},{"taxonomy":"product_tag","embeddable":true,"href":"https:\/\/satisfybot.com\/fr\/wp-json\/wp\/v2\/product_tag?post=2637"}],"curies":[{"name":"wp","href":"https:\/\/api.w.org\/{rel}","templated":true}]}}