{"id":2651,"date":"2023-08-21T07:55:25","date_gmt":"2023-08-21T07:55:25","guid":{"rendered":"https:\/\/satisfybot.com\/?post_type=product&#038;p=2651"},"modified":"2023-08-22T03:13:27","modified_gmt":"2023-08-22T03:13:27","slug":"hydraulic-backhoe-crawler-backhoe-cat-excavator-compact-excavator-8-tons-cat308c-cat308d-cat308e2-caterpillar-excavator","status":"publish","type":"product","link":"https:\/\/satisfybot.com\/fr\/produit\/hydraulic-backhoe-crawler-backhoe-cat-excavator-compact-excavator-8-tons-cat308c-cat308d-cat308e2-caterpillar-excavator\/","title":{"rendered":"Pelle r\u00e9tro hydraulique sur chenilles pelle r\u00e9tro CAT pelle compacte 8 tonnes CAT308C\/CAT308D\/CAT308E2 pelle caterpillar"},"content":{"rendered":"<h3 class=\"accordion__heading open\" tabindex=\"0\" role=\"button\" aria-controls=\"accordion__group--1-1\" aria-expanded=\"true\">MOTEUR<\/h3>\n<div id=\"accordion__group--1-1\" class=\"accordion__body\">\n<div class=\"table-scroll\">\n<div class=\"scrollable\">\n<div>\n<table>\n<tbody>\n<tr>\n<td><strong>Puissance nette<\/strong><\/td>\n<td><span class=\"unit unit-us\">69,5 CV<\/span><\/td>\n<\/tr>\n<tr>\n<td><strong>Mod\u00e8le de moteur<\/strong><\/td>\n<td><span class=\"unit unit-us\">Chat C3.3B<\/span><\/td>\n<\/tr>\n<tr>\n<td><strong>Accident vasculaire c\u00e9r\u00e9bral<\/strong><\/td>\n<td><span class=\"unit unit-us\">4,7 pouces<\/span><\/td>\n<\/tr>\n<tr>\n<td><strong>Al\u00e9sage<\/strong><\/td>\n<td><span class=\"unit unit-us\">3,7 pouces<\/span><\/td>\n<\/tr>\n<tr>\n<td><strong>Puissance brute \u2013 SAE J1995<\/strong><\/td>\n<td><span class=\"unit unit-us\">74,3 CV<\/span><\/td>\n<\/tr>\n<tr>\n<td><strong>D\u00e9placement<\/strong><\/td>\n<td><span class=\"unit unit-us\">203 po\u00b3<\/span><\/td>\n<\/tr>\n<tr>\n<td><strong>Puissance nette nominale \u2013 2 200 tr\/min \u2013 US EPA Tier 4 Final\/EU Stage V \u2013 ISO 9249\/EEC 80\/1269<\/strong><\/td>\n<td><span class=\"unit unit-us\">69,5 CV<\/span><\/td>\n<\/tr>\n<\/tbody>\n<\/table>\n<h3 class=\"accordion__heading open\" tabindex=\"0\" role=\"button\" aria-controls=\"accordion__group--1-11\" aria-expanded=\"true\">DIMENSIONS \u2013 B\u00c2TON STANDARD<\/h3>\n<div id=\"accordion__group--1-11\" class=\"accordion__body\">\n<div class=\"table-scroll\">\n<div class=\"scrollable\">\n<div>\n<table>\n<tbody>\n<tr>\n<td><strong>Hauteur de la cabine<\/strong><\/td>\n<td><span class=\"unit unit-us\">100 po<\/span><\/td>\n<\/tr>\n<tr>\n<td><strong>Mur vertical<\/strong><\/td>\n<td><span class=\"unit unit-us\">117,8 pouces<\/span><\/td>\n<\/tr>\n<tr>\n<td><strong>Fl\u00e8che \u00e0 port\u00e9e<\/strong><\/td>\n<td><span class=\"unit unit-us\">120,4 pouces<\/span><\/td>\n<\/tr>\n<tr>\n<td><strong>D\u00e9port arri\u00e8re avec contrepoids<\/strong><\/td>\n<td><span class=\"unit unit-us\">62,4 pouces<\/span><\/td>\n<\/tr>\n<tr>\n<td><strong>Rotation de la fl\u00e8che \u2013 Droite<\/strong><\/td>\n<td><span class=\"unit unit-us\">36,8 pouces<\/span><\/td>\n<\/tr>\n<tr>\n<td><strong>Courroie de chenille\/largeur de patin<\/strong><\/td>\n<td><span class=\"unit unit-us\">17,7 pouces<\/span><\/td>\n<\/tr>\n<tr>\n<td><strong>Port\u00e9e maximale<\/strong><\/td>\n<td><span class=\"unit unit-us\">281,1 po<\/span><\/td>\n<\/tr>\n<tr>\n<td><strong>Longueur du b\u00e2ton<\/strong><\/td>\n<td><span class=\"unit unit-us\">71,7 pouces<\/span><\/td>\n<\/tr>\n<tr>\n<td><strong>Hauteur maximale de la lame<\/strong><\/td>\n<td><span class=\"unit unit-us\">14,6 pouces<\/span><\/td>\n<\/tr>\n<tr>\n<td><strong>Rotation de fl\u00e8che \u2013 Gauche<\/strong><\/td>\n<td><span class=\"unit unit-us\">23,8 pouces<\/span><\/td>\n<\/tr>\n<tr>\n<td><strong>Profondeur maximale de la lame<\/strong><\/td>\n<td><span class=\"unit unit-us\">16 po<\/span><\/td>\n<\/tr>\n<tr>\n<td><strong>Largeur de voie O\/A<\/strong><\/td>\n<td><span class=\"unit unit-us\">90,6 pouces<\/span><\/td>\n<\/tr>\n<tr>\n<td><strong>Hauteur d&#039;excavation maximale<\/strong><\/td>\n<td><span class=\"unit unit-us\">265,2 po<\/span><\/td>\n<\/tr>\n<tr>\n<td><strong>D\u00e9gagement maximal de vidage<\/strong><\/td>\n<td><span class=\"unit unit-us\">187,4 po<\/span><\/td>\n<\/tr>\n<tr>\n<td><strong>Port\u00e9e maximale \u2013 Niveau du sol<\/strong><\/td>\n<td><span class=\"unit unit-us\">273,6 po<\/span><\/td>\n<\/tr>\n<tr>\n<td><strong>D\u00e9port arri\u00e8re sans contrepoids<\/strong><\/td>\n<td><span class=\"unit unit-us\">57,1 pouces<\/span><\/td>\n<\/tr>\n<tr>\n<td><strong>Longueur du train de roulement O\/A<\/strong><\/td>\n<td><span class=\"unit unit-us\">113,4 pouces<\/span><\/td>\n<\/tr>\n<tr>\n<td><strong>Palier de balan\u00e7oire \u2013 Hauteur<\/strong><\/td>\n<td><span class=\"unit unit-us\">29,7 pouces<\/span><\/td>\n<\/tr>\n<tr>\n<td><strong>Garde au sol<\/strong><\/td>\n<td><span class=\"unit unit-us\">13,8 pouces<\/span><\/td>\n<\/tr>\n<tr>\n<td><strong>Profondeur de creusement<\/strong><\/td>\n<td><span class=\"unit unit-us\">161,7 po<\/span><\/td>\n<\/tr>\n<tr>\n<td><strong>Note<\/strong><\/td>\n<td><span class=\"unit unit-us\">*Hauteur de la fl\u00e8che lorsque le bras est goupill\u00e9 en position de transport sans accessoires.<\/span><\/td>\n<\/tr>\n<tr>\n<td><strong>Longueur totale d&#039;exp\u00e9dition \u2013 avec contrepoids<\/strong><\/td>\n<td><span class=\"unit unit-us\">264 en<\/span><\/td>\n<\/tr>\n<tr>\n<td><strong>Note 1)<\/strong><\/td>\n<td><span class=\"unit unit-us\">**Hauteur de la fl\u00e8che lorsque le bras est fix\u00e9 en position de travail avec les accessoires. Standard Stick n&#039;offre qu&#039;une seule position de broche.<\/span><\/td>\n<\/tr>\n<tr>\n<td><strong>Longueur totale d&#039;exp\u00e9dition - sans contrepoids<\/strong><\/td>\n<td><span class=\"unit unit-us\">258,8 pouces<\/span><\/td>\n<\/tr>\n<tr>\n<td><strong>Note 2)<\/strong><\/td>\n<td><span class=\"unit unit-us\">***Avec lame positionn\u00e9e \u00e0 l&#039;arri\u00e8re de la machine.<\/span><\/td>\n<\/tr>\n<tr>\n<td><strong>Hauteur \u2013 Travail de fl\u00e8che \u2013 Avec outils**<\/strong><\/td>\n<td><span class=\"unit unit-us\">104,7 pouces<\/span><\/td>\n<\/tr>\n<tr>\n<td><strong>Hauteur \u2013 Transport de fl\u00e8che \u2013 Sans outils*<\/strong><\/td>\n<td><span class=\"unit unit-us\">95,7 pouces<\/span><\/td>\n<\/tr>\n<\/tbody>\n<\/table>\n<div style=\"width: 544px;\" class=\"wp-video\"><!--[if lt IE 9]><script>document.createElement('video');<\/script><![endif]-->\n<video class=\"wp-video-shortcode\" id=\"video-2651-1\" width=\"544\" height=\"960\" preload=\"metadata\" controls=\"controls\"><source type=\"video\/mp4\" src=\"https:\/\/satisfybot.com\/wp-content\/uploads\/2023\/08\/9eaf9d1d1f88489758bde0637157f48c.mp4?_=1\" \/><a href=\"https:\/\/satisfybot.com\/wp-content\/uploads\/2023\/08\/9eaf9d1d1f88489758bde0637157f48c.mp4\">https:\/\/satisfybot.com\/wp-content\/uploads\/2023\/08\/9eaf9d1d1f88489758bde0637157f48c.mp4<\/a><\/video><\/div>\n<\/div>\n<\/div>\n<\/div>\n<\/div>\n<\/div>\n<\/div>\n<\/div>\n<\/div>","protected":false},"excerpt":{"rendered":"<p>ENGINE Net Power 69.5 HP Engine Model Cat C3.3B Stroke 4.7 in Bore 3.7 in Gross Power &#8211; SAE J1995 74.3 HP Displacement 203 in\u00b3 Rated Net Power &#8211; 2,200 rpm &#8211; U.S. EPA Tier 4 Final\/EU Stage V &#8211; ISO 9249\/EEC 80\/1269 69.5 HP DIMENSIONS &#8211; STANDARD STICK Cab Height 100 in Vertical Wall [&hellip;]<\/p>","protected":false},"featured_media":2652,"template":"","meta":{"site-sidebar-layout":"default","site-content-layout":"default","ast-site-content-layout":"default","site-content-style":"default","site-sidebar-style":"default","ast-global-header-display":"","ast-banner-title-visibility":"","ast-main-header-display":"","ast-hfb-above-header-display":"","ast-hfb-below-header-display":"","ast-hfb-mobile-header-display":"","site-post-title":"","ast-breadcrumbs-content":"","ast-featured-img":"","footer-sml-layout":"","ast-disable-related-posts":"","theme-transparent-header-meta":"default","adv-header-id-meta":"","stick-header-meta":"","header-above-stick-meta":"","header-main-stick-meta":"","header-below-stick-meta":"","astra-migrate-meta-layouts":"default","ast-page-background-enabled":"default","ast-page-background-meta":{"desktop":{"background-color":"","background-image":"","background-repeat":"repeat","background-position":"center center","background-size":"auto","background-attachment":"scroll","background-type":"","background-media":"","overlay-type":"","overlay-color":"","overlay-opacity":"","overlay-gradient":""},"tablet":{"background-color":"","background-image":"","background-repeat":"repeat","background-position":"center center","background-size":"auto","background-attachment":"scroll","background-type":"","background-media":"","overlay-type":"","overlay-color":"","overlay-opacity":"","overlay-gradient":""},"mobile":{"background-color":"","background-image":"","background-repeat":"repeat","background-position":"center center","background-size":"auto","background-attachment":"scroll","background-type":"","background-media":"","overlay-type":"","overlay-color":"","overlay-opacity":"","overlay-gradient":""}},"ast-content-background-meta":{"desktop":{"background-color":"var(--ast-global-color-5)","background-image":"","background-repeat":"repeat","background-position":"center center","background-size":"auto","background-attachment":"scroll","background-type":"","background-media":"","overlay-type":"","overlay-color":"","overlay-opacity":"","overlay-gradient":""},"tablet":{"background-color":"var(--ast-global-color-5)","background-image":"","background-repeat":"repeat","background-position":"center center","background-size":"auto","background-attachment":"scroll","background-type":"","background-media":"","overlay-type":"","overlay-color":"","overlay-opacity":"","overlay-gradient":""},"mobile":{"background-color":"var(--ast-global-color-5)","background-image":"","background-repeat":"repeat","background-position":"center center","background-size":"auto","background-attachment":"scroll","background-type":"","background-media":"","overlay-type":"","overlay-color":"","overlay-opacity":"","overlay-gradient":""}}},"product_brand":[],"product_cat":[28],"product_tag":[],"class_list":{"0":"post-2651","1":"product","2":"type-product","3":"status-publish","4":"has-post-thumbnail","6":"product_cat-excavator","7":"desktop-align-left","8":"tablet-align-left","9":"mobile-align-left","11":"first","12":"instock","13":"shipping-taxable","14":"product-type-simple"},"_links":{"self":[{"href":"https:\/\/satisfybot.com\/fr\/wp-json\/wp\/v2\/product\/2651","targetHints":{"allow":["GET"]}}],"collection":[{"href":"https:\/\/satisfybot.com\/fr\/wp-json\/wp\/v2\/product"}],"about":[{"href":"https:\/\/satisfybot.com\/fr\/wp-json\/wp\/v2\/types\/product"}],"version-history":[{"count":0,"href":"https:\/\/satisfybot.com\/fr\/wp-json\/wp\/v2\/product\/2651\/revisions"}],"wp:featuredmedia":[{"embeddable":true,"href":"https:\/\/satisfybot.com\/fr\/wp-json\/wp\/v2\/media\/2652"}],"wp:attachment":[{"href":"https:\/\/satisfybot.com\/fr\/wp-json\/wp\/v2\/media?parent=2651"}],"wp:term":[{"taxonomy":"product_brand","embeddable":true,"href":"https:\/\/satisfybot.com\/fr\/wp-json\/wp\/v2\/product_brand?post=2651"},{"taxonomy":"product_cat","embeddable":true,"href":"https:\/\/satisfybot.com\/fr\/wp-json\/wp\/v2\/product_cat?post=2651"},{"taxonomy":"product_tag","embeddable":true,"href":"https:\/\/satisfybot.com\/fr\/wp-json\/wp\/v2\/product_tag?post=2651"}],"curies":[{"name":"wp","href":"https:\/\/api.w.org\/{rel}","templated":true}]}}