{"id":2789,"date":"2023-08-24T03:19:46","date_gmt":"2023-08-24T03:19:46","guid":{"rendered":"https:\/\/satisfybot.com\/?post_type=product&#038;p=2789"},"modified":"2023-08-24T05:19:30","modified_gmt":"2023-08-24T05:19:30","slug":"used-doosan-mini-excavator-compact-excavator-small-excavator-dx55-dh55-dh55-9c-used-doosan-mini-excavator","status":"publish","type":"product","link":"https:\/\/satisfybot.com\/fr\/produit\/used-doosan-mini-excavator-compact-excavator-small-excavator-dx55-dh55-dh55-9c-used-doosan-mini-excavator\/","title":{"rendered":"Mini pelle doosan d&#039;occasion, petite pelle compacte DX55 DX55W DH55 DH55W DH55-9C Mini pelle doosan d&#039;occasion"},"content":{"rendered":"<p><img fetchpriority=\"high\" decoding=\"async\" class=\"aligncenter size-large wp-image-2790\" src=\"https:\/\/satisfybot.com\/wp-content\/uploads\/2023\/08\/doosan-dx55-9C-1024x768.jpg\" alt=\"\" width=\"1024\" height=\"768\" srcset=\"https:\/\/satisfybot.com\/wp-content\/uploads\/2023\/08\/doosan-dx55-9C-1024x768.jpg 1024w, https:\/\/satisfybot.com\/wp-content\/uploads\/2023\/08\/doosan-dx55-9C-300x225.jpg 300w, https:\/\/satisfybot.com\/wp-content\/uploads\/2023\/08\/doosan-dx55-9C-768x576.jpg 768w, https:\/\/satisfybot.com\/wp-content\/uploads\/2023\/08\/doosan-dx55-9C-16x12.jpg 16w, https:\/\/satisfybot.com\/wp-content\/uploads\/2023\/08\/doosan-dx55-9C-600x450.jpg 600w, https:\/\/satisfybot.com\/wp-content\/uploads\/2023\/08\/doosan-dx55-9C.jpg 1440w\" sizes=\"(max-width: 1024px) 100vw, 1024px\" \/> <img decoding=\"async\" class=\"aligncenter size-large wp-image-2780\" src=\"https:\/\/satisfybot.com\/wp-content\/uploads\/2023\/08\/\u5fae\u4fe1\u56fe\u7247_20230308104411-1024x768.jpg\" alt=\"\" width=\"1024\" height=\"768\" srcset=\"https:\/\/satisfybot.com\/wp-content\/uploads\/2023\/08\/\u5fae\u4fe1\u56fe\u7247_20230308104411-1024x768.jpg 1024w, https:\/\/satisfybot.com\/wp-content\/uploads\/2023\/08\/\u5fae\u4fe1\u56fe\u7247_20230308104411-300x225.jpg 300w, https:\/\/satisfybot.com\/wp-content\/uploads\/2023\/08\/\u5fae\u4fe1\u56fe\u7247_20230308104411-768x576.jpg 768w, https:\/\/satisfybot.com\/wp-content\/uploads\/2023\/08\/\u5fae\u4fe1\u56fe\u7247_20230308104411-1536x1152.jpg 1536w, https:\/\/satisfybot.com\/wp-content\/uploads\/2023\/08\/\u5fae\u4fe1\u56fe\u7247_20230308104411-16x12.jpg 16w, https:\/\/satisfybot.com\/wp-content\/uploads\/2023\/08\/\u5fae\u4fe1\u56fe\u7247_20230308104411-600x450.jpg 600w, https:\/\/satisfybot.com\/wp-content\/uploads\/2023\/08\/\u5fae\u4fe1\u56fe\u7247_20230308104411.jpg 1920w\" sizes=\"(max-width: 1024px) 100vw, 1024px\" \/><\/p>\n<p>&nbsp;<\/p>\n<p>Mini pelle doosan d&#039;occasion, petite pelle compacte DX55 DH55 DH55V DH55-9C Mini pelle doosan d&#039;occasion<\/p>\n<h3 id=\"techSpecs\">Sp\u00e9cification pour DX55<\/h3>\n<div class=\"container-tech-specs\">\n<ul class=\"tech-data-list\">\n<li><span class=\"tech-data-name\">Poids: <\/span><span class=\"tech-data-value\">5,5 tonnes<\/span><\/li>\n<li><span class=\"tech-data-name\">Longueur de transport\u00a0: <\/span><span class=\"tech-data-value\">5,85 m<\/span><\/li>\n<li><span class=\"tech-data-name\">Largeur de transport\u00a0: <\/span><span class=\"tech-data-value\">1,88 m<\/span><\/li>\n<li><span class=\"tech-data-name\">Hauteur de transport\u00a0: <\/span><span class=\"tech-data-value\">2,56 m<\/span><\/li>\n<li><span class=\"tech-data-name\">Capacit\u00e9 min. du seau\u00a0: <\/span><span class=\"tech-data-value\">0,18 m\u00b3<\/span><\/li>\n<li><span class=\"tech-data-name\">Largeur de la piste: <\/span><span class=\"tech-data-value\">400 millim\u00e8tres<\/span><\/li>\n<li><span class=\"tech-data-name\">Protection du conducteur\u00a0: <\/span><span class=\"tech-data-value\">Ko<\/span><\/li>\n<li><span class=\"tech-data-name\">Max. Atteindre l&#039;horizontale\u00a0: <\/span><span class=\"tech-data-value\">6,15 m<\/span><\/li>\n<li><span class=\"tech-data-name\">Profondeur de dragage\u00a0: <\/span><span class=\"tech-data-value\">3,78 m<\/span><\/li>\n<li><span class=\"tech-data-name\">Fabrication du moteur\u00a0: <\/span><span class=\"tech-data-value\">Yanmar<\/span><\/li>\n<li><span class=\"tech-data-name\">Type de moteur: <\/span><span class=\"tech-data-value\">4TNV98Z<\/span><\/li>\n<li><span class=\"tech-data-name\">Puissance du moteur:<\/span><span class=\"tech-data-value\">41,5 kW<\/span><\/li>\n<li><span class=\"tech-data-name\">D\u00e9placement: <\/span><span class=\"tech-data-value\">3,32 litres<\/span><\/li>\n<li><span class=\"tech-data-name\">R\u00e9volutions au couple maximum\u00a0: <\/span><span class=\"tech-data-value\">2000 tr\/min<\/span><\/li>\n<\/ul>\n<h3 id=\"techSpecs\">Sp\u00e9cification pour DH55<\/h3>\n<div class=\"block with-analytic collapsible-block collapsed\" data-id=\"description\">\n<p><strong class=\"title\">Description<\/strong><\/p>\n<div class=\"item\"><span class=\"field\">Profondeur de creusement\u00a0<\/span><span class=\"value\">3,89 m<\/span><\/div>\n<div class=\"item\"><span class=\"field\">Rayon de fouille\u00a0<\/span><span class=\"value\">6,1 m<\/span><\/div>\n<div class=\"item\"><span class=\"field\">Hauteur de d\u00e9versement\u00a0<\/span><span class=\"value\">3,63 m<\/span><\/div>\n<div class=\"item\"><span class=\"field\">Dimensions hors tout\u00a0<\/span><span class=\"value\">5,9 m \u00d7 1,88 m \u00d7 2,55 m<\/span><\/div>\n<div class=\"item\"><span class=\"field\">Volume du godet\u00a0<\/span><span class=\"value\">0,175 m\u00b3<\/span><\/div>\n<div class=\"item\"><span class=\"field\">R\u00e9servoir d&#039;essence\u00a0<\/span><span class=\"value\">115 litres<\/span><\/div>\n<\/div>\n<div class=\"block with-analytic collapsible-block collapsed\" data-id=\"engine\">\n<p><strong class=\"title\">Moteur<\/strong><\/p>\n<div class=\"item\"><span class=\"field\">Marque\u00a0<\/span><span class=\"value\">Isuzu4JB1<\/span><\/div>\n<div class=\"item\"><span class=\"field\">Pouvoir\u00a0<\/span><span class=\"value\">40,5 kW (55,1 ch)<\/span><\/div>\n<div class=\"item\"><span class=\"field\">Carburant\u00a0<\/span><span class=\"value\">diesel<\/span><\/div>\n<div class=\"item\"><span class=\"field\">Nombre de cylindres\u00a0<\/span><span class=\"value\">6<\/span><\/div>\n<div class=\"item\"><\/div>\n<div>\n<div class=\"sf-descr\">\n<div class=\"sf-data sf-data-misc\">\n<div class=\"sf-section\">\n<div class=\"col col-1\">\n<div class=\"block with-analytic collapsible-block collapsed\" data-id=\"gearbox\">\n<p><strong class=\"title\">Bo\u00eetes de vitesses<\/strong><\/p>\n<div class=\"item\"><span class=\"field\">Taper\u00a0<\/span><span class=\"value\">manuel<\/span><\/div>\n<\/div>\n<div class=\"block with-analytic collapsible-block collapsed\" data-id=\"axles\">\n<p><strong class=\"title\">Essieux<\/strong><\/p>\n<div class=\"item\"><span class=\"field\">Largeur de la piste\u00a0<\/span><span class=\"value\">400 millim\u00e8tres<\/span><\/div>\n<div class=\"item\"><span class=\"field\">\u00c9tat des pneus\u00a0<\/span><span class=\"value\">90 %<\/span><\/div>\n<\/div>\n<div class=\"block with-analytic collapsible-block collapsed\" data-id=\"cabine\">\n<p><strong class=\"title\">Cabine<\/strong><\/p>\n<div class=\"item\"><span class=\"field\">Climatiseur\u00a0<\/span><\/div>\n<div class=\"item\"><span class=\"field\">Lampes auxiliaires\u00a0<\/span><\/div>\n<div class=\"item\"><span class=\"field\">Feux de brouillard\u00a0<\/span><\/div>\n<\/div>\n<\/div>\n<div class=\"col col-2\">\n<div class=\"additional-service-links-list\">\n<div class=\"additional-service-link js-hrf analytics_goal_click\" data-hrf-target=\"_blank\" data-analytics-goal=\"button_additional_service\" data-analytics-goal-action=\"delivery_click\" data-hrf=\"https:\/\/machineryline.info\/delivery\/request\/?code=21110312072198049600\">\n<div class=\"service-title\">Besoin d&#039;une livraison ?<\/div>\n<div class=\"service-icon delivery-service-icon\"><img decoding=\"async\" src=\"https:\/\/machineryline.info\/img\/cats\/icons\/85-svg-deep.svg?v9\" alt=\"\" \/><\/div>\n<div class=\"service-description\">Calculer le co\u00fbt de la livraison<\/div>\n<\/div>\n<\/div>\n<div class=\"block with-analytic collapsible-block collapsed\" data-id=\"add-equip\">\n<p><strong class=\"title\">\u00c9quipement suppl\u00e9mentaire<\/strong><\/p>\n<div class=\"item\"><span class=\"field\">Seau\u00a0<\/span><\/div>\n<\/div>\n<div class=\"block with-analytic collapsible-block collapsed\" data-id=\"condition\">\n<p><strong class=\"title\">Condition<\/strong><\/p>\n<div class=\"item\"><span class=\"field\">Condition\u00a0<\/span><span class=\"value\">utilis\u00e9<\/span><\/div>\n<div class=\"item\"><span class=\"field\">Peinture originale\u00a0<\/span><\/div>\n<\/div>\n<\/div>\n<\/div>\n<\/div>\n<\/div>\n<\/div>\n<\/div>\n<\/div>\n<div><\/div>\n<div>\n<div style=\"width: 960px;\" class=\"wp-video\"><video class=\"wp-video-shortcode\" id=\"video-2789-2\" width=\"960\" height=\"544\" preload=\"metadata\" controls=\"controls\"><source type=\"video\/mp4\" src=\"https:\/\/satisfybot.com\/wp-content\/uploads\/2023\/08\/\u6597\u5c7155\u89c6\u98912.mp4?_=2\" \/><a href=\"https:\/\/satisfybot.com\/wp-content\/uploads\/2023\/08\/\u6597\u5c7155\u89c6\u98912.mp4\">https:\/\/satisfybot.com\/wp-content\/uploads\/2023\/08\/\u6597\u5c7155\u89c6\u98912.mp4<\/a><\/video><\/div>\n<div style=\"width: 1280px;\" class=\"wp-video\"><video class=\"wp-video-shortcode\" id=\"video-2789-3\" width=\"1280\" height=\"720\" preload=\"metadata\" controls=\"controls\"><source type=\"video\/mp4\" src=\"https:\/\/satisfybot.com\/wp-content\/uploads\/2023\/08\/\u6597\u5c7155\u89c6\u98913.mp4?_=3\" \/><a href=\"https:\/\/satisfybot.com\/wp-content\/uploads\/2023\/08\/\u6597\u5c7155\u89c6\u98913.mp4\">https:\/\/satisfybot.com\/wp-content\/uploads\/2023\/08\/\u6597\u5c7155\u89c6\u98913.mp4<\/a><\/video><\/div>\n<\/div>\n<div><\/div>\n<div class=\"container-tech-specs\">\n<p><span style=\"font-size: 16px;\">SI VOUS \u00caTES INT\u00c9RESS\u00c9 PAR CES ARTICLES, VEUILLEZ CHATTER AVEC MOI IMM\u00c9DIATEMENT.<\/span><\/p>\n<p>1.La production : en bon \u00e9tat pr\u00eat \u00e0 travailler<br \/>\npas de fuite d&#039;huile et de fum\u00e9e \u00e9paisse<br \/>\n\u00c0 Shanghai, en Chine.<\/p>\n<p>2.Service\u00a0: Prise en charge \u00e0 l&#039;a\u00e9roport<br \/>\nR\u00e9servez un h\u00f4tel pour vous<br \/>\nJe vous emm\u00e8ne \u00e0 Shanghai et j&#039;esp\u00e8re que vous pourrez vous amuser en Chine.<\/p>\n<p>3.Paiement : Quant au prix, il peut \u00eatre n\u00e9goci\u00e9.<br \/>\nConditions de livraison\u00a0: CIP, FOB, CFR, CIF, EXW<br \/>\nMode de paiement\u00a0: virement bancaire T\/T, L\/C, Western Union. (d\u00e9p\u00f4t 30%, solde 70%)<\/p>\n<p>4. Exp\u00e9dition : la m\u00e9thode d&#039;exp\u00e9dition est disponible, conteneur, support plat, cargaison en vrac et navire RO RO.<br \/>\n* Conteneur\u00a0: le moins cher et le plus rapide\u00a0; mettre la machine dans un conteneur doit \u00eatre d\u00e9mont\u00e9.<br \/>\n* Support plat\u00a0: souvent utilis\u00e9 pour exp\u00e9dier des chargeuses \u00e0 deux roues, la charge maximale est de 35 tonnes.<br \/>\n* Cargaison en vrac : ce qui est mieux pour les gros \u00e9quipements de construction, pas besoin de d\u00e9monter.<br \/>\n* Navire RO RO : La machine est conduite directement dans le navire et n&#039;a pas besoin d&#039;\u00eatre d\u00e9mont\u00e9e.<\/p>\n<p>Apr\u00e8s confirmation de la commande, celle-ci peut \u00eatre exp\u00e9di\u00e9e sous 20 jours ouvr\u00e9s.<\/p>\n<p>Notre entreprise a de nombreuses ann\u00e9es d&#039;exp\u00e9rience dans l&#039;exportation de machines de construction, nous avons \u00e9tabli de bonnes relations commerciales avec l&#039;Afrique ; L&#039;Am\u00e9rique latine; L&#039;Europe \uf0d7; Am\u00e9rique; Asie, comme l&#039;Asie de l&#039;Est, l&#039;Asie du Sud, l&#039;Asie du Sud-Est, l&#039;Asie centrale, l&#039;Asie de l&#039;Ouest et d&#039;autres pays.<br \/>\nNous fournissons des pelles d&#039;occasion, des chargeuses d&#039;occasion, des bulldozers d&#039;occasion, des niveleuses d&#039;occasion, des rouleaux compresseurs d&#039;occasion, des chargeuses-pelleteuses d&#039;occasion, des camions \u00e0 benne d&#039;occasion, des grues d&#039;occasion, des chariots \u00e9l\u00e9vateurs d&#039;occasion et d&#039;autres machines.<br \/>\nIl existe de nombreuses marques c\u00e9l\u00e8bres pour votre choix, comme Caterpillar, Komatsu, Hitachi, Kobelco, Kubota, Hino, Isuzu, Mitsubishi, Doosan, Hyundai, Volvo, Dynapac, Bomag, Engersoll-Rand, Shantui, XCMG, SDLG, Liugong, Sinotruck, HOWO, SANY, Kawasaki, JCB, Case, Sunward, Yammar, Sumitomo, Kato, Tadano, Bob cat, Toyota Coaster, etc.<br \/>\nAccueillons sinc\u00e8rement plus d\u2019amis en Chine et visitez notre entreprise. Nous vous fournirons les meilleurs machines et prix, et esp\u00e9rons \u00e9galement \u00eatre votre meilleur partenaire pour une coop\u00e9ration future.<\/p>\n<\/div>","protected":false},"excerpt":{"rendered":"<div style=\"width: 720px;\" class=\"wp-video\"><!--[if lt IE 9]><script>document.createElement('video');<\/script><![endif]--><br \/>\n<video class=\"wp-video-shortcode\" id=\"video-2789-1\" width=\"720\" height=\"1280\" preload=\"metadata\" controls=\"controls\"><source type=\"video\/mp4\" src=\"https:\/\/satisfybot.com\/wp-content\/uploads\/2023\/08\/\u6597\u5c71DH55\u89c6\u9891.mp4?_=1\" \/><a href=\"https:\/\/satisfybot.com\/wp-content\/uploads\/2023\/08\/\u6597\u5c71DH55\u89c6\u9891.mp4\">https:\/\/satisfybot.com\/wp-content\/uploads\/2023\/08\/\u6597\u5c71DH55\u89c6\u9891.mp4<\/a><\/video><\/div>","protected":false},"featured_media":2780,"template":"","meta":{"site-sidebar-layout":"default","site-content-layout":"default","ast-site-content-layout":"default","site-content-style":"default","site-sidebar-style":"default","ast-global-header-display":"","ast-banner-title-visibility":"","ast-main-header-display":"","ast-hfb-above-header-display":"","ast-hfb-below-header-display":"","ast-hfb-mobile-header-display":"","site-post-title":"","ast-breadcrumbs-content":"","ast-featured-img":"","footer-sml-layout":"","ast-disable-related-posts":"","theme-transparent-header-meta":"default","adv-header-id-meta":"","stick-header-meta":"","header-above-stick-meta":"","header-main-stick-meta":"","header-below-stick-meta":"","astra-migrate-meta-layouts":"default","ast-page-background-enabled":"default","ast-page-background-meta":{"desktop":{"background-color":"","background-image":"","background-repeat":"repeat","background-position":"center center","background-size":"auto","background-attachment":"scroll","background-type":"","background-media":"","overlay-type":"","overlay-color":"","overlay-opacity":"","overlay-gradient":""},"tablet":{"background-color":"","background-image":"","background-repeat":"repeat","background-position":"center center","background-size":"auto","background-attachment":"scroll","background-type":"","background-media":"","overlay-type":"","overlay-color":"","overlay-opacity":"","overlay-gradient":""},"mobile":{"background-color":"","background-image":"","background-repeat":"repeat","background-position":"center center","background-size":"auto","background-attachment":"scroll","background-type":"","background-media":"","overlay-type":"","overlay-color":"","overlay-opacity":"","overlay-gradient":""}},"ast-content-background-meta":{"desktop":{"background-color":"var(--ast-global-color-5)","background-image":"","background-repeat":"repeat","background-position":"center center","background-size":"auto","background-attachment":"scroll","background-type":"","background-media":"","overlay-type":"","overlay-color":"","overlay-opacity":"","overlay-gradient":""},"tablet":{"background-color":"var(--ast-global-color-5)","background-image":"","background-repeat":"repeat","background-position":"center center","background-size":"auto","background-attachment":"scroll","background-type":"","background-media":"","overlay-type":"","overlay-color":"","overlay-opacity":"","overlay-gradient":""},"mobile":{"background-color":"var(--ast-global-color-5)","background-image":"","background-repeat":"repeat","background-position":"center center","background-size":"auto","background-attachment":"scroll","background-type":"","background-media":"","overlay-type":"","overlay-color":"","overlay-opacity":"","overlay-gradient":""}}},"product_brand":[],"product_cat":[28],"product_tag":[],"class_list":{"0":"post-2789","1":"product","2":"type-product","3":"status-publish","4":"has-post-thumbnail","6":"product_cat-excavator","7":"desktop-align-left","8":"tablet-align-left","9":"mobile-align-left","11":"first","12":"instock","13":"shipping-taxable","14":"product-type-simple"},"_links":{"self":[{"href":"https:\/\/satisfybot.com\/fr\/wp-json\/wp\/v2\/product\/2789","targetHints":{"allow":["GET"]}}],"collection":[{"href":"https:\/\/satisfybot.com\/fr\/wp-json\/wp\/v2\/product"}],"about":[{"href":"https:\/\/satisfybot.com\/fr\/wp-json\/wp\/v2\/types\/product"}],"version-history":[{"count":0,"href":"https:\/\/satisfybot.com\/fr\/wp-json\/wp\/v2\/product\/2789\/revisions"}],"wp:featuredmedia":[{"embeddable":true,"href":"https:\/\/satisfybot.com\/fr\/wp-json\/wp\/v2\/media\/2780"}],"wp:attachment":[{"href":"https:\/\/satisfybot.com\/fr\/wp-json\/wp\/v2\/media?parent=2789"}],"wp:term":[{"taxonomy":"product_brand","embeddable":true,"href":"https:\/\/satisfybot.com\/fr\/wp-json\/wp\/v2\/product_brand?post=2789"},{"taxonomy":"product_cat","embeddable":true,"href":"https:\/\/satisfybot.com\/fr\/wp-json\/wp\/v2\/product_cat?post=2789"},{"taxonomy":"product_tag","embeddable":true,"href":"https:\/\/satisfybot.com\/fr\/wp-json\/wp\/v2\/product_tag?post=2789"}],"curies":[{"name":"wp","href":"https:\/\/api.w.org\/{rel}","templated":true}]}}