{"id":2924,"date":"2023-09-04T02:46:41","date_gmt":"2023-09-04T02:46:41","guid":{"rendered":"https:\/\/satisfybot.com\/?post_type=product&#038;p=2924"},"modified":"2023-09-04T03:16:02","modified_gmt":"2023-09-04T03:16:02","slug":"lonking-6ton-excavator-cdm6060-earthmoving-machinery-crawler-excavator-6ton-mini-excavator-cdm6060","status":"publish","type":"product","link":"https:\/\/satisfybot.com\/fr\/produit\/lonking-6ton-excavator-cdm6060-earthmoving-machinery-crawler-excavator-6ton-mini-excavator-cdm6060\/","title":{"rendered":"Pelle LONKING 6 tonnes CDM6060 machines de terrassement pelle sur chenilles 6 tonnes mini pelle CDM6060"},"content":{"rendered":"<p><img decoding=\"async\" class=\"aligncenter size-full wp-image-2919\" src=\"https:\/\/satisfybot.com\/wp-content\/uploads\/2023\/09\/IMG_20230811_150035.heic\" alt=\"\" \/> <img decoding=\"async\" class=\"aligncenter size-full wp-image-2918\" src=\"https:\/\/satisfybot.com\/wp-content\/uploads\/2023\/09\/IMG_20230811_145909.heic\" alt=\"\" \/><\/p>\n<h3>Excavatrice LONKING 6 tonnes CDM6060W machines de terrassement pelle sur chenilles 6 tonnes mini-excavatrice<\/h3>\n<p>&nbsp;<\/p>\n<p><img fetchpriority=\"high\" decoding=\"async\" class=\"aligncenter size-full wp-image-2922\" src=\"https:\/\/satisfybot.com\/wp-content\/uploads\/2023\/09\/6060W-4.webp\" alt=\"\" width=\"960\" height=\"948\" srcset=\"https:\/\/satisfybot.com\/wp-content\/uploads\/2023\/09\/6060W-4.webp 960w, https:\/\/satisfybot.com\/wp-content\/uploads\/2023\/09\/6060W-4-300x296.webp 300w, https:\/\/satisfybot.com\/wp-content\/uploads\/2023\/09\/6060W-4-768x758.webp 768w, https:\/\/satisfybot.com\/wp-content\/uploads\/2023\/09\/6060W-4-12x12.webp 12w, https:\/\/satisfybot.com\/wp-content\/uploads\/2023\/09\/6060W-4-600x593.webp 600w, https:\/\/satisfybot.com\/wp-content\/uploads\/2023\/09\/6060W-4-100x100.webp 100w\" sizes=\"(max-width: 960px) 100vw, 960px\" \/><\/p>\n<p><img decoding=\"async\" class=\"aligncenter size-large wp-image-2927\" src=\"https:\/\/satisfybot.com\/wp-content\/uploads\/2023\/09\/IMG_20230811_145624-1024x768.jpg\" alt=\"\" width=\"1024\" height=\"768\" srcset=\"https:\/\/satisfybot.com\/wp-content\/uploads\/2023\/09\/IMG_20230811_145624-1024x768.jpg 1024w, https:\/\/satisfybot.com\/wp-content\/uploads\/2023\/09\/IMG_20230811_145624-300x225.jpg 300w, https:\/\/satisfybot.com\/wp-content\/uploads\/2023\/09\/IMG_20230811_145624-768x576.jpg 768w, https:\/\/satisfybot.com\/wp-content\/uploads\/2023\/09\/IMG_20230811_145624-1536x1152.jpg 1536w, https:\/\/satisfybot.com\/wp-content\/uploads\/2023\/09\/IMG_20230811_145624-16x12.jpg 16w, https:\/\/satisfybot.com\/wp-content\/uploads\/2023\/09\/IMG_20230811_145624-600x450.jpg 600w, https:\/\/satisfybot.com\/wp-content\/uploads\/2023\/09\/IMG_20230811_145624.jpg 1920w\" sizes=\"(max-width: 1024px) 100vw, 1024px\" \/><\/p>\n<h4>Attributs sp\u00e9cifiques \u00e0 l&#039;industrie<\/h4>\n<div class=\"structure-table\">\n<div class=\"structure-row\">\n<div class=\"col-left\">Poids op\u00e9rationnel<\/div>\n<div class=\"col-right\">6050 kg<\/div>\n<\/div>\n<div class=\"structure-row\">\n<div class=\"col-left\">Capacit\u00e9 du seau<\/div>\n<div class=\"col-right\">0,25 m\u00b3<\/div>\n<\/div>\n<div class=\"structure-row\">\n<div class=\"col-left\">Marque du moteur<\/div>\n<div class=\"col-right\">YANMAR<\/div>\n<\/div>\n<div class=\"structure-row\">\n<div class=\"col-left\">Pouvoir<\/div>\n<div class=\"col-right\">36,5 kW<\/div>\n<\/div>\n<\/div>\n<h4>Autres attributs<\/h4>\n<div class=\"structure-table\">\n<div class=\"structure-row\">\n<div class=\"col-left\">Secteurs applicables<\/div>\n<div class=\"col-right\">Ateliers de v\u00eatements, ateliers de mat\u00e9riaux de construction, ateliers de r\u00e9paration de machines, usines de fabrication, fermes, usage domestique, vente au d\u00e9tail, imprimeries, travaux de construction, \u00e9nergie et mines<\/div>\n<\/div>\n<div class=\"structure-row\">\n<div class=\"col-left\">Emplacement de la salle d&#039;exposition<\/div>\n<div class=\"col-right\">Aucun<\/div>\n<\/div>\n<div class=\"structure-row\">\n<div class=\"col-left\">Lieu d&#039;origine<\/div>\n<div class=\"col-right\">Shangai, Chine<\/div>\n<\/div>\n<div class=\"structure-row\">\n<div class=\"col-left\">Condition<\/div>\n<div class=\"col-right\">Nouveau<\/div>\n<\/div>\n<div class=\"structure-row\">\n<div class=\"col-left\">garantie<\/div>\n<div class=\"col-right\">1,5 ans<\/div>\n<\/div>\n<div class=\"structure-row\">\n<div class=\"col-left\">Marque de v\u00e9rin hydraulique<\/div>\n<div class=\"col-right\">Lonk<\/div>\n<\/div>\n<div class=\"structure-row\">\n<div class=\"col-left\">Marque de pompe hydraulique<\/div>\n<div class=\"col-right\">Lonk<\/div>\n<\/div>\n<div class=\"structure-row\">\n<div class=\"col-left\">Marque de vanne hydraulique<\/div>\n<div class=\"col-right\">Lonk<\/div>\n<\/div>\n<div class=\"structure-row\">\n<div class=\"col-left\">POINT DE VENTE UNIQUE<\/div>\n<div class=\"col-right\">Efficacit\u00e9 op\u00e9rationnelle \u00e9lev\u00e9e<\/div>\n<\/div>\n<div class=\"structure-row\">\n<div class=\"col-left\">Rapport d&#039;essai de machines<\/div>\n<div class=\"col-right\">Fourni<\/div>\n<\/div>\n<div class=\"structure-row\">\n<div class=\"col-left\">Inspection de sortie vid\u00e9o<\/div>\n<div class=\"col-right\">Fourni<\/div>\n<\/div>\n<div class=\"structure-row\">\n<div class=\"col-left\">Type de commercialisation<\/div>\n<div class=\"col-right\">Nouveau produit 2020<\/div>\n<\/div>\n<div class=\"structure-row\">\n<div class=\"col-left\">Garantie des composants principaux<\/div>\n<div class=\"col-right\">1,5 ans<\/div>\n<\/div>\n<div class=\"structure-row\">\n<div class=\"col-left\" data-spm-anchor-id=\"a2700.details.0.i23.78297110CYTFKu\">Composants principaux<\/div>\n<div class=\"col-right\">R\u00e9cipient sous pression, moteur, engrenage, moteur, pompe, roulement, bo\u00eete de vitesses<\/div>\n<\/div>\n<div class=\"structure-row\">\n<div class=\"col-left\">Marque<\/div>\n<div class=\"col-right\">Lonk<\/div>\n<\/div>\n<div class=\"structure-row\">\n<div class=\"col-left\">Type mobile<\/div>\n<div class=\"col-right\">Pelle sur chenilles<\/div>\n<\/div>\n<div class=\"structure-row\">\n<div class=\"col-left\">Hauteur de creusement maximale<\/div>\n<div class=\"col-right\">5965mm<\/div>\n<\/div>\n<div class=\"structure-row\">\n<div class=\"col-left\">Profondeur de creusement maximale<\/div>\n<div class=\"col-right\">3762mm<\/div>\n<\/div>\n<div class=\"structure-row\">\n<div class=\"col-left\">Rayon de creusement maximum<\/div>\n<div class=\"col-right\">5965MM<\/div>\n<\/div>\n<div class=\"structure-row\">\n<div class=\"col-left\">Vitesse nominale<\/div>\n<div class=\"col-right\">5,5\/2,0km\/h<\/div>\n<\/div>\n<div class=\"structure-row\">\n<div class=\"col-left\">Service apr\u00e8s-vente fourni<\/div>\n<div class=\"col-right\">Ing\u00e9nieurs disponibles pour entretenir les machines \u00e0 l\u2019\u00e9tranger<\/div>\n<\/div>\n<div class=\"structure-row\">\n<div class=\"col-left\">Couleur<\/div>\n<div class=\"col-right\">Personnalis\u00e9<\/div>\n<\/div>\n<div class=\"structure-row\">\n<div class=\"col-left\">garantie<\/div>\n<div class=\"col-right\" data-spm-anchor-id=\"a2700.details.0.i24.78297110CYTFKu\">12 mois<\/div>\n<\/div>\n<\/div>\n<p><img decoding=\"async\" class=\"aligncenter size-full wp-image-2917\" src=\"https:\/\/satisfybot.com\/wp-content\/uploads\/2023\/09\/IMG_20230811_150041.heic\" alt=\"\" \/> <img decoding=\"async\" class=\"aligncenter size-full wp-image-2918\" src=\"https:\/\/satisfybot.com\/wp-content\/uploads\/2023\/09\/IMG_20230811_145909.heic\" alt=\"\" \/> <img decoding=\"async\" class=\"aligncenter size-large wp-image-2915\" src=\"https:\/\/satisfybot.com\/wp-content\/uploads\/2023\/09\/IMG_20230811_145722-762x1024.jpg\" alt=\"\" width=\"762\" height=\"1024\" srcset=\"https:\/\/satisfybot.com\/wp-content\/uploads\/2023\/09\/IMG_20230811_145722-762x1024.jpg 762w, https:\/\/satisfybot.com\/wp-content\/uploads\/2023\/09\/IMG_20230811_145722-223x300.jpg 223w, https:\/\/satisfybot.com\/wp-content\/uploads\/2023\/09\/IMG_20230811_145722-768x1032.jpg 768w, https:\/\/satisfybot.com\/wp-content\/uploads\/2023\/09\/IMG_20230811_145722-9x12.jpg 9w, https:\/\/satisfybot.com\/wp-content\/uploads\/2023\/09\/IMG_20230811_145722-600x806.jpg 600w, https:\/\/satisfybot.com\/wp-content\/uploads\/2023\/09\/IMG_20230811_145722.jpg 1072w\" sizes=\"(max-width: 762px) 100vw, 762px\" \/> <img decoding=\"async\" class=\"aligncenter size-full wp-image-2916\" src=\"https:\/\/satisfybot.com\/wp-content\/uploads\/2023\/09\/IMG_20230811_145829.heic\" alt=\"\" \/><\/p>\n<p><img decoding=\"async\" class=\"aligncenter size-large wp-image-2915\" src=\"https:\/\/satisfybot.com\/wp-content\/uploads\/2023\/09\/IMG_20230811_145722-762x1024.jpg\" alt=\"\" width=\"762\" height=\"1024\" srcset=\"https:\/\/satisfybot.com\/wp-content\/uploads\/2023\/09\/IMG_20230811_145722-762x1024.jpg 762w, https:\/\/satisfybot.com\/wp-content\/uploads\/2023\/09\/IMG_20230811_145722-223x300.jpg 223w, https:\/\/satisfybot.com\/wp-content\/uploads\/2023\/09\/IMG_20230811_145722-768x1032.jpg 768w, https:\/\/satisfybot.com\/wp-content\/uploads\/2023\/09\/IMG_20230811_145722-9x12.jpg 9w, https:\/\/satisfybot.com\/wp-content\/uploads\/2023\/09\/IMG_20230811_145722-600x806.jpg 600w, https:\/\/satisfybot.com\/wp-content\/uploads\/2023\/09\/IMG_20230811_145722.jpg 1072w\" sizes=\"(max-width: 762px) 100vw, 762px\" \/><\/p>","protected":false},"excerpt":{"rendered":"<p>LONKING 6Ton Excavator CDM6060W Earthmoving Machinery Crawler Excavator 6ton Mini Excavator &nbsp; Industry-specific attributes Operating Weight 6050kg Bucket capacity 0.25m\u00b3 Engine Brand YANMAR Power 36.5kw Other attributes Applicable Industries Garment Shops, Building Material Shops, Machinery Repair Shops, Manufacturing Plant, Farms, Home Use, Retail, Printing Shops, Construction works\u00a0, Energy &amp; Mining Showroom Location None Place of [&hellip;]<\/p>","protected":false},"featured_media":2920,"template":"","meta":{"site-sidebar-layout":"default","site-content-layout":"default","ast-site-content-layout":"default","site-content-style":"default","site-sidebar-style":"default","ast-global-header-display":"","ast-banner-title-visibility":"","ast-main-header-display":"","ast-hfb-above-header-display":"","ast-hfb-below-header-display":"","ast-hfb-mobile-header-display":"","site-post-title":"","ast-breadcrumbs-content":"","ast-featured-img":"","footer-sml-layout":"","ast-disable-related-posts":"","theme-transparent-header-meta":"default","adv-header-id-meta":"","stick-header-meta":"","header-above-stick-meta":"","header-main-stick-meta":"","header-below-stick-meta":"","astra-migrate-meta-layouts":"default","ast-page-background-enabled":"default","ast-page-background-meta":{"desktop":{"background-color":"","background-image":"","background-repeat":"repeat","background-position":"center center","background-size":"auto","background-attachment":"scroll","background-type":"","background-media":"","overlay-type":"","overlay-color":"","overlay-opacity":"","overlay-gradient":""},"tablet":{"background-color":"","background-image":"","background-repeat":"repeat","background-position":"center center","background-size":"auto","background-attachment":"scroll","background-type":"","background-media":"","overlay-type":"","overlay-color":"","overlay-opacity":"","overlay-gradient":""},"mobile":{"background-color":"","background-image":"","background-repeat":"repeat","background-position":"center center","background-size":"auto","background-attachment":"scroll","background-type":"","background-media":"","overlay-type":"","overlay-color":"","overlay-opacity":"","overlay-gradient":""}},"ast-content-background-meta":{"desktop":{"background-color":"var(--ast-global-color-5)","background-image":"","background-repeat":"repeat","background-position":"center center","background-size":"auto","background-attachment":"scroll","background-type":"","background-media":"","overlay-type":"","overlay-color":"","overlay-opacity":"","overlay-gradient":""},"tablet":{"background-color":"var(--ast-global-color-5)","background-image":"","background-repeat":"repeat","background-position":"center center","background-size":"auto","background-attachment":"scroll","background-type":"","background-media":"","overlay-type":"","overlay-color":"","overlay-opacity":"","overlay-gradient":""},"mobile":{"background-color":"var(--ast-global-color-5)","background-image":"","background-repeat":"repeat","background-position":"center center","background-size":"auto","background-attachment":"scroll","background-type":"","background-media":"","overlay-type":"","overlay-color":"","overlay-opacity":"","overlay-gradient":""}}},"product_brand":[],"product_cat":[28],"product_tag":[],"class_list":{"0":"post-2924","1":"product","2":"type-product","3":"status-publish","4":"has-post-thumbnail","6":"product_cat-excavator","7":"desktop-align-left","8":"tablet-align-left","9":"mobile-align-left","11":"first","12":"instock","13":"shipping-taxable","14":"product-type-simple"},"_links":{"self":[{"href":"https:\/\/satisfybot.com\/fr\/wp-json\/wp\/v2\/product\/2924","targetHints":{"allow":["GET"]}}],"collection":[{"href":"https:\/\/satisfybot.com\/fr\/wp-json\/wp\/v2\/product"}],"about":[{"href":"https:\/\/satisfybot.com\/fr\/wp-json\/wp\/v2\/types\/product"}],"version-history":[{"count":3,"href":"https:\/\/satisfybot.com\/fr\/wp-json\/wp\/v2\/product\/2924\/revisions"}],"predecessor-version":[{"id":2931,"href":"https:\/\/satisfybot.com\/fr\/wp-json\/wp\/v2\/product\/2924\/revisions\/2931"}],"wp:featuredmedia":[{"embeddable":true,"href":"https:\/\/satisfybot.com\/fr\/wp-json\/wp\/v2\/media\/2920"}],"wp:attachment":[{"href":"https:\/\/satisfybot.com\/fr\/wp-json\/wp\/v2\/media?parent=2924"}],"wp:term":[{"taxonomy":"product_brand","embeddable":true,"href":"https:\/\/satisfybot.com\/fr\/wp-json\/wp\/v2\/product_brand?post=2924"},{"taxonomy":"product_cat","embeddable":true,"href":"https:\/\/satisfybot.com\/fr\/wp-json\/wp\/v2\/product_cat?post=2924"},{"taxonomy":"product_tag","embeddable":true,"href":"https:\/\/satisfybot.com\/fr\/wp-json\/wp\/v2\/product_tag?post=2924"}],"curies":[{"name":"wp","href":"https:\/\/api.w.org\/{rel}","templated":true}]}}