{"id":3045,"date":"2023-09-06T02:19:10","date_gmt":"2023-09-06T02:19:10","guid":{"rendered":"https:\/\/satisfybot.com\/?post_type=product&#038;p=3045"},"modified":"2023-09-08T07:46:21","modified_gmt":"2023-09-08T07:46:21","slug":"new-loader-bulldozer-lonking-loader-5-ton-6-ton-backhoe-oem-for-any-brand-cdm853-cdm856-lg855n-zl50nc-cdm936n-lg820dra","status":"publish","type":"product","link":"https:\/\/satisfybot.com\/fr\/produit\/new-loader-bulldozer-lonking-loader-5-ton-6-ton-backhoe-oem-for-any-brand-cdm853-cdm856-lg855n-zl50nc-cdm936n-lg820dra\/","title":{"rendered":"Nouveau chargeur bulldozer lonking chargeur 5 tonnes 6 tonnes pelle r\u00e9trocaveuse CDM853 CDM856 LG855N ZL50NC CDM936N LG820DRA"},"content":{"rendered":"<h3>Nouveau chargeur bulldozer lonking chargeur 5 tonnes 6 tonnes pelle r\u00e9tro utilis\u00e9 chargeur OEM pour toute marque c\u00e9l\u00e8bre CDM853 CDM856 LG855N ZL50NC CDM936N LG820DRA<\/h3>\n<p>&nbsp;<\/p>\n<div style=\"width: 1920px;\" class=\"wp-video\"><!--[if lt IE 9]><script>document.createElement('video');<\/script><![endif]-->\n<video class=\"wp-video-shortcode\" id=\"video-3045-1\" width=\"1920\" height=\"1080\" preload=\"metadata\" controls=\"controls\"><source type=\"video\/mp4\" src=\"https:\/\/satisfybot.com\/wp-content\/uploads\/2023\/09\/Lonking-5-Ton-Front-Wheel-Loader-Cdm855-In-Stock-Fast-Delivery-Buy-Construction-MachineryLonking-5t-LoaderWindows-Loader-Product-on-Alibaba.com-Google-Chrome-2023-09-06-16-46-17-1.mp4?_=1\" \/><a href=\"https:\/\/satisfybot.com\/wp-content\/uploads\/2023\/09\/Lonking-5-Ton-Front-Wheel-Loader-Cdm855-In-Stock-Fast-Delivery-Buy-Construction-MachineryLonking-5t-LoaderWindows-Loader-Product-on-Alibaba.com-Google-Chrome-2023-09-06-16-46-17-1.mp4\">https:\/\/satisfybot.com\/wp-content\/uploads\/2023\/09\/Lonking-5-Ton-Front-Wheel-Loader-Cdm855-In-Stock-Fast-Delivery-Buy-Construction-MachineryLonking-5t-LoaderWindows-Loader-Product-on-Alibaba.com-Google-Chrome-2023-09-06-16-46-17-1.mp4<\/a><\/video><\/div>\n<p>&nbsp;<\/p>\n<h5 class=\"tit\">CDM856Weichai \u2162+Transmission plan\u00e9taire<\/h5>\n<div class=\"t_box\">\n<div class=\"con\">\n<ul>\n<li>Puissance nominale154 kW\/2 000 tr\/min<\/li>\n<li>Capacit\u00e9 du godet3m\u00b3<\/li>\n<li>Charge utile nominale5 000 kg<\/li>\n<li>Poids op\u00e9rationnel17300kg<\/li>\n<\/ul>\n<\/div>\n<\/div>\n<div class=\"t_box\">\n<div class=\"con\">\n<div class=\"infor\">\n<div class=\"tit\">\n<table class=\"datalist\" width=\"100%\" cellspacing=\"0\" cellpadding=\"0\">\n<tbody>\n<tr>\n<th rowspan=\"9\">MOTEUR<\/th>\n<td>Fabricant\/Mod\u00e8le<\/td>\n<td>WEICHAI\/WP10G210E343<\/td>\n<\/tr>\n<tr>\n<td>Puissance nominale<\/td>\n<td>154 kW\/2 000 tr\/min<\/td>\n<\/tr>\n<tr>\n<td>Couple maximal<\/td>\n<td>980N\u00b7m\/ 1\u00a0400-1\u00a0600 tr\/min<\/td>\n<\/tr>\n<tr>\n<td>Al\u00e9sage x Course<\/td>\n<td>126 \u00d7 130 mm<\/td>\n<\/tr>\n<tr>\n<td>Nombre de cylindres\/d\u00e9placement<\/td>\n<td>6\/9.726L<\/td>\n<\/tr>\n<tr>\n<td>Purificateur d&#039;air<\/td>\n<td>Filtre \u00e0 air \u00e0 trois \u00e9tages<\/td>\n<\/tr>\n<tr>\n<td>Alternateur<\/td>\n<td>55Amp<\/td>\n<\/tr>\n<tr>\n<td>Batterie<\/td>\n<td>2-24 V\/120 Ah<\/td>\n<\/tr>\n<tr>\n<td>Demarreur<\/td>\n<td>24 V\/7,5 kW<\/td>\n<\/tr>\n<tr>\n<th rowspan=\"12\">TRANSMISSION<\/th>\n<td>Type de transmission<\/td>\n<td>Powershift plan\u00e9taire<\/td>\n<\/tr>\n<tr>\n<td>Type de quart de travail<\/td>\n<td>Commande m\u00e9canique Powershift<\/td>\n<\/tr>\n<tr>\n<td>Pression de transmission<\/td>\n<td>1. 1-1,5MPa<\/td>\n<\/tr>\n<tr>\n<td>Type de convertisseur de couple<\/td>\n<td>Mono-\u00e9tage, Duo-turbine, 4 \u00e9l\u00e9ments<\/td>\n<\/tr>\n<tr>\n<td>Essieux<\/td>\n<td>Rigide (avant) et oscillant (arri\u00e8re)<\/td>\n<\/tr>\n<tr>\n<td>Oscillation de l&#039;essieu arri\u00e8re<\/td>\n<td>\u00b110\u00b0<\/td>\n<\/tr>\n<tr>\n<td>Diff\u00e9rentiel<\/td>\n<td>Conventionnel<\/td>\n<\/tr>\n<tr>\n<td>R\u00e9ducteur principal<\/td>\n<td>Biseau en spirale, r\u00e9duction en 1 \u00e9tape<\/td>\n<\/tr>\n<tr>\n<td>R\u00e9ducteur final<\/td>\n<td>R\u00e9duction plan\u00e9taire<\/td>\n<\/tr>\n<tr>\n<td>Pneu<\/td>\n<td>23,5-25 L-3 16PR TT<\/td>\n<\/tr>\n<tr>\n<td>Vitesse de d\u00e9placement en avant<\/td>\n<td>10,2\/35km\/h<\/td>\n<\/tr>\n<tr>\n<td>Vitesse de d\u00e9placement-inversion<\/td>\n<td>16km\/h<\/td>\n<\/tr>\n<\/tbody>\n<\/table>\n<\/div>\n<\/div>\n<div class=\"content\">\n<div class=\"table-responsive\"><\/div>\n<div class=\"table-responsive\">\n<h5 class=\"tit\">ZL50NC<\/h5>\n<div class=\"t_box\">\n<div class=\"con\">\n<ul>\n<li>Puissance nominale162\u00a0kW\/2\u00a0200 tr\/min<\/li>\n<li>Capacit\u00e9 du godet3,6 m\u00b3<\/li>\n<li>Charge utile nominale5600kg<\/li>\n<li>Poids op\u00e9rationnel18\u00a0700(19\u00a0250)kg<\/li>\n<\/ul>\n<table class=\"datalist\" width=\"100%\" cellspacing=\"0\" cellpadding=\"0\">\n<tbody>\n<tr class=\"firstRow\">\n<th rowspan=\"6\">BASIQUE<\/th>\n<td>Capacit\u00e9 du seau<\/td>\n<td>3,0 m\u00b3<\/td>\n<\/tr>\n<tr>\n<td>Charge utile nominale<\/td>\n<td>5000 kg<\/td>\n<\/tr>\n<tr>\n<td>Poids op\u00e9rationnel<\/td>\n<td>17300(HD17700)\u00b1300kg<\/td>\n<\/tr>\n<tr>\n<td>Force de traction<\/td>\n<td>155 \u00b1 3kN<\/td>\n<\/tr>\n<tr>\n<td>Force d&#039;arrachement<\/td>\n<td>170\u00b13kN<\/td>\n<\/tr>\n<tr>\n<td>L\u00d7L\u00d7H<\/td>\n<td>8220(8560)\u00d73010\u00d73380mm<\/td>\n<\/tr>\n<tr>\n<th rowspan=\"9\">MOTEUR<\/th>\n<td>Fabricant\/Mod\u00e8le<\/td>\n<td>WEICHAI\/WD10G220E21<\/td>\n<\/tr>\n<tr>\n<td>Puissance nominale<\/td>\n<td>162 kW\/2 200 tr\/min<\/td>\n<\/tr>\n<tr>\n<td>Couple maximal<\/td>\n<td>860\u00a0N\u00b7m\/1\u00a0400-1\u00a0600 tr\/min<\/td>\n<\/tr>\n<tr>\n<td>Al\u00e9sage x Course (mm)<\/td>\n<td>126 \u00d7 130 mm<\/td>\n<\/tr>\n<tr>\n<td>Nombre de cylindres<br \/>\n\/ D\u00e9placement<\/td>\n<td>6\/9.726L<\/td>\n<\/tr>\n<tr>\n<td>Purificateur d&#039;air<\/td>\n<td>Filtre \u00e0 air \u00e0 trois \u00e9tages<\/td>\n<\/tr>\n<tr>\n<td>Alternateur<\/td>\n<td>70\u00a0A<\/td>\n<\/tr>\n<tr>\n<td>Batterie<\/td>\n<td>2-24 V\/120 Ah<\/td>\n<\/tr>\n<tr>\n<td>Demarreur<\/td>\n<td>24 V\/7,5 kW<\/td>\n<\/tr>\n<tr>\n<th rowspan=\"12\">TRANSMISSION<\/th>\n<td>Type de transmission<\/td>\n<td>Powershift plan\u00e9taire<\/td>\n<\/tr>\n<tr>\n<td>Type de quart de travail<\/td>\n<td>Commande m\u00e9canique Powershift<\/td>\n<\/tr>\n<tr>\n<td>Pression de transmission<\/td>\n<td>1. 1-1,5MPa<\/td>\n<\/tr>\n<tr>\n<td>Type de convertisseur de couple<\/td>\n<td>Mono-\u00e9tage, Duo-turbine, 4 \u00e9l\u00e9ments<\/td>\n<\/tr>\n<tr>\n<td>Essieux<\/td>\n<td>Rigide (avant) et oscillant (arri\u00e8re)<\/td>\n<\/tr>\n<tr>\n<td>Oscillation de l&#039;essieu arri\u00e8re (\u00b0)<\/td>\n<td>\u00b110\u00b0<\/td>\n<\/tr>\n<tr>\n<td>Diff\u00e9rentiel<\/td>\n<td>Conventionnel<\/td>\n<\/tr>\n<tr>\n<td>R\u00e9ducteur principal<\/td>\n<td>Biseau en spirale, r\u00e9duction en 1 \u00e9tape<\/td>\n<\/tr>\n<tr>\n<td>R\u00e9ducteur final<\/td>\n<td>R\u00e9duction plan\u00e9taire<\/td>\n<\/tr>\n<tr>\n<td>Pneu<\/td>\n<td>23,5-25 L-3 16PR TT<\/td>\n<\/tr>\n<tr>\n<td>Vitesse de d\u00e9placement en avant<\/td>\n<td>11,5\/36km\/h<\/td>\n<\/tr>\n<tr>\n<td>Vitesse de d\u00e9placement-inversion<\/td>\n<td>16km\/h<\/td>\n<\/tr>\n<tr>\n<th rowspan=\"4\">SYST\u00c8ME DE FREINAGE<\/th>\n<td>Frein de service<\/td>\n<td>Frein \u00e0 \u00e9trier d&#039;huile \u00e0 pouss\u00e9e de gaz<\/td>\n<\/tr>\n<tr>\n<td>Pression de r\u00e9glage<\/td>\n<td>0,70-0,78MPa<\/td>\n<\/tr>\n<tr>\n<td>Frein \u00e0 main<\/td>\n<td>Frein \u00e0 \u00e9trier \u00e0 commande pneumatique<\/td>\n<\/tr>\n<tr>\n<td>Arr\u00eat d&#039;urgence<\/td>\n<td>Frein \u00e0 \u00e9trier \u00e0 commande pneumatique<\/td>\n<\/tr>\n<tr>\n<th rowspan=\"5\">SYST\u00c8ME DE DIRECTION<\/th>\n<td>Taper<\/td>\n<td>Syst\u00e8me de d\u00e9tection de charge hydraulique<\/td>\n<\/tr>\n<tr>\n<td>Pompe<\/td>\n<td>176 L\/min \u00b7 2 200 tr\/min<\/td>\n<\/tr>\n<tr>\n<td>Pression du syst\u00e8me<\/td>\n<td>15MPa<\/td>\n<\/tr>\n<tr>\n<td>Type de cylindre<\/td>\n<td>Double jeu<\/td>\n<\/tr>\n<tr>\n<td>Angle de braquage<\/td>\n<td>\u00b135\u00b0<\/td>\n<\/tr>\n<tr>\n<th rowspan=\"5\">SYST\u00c8ME HYDRAULIQUE<\/th>\n<td>Taper<\/td>\n<td>Commande par joystick (levier unique)<\/td>\n<\/tr>\n<tr>\n<td>Pompe<\/td>\n<td>220L\/min \u00b7 2200 tr\/min<\/td>\n<\/tr>\n<tr>\n<td>Soupape de commande<\/td>\n<td>2 bobines<\/td>\n<\/tr>\n<tr>\n<td>Pression du syst\u00e8me<\/td>\n<td>16MPa<\/td>\n<\/tr>\n<tr>\n<td>Temps de cycle (sec)<\/td>\n<td>11<\/td>\n<\/tr>\n<tr>\n<th rowspan=\"5\">CAPACIT\u00c9 DE RECHARGE DE SERVICE<\/th>\n<td>R\u00e9servoir de carburant (L)<\/td>\n<td>285L<\/td>\n<\/tr>\n<tr>\n<td>R\u00e9servoir hydraulique (L)<\/td>\n<td>270\/275 (3\u00e8me bobine) L<\/td>\n<\/tr>\n<tr>\n<td>Vilebrequin (L)<\/td>\n<td>20L<\/td>\n<\/tr>\n<tr>\n<td>Bo\u00eete de vitesses (G)<\/td>\n<td>46L<\/td>\n<\/tr>\n<tr>\n<td>Essieu avant\/essieu arri\u00e8re (L)<\/td>\n<td>28L\/28L<\/td>\n<\/tr>\n<\/tbody>\n<\/table>\n<\/div>\n<\/div>\n<\/div>\n<\/div>\n<\/div>\n<p><img fetchpriority=\"high\" decoding=\"async\" class=\"aligncenter size-large wp-image-3032\" src=\"https:\/\/satisfybot.com\/wp-content\/uploads\/2023\/09\/CDM816D-loader-1024x688.png\" alt=\"\" width=\"1024\" height=\"688\" srcset=\"https:\/\/satisfybot.com\/wp-content\/uploads\/2023\/09\/CDM816D-loader-1024x688.png 1024w, https:\/\/satisfybot.com\/wp-content\/uploads\/2023\/09\/CDM816D-loader-300x202.png 300w, https:\/\/satisfybot.com\/wp-content\/uploads\/2023\/09\/CDM816D-loader-768x516.png 768w, https:\/\/satisfybot.com\/wp-content\/uploads\/2023\/09\/CDM816D-loader-18x12.png 18w, https:\/\/satisfybot.com\/wp-content\/uploads\/2023\/09\/CDM816D-loader-600x403.png 600w, https:\/\/satisfybot.com\/wp-content\/uploads\/2023\/09\/CDM816D-loader.png 1200w\" sizes=\"(max-width: 1024px) 100vw, 1024px\" \/> <img decoding=\"async\" class=\"aligncenter size-full wp-image-3036\" src=\"https:\/\/satisfybot.com\/wp-content\/uploads\/2023\/09\/Hf77c98aeb6c647a8861a84094507b70a2.jpg_960x960.webp\" alt=\"\" width=\"758\" height=\"568\" srcset=\"https:\/\/satisfybot.com\/wp-content\/uploads\/2023\/09\/Hf77c98aeb6c647a8861a84094507b70a2.jpg_960x960.webp 758w, https:\/\/satisfybot.com\/wp-content\/uploads\/2023\/09\/Hf77c98aeb6c647a8861a84094507b70a2.jpg_960x960-300x225.webp 300w, https:\/\/satisfybot.com\/wp-content\/uploads\/2023\/09\/Hf77c98aeb6c647a8861a84094507b70a2.jpg_960x960-16x12.webp 16w, https:\/\/satisfybot.com\/wp-content\/uploads\/2023\/09\/Hf77c98aeb6c647a8861a84094507b70a2.jpg_960x960-600x450.webp 600w\" sizes=\"(max-width: 758px) 100vw, 758px\" \/> <img decoding=\"async\" class=\"aligncenter size-large wp-image-3037\" src=\"https:\/\/satisfybot.com\/wp-content\/uploads\/2023\/09\/LD820DRA\uff08Canopy\uff09-1024x688.png\" alt=\"\" width=\"1024\" height=\"688\" srcset=\"https:\/\/satisfybot.com\/wp-content\/uploads\/2023\/09\/LD820DRA\uff08Canopy\uff09-1024x688.png 1024w, https:\/\/satisfybot.com\/wp-content\/uploads\/2023\/09\/LD820DRA\uff08Canopy\uff09-300x202.png 300w, https:\/\/satisfybot.com\/wp-content\/uploads\/2023\/09\/LD820DRA\uff08Canopy\uff09-768x516.png 768w, https:\/\/satisfybot.com\/wp-content\/uploads\/2023\/09\/LD820DRA\uff08Canopy\uff09-18x12.png 18w, https:\/\/satisfybot.com\/wp-content\/uploads\/2023\/09\/LD820DRA\uff08Canopy\uff09-600x403.png 600w, https:\/\/satisfybot.com\/wp-content\/uploads\/2023\/09\/LD820DRA\uff08Canopy\uff09.png 1200w\" sizes=\"(max-width: 1024px) 100vw, 1024px\" \/><br \/>\n<img loading=\"lazy\" decoding=\"async\" class=\"aligncenter size-full wp-image-3034\" src=\"https:\/\/satisfybot.com\/wp-content\/uploads\/2023\/09\/H3498c1647ea54f6995a654320c14ff3fF.jpg_960x960.webp\" alt=\"\" width=\"960\" height=\"720\" srcset=\"https:\/\/satisfybot.com\/wp-content\/uploads\/2023\/09\/H3498c1647ea54f6995a654320c14ff3fF.jpg_960x960.webp 960w, https:\/\/satisfybot.com\/wp-content\/uploads\/2023\/09\/H3498c1647ea54f6995a654320c14ff3fF.jpg_960x960-300x225.webp 300w, https:\/\/satisfybot.com\/wp-content\/uploads\/2023\/09\/H3498c1647ea54f6995a654320c14ff3fF.jpg_960x960-768x576.webp 768w, https:\/\/satisfybot.com\/wp-content\/uploads\/2023\/09\/H3498c1647ea54f6995a654320c14ff3fF.jpg_960x960-16x12.webp 16w, https:\/\/satisfybot.com\/wp-content\/uploads\/2023\/09\/H3498c1647ea54f6995a654320c14ff3fF.jpg_960x960-600x450.webp 600w\" sizes=\"(max-width: 960px) 100vw, 960px\" \/> <img loading=\"lazy\" decoding=\"async\" class=\"aligncenter size-large wp-image-3033\" src=\"https:\/\/satisfybot.com\/wp-content\/uploads\/2023\/09\/CDM820DA-loader-1024x688.png\" alt=\"\" width=\"1024\" height=\"688\" srcset=\"https:\/\/satisfybot.com\/wp-content\/uploads\/2023\/09\/CDM820DA-loader-1024x688.png 1024w, https:\/\/satisfybot.com\/wp-content\/uploads\/2023\/09\/CDM820DA-loader-300x202.png 300w, https:\/\/satisfybot.com\/wp-content\/uploads\/2023\/09\/CDM820DA-loader-768x516.png 768w, https:\/\/satisfybot.com\/wp-content\/uploads\/2023\/09\/CDM820DA-loader-18x12.png 18w, https:\/\/satisfybot.com\/wp-content\/uploads\/2023\/09\/CDM820DA-loader-600x403.png 600w, https:\/\/satisfybot.com\/wp-content\/uploads\/2023\/09\/CDM820DA-loader.png 1200w\" sizes=\"(max-width: 1024px) 100vw, 1024px\" \/><\/p>\n<p><img loading=\"lazy\" decoding=\"async\" class=\"aligncenter size-full wp-image-3038\" src=\"https:\/\/satisfybot.com\/wp-content\/uploads\/2023\/09\/Ha73082bc32044ad9800c8f96dbd2dc29D.jpg_960x960.webp\" alt=\"\" width=\"511\" height=\"383\" srcset=\"https:\/\/satisfybot.com\/wp-content\/uploads\/2023\/09\/Ha73082bc32044ad9800c8f96dbd2dc29D.jpg_960x960.webp 511w, https:\/\/satisfybot.com\/wp-content\/uploads\/2023\/09\/Ha73082bc32044ad9800c8f96dbd2dc29D.jpg_960x960-300x225.webp 300w, https:\/\/satisfybot.com\/wp-content\/uploads\/2023\/09\/Ha73082bc32044ad9800c8f96dbd2dc29D.jpg_960x960-16x12.webp 16w\" sizes=\"(max-width: 511px) 100vw, 511px\" \/><\/p>\n<p>c&#039;est LONKING; ce n&#039;est pas Bobcat, CASE, caterpillar(Cat), Doosan, Dynapac, Hitachi, Hyundai, Kato, Kobelco, Komatsu, Kubota, Lliugong, Motor Grader, Sany, Sumitomo, Volvo, Sunward, \u2026<\/p>\n<p>&nbsp;<\/p>\n<p>&nbsp;<\/p>\n<\/div>","protected":false},"excerpt":{"rendered":"<p>New loader bulldozer lonking loader 5 ton 6 ton backhoe used loader OEM for any famous brand CDM853 CDM856 LG855N ZL50NC CDM936N\u00a0 LG820DRA &nbsp; &nbsp; CDM856Weichai \u2162+Planetary Transmission Rated Power154kW\/2000rpm Bucket Capacity3m\u00b3 Rated Payload5000kg Operating Weight17300kg ENGINE Maker\/Model WEICHAI\/WP10G210E343 Rated Power 154kW\/2000rpm Maximum Torque 980N\u00b7m\/ 1400-1600rpm Bore x Stroke 126\u00d7130mm No. of Cylinders \/Displacement 6\/9.726L [&hellip;]<\/p>","protected":false},"featured_media":3031,"template":"","meta":{"site-sidebar-layout":"default","site-content-layout":"default","ast-site-content-layout":"default","site-content-style":"default","site-sidebar-style":"default","ast-global-header-display":"","ast-banner-title-visibility":"","ast-main-header-display":"","ast-hfb-above-header-display":"","ast-hfb-below-header-display":"","ast-hfb-mobile-header-display":"","site-post-title":"","ast-breadcrumbs-content":"","ast-featured-img":"","footer-sml-layout":"","ast-disable-related-posts":"","theme-transparent-header-meta":"default","adv-header-id-meta":"","stick-header-meta":"","header-above-stick-meta":"","header-main-stick-meta":"","header-below-stick-meta":"","astra-migrate-meta-layouts":"set","ast-page-background-enabled":"default","ast-page-background-meta":{"desktop":{"background-color":"","background-image":"","background-repeat":"repeat","background-position":"center center","background-size":"auto","background-attachment":"scroll","background-type":"","background-media":"","overlay-type":"","overlay-color":"","overlay-opacity":"","overlay-gradient":""},"tablet":{"background-color":"","background-image":"","background-repeat":"repeat","background-position":"center center","background-size":"auto","background-attachment":"scroll","background-type":"","background-media":"","overlay-type":"","overlay-color":"","overlay-opacity":"","overlay-gradient":""},"mobile":{"background-color":"","background-image":"","background-repeat":"repeat","background-position":"center center","background-size":"auto","background-attachment":"scroll","background-type":"","background-media":"","overlay-type":"","overlay-color":"","overlay-opacity":"","overlay-gradient":""}},"ast-content-background-meta":{"desktop":{"background-color":"var(--ast-global-color-5)","background-image":"","background-repeat":"repeat","background-position":"center center","background-size":"auto","background-attachment":"scroll","background-type":"","background-media":"","overlay-type":"","overlay-color":"","overlay-opacity":"","overlay-gradient":""},"tablet":{"background-color":"var(--ast-global-color-5)","background-image":"","background-repeat":"repeat","background-position":"center center","background-size":"auto","background-attachment":"scroll","background-type":"","background-media":"","overlay-type":"","overlay-color":"","overlay-opacity":"","overlay-gradient":""},"mobile":{"background-color":"var(--ast-global-color-5)","background-image":"","background-repeat":"repeat","background-position":"center center","background-size":"auto","background-attachment":"scroll","background-type":"","background-media":"","overlay-type":"","overlay-color":"","overlay-opacity":"","overlay-gradient":""}}},"product_brand":[],"product_cat":[36],"product_tag":[],"class_list":{"0":"post-3045","1":"product","2":"type-product","3":"status-publish","4":"has-post-thumbnail","6":"product_cat-machinery","7":"desktop-align-left","8":"tablet-align-left","9":"mobile-align-left","11":"first","12":"instock","13":"shipping-taxable","14":"product-type-simple"},"_links":{"self":[{"href":"https:\/\/satisfybot.com\/fr\/wp-json\/wp\/v2\/product\/3045","targetHints":{"allow":["GET"]}}],"collection":[{"href":"https:\/\/satisfybot.com\/fr\/wp-json\/wp\/v2\/product"}],"about":[{"href":"https:\/\/satisfybot.com\/fr\/wp-json\/wp\/v2\/types\/product"}],"version-history":[{"count":16,"href":"https:\/\/satisfybot.com\/fr\/wp-json\/wp\/v2\/product\/3045\/revisions"}],"predecessor-version":[{"id":3098,"href":"https:\/\/satisfybot.com\/fr\/wp-json\/wp\/v2\/product\/3045\/revisions\/3098"}],"wp:featuredmedia":[{"embeddable":true,"href":"https:\/\/satisfybot.com\/fr\/wp-json\/wp\/v2\/media\/3031"}],"wp:attachment":[{"href":"https:\/\/satisfybot.com\/fr\/wp-json\/wp\/v2\/media?parent=3045"}],"wp:term":[{"taxonomy":"product_brand","embeddable":true,"href":"https:\/\/satisfybot.com\/fr\/wp-json\/wp\/v2\/product_brand?post=3045"},{"taxonomy":"product_cat","embeddable":true,"href":"https:\/\/satisfybot.com\/fr\/wp-json\/wp\/v2\/product_cat?post=3045"},{"taxonomy":"product_tag","embeddable":true,"href":"https:\/\/satisfybot.com\/fr\/wp-json\/wp\/v2\/product_tag?post=3045"}],"curies":[{"name":"wp","href":"https:\/\/api.w.org\/{rel}","templated":true}]}}