{"id":3081,"date":"2023-09-07T08:14:52","date_gmt":"2023-09-07T08:14:52","guid":{"rendered":"https:\/\/satisfybot.com\/?post_type=product&#038;p=3081"},"modified":"2023-09-08T07:49:47","modified_gmt":"2023-09-08T07:49:47","slug":"lonking-forklift-for-sale-6-ton-7-ton-oem-for-any-famous-brand-cdm932nyc-cdm936nyc-lgft18-lgft28","status":"publish","type":"product","link":"https:\/\/satisfybot.com\/fr\/produit\/lonking-forklift-for-sale-6-ton-7-ton-oem-for-any-famous-brand-cdm932nyc-cdm936nyc-lgft18-lgft28\/","title":{"rendered":"Chariot \u00e9l\u00e9vateur Lonking \u00e0 vendre 6 tonnes 7 tonnes CDM932NYC CDM936NYC LGFT18 LGFT28"},"content":{"rendered":"<p>Chariot \u00e9l\u00e9vateur Lonking \u00e0 vendre 6 tonnes 7 tonnes CDM932NYC CDM936NYC LGFT18 LGFT28 OEM pour toute marque c\u00e9l\u00e8bre<\/p>\n<p>&nbsp;<\/p>\n<h6 class=\"tit\">Chariot \u00e9l\u00e9vateur \u00e0 fourche CDM932NYC pour terrains bruts<\/h6>\n<div class=\"t_box\">\n<div class=\"con\">\n<ul>\n<li>Puissance nominale 60 kW\/2 400 tr\/min<\/li>\n<li>Centre de charge 550 mm<\/li>\n<li>Charge utile nominale 2\u00a0500\u00a0kg<\/li>\n<li>Poids op\u00e9rationnel 5130 kg<\/li>\n<\/ul>\n<h6 class=\"tit\">Chariot \u00e9l\u00e9vateur CDM936NYC pour terrains bruts<\/h6>\n<div class=\"t_box\">\n<div class=\"con\">\n<ul>\n<li>Puissance nominale 85 kW\/2 400 tr\/min<\/li>\n<li>Centre de charge 550 mm<\/li>\n<li>Charge utile nominale 3\u00a0000\u00a0kg<\/li>\n<li>Poids op\u00e9rationnel 6990 kg<\/li>\n<\/ul>\n<div>\n<table class=\"datalist\" width=\"100%\" cellspacing=\"0\" cellpadding=\"0\">\n<tbody>\n<tr class=\"firstRow\">\n<th rowspan=\"9\">BASIQUE<\/th>\n<td>Charge utile nominale<\/td>\n<td>3000kg<\/td>\n<\/tr>\n<tr>\n<td>Poids op\u00e9rationnel<\/td>\n<td>6990 kg<\/td>\n<\/tr>\n<tr>\n<td>Force de traction<\/td>\n<td>6100mm<\/td>\n<\/tr>\n<tr>\n<td>Force d&#039;arrachement<\/td>\n<td>2130mm<\/td>\n<\/tr>\n<tr>\n<td>L1\u00d7L2\u00d7H1<\/td>\n<td>5500 mm<\/td>\n<\/tr>\n<tr>\n<td>Empattement<\/td>\n<td>2670mm<\/td>\n<\/tr>\n<tr>\n<td>Envergure<\/td>\n<td>1700mm<\/td>\n<\/tr>\n<tr>\n<td>Garde au sol minimale (H4)<\/td>\n<td>300mm<\/td>\n<\/tr>\n<tr>\n<td>Centre de charge (Q)<\/td>\n<td>550 mm<\/td>\n<\/tr>\n<tr>\n<th rowspan=\"5\">MOTEUR<\/th>\n<td>Fabricant\/Mod\u00e8le<\/td>\n<td>YN4EL120 (Nation III)<\/td>\n<\/tr>\n<tr>\n<td>Puissance nominale<\/td>\n<td>85 kW\/2 400 tr\/min<\/td>\n<\/tr>\n<tr>\n<td>Couple nominal<\/td>\n<td>414N\u00b7m\/1\u00a0800-1\u00a0600 tr\/min<\/td>\n<\/tr>\n<tr>\n<td>D\u00e9placement (L)<\/td>\n<td>3,8 L<\/td>\n<\/tr>\n<tr>\n<td>Consommation de carburant<\/td>\n<td>238 g\/kW\u00b7h<\/td>\n<\/tr>\n<tr>\n<th rowspan=\"11\">TRANSMISSION<\/th>\n<td>Type de transmission<\/td>\n<td>Powershift \u00e0 arbre interm\u00e9diaire<\/td>\n<\/tr>\n<tr>\n<td>Type de quart de travail<\/td>\n<td>Engrenage droit de changement de vitesse hydraulique \u00e0 arbre fixe<\/td>\n<\/tr>\n<tr>\n<td>Pression de transmission<\/td>\n<td>1,1-1,5MPa<\/td>\n<\/tr>\n<tr>\n<td>Engrenage<\/td>\n<td>2F\/2R<\/td>\n<\/tr>\n<tr>\n<td>Convertisseur de couple<\/td>\n<td>Mono-\u00e9tage, mono-turbine, 3 \u00e9l\u00e9ments<\/td>\n<\/tr>\n<tr>\n<td>Rapport de couple<\/td>\n<td>3.13<\/td>\n<\/tr>\n<tr>\n<td>R\u00e9ducteur principal<\/td>\n<td>R\u00e9duction \u00e0 un \u00e9tage \u00e0 engrenage conique en spirale<\/td>\n<\/tr>\n<tr>\n<td>R\u00e9ducteur final<\/td>\n<td>R\u00e9duction plan\u00e9taire<\/td>\n<\/tr>\n<tr>\n<td>Pneu<\/td>\n<td>16\/70-24<\/td>\n<\/tr>\n<tr>\n<td>Vitesse de d\u00e9placement-avant<\/td>\n<td>8\/25km\/h<\/td>\n<\/tr>\n<tr>\n<td>Vitesse de d\u00e9placement-Reverse<\/td>\n<td>8\/25km\/h<\/td>\n<\/tr>\n<tr>\n<th rowspan=\"3\">SYST\u00c8ME DE FREINAGE<\/th>\n<td>Frein de service<\/td>\n<td>Entra\u00eenement pneumatique, frein aux quatre roues (sec)<\/td>\n<\/tr>\n<tr>\n<td>Pression de r\u00e9glage<\/td>\n<td>0,78MPa<\/td>\n<\/tr>\n<tr>\n<td>Frein \u00e0 main<\/td>\n<td>\u00c9trier contr\u00f4l\u00e9 par arbre flexible<\/td>\n<\/tr>\n<tr>\n<th rowspan=\"4\">SYST\u00c8ME DE DIRECTION<\/th>\n<td>Taper<\/td>\n<td>Syst\u00e8me de capteur de charge hydraulique<\/td>\n<\/tr>\n<tr>\n<td>Pompe de direction<\/td>\n<td>Partag\u00e9 avec la pompe en \u00e9tat de marche<\/td>\n<\/tr>\n<tr>\n<td>Pression du syst\u00e8me<\/td>\n<td>14Mpa<\/td>\n<\/tr>\n<tr>\n<td>Angle de braquage<\/td>\n<td>32\u00b13\u00b0<\/td>\n<\/tr>\n<tr>\n<th rowspan=\"5\">SYST\u00c8ME HYDRAULIQUE<\/th>\n<td>Taper<\/td>\n<td>Contr\u00f4le pilote<\/td>\n<\/tr>\n<tr>\n<td>Pompe de travail<\/td>\n<td>Pompe \u00e0 engrenages<\/td>\n<\/tr>\n<tr>\n<td>D\u00e9bit<\/td>\n<td>160L\/min \u00b7 2400 tr\/min<\/td>\n<\/tr>\n<tr>\n<td>Soupape de commande<\/td>\n<td>2 bobines<\/td>\n<\/tr>\n<tr>\n<td>Pression du syst\u00e8me<\/td>\n<td>16MPa<\/td>\n<\/tr>\n<tr>\n<th rowspan=\"4\">SYST\u00c8ME DE M\u00c2T<\/th>\n<td>Hauteur du m\u00e2t<\/td>\n<td>2185 (hauteur de levage\u00a0: 5500\u00a0mm)<\/td>\n<\/tr>\n<tr>\n<td>Vitesse de levage maximale<\/td>\n<td>6s<\/td>\n<\/tr>\n<tr>\n<td>Plage de r\u00e9glage de la fourche (ext\u00e9rieur)<\/td>\n<td>1055mm<\/td>\n<\/tr>\n<tr>\n<td>Taille de fourche STD (L5*W*T)<\/td>\n<td>125X45X1220(mm)<\/td>\n<\/tr>\n<tr>\n<th rowspan=\"2\">SYST\u00c8ME \u00c9LECTRIQUE<\/th>\n<td>Tension du syst\u00e8me<\/td>\n<td>24V<\/td>\n<\/tr>\n<tr>\n<td>Batterie (2 en s\u00e9rie)<\/td>\n<td>90L<\/td>\n<\/tr>\n<tr>\n<th rowspan=\"4\">CAPACIT\u00c9 DE RECHARGE DU SERVICE<\/th>\n<td>R\u00e9servoir d&#039;essence<\/td>\n<td>70L<\/td>\n<\/tr>\n<tr>\n<td>R\u00e9servoir hydraulique<\/td>\n<td>22,5 L<\/td>\n<\/tr>\n<tr>\n<td>Transmission<\/td>\n<td>24L<\/td>\n<\/tr>\n<tr>\n<td>Essieu avant\/essieu arri\u00e8re<\/td>\n<td>2\u00d780 Ah<\/td>\n<\/tr>\n<\/tbody>\n<\/table>\n<\/div>\n<div><\/div>\n<h6 class=\"tit\">LGFT18<\/h6>\n<div class=\"t_box\">\n<div class=\"con\">\n<ul>\n<li>Puissance nominale 162\u00a0kW\/2\u00a0200 tr\/min<\/li>\n<li>Capacit\u00e9 du godet 1400\u00d7200\u00d7120mm<\/li>\n<li>Charge utile nominale 18 000 kg<\/li>\n<li>Poids op\u00e9rationnel 23900 kg<\/li>\n<\/ul>\n<h6 class=\"tit\">LGFT28<\/h6>\n<div class=\"t_box\">\n<div class=\"con\">\n<ul>\n<li>Puissance nominale 178\u00a0kW\/2\u00a0200 tr\/min<\/li>\n<li>Capacit\u00e9 du godet 1520\u00d7240\u00d7140mm<\/li>\n<li>Charge utile nominale 28 000 kg<\/li>\n<li>Poids op\u00e9rationnel 30\u00a0100\u00a0kg<\/li>\n<\/ul>\n<table class=\"datalist\" width=\"100%\" cellspacing=\"0\" cellpadding=\"0\">\n<tbody>\n<tr class=\"firstRow\">\n<th rowspan=\"12\">Basique<\/th>\n<td>Dimensions de la fourche<\/td>\n<td>1520\u00d7240\u00d7140<\/td>\n<\/tr>\n<tr>\n<td>Charge utile nominale<\/td>\n<td>28 000 kg (angle de braquage de 10\u00b0)<\/td>\n<\/tr>\n<tr>\n<td>Poids op\u00e9rationnel<\/td>\n<td>30100 \u00b1 300 kg<\/td>\n<\/tr>\n<tr>\n<td>Force de traction<\/td>\n<td>239 \u00b1 3 kN<\/td>\n<\/tr>\n<tr>\n<td>Force d&#039;arrachement<\/td>\n<td>320 \u00b1 3 kN<\/td>\n<\/tr>\n<tr>\n<td>Dimensions hors tout (L\u00d7L\u00d7H)<\/td>\n<td>8663\u00d73025\u00d73601mm<\/td>\n<\/tr>\n<tr>\n<td>Hauteur de levage horizontale maximale<\/td>\n<td>3200mm<\/td>\n<\/tr>\n<tr>\n<td>Centre de charge<\/td>\n<td>800mm<\/td>\n<\/tr>\n<tr>\n<td>Base de talon<\/td>\n<td>3965mm<\/td>\n<\/tr>\n<tr>\n<td>Bande de roulement<\/td>\n<td>2350mm<\/td>\n<\/tr>\n<tr>\n<td>Angle de braquage<\/td>\n<td>30\u00b0<\/td>\n<\/tr>\n<tr>\n<td>Pente<\/td>\n<td>26\u00b0<\/td>\n<\/tr>\n<tr>\n<th rowspan=\"9\">Moteur<\/th>\n<td>Fabricant\/Mod\u00e8le<\/td>\n<td>WEICHAI\/WP10G240E341<\/td>\n<\/tr>\n<tr>\n<td>Puissance nominale<\/td>\n<td>178 kW\/2 200 tr\/min<\/td>\n<\/tr>\n<tr>\n<td>Couple maximal<\/td>\n<td>1\u00a0100\u00a0N\u00b7m\/1\u00a0400-1\u00a0600 tr\/min<\/td>\n<\/tr>\n<tr>\n<td>Al\u00e9sage x Course (mm)<\/td>\n<td>126 \u00d7 130 mm<\/td>\n<\/tr>\n<tr>\n<td>Nombre de cylindres\/d\u00e9placement<\/td>\n<td>6\/9.726L<\/td>\n<\/tr>\n<tr>\n<td>Purificateur d&#039;air<\/td>\n<td>Filtre \u00e0 3 \u00e9tapes<\/td>\n<\/tr>\n<tr>\n<td>Alternateur<\/td>\n<td>55Amp<\/td>\n<\/tr>\n<tr>\n<td>Batterie<\/td>\n<td>2-24V\/120Ah<\/td>\n<\/tr>\n<tr>\n<td>Demarreur<\/td>\n<td>24 V\/7,5 kW<\/td>\n<\/tr>\n<tr>\n<th rowspan=\"12\">CONDUIRE<br \/>\nFORMER<\/th>\n<td>Type de transmission<\/td>\n<td>Powershift plan\u00e9taire<\/td>\n<\/tr>\n<tr>\n<td>Type de quart de travail<\/td>\n<td>Commande m\u00e9canique Powershift<\/td>\n<\/tr>\n<tr>\n<td>Pression de transmission<\/td>\n<td>1,2-1,5MPa<\/td>\n<\/tr>\n<tr>\n<td>Type de convertisseur de couple<\/td>\n<td>Mono-\u00e9tage, Duo-turbine, 4 \u00e9l\u00e9ments<\/td>\n<\/tr>\n<tr>\n<td>Essieux<\/td>\n<td>Rigide (avant) et oscillant (arri\u00e8re)<\/td>\n<\/tr>\n<tr>\n<td>Oscillation de l&#039;essieu arri\u00e8re (\u00b0)<\/td>\n<td>\u00b110\u00b0<\/td>\n<\/tr>\n<tr>\n<td>Diff\u00e9rentiel<\/td>\n<td>Conventionnel<\/td>\n<\/tr>\n<tr>\n<td>R\u00e9ducteur principal<\/td>\n<td>Biseau en spirale, r\u00e9duction en 1 \u00e9tape<\/td>\n<\/tr>\n<tr>\n<td>R\u00e9ducteur final<\/td>\n<td>R\u00e9duction plan\u00e9taire<\/td>\n<\/tr>\n<tr>\n<td>Pneus<\/td>\n<td>Avant\u00a0: 26,5-25-36PR TL<br \/>\nArri\u00e8re 26 5 25 28PR TL<\/td>\n<\/tr>\n<tr>\n<td>Vitesse de d\u00e9placement en avant<\/td>\n<td>0,45\/34km\/h<\/td>\n<\/tr>\n<tr>\n<td>Vitesse de d\u00e9placement-inversion<\/td>\n<td>12,49 km\/h<\/td>\n<\/tr>\n<tr>\n<th rowspan=\"4\">FREIN<br \/>\nSYST\u00c8ME<\/th>\n<td>Frein de service<\/td>\n<td>Frein \u00e0 sec \u00e0 double conduite<\/td>\n<\/tr>\n<tr>\n<td>Pression de r\u00e9glage<\/td>\n<td>0,70-0,78MPa<\/td>\n<\/tr>\n<tr>\n<td>Frein \u00e0 main<\/td>\n<td>Frein \u00e0 \u00e9trier \u00e0 commande pneumatique<\/td>\n<\/tr>\n<tr>\n<td>Arr\u00eat d&#039;urgence<\/td>\n<td>Frein \u00e0 \u00e9trier \u00e0 commande pneumatique<\/td>\n<\/tr>\n<tr>\n<th rowspan=\"5\">PILOTAGE<br \/>\nSYST\u00c8ME<\/th>\n<td>Taper<\/td>\n<td>Syst\u00e8me de d\u00e9tection de charge hydraulique<\/td>\n<\/tr>\n<tr>\n<td>Pompe<\/td>\n<td>158 L\/min \u00b7 2 200 tr\/min<\/td>\n<\/tr>\n<tr>\n<td>Pression du syst\u00e8me<\/td>\n<td>16MPa<\/td>\n<\/tr>\n<tr>\n<td>Type de cylindre<\/td>\n<td>Double jeu<\/td>\n<\/tr>\n<tr>\n<td>Angle de braquage<\/td>\n<td>\u00b130\u00b0<\/td>\n<\/tr>\n<tr>\n<th rowspan=\"5\">HYDRAULIQUE<br \/>\nPFR<br \/>\nSYST\u00c8ME<\/th>\n<td>Taper<\/td>\n<td>Commande par joystick (levier unique)<\/td>\n<\/tr>\n<tr>\n<td>Pompe<\/td>\n<td>356 L\/min \u00b7 2 200 tr\/min<\/td>\n<\/tr>\n<tr>\n<td>Soupape de commande<\/td>\n<td>2 bobines<\/td>\n<\/tr>\n<tr>\n<td>Pression du syst\u00e8me<\/td>\n<td>23MPa<\/td>\n<\/tr>\n<tr>\n<td>Temps de cycle (sec)<\/td>\n<td>17.9<\/td>\n<\/tr>\n<tr>\n<th rowspan=\"5\">SERVICE<br \/>\nRECHARGE<br \/>\nCAPACIT\u00c9<br \/>\nOui<\/th>\n<td>R\u00e9servoir de carburant (L)<\/td>\n<td>285L<\/td>\n<\/tr>\n<tr>\n<td>R\u00e9servoir hydraulique (L)<\/td>\n<td>270L<\/td>\n<\/tr>\n<tr>\n<td>Vilebrequin (L)<\/td>\n<td>20L<\/td>\n<\/tr>\n<tr>\n<td>Bo\u00eete de vitesses (G)<\/td>\n<td>52L<\/td>\n<\/tr>\n<tr>\n<td>Essieu avant\/essieu arri\u00e8re (L)<\/td>\n<td>31L\/31L<\/td>\n<\/tr>\n<\/tbody>\n<\/table>\n<p>c&#039;est LONKING; ce n&#039;est pas Bobcat, CASE, caterpillar(Cat), Doosan, Dynapac, Hitachi, Hyundai, Kato, Kobelco, Komatsu, Kubota, Lliugong, Motor Grader, Sany, Sumitomo, Volvo, Sunward, \u2026<\/p>\n<\/div>\n<\/div>\n<\/div>\n<\/div>\n<\/div>\n<\/div>\n<\/div>\n<\/div>","protected":false},"excerpt":{"rendered":"<p>Lonking Forklift for sale 6 ton 7 ton CDM932NYC CDM936NYC LGFT18 LGFT28 OEM for any famous brand &nbsp; CDM932NYC Rough Terain Forklift Rated Power 60kW\/2400rpm Load Center 550mm Rated Payload 2500kg Operating Weight 5130kg CDM936NYC Rough Terain Forklift Rated Power 85kW\/2400rpm Load Center 550mm Rated Payload 3000kg Operating Weight 6990kg BASIC Rated Payload 3000kg Operating [&hellip;]<\/p>","protected":false},"featured_media":3085,"template":"","meta":{"site-sidebar-layout":"default","site-content-layout":"","ast-site-content-layout":"default","site-content-style":"default","site-sidebar-style":"default","ast-global-header-display":"","ast-banner-title-visibility":"","ast-main-header-display":"","ast-hfb-above-header-display":"","ast-hfb-below-header-display":"","ast-hfb-mobile-header-display":"","site-post-title":"","ast-breadcrumbs-content":"","ast-featured-img":"","footer-sml-layout":"","ast-disable-related-posts":"","theme-transparent-header-meta":"default","adv-header-id-meta":"","stick-header-meta":"","header-above-stick-meta":"","header-main-stick-meta":"","header-below-stick-meta":"","astra-migrate-meta-layouts":"set","ast-page-background-enabled":"default","ast-page-background-meta":{"desktop":{"background-color":"","background-image":"","background-repeat":"repeat","background-position":"center center","background-size":"auto","background-attachment":"scroll","background-type":"","background-media":"","overlay-type":"","overlay-color":"","overlay-opacity":"","overlay-gradient":""},"tablet":{"background-color":"","background-image":"","background-repeat":"repeat","background-position":"center center","background-size":"auto","background-attachment":"scroll","background-type":"","background-media":"","overlay-type":"","overlay-color":"","overlay-opacity":"","overlay-gradient":""},"mobile":{"background-color":"","background-image":"","background-repeat":"repeat","background-position":"center center","background-size":"auto","background-attachment":"scroll","background-type":"","background-media":"","overlay-type":"","overlay-color":"","overlay-opacity":"","overlay-gradient":""}},"ast-content-background-meta":{"desktop":{"background-color":"var(--ast-global-color-5)","background-image":"","background-repeat":"repeat","background-position":"center center","background-size":"auto","background-attachment":"scroll","background-type":"","background-media":"","overlay-type":"","overlay-color":"","overlay-opacity":"","overlay-gradient":""},"tablet":{"background-color":"var(--ast-global-color-5)","background-image":"","background-repeat":"repeat","background-position":"center center","background-size":"auto","background-attachment":"scroll","background-type":"","background-media":"","overlay-type":"","overlay-color":"","overlay-opacity":"","overlay-gradient":""},"mobile":{"background-color":"var(--ast-global-color-5)","background-image":"","background-repeat":"repeat","background-position":"center center","background-size":"auto","background-attachment":"scroll","background-type":"","background-media":"","overlay-type":"","overlay-color":"","overlay-opacity":"","overlay-gradient":""}}},"product_brand":[],"product_cat":[36],"product_tag":[],"class_list":{"0":"post-3081","1":"product","2":"type-product","3":"status-publish","4":"has-post-thumbnail","6":"product_cat-machinery","7":"desktop-align-left","8":"tablet-align-left","9":"mobile-align-left","11":"first","12":"instock","13":"shipping-taxable","14":"product-type-simple"},"_links":{"self":[{"href":"https:\/\/satisfybot.com\/fr\/wp-json\/wp\/v2\/product\/3081","targetHints":{"allow":["GET"]}}],"collection":[{"href":"https:\/\/satisfybot.com\/fr\/wp-json\/wp\/v2\/product"}],"about":[{"href":"https:\/\/satisfybot.com\/fr\/wp-json\/wp\/v2\/types\/product"}],"version-history":[{"count":5,"href":"https:\/\/satisfybot.com\/fr\/wp-json\/wp\/v2\/product\/3081\/revisions"}],"predecessor-version":[{"id":3099,"href":"https:\/\/satisfybot.com\/fr\/wp-json\/wp\/v2\/product\/3081\/revisions\/3099"}],"wp:featuredmedia":[{"embeddable":true,"href":"https:\/\/satisfybot.com\/fr\/wp-json\/wp\/v2\/media\/3085"}],"wp:attachment":[{"href":"https:\/\/satisfybot.com\/fr\/wp-json\/wp\/v2\/media?parent=3081"}],"wp:term":[{"taxonomy":"product_brand","embeddable":true,"href":"https:\/\/satisfybot.com\/fr\/wp-json\/wp\/v2\/product_brand?post=3081"},{"taxonomy":"product_cat","embeddable":true,"href":"https:\/\/satisfybot.com\/fr\/wp-json\/wp\/v2\/product_cat?post=3081"},{"taxonomy":"product_tag","embeddable":true,"href":"https:\/\/satisfybot.com\/fr\/wp-json\/wp\/v2\/product_tag?post=3081"}],"curies":[{"name":"wp","href":"https:\/\/api.w.org\/{rel}","templated":true}]}}