{"id":3104,"date":"2023-09-11T05:20:13","date_gmt":"2023-09-11T05:20:13","guid":{"rendered":"https:\/\/satisfybot.com\/?post_type=product&#038;p=3104"},"modified":"2023-09-15T06:20:23","modified_gmt":"2023-09-15T06:20:23","slug":"mini-excavator-mini-digger-bagger-0-8ton-1ton-2ton-small-excavator-3-5ton-compact-excavator-epa-ce-euro-5-pellet-crawler-mini-excavator","status":"publish","type":"product","link":"https:\/\/satisfybot.com\/fr\/produit\/mini-excavator-mini-digger-bagger-0-8ton-1ton-2ton-small-excavator-3-5ton-compact-excavator-epa-ce-euro-5-pellet-crawler-mini-excavator\/","title":{"rendered":"Mini pelle \u00e0 vendre petite pelle 0,8 tonne 1 tonne pelle compacte Mini pelle ensacheuse EPA CE EURO 5 pelle sur chenilles"},"content":{"rendered":"<h3><b class=\"magic-10\"><span class=\"magic-25\">Caract\u00e9ristiques de la MINI-EXCAVATRICE Satisfybot\u00a0:<\/span><\/b><\/h3>\n<p><span class=\"magic-9\" style=\"color: #000000;\"><span class=\"magic-15\">1. Les excavatrices aux dimensions compactes peuvent facilement traverser des passages et des portes \u00e9troits. <\/span><\/span><\/p>\n<p><span class=\"magic-9\" style=\"color: #000000;\"><span class=\"magic-15\">2. Le train de roulement r\u00e9tractable et la lame de bulldozer permettent de configurer les excavatrices pour une excellente stabilit\u00e9 de travail et des performances optimales. <\/span><\/span><\/p>\n<p><span class=\"magic-9\" style=\"color: #000000;\"><span class=\"magic-15\">3. Un moteur puissant et un syst\u00e8me hydraulique parfaitement adapt\u00e9 offrent des performances efficaces, \u00e9conomiques et fiables pour les travaux les plus difficiles. <\/span><\/span><\/p>\n<p><span class=\"magic-9\" style=\"color: #000000;\"><span class=\"magic-15\">4. Les flexibles du godet sont bien prot\u00e9g\u00e9s \u00e0 l&#039;int\u00e9rieur de la fl\u00e8che et le v\u00e9rin est mont\u00e9 au-dessus de la structure. <\/span><\/span><\/p>\n<p><span class=\"magic-9\" style=\"color: #000000;\"><span class=\"magic-15\">5. La zone de l&#039;op\u00e9rateur est spacieuse et am\u00e9nag\u00e9e pour offrir confort et facilit\u00e9 d&#039;utilisation. <\/span><\/span><\/p>\n<p><span class=\"magic-9\" style=\"color: #000000;\"><span class=\"magic-15\">6. Un excellent moteur (fabriqu\u00e9 au Japon, en Italie et dans le pays) fournit une excellente puissance avec une consommation de carburant minimale pour une plus grande productivit\u00e9 par r\u00e9servoir. Mini-pelle sur chenilles chinoise de 0,8 tonne \u00e0 3,5 tonnes<\/span><\/span><\/p>\n<p>&nbsp;<\/p>\n<h3>Vid\u00e9o de mini-pelle de 0,8 tonne et 1 tonne<\/h3>\n<div style=\"width: 1280px;\" class=\"wp-video\"><!--[if lt IE 9]><script>document.createElement('video');<\/script><![endif]-->\n<video class=\"wp-video-shortcode\" id=\"video-3104-1\" width=\"1280\" height=\"720\" preload=\"metadata\" controls=\"controls\"><source type=\"video\/mp4\" src=\"https:\/\/satisfybot.com\/wp-content\/uploads\/2023\/09\/0.8-ton.mp4?_=1\" \/><a href=\"https:\/\/satisfybot.com\/wp-content\/uploads\/2023\/09\/0.8-ton.mp4\">https:\/\/satisfybot.com\/wp-content\/uploads\/2023\/09\/0.8-ton.mp4<\/a><\/video><\/div>\n<div style=\"width: 1280px;\" class=\"wp-video\"><video class=\"wp-video-shortcode\" id=\"video-3104-2\" width=\"1280\" height=\"720\" preload=\"metadata\" controls=\"controls\"><source type=\"video\/mp4\" src=\"https:\/\/satisfybot.com\/wp-content\/uploads\/2023\/09\/1.0-ton.mp4?_=2\" \/><a href=\"https:\/\/satisfybot.com\/wp-content\/uploads\/2023\/09\/1.0-ton.mp4\">https:\/\/satisfybot.com\/wp-content\/uploads\/2023\/09\/1.0-ton.mp4<\/a><\/video><\/div>\n<p><img fetchpriority=\"high\" decoding=\"async\" class=\"aligncenter wp-image-3115\" src=\"https:\/\/satisfybot.com\/wp-content\/uploads\/2023\/09\/\u53c2\u6570.png\" alt=\"\" width=\"668\" height=\"663\" srcset=\"https:\/\/satisfybot.com\/wp-content\/uploads\/2023\/09\/\u53c2\u6570.png 554w, https:\/\/satisfybot.com\/wp-content\/uploads\/2023\/09\/\u53c2\u6570-300x298.png 300w, https:\/\/satisfybot.com\/wp-content\/uploads\/2023\/09\/\u53c2\u6570-150x150.png 150w, https:\/\/satisfybot.com\/wp-content\/uploads\/2023\/09\/\u53c2\u6570-12x12.png 12w, https:\/\/satisfybot.com\/wp-content\/uploads\/2023\/09\/\u53c2\u6570-100x100.png 100w\" sizes=\"(max-width: 668px) 100vw, 668px\" \/><img decoding=\"async\" class=\"aligncenter size-large wp-image-3118\" src=\"https:\/\/satisfybot.com\/wp-content\/uploads\/2023\/09\/multi-accessories-666x1024.jpg\" alt=\"\" width=\"666\" height=\"1024\" srcset=\"https:\/\/satisfybot.com\/wp-content\/uploads\/2023\/09\/multi-accessories-666x1024.jpg 666w, https:\/\/satisfybot.com\/wp-content\/uploads\/2023\/09\/multi-accessories-195x300.jpg 195w, https:\/\/satisfybot.com\/wp-content\/uploads\/2023\/09\/multi-accessories-768x1181.jpg 768w, https:\/\/satisfybot.com\/wp-content\/uploads\/2023\/09\/multi-accessories-8x12.jpg 8w, https:\/\/satisfybot.com\/wp-content\/uploads\/2023\/09\/multi-accessories-600x923.jpg 600w, https:\/\/satisfybot.com\/wp-content\/uploads\/2023\/09\/multi-accessories.jpg 790w\" sizes=\"(max-width: 666px) 100vw, 666px\" \/><\/p>\n<h3>Avantage de la mini-pelle HT08 0.8T<\/h3>\n<p style=\"font-weight: 400;\">1. Conception Unique de structure de grand bras<\/p>\n<p style=\"font-weight: 400;\">2. Le pipeline avant de l&#039;op\u00e9ration est clair.<\/p>\n<p style=\"font-weight: 400;\">Le capot de protection prot\u00e8ge le pipeline contre la destruction.<\/p>\n<p style=\"font-weight: 400;\">3.Le v\u00e9rin de fl\u00e8che adopte la marque bien connue<\/p>\n<p style=\"font-weight: 400;\">Le cylindre est con\u00e7u de mani\u00e8re int\u00e9gr\u00e9e, ce qui est plus avanc\u00e9 que la technologie de soudage.<\/p>\n<p style=\"font-weight: 400;\">4. Toutes les pi\u00e8ces structurelles sont finement trait\u00e9es.<\/p>\n<p style=\"font-weight: 400;\">Toutes les pi\u00e8ces structurelles sont finement trait\u00e9es.<\/p>\n<p style=\"font-weight: 400;\">Les processus de finition de grenaillage, de d\u00e9capage et de cuisson sont adopt\u00e9s.<\/p>\n<p style=\"font-weight: 400;\">La surface pr\u00e9sente une brillance \u00e9lev\u00e9e et une adh\u00e9rence \u00e9lev\u00e9e de la peinture.<\/p>\n<p><img decoding=\"async\" class=\"aligncenter size-full wp-image-3220\" src=\"https:\/\/satisfybot.com\/wp-content\/uploads\/2023\/09\/20210618152805_6742.jpg\" alt=\"\" width=\"1000\" height=\"1000\" srcset=\"https:\/\/satisfybot.com\/wp-content\/uploads\/2023\/09\/20210618152805_6742.jpg 1000w, https:\/\/satisfybot.com\/wp-content\/uploads\/2023\/09\/20210618152805_6742-300x300.jpg 300w, https:\/\/satisfybot.com\/wp-content\/uploads\/2023\/09\/20210618152805_6742-150x150.jpg 150w, https:\/\/satisfybot.com\/wp-content\/uploads\/2023\/09\/20210618152805_6742-768x768.jpg 768w, https:\/\/satisfybot.com\/wp-content\/uploads\/2023\/09\/20210618152805_6742-12x12.jpg 12w, https:\/\/satisfybot.com\/wp-content\/uploads\/2023\/09\/20210618152805_6742-600x600.jpg 600w, https:\/\/satisfybot.com\/wp-content\/uploads\/2023\/09\/20210618152805_6742-100x100.jpg 100w\" sizes=\"(max-width: 1000px) 100vw, 1000px\" \/><\/p>\n<h2>Param\u00e8tre de la mini-pelle HT08 0.8T<\/h2>\n<table style=\"font-weight: 400;\">\n<tbody>\n<tr>\n<td width=\"284\">Param\u00e8tre de performances<\/td>\n<td width=\"284\"><\/td>\n<\/tr>\n<tr>\n<td width=\"284\">Puissance nominale<\/td>\n<td width=\"284\">12 CV<\/td>\n<\/tr>\n<tr>\n<td width=\"284\">Capacit\u00e9 du seau<\/td>\n<td width=\"284\">0,025m3<\/td>\n<\/tr>\n<tr>\n<td width=\"284\">Mod\u00e8le de moteur<\/td>\n<td width=\"284\">changcha\u00ef 192<\/td>\n<\/tr>\n<tr>\n<td width=\"284\">Lester<\/td>\n<td width=\"284\">650 kg<\/td>\n<\/tr>\n<tr>\n<td width=\"284\">Max. force de creusement<\/td>\n<td width=\"284\">7,5KN<\/td>\n<\/tr>\n<tr>\n<td width=\"284\">Formulaire de pompe<\/td>\n<td width=\"284\">Pompe \u00e0 engrenage unique<\/td>\n<\/tr>\n<tr>\n<td width=\"284\">R\u00e9gler la pression de travail<\/td>\n<td width=\"284\">14Mpa<\/td>\n<\/tr>\n<tr>\n<td width=\"284\">Vitesse de swing<\/td>\n<td width=\"284\">12 tours<\/td>\n<\/tr>\n<tr>\n<td width=\"284\">Vitesse de voyage<\/td>\n<td width=\"284\">2,2 km\/h<\/td>\n<\/tr>\n<tr>\n<td width=\"284\">Pente<\/td>\n<td width=\"284\">30\u00b0<\/td>\n<\/tr>\n<tr>\n<td width=\"284\">Pression au sol<\/td>\n<td width=\"284\">19KPa<\/td>\n<\/tr>\n<tr>\n<td width=\"284\">Plage de travail<\/td>\n<td width=\"284\"><\/td>\n<\/tr>\n<tr>\n<td width=\"284\">Max. distance de d\u00e9placement<\/td>\n<td width=\"284\">2450mm<\/td>\n<\/tr>\n<tr>\n<td width=\"284\">Max. profondeur de creusement<\/td>\n<td width=\"284\">1200mm<\/td>\n<\/tr>\n<tr>\n<td width=\"284\">Hauteur de creusement maximale<\/td>\n<td width=\"284\">2350mm<\/td>\n<\/tr>\n<tr>\n<td width=\"284\">Hauteur de d\u00e9versement max.<\/td>\n<td width=\"284\">1600mm<\/td>\n<\/tr>\n<tr>\n<td width=\"284\">Min. Rayon d&#039;oscillation<\/td>\n<td width=\"284\">1100mm<\/td>\n<\/tr>\n<tr>\n<td width=\"284\">Max. Am\u00e9liorer la hauteur de la lame du bldozer<\/td>\n<td width=\"284\">120mm<\/td>\n<\/tr>\n<tr>\n<td width=\"284\">Max. Profondeur de creusement de la lame du bulldozer<\/td>\n<td width=\"284\">200 mm<\/td>\n<\/tr>\n<tr>\n<td width=\"284\">Dimensions<\/td>\n<td width=\"284\"><\/td>\n<\/tr>\n<tr>\n<td width=\"284\">Largeur totale<\/td>\n<td width=\"284\">720-780mm<\/td>\n<\/tr>\n<tr>\n<td width=\"284\">Hauteur totale<\/td>\n<td width=\"284\">1300mm<\/td>\n<\/tr>\n<tr>\n<td width=\"284\">Longueur totale<\/td>\n<td width=\"284\">2430mm<\/td>\n<\/tr>\n<tr>\n<td width=\"284\">Min. garde au sol<\/td>\n<td width=\"284\">80mm<\/td>\n<\/tr>\n<tr>\n<td width=\"284\">Longueur de piste au sol<\/td>\n<td width=\"284\">1140mm<\/td>\n<\/tr>\n<tr>\n<td width=\"284\">Largeur de la piste<\/td>\n<td width=\"284\">150mm<\/td>\n<\/tr>\n<\/tbody>\n<\/table>\n<p>mini pelle Mini pelle bagger 1 tonne 2 tonnes 3 tonnes petite pelle pelle compacte de 3,5 tonnes EPA CE EURO 5 mini pelle \u00e0 granul\u00e9s<\/p>\n<p>CE EPA CE EURO5 ISO<\/p>","protected":false},"excerpt":{"rendered":"<p><img loading=\"lazy\" decoding=\"async\" class=\"aligncenter size-full wp-image-3119\" src=\"https:\/\/satisfybot.com\/wp-content\/uploads\/2023\/09\/importantimport-components.jpg\" alt=\"\" width=\"790\" height=\"842\" srcset=\"https:\/\/satisfybot.com\/wp-content\/uploads\/2023\/09\/importantimport-components.jpg 790w, https:\/\/satisfybot.com\/wp-content\/uploads\/2023\/09\/importantimport-components-281x300.jpg 281w, https:\/\/satisfybot.com\/wp-content\/uploads\/2023\/09\/importantimport-components-768x819.jpg 768w, https:\/\/satisfybot.com\/wp-content\/uploads\/2023\/09\/importantimport-components-11x12.jpg 11w, https:\/\/satisfybot.com\/wp-content\/uploads\/2023\/09\/importantimport-components-600x639.jpg 600w\" sizes=\"(max-width: 790px) 100vw, 790px\" \/><\/p>","protected":false},"featured_media":3105,"template":"","meta":{"site-sidebar-layout":"default","site-content-layout":"","ast-site-content-layout":"default","site-content-style":"default","site-sidebar-style":"default","ast-global-header-display":"","ast-banner-title-visibility":"","ast-main-header-display":"","ast-hfb-above-header-display":"","ast-hfb-below-header-display":"","ast-hfb-mobile-header-display":"","site-post-title":"","ast-breadcrumbs-content":"","ast-featured-img":"","footer-sml-layout":"","ast-disable-related-posts":"","theme-transparent-header-meta":"default","adv-header-id-meta":"","stick-header-meta":"","header-above-stick-meta":"","header-main-stick-meta":"","header-below-stick-meta":"","astra-migrate-meta-layouts":"set","ast-page-background-enabled":"default","ast-page-background-meta":{"desktop":{"background-color":"","background-image":"","background-repeat":"repeat","background-position":"center center","background-size":"auto","background-attachment":"scroll","background-type":"","background-media":"","overlay-type":"","overlay-color":"","overlay-opacity":"","overlay-gradient":""},"tablet":{"background-color":"","background-image":"","background-repeat":"repeat","background-position":"center center","background-size":"auto","background-attachment":"scroll","background-type":"","background-media":"","overlay-type":"","overlay-color":"","overlay-opacity":"","overlay-gradient":""},"mobile":{"background-color":"","background-image":"","background-repeat":"repeat","background-position":"center center","background-size":"auto","background-attachment":"scroll","background-type":"","background-media":"","overlay-type":"","overlay-color":"","overlay-opacity":"","overlay-gradient":""}},"ast-content-background-meta":{"desktop":{"background-color":"var(--ast-global-color-5)","background-image":"","background-repeat":"repeat","background-position":"center center","background-size":"auto","background-attachment":"scroll","background-type":"","background-media":"","overlay-type":"","overlay-color":"","overlay-opacity":"","overlay-gradient":""},"tablet":{"background-color":"var(--ast-global-color-5)","background-image":"","background-repeat":"repeat","background-position":"center center","background-size":"auto","background-attachment":"scroll","background-type":"","background-media":"","overlay-type":"","overlay-color":"","overlay-opacity":"","overlay-gradient":""},"mobile":{"background-color":"var(--ast-global-color-5)","background-image":"","background-repeat":"repeat","background-position":"center center","background-size":"auto","background-attachment":"scroll","background-type":"","background-media":"","overlay-type":"","overlay-color":"","overlay-opacity":"","overlay-gradient":""}}},"product_brand":[],"product_cat":[28],"product_tag":[],"class_list":{"0":"post-3104","1":"product","2":"type-product","3":"status-publish","4":"has-post-thumbnail","6":"product_cat-excavator","7":"desktop-align-left","8":"tablet-align-left","9":"mobile-align-left","11":"first","12":"instock","13":"shipping-taxable","14":"product-type-simple"},"_links":{"self":[{"href":"https:\/\/satisfybot.com\/fr\/wp-json\/wp\/v2\/product\/3104","targetHints":{"allow":["GET"]}}],"collection":[{"href":"https:\/\/satisfybot.com\/fr\/wp-json\/wp\/v2\/product"}],"about":[{"href":"https:\/\/satisfybot.com\/fr\/wp-json\/wp\/v2\/types\/product"}],"version-history":[{"count":11,"href":"https:\/\/satisfybot.com\/fr\/wp-json\/wp\/v2\/product\/3104\/revisions"}],"predecessor-version":[{"id":3231,"href":"https:\/\/satisfybot.com\/fr\/wp-json\/wp\/v2\/product\/3104\/revisions\/3231"}],"wp:featuredmedia":[{"embeddable":true,"href":"https:\/\/satisfybot.com\/fr\/wp-json\/wp\/v2\/media\/3105"}],"wp:attachment":[{"href":"https:\/\/satisfybot.com\/fr\/wp-json\/wp\/v2\/media?parent=3104"}],"wp:term":[{"taxonomy":"product_brand","embeddable":true,"href":"https:\/\/satisfybot.com\/fr\/wp-json\/wp\/v2\/product_brand?post=3104"},{"taxonomy":"product_cat","embeddable":true,"href":"https:\/\/satisfybot.com\/fr\/wp-json\/wp\/v2\/product_cat?post=3104"},{"taxonomy":"product_tag","embeddable":true,"href":"https:\/\/satisfybot.com\/fr\/wp-json\/wp\/v2\/product_tag?post=3104"}],"curies":[{"name":"wp","href":"https:\/\/api.w.org\/{rel}","templated":true}]}}