{"id":3206,"date":"2023-09-13T06:44:34","date_gmt":"2023-09-13T06:44:34","guid":{"rendered":"https:\/\/satisfybot.com\/?post_type=product&#038;p=3206"},"modified":"2023-09-15T05:22:07","modified_gmt":"2023-09-15T05:22:07","slug":"mini-excavator-for-sale-small-1ton-excavator-compact-excavator-mini-digger-bagger-epa-ce-euro-5-crawler-excavator","status":"publish","type":"product","link":"https:\/\/satisfybot.com\/fr\/produit\/mini-excavator-for-sale-small-1ton-excavator-compact-excavator-mini-digger-bagger-epa-ce-euro-5-crawler-excavator\/","title":{"rendered":"Mini pelle \u00e0 vendre 1ton petite pelle pelle compacte Mini pelle ensacheuse EPA CE EURO 5 pelle sur chenilles"},"content":{"rendered":"<section class=\"w1200 hadt proinfotit\">\n<div id=\"slideBox1\" class=\"slideBox1\">\n<div class=\"bd1\">\n<p><img decoding=\"async\" title=\"Mini-pelle HT-10B 1T\" src=\"https:\/\/www.hightopmachinery.com\/sqEditor\/attached\/image\/20220623\/20220623162901_8110.jpg\" alt=\"HT-10B 1T Mini Excavator\" \/><\/p>\n<\/div>\n<\/div>\n<div class=\"proinfotm\">\n<h1>Mini-pelle HT-10B 1T<\/h1>\n<div class=\"prokew\">\n<ul>\n<li>\n<h2>Mini-pelle HT-10B<\/h2>\n<\/li>\n<li>\n<h2>Mini-excavatrice 1T<\/h2>\n<\/li>\n<li>\n<h2>Mini-pelle<\/h2>\n<\/li>\n<\/ul>\n<\/div>\n<p>Les composants importants de la machine en provenance des pays d\u00e9velopp\u00e9s\u00a0: pompe hydraulique principale du Japon, vanne principale d&#039;Italie, moteur d&#039;oscillation et moteur de d\u00e9placement d&#039;Italie.<\/p>\n<\/div>\n<\/section>\n<section class=\"w1200 hadt proinfomain\">\n<div class=\"promtit\">\n<h2>Description de la mini-pelle HT-10B 1T<\/h2>\n<\/div>\n<div class=\"aboutmain promain\">\n<h2>Avantage de la mini-pelle HT-10B 1T<\/h2>\n<ol>\n<li>Les composants importants de la machine en provenance des pays d\u00e9velopp\u00e9s\u00a0: pompe hydraulique principale du Japon, vanne principale d&#039;Italie, moteur pivotant d&#039;Italie et moteur de d\u00e9placement.<\/li>\n<li>Utilisez le moteur Changchai 192F de marque nationale bien connue, une puissance \u00e9lev\u00e9e et un fonctionnement stable, ou le moteur Koop populaire pour r\u00e9pondre \u00e0 la demande d&#039;\u00e9missions en Europe. Coop\u00e9rer avec le moteur am\u00e9ricain BRIGGS &amp; STRATTON pour r\u00e9pondre \u00e0 la demande d&#039;\u00e9missions des \u00c9tats-Unis.<\/li>\n<\/ol>\n<p>D&#039;autres usines ne peuvent utiliser que des moteurs diesel courants, qui ne peuvent pas r\u00e9pondre \u00e0 la demande d&#039;\u00e9missions des \u00c9tats-Unis et de l&#039;Europe.<\/p>\n<ol start=\"3\">\n<li>Les tuyaux hydrauliques sont tous import\u00e9s de la soci\u00e9t\u00e9 Continental AG Allemagne. Pas facile de fuir.<\/li>\n<\/ol>\n<p>D&#039;autres usines utilisent des tuyaux haute pression de qualit\u00e9 inf\u00e9rieure, qui fuient partout apr\u00e8s un an de travail.<\/p>\n<p>Un contrepoids de 4\u00a0100\u00a0kg est ajout\u00e9 \u00e0 l&#039;arri\u00e8re de la machine, ce qui rend la machine plus stable et plus puissante.<\/p>\n<ol start=\"5\">\n<li>Les pi\u00e8ces structurelles de la machine sont trait\u00e9es par les fabricants de soutien de Japan Komatsu, et l&#039;ensemble du v\u00e9hicule est grenaill\u00e9, d\u00e9cap\u00e9, phosphat\u00e9 et pulv\u00e9ris\u00e9, ce qui augmente l&#039;adh\u00e9rence des mol\u00e9cules de peinture et est plus durable, non blanchissant et plus lisse.<\/li>\n<\/ol>\n<p>D&#039;autres fabricants n&#039;ont pas ces proc\u00e9dures, il suffit de polir et de peindre en a\u00e9rosol, ce qui est facile \u00e0 rouiller.<\/p>\n<ol start=\"6\">\n<li>La machine ajoute un dispositif de r\u00e9ducteur de pression, ce qui facilite le d\u00e9marrage au d\u00e9marrage de la machine.<\/li>\n<\/ol>\n<p>Pas de r\u00e9ducteur de pression, machine difficile \u00e0 d\u00e9marrer.<\/p>\n<ol start=\"7\">\n<li>La longueur de la lame de bulldozer peut \u00eatre ajust\u00e9e en fonction de l&#039;\u00e9tendue des travaux : 84 cm \u00e0 105 cm, la hauteur de travail de la lame de bulldozer peut \u00eatre ajust\u00e9e de -15 cm \u00e0 15 cm au plus haut.<\/li>\n<\/ol>\n<p>D&#039;autres usines ne peuvent fixer qu&#039;une longueur de 1\u00a0000 mm.<\/p>\n<ol start=\"8\">\n<li>La chenille peut \u00eatre \u00e9tir\u00e9e d&#039;un minimum de 830 \u00e0 un maximum de 1 000 mm et peut traverser des endroits plus \u00e9troits.<\/li>\n<\/ol>\n<p>L&#039;empattement d&#039;autres usines ne peut \u00eatre con\u00e7u qu&#039;\u00e0 910\u00a0mm<\/p>\n<p>9 : La fl\u00e8che peut \u00eatre d\u00e9vi\u00e9e de 60 degr\u00e9s en tournant \u00e0 gauche et \u00e0 droite, ce qui rend le travail plus flexible.<\/p>\n<p>D&#039;autres usines ne peuvent concevoir que des fl\u00e8ches fixes ou simplement des rotations de 30 degr\u00e9s.<\/p>\n<p>&nbsp;<\/p>\n<h2>Param\u00e8tre de la mini-pelle HT-10B 1T<\/h2>\n<table border=\"1\">\n<tbody>\n<tr>\n<td>Mod\u00e8le<\/td>\n<td>HT-10<\/td>\n<\/tr>\n<tr>\n<td>Lester<\/td>\n<td>1000kg<\/td>\n<\/tr>\n<tr>\n<td>Capacit\u00e9 du godet de creusement<\/td>\n<td>0,025cbm\/120kg<\/td>\n<\/tr>\n<tr>\n<td>Largeur du godet<\/td>\n<td>380mm<\/td>\n<\/tr>\n<tr>\n<td>Moteur<\/td>\n<td>\n<div>KOOP192F<\/div>\n<\/td>\n<\/tr>\n<tr>\n<td>Moteur en option<\/td>\n<td>BRIGGS &amp; STRATTON YANMAR<\/td>\n<\/tr>\n<tr>\n<td>Course d&#039;al\u00e9sage<\/td>\n<td>Monocylindre, refroidissement par ventilateur<\/td>\n<\/tr>\n<tr>\n<td>Puissance nominale<\/td>\n<td>\n<div>7kw\/3000r\/min<\/div>\n<\/td>\n<\/tr>\n<tr>\n<td>Pompe principale<\/td>\n<td>\n<div>G5-6<\/div>\n<\/td>\n<\/tr>\n<tr>\n<td>D\u00e9placement<\/td>\n<td>6,8 ml\/litre<\/td>\n<\/tr>\n<tr>\n<td>Moteur de rotation<\/td>\n<td>\n<div>SANYANG (BMRS-250)<\/div>\n<\/td>\n<\/tr>\n<tr>\n<td>Moteur de d\u00e9placement<\/td>\n<td>\n<div>SANYANG (BMT-245)<\/div>\n<\/td>\n<\/tr>\n<tr>\n<td>Vitesse de voyage<\/td>\n<td>1, 5 km\/h<\/td>\n<\/tr>\n<tr>\n<td>Principales dimensions<\/td>\n<td><\/td>\n<\/tr>\n<tr>\n<td>Dimension hors tout (LxlxH)<\/td>\n<td>2775 X 930 x 2219 mm<\/td>\n<\/tr>\n<tr>\n<td>Empattement<\/td>\n<td>\n<div>910 millim\u00e8tres<\/div>\n<\/td>\n<\/tr>\n<tr>\n<td>Longueur totale de la piste<\/td>\n<td>1230mm<\/td>\n<\/tr>\n<tr>\n<td>Garde au sol de la plateforme<\/td>\n<td>380mm<\/td>\n<\/tr>\n<tr>\n<td>Rayon de rotation arri\u00e8re de la plate-forme<\/td>\n<td>784 millim\u00e8tres<\/td>\n<\/tr>\n<tr>\n<td>Largeur du ch\u00e2ssis<\/td>\n<td>896 millim\u00e8tres<\/td>\n<\/tr>\n<tr>\n<td>Largeur de la piste<\/td>\n<td>180 millim\u00e8tres<\/td>\n<\/tr>\n<tr>\n<td>Garde au sol du ch\u00e2ssis<\/td>\n<td>132 millim\u00e8tres<\/td>\n<\/tr>\n<tr>\n<td>Hauteur de la voie<\/td>\n<td>320 millim\u00e8tres<\/td>\n<\/tr>\n<tr>\n<td>Plage de fonctionnement<\/td>\n<td><\/td>\n<\/tr>\n<tr>\n<td>Max. Profondeur de creusement<\/td>\n<td>1650 millim\u00e8tres<\/td>\n<\/tr>\n<tr>\n<td>Max. Profondeur de creusement vertical<\/td>\n<td>1375 millim\u00e8tres<\/td>\n<\/tr>\n<tr>\n<td>Max. Hauteur de creusement<\/td>\n<td>2610 millim\u00e8tres<\/td>\n<\/tr>\n<tr>\n<td>Max. Hauteur de d\u00e9versement<\/td>\n<td>1850 millim\u00e8tres<\/td>\n<\/tr>\n<tr>\n<td>Max. Rayon de creusement au sol<\/td>\n<td>2850 millim\u00e8tres<\/td>\n<\/tr>\n<tr>\n<td>Min. Rayon de rotation<\/td>\n<td>1330 millim\u00e8tres<\/td>\n<\/tr>\n<tr>\n<td>Max. Am\u00e9liorer la hauteur de la lame du bulldozer<\/td>\n<td>345mm<\/td>\n<\/tr>\n<tr>\n<td>Max. Profondeur de creusement de la lame du bulldozer<\/td>\n<td>255 millim\u00e8tres<\/td>\n<\/tr>\n<tr>\n<td><\/td>\n<td><\/td>\n<\/tr>\n<\/tbody>\n<\/table>\n<\/div>\n<\/section>\n<h3><b class=\"magic-10\"><span class=\"magic-25\">Caract\u00e9ristiques de la MINI-EXCAVATRICE Satisfybot\u00a0:<\/span><\/b><\/h3>\n<p><span class=\"magic-9\" style=\"color: #000000;\"><span class=\"magic-15\">1. Les excavatrices aux dimensions compactes peuvent facilement traverser des passages et des portes \u00e9troits. <\/span><\/span><\/p>\n<p><span class=\"magic-9\" style=\"color: #000000;\"><span class=\"magic-15\">2. Le train de roulement r\u00e9tractable et la lame de bulldozer permettent de configurer les excavatrices pour une excellente stabilit\u00e9 de travail et des performances optimales. <\/span><\/span><\/p>\n<p><span class=\"magic-9\" style=\"color: #000000;\"><span class=\"magic-15\">3. Un moteur puissant et un syst\u00e8me hydraulique parfaitement adapt\u00e9 offrent des performances efficaces, \u00e9conomiques et fiables pour les travaux les plus difficiles. <\/span><\/span><\/p>\n<p><span class=\"magic-9\" style=\"color: #000000;\"><span class=\"magic-15\">4. Les flexibles du godet sont bien prot\u00e9g\u00e9s \u00e0 l&#039;int\u00e9rieur de la fl\u00e8che et le v\u00e9rin est mont\u00e9 au-dessus de la structure. <\/span><\/span><\/p>\n<p><span class=\"magic-9\" style=\"color: #000000;\"><span class=\"magic-15\">5. La zone de l&#039;op\u00e9rateur est spacieuse et am\u00e9nag\u00e9e pour offrir confort et facilit\u00e9 d&#039;utilisation. <\/span><\/span><\/p>\n<p><span class=\"magic-9\" style=\"color: #000000;\"><span class=\"magic-15\">6. Un excellent moteur (fabriqu\u00e9 au Japon, en Italie et dans le pays) fournit une excellente puissance avec une consommation de carburant minimale pour une plus grande productivit\u00e9 par r\u00e9servoir. Mini-pelle sur chenilles chinoise de 0,8 tonne \u00e0 3,5 tonnes<\/span><\/span><\/p>\n<h3>Vid\u00e9o de mini-pelle de 1 tonne<\/h3>\n<div style=\"width: 1280px;\" class=\"wp-video\"><!--[if lt IE 9]><script>document.createElement('video');<\/script><![endif]-->\n<video class=\"wp-video-shortcode\" id=\"video-3206-1\" width=\"1280\" height=\"720\" preload=\"metadata\" controls=\"controls\"><source type=\"video\/mp4\" src=\"https:\/\/satisfybot.com\/wp-content\/uploads\/2023\/09\/1.0-ton.mp4?_=1\" \/><a href=\"https:\/\/satisfybot.com\/wp-content\/uploads\/2023\/09\/1.0-ton.mp4\">https:\/\/satisfybot.com\/wp-content\/uploads\/2023\/09\/1.0-ton.mp4<\/a><\/video><\/div>\n<p>&nbsp;<\/p>\n<section class=\"w1200 hadt proinfomain\">\n<section class=\"w1200 hadt proinfomain\">\n<div class=\"aboutmain promain\"><span style=\"font-size: 16px;\">Mini pelle Mini pelle bagger 1 tonne 2 tonnes 3 tonnes petite pelle pelle compacte 3,5 tonnes EPA CE EURO 5 mini pelle<\/span><\/div>\n<\/section>\n<p>CE EPA CE EURO5 ISO<\/p>\n<\/section>","protected":false},"excerpt":{"rendered":"<p>HT-10B 1T Mini Excavator HT-10B Mini Excavator 1T Mini Excavator Mini Excavator The important components on the machine from developed countries :Japan main hydraulic pump,Italy main valve ,Italy swing motor and travelling motor . HT-10B 1T Mini Excavator Description HT-10B 1T\u00a0Mini Excavator\u00a0Advantage The important components on the machine from developed countries:Japan main hydraulic pump,Italy main [&hellip;]<\/p>","protected":false},"featured_media":3207,"template":"","meta":{"site-sidebar-layout":"default","site-content-layout":"","ast-site-content-layout":"default","site-content-style":"default","site-sidebar-style":"default","ast-global-header-display":"","ast-banner-title-visibility":"","ast-main-header-display":"","ast-hfb-above-header-display":"","ast-hfb-below-header-display":"","ast-hfb-mobile-header-display":"","site-post-title":"","ast-breadcrumbs-content":"","ast-featured-img":"","footer-sml-layout":"","ast-disable-related-posts":"","theme-transparent-header-meta":"default","adv-header-id-meta":"","stick-header-meta":"","header-above-stick-meta":"","header-main-stick-meta":"","header-below-stick-meta":"","astra-migrate-meta-layouts":"set","ast-page-background-enabled":"default","ast-page-background-meta":{"desktop":{"background-color":"","background-image":"","background-repeat":"repeat","background-position":"center center","background-size":"auto","background-attachment":"scroll","background-type":"","background-media":"","overlay-type":"","overlay-color":"","overlay-opacity":"","overlay-gradient":""},"tablet":{"background-color":"","background-image":"","background-repeat":"repeat","background-position":"center center","background-size":"auto","background-attachment":"scroll","background-type":"","background-media":"","overlay-type":"","overlay-color":"","overlay-opacity":"","overlay-gradient":""},"mobile":{"background-color":"","background-image":"","background-repeat":"repeat","background-position":"center center","background-size":"auto","background-attachment":"scroll","background-type":"","background-media":"","overlay-type":"","overlay-color":"","overlay-opacity":"","overlay-gradient":""}},"ast-content-background-meta":{"desktop":{"background-color":"var(--ast-global-color-5)","background-image":"","background-repeat":"repeat","background-position":"center center","background-size":"auto","background-attachment":"scroll","background-type":"","background-media":"","overlay-type":"","overlay-color":"","overlay-opacity":"","overlay-gradient":""},"tablet":{"background-color":"var(--ast-global-color-5)","background-image":"","background-repeat":"repeat","background-position":"center center","background-size":"auto","background-attachment":"scroll","background-type":"","background-media":"","overlay-type":"","overlay-color":"","overlay-opacity":"","overlay-gradient":""},"mobile":{"background-color":"var(--ast-global-color-5)","background-image":"","background-repeat":"repeat","background-position":"center center","background-size":"auto","background-attachment":"scroll","background-type":"","background-media":"","overlay-type":"","overlay-color":"","overlay-opacity":"","overlay-gradient":""}}},"product_brand":[],"product_cat":[28],"product_tag":[],"class_list":{"0":"post-3206","1":"product","2":"type-product","3":"status-publish","4":"has-post-thumbnail","6":"product_cat-excavator","7":"desktop-align-left","8":"tablet-align-left","9":"mobile-align-left","11":"first","12":"instock","13":"shipping-taxable","14":"product-type-simple"},"_links":{"self":[{"href":"https:\/\/satisfybot.com\/fr\/wp-json\/wp\/v2\/product\/3206","targetHints":{"allow":["GET"]}}],"collection":[{"href":"https:\/\/satisfybot.com\/fr\/wp-json\/wp\/v2\/product"}],"about":[{"href":"https:\/\/satisfybot.com\/fr\/wp-json\/wp\/v2\/types\/product"}],"version-history":[{"count":9,"href":"https:\/\/satisfybot.com\/fr\/wp-json\/wp\/v2\/product\/3206\/revisions"}],"predecessor-version":[{"id":3216,"href":"https:\/\/satisfybot.com\/fr\/wp-json\/wp\/v2\/product\/3206\/revisions\/3216"}],"wp:featuredmedia":[{"embeddable":true,"href":"https:\/\/satisfybot.com\/fr\/wp-json\/wp\/v2\/media\/3207"}],"wp:attachment":[{"href":"https:\/\/satisfybot.com\/fr\/wp-json\/wp\/v2\/media?parent=3206"}],"wp:term":[{"taxonomy":"product_brand","embeddable":true,"href":"https:\/\/satisfybot.com\/fr\/wp-json\/wp\/v2\/product_brand?post=3206"},{"taxonomy":"product_cat","embeddable":true,"href":"https:\/\/satisfybot.com\/fr\/wp-json\/wp\/v2\/product_cat?post=3206"},{"taxonomy":"product_tag","embeddable":true,"href":"https:\/\/satisfybot.com\/fr\/wp-json\/wp\/v2\/product_tag?post=3206"}],"curies":[{"name":"wp","href":"https:\/\/api.w.org\/{rel}","templated":true}]}}