{"id":3237,"date":"2023-09-18T06:30:53","date_gmt":"2023-09-18T06:30:53","guid":{"rendered":"https:\/\/satisfybot.com\/?post_type=product&#038;p=3237"},"modified":"2023-09-18T06:57:29","modified_gmt":"2023-09-18T06:57:29","slug":"mini-excavator-for-sale-2ton-2-5ton-small-excavator-compact-excavator-mini-digger-epa-ce-euro-5-crawler-mini-excavator","status":"publish","type":"product","link":"https:\/\/satisfybot.com\/fr\/produit\/mini-excavator-for-sale-2ton-2-5ton-small-excavator-compact-excavator-mini-digger-epa-ce-euro-5-crawler-mini-excavator\/","title":{"rendered":"Mini pelle \u00e0 vendre 2 tonnes 2.5 tonnes petite pelle pelle compacte mini pelle EPA CE EURO 5 mini pelle sur chenilles"},"content":{"rendered":"<h1>Mini-pelle HT25 2,5T<\/h1>\n<h2><img fetchpriority=\"high\" decoding=\"async\" class=\"aligncenter size-full wp-image-3238\" src=\"https:\/\/satisfybot.com\/wp-content\/uploads\/2023\/09\/Ht25.jpg\" alt=\"\" width=\"800\" height=\"800\" srcset=\"https:\/\/satisfybot.com\/wp-content\/uploads\/2023\/09\/Ht25.jpg 800w, https:\/\/satisfybot.com\/wp-content\/uploads\/2023\/09\/Ht25-300x300.jpg 300w, https:\/\/satisfybot.com\/wp-content\/uploads\/2023\/09\/Ht25-150x150.jpg 150w, https:\/\/satisfybot.com\/wp-content\/uploads\/2023\/09\/Ht25-768x768.jpg 768w, https:\/\/satisfybot.com\/wp-content\/uploads\/2023\/09\/Ht25-12x12.jpg 12w, https:\/\/satisfybot.com\/wp-content\/uploads\/2023\/09\/Ht25-600x600.jpg 600w, https:\/\/satisfybot.com\/wp-content\/uploads\/2023\/09\/Ht25-100x100.jpg 100w\" sizes=\"(max-width: 800px) 100vw, 800px\" \/><\/h2>\n<h2>Param\u00e8tres de la mini-pelle HT25 2.5T<\/h2>\n<table>\n<tbody>\n<tr>\n<td width=\"284\"><strong>Taille de la machine<\/strong><\/td>\n<td width=\"284\"><\/td>\n<\/tr>\n<tr>\n<td width=\"284\">Dimension globale (L*W*H)<\/td>\n<td width=\"284\">4170mm*1300mm*2280mm<\/td>\n<\/tr>\n<tr>\n<td width=\"284\">Base d&#039;essieu (longueur de voie au sol)<\/td>\n<td width=\"284\">1230mm<\/td>\n<\/tr>\n<tr>\n<td width=\"284\">Gabarit de voie<\/td>\n<td width=\"284\">1070 mm<\/td>\n<\/tr>\n<tr>\n<td width=\"284\">Garde au sol min.<\/td>\n<td width=\"284\">230mm<\/td>\n<\/tr>\n<tr>\n<td width=\"284\">Rayon de pivotement \u00e0 la queue<\/td>\n<td width=\"284\">1180mm<\/td>\n<\/tr>\n<tr>\n<td width=\"284\"><strong>Syst\u00e8me de chenilles<\/strong><\/td>\n<td width=\"284\"><\/td>\n<\/tr>\n<tr>\n<td width=\"284\">Vitesse de d\u00e9placement maximale<\/td>\n<td width=\"284\">3,5km\/h<\/td>\n<\/tr>\n<tr>\n<td width=\"284\">Largeur du patin de chenille<\/td>\n<td width=\"284\">230mm<\/td>\n<\/tr>\n<tr>\n<td width=\"284\">Nombre de patins par c\u00f4t\u00e9<\/td>\n<td width=\"284\">38 pi\u00e8ces<\/td>\n<\/tr>\n<tr>\n<td width=\"284\">Nombre de rouleaux sup\u00e9rieurs par c\u00f4t\u00e9<\/td>\n<td width=\"284\">0<\/td>\n<\/tr>\n<tr>\n<td width=\"284\">Nombre de rouleaux inf\u00e9rieurs par c\u00f4t\u00e9<\/td>\n<td width=\"284\">4<\/td>\n<\/tr>\n<tr>\n<td width=\"284\"><strong>Param\u00e8tre de performances<\/strong><\/td>\n<td width=\"284\"><\/td>\n<\/tr>\n<tr>\n<td width=\"284\">Capacit\u00e9 du godet standard<\/td>\n<td width=\"284\">0,1m\u00b3<\/td>\n<\/tr>\n<tr>\n<td width=\"284\">Vitesse de swing<\/td>\n<td width=\"284\">12 tours<\/td>\n<\/tr>\n<tr>\n<td width=\"284\">Max. Capacit\u00e9 de note<\/td>\n<td width=\"284\">30\u00b0<\/td>\n<\/tr>\n<tr>\n<td width=\"284\">Max. Force d&#039;excavation du godet<\/td>\n<td width=\"284\">15,3KN<\/td>\n<\/tr>\n<tr>\n<td width=\"284\">Max. Force d&#039;excavation du bras<\/td>\n<td width=\"284\">10,5KN<\/td>\n<\/tr>\n<tr>\n<td width=\"284\">Pression du syst\u00e8me hydraulique<\/td>\n<td width=\"284\">18Mpa<\/td>\n<\/tr>\n<tr>\n<td width=\"284\">Poids de la machine<\/td>\n<td width=\"284\">2500 kg<\/td>\n<\/tr>\n<tr>\n<td width=\"284\">Longueur de bras<\/td>\n<td width=\"284\">1000mm<\/td>\n<\/tr>\n<tr>\n<td width=\"284\"><strong>Moteur<\/strong><\/td>\n<td width=\"284\"><\/td>\n<\/tr>\n<tr>\n<td width=\"284\">Norme d&#039;\u00e9mission<\/td>\n<td width=\"284\">Euro5\/EPA<\/td>\n<\/tr>\n<tr>\n<td width=\"284\">Mod\u00e8le de moteur<\/td>\n<td width=\"284\">KUOBTA<\/td>\n<\/tr>\n<tr>\n<td width=\"284\">Puissance\/Vitesse de rotation<\/td>\n<td width=\"284\">14,1 kW (20 CV) 2000 tr\/min<\/td>\n<\/tr>\n<tr>\n<td width=\"284\">Moteur en option<\/td>\n<td width=\"284\">Chine Laidong 22,1 kW, 2300 tr\/min<\/td>\n<\/tr>\n<tr>\n<td width=\"284\">Nombre de cylindre<\/td>\n<td width=\"284\">3<\/td>\n<\/tr>\n<tr>\n<td width=\"284\"><strong>Plage de travail<\/strong><\/td>\n<td width=\"284\"><\/td>\n<\/tr>\n<tr>\n<td width=\"284\">Max. Hauteur de creusement<\/td>\n<td width=\"284\">3700 mm<\/td>\n<\/tr>\n<tr>\n<td width=\"284\">Max. Hauteur de d\u00e9versement<\/td>\n<td width=\"284\">2290mm<\/td>\n<\/tr>\n<tr>\n<td width=\"284\">Max. Profondeur de creusement<\/td>\n<td width=\"284\">2450mm<\/td>\n<\/tr>\n<tr>\n<td width=\"284\">Max. Profondeur de creusement vertical<\/td>\n<td width=\"284\">2160mm<\/td>\n<\/tr>\n<tr>\n<td width=\"284\">Max. Rayon de fouille<\/td>\n<td width=\"284\">4370mm<\/td>\n<\/tr>\n<tr>\n<td width=\"284\">Rayon d&#039;oscillation minimum<\/td>\n<td width=\"284\">2020mm<\/td>\n<\/tr>\n<tr>\n<td width=\"284\">Max. Hauteur de levage de la lame<\/td>\n<td width=\"284\">240 mm<\/td>\n<\/tr>\n<tr>\n<td width=\"284\">Max. Profondeur de coupe de la lame<\/td>\n<td width=\"284\">310mm<\/td>\n<\/tr>\n<tr>\n<td width=\"284\">Angle de pivotement de la fl\u00e8che (gauche)<\/td>\n<td width=\"284\">75\u00b0<\/td>\n<\/tr>\n<tr>\n<td width=\"284\">Angle de pivotement de la fl\u00e8che (\u00e0 droite)<\/td>\n<td width=\"284\">45\u00b0<\/td>\n<\/tr>\n<\/tbody>\n<\/table>\n<h2>&#8212;&#8212;&#8212;&#8212;&#8212;&#8212;&#8212;&#8212;&#8212;&#8212;&#8212;&#8212;&#8212;&#8212;&#8212;&#8212;&#8212;&#8212;&#8212;&#8212;&#8212;&#8212;&#8212;&#8212;&#8212;&#8212;&#8212;&#8212;&#8212;&#8212;&#8212;&#8212;&#8212;&#8212;&#8212;&#8212;&#8212;&#8212;&#8212;-<\/h2>\n<h2>Images de mini-pelle HT25-2<\/h2>\n<p><img decoding=\"async\" src=\"https:\/\/www.hightopmachinery.com\/sqEditor\/attached\/image\/20230207\/20230207153747_6031.jpg\" \/><\/p>\n<table style=\"font-weight: 400;\">\n<tbody>\n<tr>\n<td colspan=\"2\" width=\"568\"><strong>Mod\u00e8le: HT25-2<\/strong><\/td>\n<\/tr>\n<tr>\n<td width=\"284\">Norme d&#039;\u00e9mission<\/td>\n<td width=\"284\">Niveau 5\/\u00c9tape V<\/td>\n<\/tr>\n<tr>\n<td width=\"284\">Faire<\/td>\n<td width=\"284\">KUBOTA<\/td>\n<\/tr>\n<tr>\n<td width=\"284\">Mod\u00e8le<\/td>\n<td width=\"284\">D1105<\/td>\n<\/tr>\n<tr>\n<td width=\"284\">Puissance\/Vitesse de rotation<\/td>\n<td width=\"284\">14,1 kW (20 CV) \u00e0 2 000 tr\/min<\/td>\n<\/tr>\n<tr>\n<td width=\"284\">Nombre de cylindre<\/td>\n<td width=\"284\">3<\/td>\n<\/tr>\n<tr>\n<td width=\"284\">Vitesse de d\u00e9placement maximale<\/td>\n<td width=\"284\">3km-5,5km\/h<\/td>\n<\/tr>\n<tr>\n<td width=\"284\">Largeur du patin de chenille<\/td>\n<td width=\"284\">250mm<\/td>\n<\/tr>\n<tr>\n<td width=\"284\">Nombre de patins par c\u00f4t\u00e9<\/td>\n<td width=\"284\">38 pi\u00e8ces<\/td>\n<\/tr>\n<tr>\n<td width=\"284\">Nombre de rouleaux sup\u00e9rieurs par c\u00f4t\u00e9<\/td>\n<td width=\"284\">1<\/td>\n<\/tr>\n<tr>\n<td width=\"284\">Nombre de rouleaux inf\u00e9rieurs par c\u00f4t\u00e9<\/td>\n<td width=\"284\">3<\/td>\n<\/tr>\n<tr>\n<td colspan=\"2\" width=\"568\"><strong>PARAM\u00c8TRE DE PERFORMANCE<\/strong><\/td>\n<\/tr>\n<tr>\n<td width=\"284\">Capacit\u00e9 du godet standard<\/td>\n<td width=\"284\">0,07 m\u00b3<\/td>\n<\/tr>\n<tr>\n<td width=\"284\">Vitesse de swing<\/td>\n<td width=\"284\">9,5 tr\/min<\/td>\n<\/tr>\n<tr>\n<td width=\"284\">Max. Capacit\u00e9 de note<\/td>\n<td width=\"284\">35\u00b0<\/td>\n<\/tr>\n<tr>\n<td width=\"284\">Force d&#039;excavation maximale du godet<\/td>\n<td width=\"284\">19,5KN<\/td>\n<\/tr>\n<tr>\n<td width=\"284\">Force d&#039;excavation maximale du bras<\/td>\n<td width=\"284\">11KN<\/td>\n<\/tr>\n<tr>\n<td width=\"284\">Pression du syst\u00e8me hydraulique<\/td>\n<td width=\"284\">21,5 MPa<\/td>\n<\/tr>\n<tr>\n<td width=\"284\">Poids de la machine<\/td>\n<td width=\"284\">2480 kg<\/td>\n<\/tr>\n<tr>\n<td colspan=\"2\" width=\"568\"><strong>TAILLE DE LA MACHINE<\/strong><\/td>\n<\/tr>\n<tr>\n<td width=\"284\">Dimension globale (L*W*H)<\/td>\n<td width=\"284\">3850*1300\/1500*2290mm<\/td>\n<\/tr>\n<tr>\n<td width=\"284\">R\u00e9cup\u00e9ration du ch\u00e2ssis<\/td>\n<td width=\"284\">1300mm<\/td>\n<\/tr>\n<tr>\n<td width=\"284\">Extension du ch\u00e2ssis<\/td>\n<td width=\"284\">1500mm<\/td>\n<\/tr>\n<tr>\n<td width=\"284\">Base d&#039;essieu (longueur de voie au sol)<\/td>\n<td width=\"284\">1300mm<\/td>\n<\/tr>\n<tr>\n<td width=\"284\">Garde au sol min.<\/td>\n<td width=\"284\">230mm<\/td>\n<\/tr>\n<tr>\n<td width=\"284\">Rayon de pivotement \u00e0 la queue<\/td>\n<td width=\"284\">750mm<\/td>\n<\/tr>\n<tr>\n<td colspan=\"2\" width=\"568\"><strong>Plage de travail<\/strong><\/td>\n<\/tr>\n<tr>\n<td width=\"284\">Hauteur de fouille maximale<\/td>\n<td width=\"284\">3980mm<\/td>\n<\/tr>\n<tr>\n<td width=\"284\">Hauteur de d\u00e9versement maximale<\/td>\n<td width=\"284\">2610mm<\/td>\n<\/tr>\n<tr>\n<td width=\"284\">Profondeur de fouille maximale<\/td>\n<td width=\"284\">2500mm<\/td>\n<\/tr>\n<tr>\n<td width=\"284\">Profondeur de creusement verticale maximale<\/td>\n<td width=\"284\">2050mm<\/td>\n<\/tr>\n<tr>\n<td width=\"284\">Rayon de fouille maximum<\/td>\n<td width=\"284\">4130mm<\/td>\n<\/tr>\n<tr>\n<td width=\"284\">Rayon de rotation minimum<\/td>\n<td width=\"284\">1850mm<\/td>\n<\/tr>\n<tr>\n<td width=\"284\">Hauteur de levage maximale de la lame<\/td>\n<td width=\"284\">280mm<\/td>\n<\/tr>\n<tr>\n<td width=\"284\">Profondeur de coupe maximale de la lame<\/td>\n<td width=\"284\">310mm<\/td>\n<\/tr>\n<tr>\n<td width=\"284\">Angle de pivotement de la fl\u00e8che (gauche)<\/td>\n<td width=\"284\">75\u00b0<\/td>\n<\/tr>\n<tr>\n<td width=\"284\">Angle de pivotement de la fl\u00e8che (\u00e0 droite)<\/td>\n<td width=\"284\">55\u00b0<\/td>\n<\/tr>\n<\/tbody>\n<\/table>\n<h3><b class=\"magic-10\"><span class=\"magic-25\">Caract\u00e9ristiques de la MINI-EXCAVATRICE Satisfybot\u00a0:<\/span><\/b><\/h3>\n<p><span class=\"magic-9\"><span class=\"magic-15\">1. Les excavatrices aux dimensions compactes peuvent facilement traverser des passages et des portes \u00e9troits.<\/span><\/span><\/p>\n<p><span class=\"magic-9\"><span class=\"magic-15\">2. Le train de roulement r\u00e9tractable et la lame de bulldozer permettent de configurer les excavatrices pour une excellente stabilit\u00e9 de travail et des performances optimales.<\/span><\/span><\/p>\n<p><span class=\"magic-9\"><span class=\"magic-15\">3. Un moteur puissant et un syst\u00e8me hydraulique parfaitement adapt\u00e9 offrent des performances efficaces, \u00e9conomiques et fiables pour les travaux les plus difficiles.<\/span><\/span><\/p>\n<p><span class=\"magic-9\"><span class=\"magic-15\">4. Les flexibles du godet sont bien prot\u00e9g\u00e9s \u00e0 l&#039;int\u00e9rieur de la fl\u00e8che et le v\u00e9rin est mont\u00e9 au-dessus de la structure.<\/span><\/span><\/p>\n<p><span class=\"magic-9\"><span class=\"magic-15\">5. La zone de l&#039;op\u00e9rateur est spacieuse et am\u00e9nag\u00e9e pour offrir confort et facilit\u00e9 d&#039;utilisation.<\/span><\/span><\/p>\n<p><span class=\"magic-9\"><span class=\"magic-15\">6. Un excellent moteur (option\u00a0: Kubota, Koop, Laidong) fournit une excellente puissance avec une consommation de carburant minimale pour une plus grande productivit\u00e9 par r\u00e9servoir. Mini-pelle sur chenilles chinoise de 0,8 tonne \u00e0 3,5 tonnes<\/span><\/span><\/p>\n<p>prix de la petite pelle<br \/>\npelle chinoise<br \/>\nExcavatrice chinoise<br \/>\nchat d&#039;excavatrice \u00e0 vendre<br \/>\nExcavatrice chinoise \u00e0 vendre<\/p>","protected":false},"excerpt":{"rendered":"<p>HT25 2.5T Mini Excavator HT25 2.5T\u00a0Mini Excavator Parmeter Machine Size Overall dimension (L*W*H) 4170mm*1300mm*2280mm Axle base(Track length on ground) 1230mm Track gauge 1070mm Min.Ground clearance 230mm Swing radius at tail 1180mm Track System Maximum Travel speed 3.5km\/h Width of track shoe 230mm Number of track shoe per side 38pcs Number of upper roller per side [&hellip;]<\/p>","protected":false},"featured_media":3238,"template":"","meta":{"site-sidebar-layout":"default","site-content-layout":"","ast-site-content-layout":"default","site-content-style":"default","site-sidebar-style":"default","ast-global-header-display":"","ast-banner-title-visibility":"","ast-main-header-display":"","ast-hfb-above-header-display":"","ast-hfb-below-header-display":"","ast-hfb-mobile-header-display":"","site-post-title":"","ast-breadcrumbs-content":"","ast-featured-img":"","footer-sml-layout":"","ast-disable-related-posts":"","theme-transparent-header-meta":"default","adv-header-id-meta":"","stick-header-meta":"","header-above-stick-meta":"","header-main-stick-meta":"","header-below-stick-meta":"","astra-migrate-meta-layouts":"set","ast-page-background-enabled":"default","ast-page-background-meta":{"desktop":{"background-color":"","background-image":"","background-repeat":"repeat","background-position":"center center","background-size":"auto","background-attachment":"scroll","background-type":"","background-media":"","overlay-type":"","overlay-color":"","overlay-opacity":"","overlay-gradient":""},"tablet":{"background-color":"","background-image":"","background-repeat":"repeat","background-position":"center center","background-size":"auto","background-attachment":"scroll","background-type":"","background-media":"","overlay-type":"","overlay-color":"","overlay-opacity":"","overlay-gradient":""},"mobile":{"background-color":"","background-image":"","background-repeat":"repeat","background-position":"center center","background-size":"auto","background-attachment":"scroll","background-type":"","background-media":"","overlay-type":"","overlay-color":"","overlay-opacity":"","overlay-gradient":""}},"ast-content-background-meta":{"desktop":{"background-color":"var(--ast-global-color-5)","background-image":"","background-repeat":"repeat","background-position":"center center","background-size":"auto","background-attachment":"scroll","background-type":"","background-media":"","overlay-type":"","overlay-color":"","overlay-opacity":"","overlay-gradient":""},"tablet":{"background-color":"var(--ast-global-color-5)","background-image":"","background-repeat":"repeat","background-position":"center center","background-size":"auto","background-attachment":"scroll","background-type":"","background-media":"","overlay-type":"","overlay-color":"","overlay-opacity":"","overlay-gradient":""},"mobile":{"background-color":"var(--ast-global-color-5)","background-image":"","background-repeat":"repeat","background-position":"center center","background-size":"auto","background-attachment":"scroll","background-type":"","background-media":"","overlay-type":"","overlay-color":"","overlay-opacity":"","overlay-gradient":""}}},"product_brand":[],"product_cat":[28],"product_tag":[],"class_list":{"0":"post-3237","1":"product","2":"type-product","3":"status-publish","4":"has-post-thumbnail","6":"product_cat-excavator","7":"desktop-align-left","8":"tablet-align-left","9":"mobile-align-left","11":"first","12":"instock","13":"shipping-taxable","14":"product-type-simple"},"_links":{"self":[{"href":"https:\/\/satisfybot.com\/fr\/wp-json\/wp\/v2\/product\/3237","targetHints":{"allow":["GET"]}}],"collection":[{"href":"https:\/\/satisfybot.com\/fr\/wp-json\/wp\/v2\/product"}],"about":[{"href":"https:\/\/satisfybot.com\/fr\/wp-json\/wp\/v2\/types\/product"}],"version-history":[{"count":1,"href":"https:\/\/satisfybot.com\/fr\/wp-json\/wp\/v2\/product\/3237\/revisions"}],"predecessor-version":[{"id":3241,"href":"https:\/\/satisfybot.com\/fr\/wp-json\/wp\/v2\/product\/3237\/revisions\/3241"}],"wp:featuredmedia":[{"embeddable":true,"href":"https:\/\/satisfybot.com\/fr\/wp-json\/wp\/v2\/media\/3238"}],"wp:attachment":[{"href":"https:\/\/satisfybot.com\/fr\/wp-json\/wp\/v2\/media?parent=3237"}],"wp:term":[{"taxonomy":"product_brand","embeddable":true,"href":"https:\/\/satisfybot.com\/fr\/wp-json\/wp\/v2\/product_brand?post=3237"},{"taxonomy":"product_cat","embeddable":true,"href":"https:\/\/satisfybot.com\/fr\/wp-json\/wp\/v2\/product_cat?post=3237"},{"taxonomy":"product_tag","embeddable":true,"href":"https:\/\/satisfybot.com\/fr\/wp-json\/wp\/v2\/product_tag?post=3237"}],"curies":[{"name":"wp","href":"https:\/\/api.w.org\/{rel}","templated":true}]}}