{"id":2039,"date":"2023-06-25T13:17:25","date_gmt":"2023-06-25T13:17:25","guid":{"rendered":"https:\/\/satisfybot.com\/?post_type=product&#038;p=2039"},"modified":"2023-06-25T13:27:17","modified_gmt":"2023-06-25T13:27:17","slug":"sinotruk-howo-heavy-dump-truck","status":"publish","type":"product","link":"https:\/\/satisfybot.com\/pt\/produto\/sinotruk-howo-heavy-dump-truck\/","title":{"rendered":"Caminh\u00e3o Basculante Pesado Sinotruk Howo"},"content":{"rendered":"<p>Caracter\u00edsticas do caminh\u00e3o basculante pesado Sinotruk Howo<br \/>\nO caminh\u00e3o basculante 1.6X4 pode escolher para elevar na frente ou no meio, 8\u00d74 \u00e9 recomendado para o levantamento frontal. Aconselhamos o cami\u00e3o basculante mais adequado para si de acordo com as suas necessidades.<br \/>\n2. Cabine simples padr\u00e3o com ar condicionado. Dispositivo limpador de para-brisa com bra\u00e7o duplo de tr\u00eas velocidades, para-brisa laminado com antena projetada, banco do motorista regul\u00e1vel com amortecimento hidr\u00e1ulico e banco do passageiro rigidamente ajust\u00e1vel com aquecimento e ventila\u00e7\u00e3o, viseiras solares externas, flaps de teto ajust\u00e1veis com r\u00e1dio est\u00e9reo \/ toca-fitas, volante ajust\u00e1vel, buzina a ar, suspens\u00e3o totalmente flutuante com escoras de 2 pontos.<br \/>\n3. Op\u00e7\u00f5es de pneus: pneus diagonais 12.00-20, pneus radiais 12.00R20, pneus sem c\u00e2mara 12R22.5, 13R22.5 e 315\/80R22.5.<br \/>\n4. Mola de cinco placas para servi\u00e7o pesado: eixo de servi\u00e7o pesado HF6-HF16, capacidade de carga robusta, pode ajudar e puxar minas pesadas e areia.<br \/>\n5. Despejo r\u00e1pido: design de atitude particular, descarga mais limpa e extra pr\u00e1tica.<\/p>\n<h2><strong>Especifica\u00e7\u00e3o do caminh\u00e3o basculante pesado Sinotruk Howo<\/strong><\/h2>\n<table border=\"1\" cellspacing=\"0\" cellpadding=\"0\" align=\"center\">\n<tbody>\n<tr>\n<td class=\"et2\" width=\"277\" height=\"18\">modelo de caminh\u00e3o<\/td>\n<td class=\"et3\" width=\"315\">ZZ3257N3647A<\/td>\n<\/tr>\n<tr>\n<td class=\"et2\" width=\"277\" height=\"18\">marca de caminh\u00e3o<\/td>\n<td class=\"et3\">SINOTRUCK HOWO<\/td>\n<\/tr>\n<tr>\n<td class=\"et2\" width=\"277\" height=\"18\">Tamanho do corpo de carga<\/td>\n<td class=\"et3\">5400*2300*1500mm<\/td>\n<\/tr>\n<tr>\n<td class=\"et2\" width=\"277\" height=\"18\">Espessura do corpo de carga<\/td>\n<td class=\"et3\">fundo:8mm;lado:6mm<\/td>\n<\/tr>\n<tr>\n<td class=\"et2\" width=\"277\" height=\"18\">Tipo de carro elevador<\/td>\n<td class=\"et3\">levantamento frontal<\/td>\n<\/tr>\n<tr>\n<td class=\"et2\" width=\"277\" height=\"18\">Capacidade do tanque de combust\u00edvel<\/td>\n<td class=\"et3\">300L com tampa de combust\u00edvel com trava<\/td>\n<\/tr>\n<tr>\n<td class=\"et2\" width=\"277\" height=\"18\">Modelo de motor<\/td>\n<td class=\"et3\">D10.38<\/td>\n<\/tr>\n<tr>\n<td class=\"et2\" width=\"277\" height=\"18\">cavalo de for\u00e7a<\/td>\n<td class=\"et3\">380HP<\/td>\n<\/tr>\n<tr>\n<td class=\"et2\" width=\"277\" height=\"18\">Padr\u00e3o de emiss\u00e3o<\/td>\n<td class=\"et3\">EURO4<\/td>\n<\/tr>\n<tr>\n<td class=\"et2\" width=\"277\" height=\"18\">Transmiss\u00e3o<\/td>\n<td class=\"et3\">HW19710,10 para frente e 2 para tr\u00e1s<\/td>\n<\/tr>\n<tr>\n<td class=\"et2\" width=\"277\" height=\"18\">Sistema de dire\u00e7\u00e3o<\/td>\n<td class=\"et3\">ZF8118<\/td>\n<\/tr>\n<tr>\n<td class=\"et2\" width=\"277\" height=\"18\">dirigindo<\/td>\n<td class=\"et3\">6*4<\/td>\n<\/tr>\n<tr>\n<td class=\"et2\" width=\"277\" height=\"18\">Eixo dianteiro<\/td>\n<td class=\"et3\">HF9<\/td>\n<\/tr>\n<tr>\n<td class=\"et2\" width=\"277\" height=\"18\">Eixo traseiro<\/td>\n<td class=\"et3\">HC16<\/td>\n<\/tr>\n<tr>\n<td class=\"et2\" width=\"277\" height=\"18\">Pneu<\/td>\n<td class=\"et3\">12,00R20<\/td>\n<\/tr>\n<tr>\n<td class=\"et2\" width=\"277\" height=\"18\">T\u00e1xi<\/td>\n<td class=\"et3\">HW76, um dorminhoco, com ar condicionado<\/td>\n<\/tr>\n<tr>\n<td class=\"et2\" width=\"277\" height=\"18\">tipo de condu\u00e7\u00e3o<\/td>\n<td class=\"et3\">LHD<\/td>\n<\/tr>\n<\/tbody>\n<\/table>\n<h2>Aplicativo<\/h2>\n<p>Os caminh\u00f5es basculantes pesados Sinotruk Howo t\u00eam cavalos de for\u00e7a potentes e pneus de alta resist\u00eancia, que podem ser transportados em diferentes trechos da estrada. Pode ser usado para transporte rodovi\u00e1rio de m\u00e9dia e curta dist\u00e2ncia, transporte de minas de carv\u00e3o, transporte de areia e transporte de esterco urbano.<\/p>\n<p><img fetchpriority=\"high\" decoding=\"async\" class=\"aligncenter wp-image-2042 size-large\" src=\"https:\/\/satisfybot.com\/wp-content\/uploads\/2023\/06\/Sinotruk-Howo-A7-Dump-Truck-7-1024x370.png\" alt=\"Sinotruk Howo Heavy Dump Truck\" width=\"1024\" height=\"370\" srcset=\"https:\/\/satisfybot.com\/wp-content\/uploads\/2023\/06\/Sinotruk-Howo-A7-Dump-Truck-7-1024x370.png 1024w, https:\/\/satisfybot.com\/wp-content\/uploads\/2023\/06\/Sinotruk-Howo-A7-Dump-Truck-7-600x217.png 600w, https:\/\/satisfybot.com\/wp-content\/uploads\/2023\/06\/Sinotruk-Howo-A7-Dump-Truck-7-300x108.png 300w, https:\/\/satisfybot.com\/wp-content\/uploads\/2023\/06\/Sinotruk-Howo-A7-Dump-Truck-7-768x278.png 768w, https:\/\/satisfybot.com\/wp-content\/uploads\/2023\/06\/Sinotruk-Howo-A7-Dump-Truck-7.png 1264w\" sizes=\"(max-width: 1024px) 100vw, 1024px\" \/><\/p>","protected":false},"excerpt":{"rendered":"<p>Features of Sinotruk Howo heavy Dump Truck 1.6X4 Dump Truck can pick to elevate in the front or middle, 8&#215;4 is encouraged for the front lift. We will advise the most appropriate dump truck for you in accordance with your needs. 2. Standard single-sleeper cab with air conditioner. Windshield wiper device with three-speed dual-arm, laminated [&hellip;]<\/p>","protected":false},"featured_media":2054,"template":"","meta":{"site-sidebar-layout":"default","site-content-layout":"default","ast-site-content-layout":"default","site-content-style":"default","site-sidebar-style":"default","ast-global-header-display":"","ast-banner-title-visibility":"","ast-main-header-display":"","ast-hfb-above-header-display":"","ast-hfb-below-header-display":"","ast-hfb-mobile-header-display":"","site-post-title":"","ast-breadcrumbs-content":"","ast-featured-img":"","footer-sml-layout":"","ast-disable-related-posts":"","theme-transparent-header-meta":"default","adv-header-id-meta":"","stick-header-meta":"","header-above-stick-meta":"","header-main-stick-meta":"","header-below-stick-meta":"","astra-migrate-meta-layouts":"default","ast-page-background-enabled":"default","ast-page-background-meta":{"desktop":{"background-color":"","background-image":"","background-repeat":"repeat","background-position":"center center","background-size":"auto","background-attachment":"scroll","background-type":"","background-media":"","overlay-type":"","overlay-color":"","overlay-opacity":"","overlay-gradient":""},"tablet":{"background-color":"","background-image":"","background-repeat":"repeat","background-position":"center center","background-size":"auto","background-attachment":"scroll","background-type":"","background-media":"","overlay-type":"","overlay-color":"","overlay-opacity":"","overlay-gradient":""},"mobile":{"background-color":"","background-image":"","background-repeat":"repeat","background-position":"center center","background-size":"auto","background-attachment":"scroll","background-type":"","background-media":"","overlay-type":"","overlay-color":"","overlay-opacity":"","overlay-gradient":""}},"ast-content-background-meta":{"desktop":{"background-color":"var(--ast-global-color-5)","background-image":"","background-repeat":"repeat","background-position":"center center","background-size":"auto","background-attachment":"scroll","background-type":"","background-media":"","overlay-type":"","overlay-color":"","overlay-opacity":"","overlay-gradient":""},"tablet":{"background-color":"var(--ast-global-color-5)","background-image":"","background-repeat":"repeat","background-position":"center center","background-size":"auto","background-attachment":"scroll","background-type":"","background-media":"","overlay-type":"","overlay-color":"","overlay-opacity":"","overlay-gradient":""},"mobile":{"background-color":"var(--ast-global-color-5)","background-image":"","background-repeat":"repeat","background-position":"center center","background-size":"auto","background-attachment":"scroll","background-type":"","background-media":"","overlay-type":"","overlay-color":"","overlay-opacity":"","overlay-gradient":""}}},"product_brand":[],"product_cat":[23],"product_tag":[],"class_list":{"0":"post-2039","1":"product","2":"type-product","3":"status-publish","4":"has-post-thumbnail","6":"product_cat-dump-truck","7":"desktop-align-left","8":"tablet-align-left","9":"mobile-align-left","11":"first","12":"instock","13":"shipping-taxable","14":"product-type-simple"},"_links":{"self":[{"href":"https:\/\/satisfybot.com\/pt\/wp-json\/wp\/v2\/product\/2039","targetHints":{"allow":["GET"]}}],"collection":[{"href":"https:\/\/satisfybot.com\/pt\/wp-json\/wp\/v2\/product"}],"about":[{"href":"https:\/\/satisfybot.com\/pt\/wp-json\/wp\/v2\/types\/product"}],"version-history":[{"count":0,"href":"https:\/\/satisfybot.com\/pt\/wp-json\/wp\/v2\/product\/2039\/revisions"}],"wp:featuredmedia":[{"embeddable":true,"href":"https:\/\/satisfybot.com\/pt\/wp-json\/wp\/v2\/media\/2054"}],"wp:attachment":[{"href":"https:\/\/satisfybot.com\/pt\/wp-json\/wp\/v2\/media?parent=2039"}],"wp:term":[{"taxonomy":"product_brand","embeddable":true,"href":"https:\/\/satisfybot.com\/pt\/wp-json\/wp\/v2\/product_brand?post=2039"},{"taxonomy":"product_cat","embeddable":true,"href":"https:\/\/satisfybot.com\/pt\/wp-json\/wp\/v2\/product_cat?post=2039"},{"taxonomy":"product_tag","embeddable":true,"href":"https:\/\/satisfybot.com\/pt\/wp-json\/wp\/v2\/product_tag?post=2039"}],"curies":[{"name":"wp","href":"https:\/\/api.w.org\/{rel}","templated":true}]}}