{"id":2045,"date":"2023-06-25T13:21:39","date_gmt":"2023-06-25T13:21:39","guid":{"rendered":"https:\/\/satisfybot.com\/?post_type=product&#038;p=2045"},"modified":"2023-06-25T13:24:42","modified_gmt":"2023-06-25T13:24:42","slug":"sinotruk-heavy-dump-truck","status":"publish","type":"product","link":"https:\/\/satisfybot.com\/pt\/produto\/sinotruk-heavy-dump-truck\/","title":{"rendered":"Caminh\u00e3o Basculante Pesado Sinotruk"},"content":{"rendered":"<p>A Sinotruk \u00e9 uma marca de caminh\u00f5es de classe mundial com recursos de primeira classe e tecnologia de ponta. Voc\u00ea pode confiar na for\u00e7a t\u00e9cnica e na qualidade do produto da HOWO. Os caminh\u00f5es basculantes pesados da Sinotruk s\u00e3o adequados para o transporte de carv\u00e3o, min\u00e9rio, terraplenagem, materiais de constru\u00e7\u00e3o e outros produtos a granel e a granel. Tem as caracter\u00edsticas de for\u00e7a excessiva, for\u00e7a de eleva\u00e7\u00e3o robusta, rigidez adequada, excelente tenacidade, capacidade de carga robusta e sem deforma\u00e7\u00e3o. Todos os controles de eleva\u00e7\u00e3o do nivelador funcionam de forma confi\u00e1vel e podem ser genuinamente descobertos e operados com precis\u00e3o.<\/p>\n<p>Para caminh\u00f5es basculantes, podemos fornecer diferentes pot\u00eancias e pesos de carga de acordo com os requisitos dos clientes.<br \/>\nAl\u00e9m de fornecer caminh\u00f5es basculantes pesados Sinotruk, tamb\u00e9m fornecemos Shacman, Dongfeng e Beiben para atender aos requisitos de marca dos clientes.<\/p>\n<h2>Especifica\u00e7\u00e3o do caminh\u00e3o basculante pesado Sinotruk<\/h2>\n<table border=\"1\" cellspacing=\"0\" cellpadding=\"0\" align=\"center\">\n<tbody>\n<tr>\n<td class=\"et2\" width=\"277\" height=\"18\">Marca<\/td>\n<td class=\"et2\" width=\"315\">SINOTRUCK HOWO<\/td>\n<\/tr>\n<tr>\n<td class=\"et2\" width=\"277\" height=\"18\">Tipo de condu\u00e7\u00e3o<\/td>\n<td class=\"et2\" width=\"315\">6\u00d74<\/td>\n<\/tr>\n<tr>\n<td class=\"et2\" width=\"277\" height=\"18\">Cabine<\/td>\n<td class=\"et2\" width=\"315\">Flat, dorminhoco individual<\/td>\n<\/tr>\n<tr>\n<td class=\"et2\" width=\"277\" height=\"18\">Motor<\/td>\n<td class=\"et2\" width=\"315\">Sinotruk Steyr<\/td>\n<\/tr>\n<tr>\n<td class=\"et2\" width=\"277\" height=\"18\">Padr\u00f5es de emiss\u00e3o<\/td>\n<td class=\"et2\" width=\"315\">Euro II<\/td>\n<\/tr>\n<tr>\n<td class=\"et2\" width=\"277\" height=\"18\">Cavalos de for\u00e7a<\/td>\n<td class=\"et2\" width=\"315\">371cv\/375cv\/420cv<\/td>\n<\/tr>\n<tr>\n<td class=\"et2\" width=\"277\" height=\"18\">Especifica\u00e7\u00f5es do pneu<\/td>\n<td class=\"et2\" width=\"315\">12,00R20\/12R22,5<\/td>\n<\/tr>\n<tr>\n<td class=\"et2\" width=\"277\" height=\"18\">Dimens\u00e3o total<\/td>\n<td class=\"et2\" width=\"315\">11\u00d72,5\u00d73,45M<\/td>\n<\/tr>\n<tr>\n<td class=\"et2\" width=\"277\" height=\"18\">Ano de fabrica\u00e7\u00e3o<\/td>\n<td class=\"et2\" width=\"315\">2010-2017<\/td>\n<\/tr>\n<tr>\n<td class=\"et2\" width=\"277\" height=\"18\">Tipo de caixa de engrenagens<\/td>\n<td class=\"et2\" width=\"315\">HW19712L<\/td>\n<\/tr>\n<tr>\n<td class=\"et2\" width=\"277\" height=\"18\">Tipo de transmiss\u00e3o<\/td>\n<td class=\"et2\" width=\"315\">Manual<\/td>\n<\/tr>\n<\/tbody>\n<\/table>\n<h2><strong>Embalagem e envio<\/strong><\/h2>\n<p>1. Somos especializados na exporta\u00e7\u00e3o de ve\u00edculos mar\u00edtimos. Temos empresas de transporte cooperativas de longo prazo para garantir a seguran\u00e7a do cliente<br \/>\n2. Proporcionaremos aos clientes uma forma satisfat\u00f3ria de abastecer o autom\u00f3vel com o frete mais agressivo. Por exemplo, por meio de cont\u00eainer ou navio a granel.<br \/>\n3. Enviaremos os fatos de transporte aos clientes regularmente.<\/p>\n<p><img fetchpriority=\"high\" decoding=\"async\" class=\"aligncenter wp-image-2048 size-large\" src=\"https:\/\/satisfybot.com\/wp-content\/uploads\/2023\/06\/Sinotruk-Heavy-Dump-Truck-4-1024x537.png\" alt=\"Sinotruk Heavy Dump Truck\" width=\"1024\" height=\"537\" srcset=\"https:\/\/satisfybot.com\/wp-content\/uploads\/2023\/06\/Sinotruk-Heavy-Dump-Truck-4-1024x537.png 1024w, https:\/\/satisfybot.com\/wp-content\/uploads\/2023\/06\/Sinotruk-Heavy-Dump-Truck-4-600x315.png 600w, https:\/\/satisfybot.com\/wp-content\/uploads\/2023\/06\/Sinotruk-Heavy-Dump-Truck-4-300x157.png 300w, https:\/\/satisfybot.com\/wp-content\/uploads\/2023\/06\/Sinotruk-Heavy-Dump-Truck-4-768x403.png 768w, https:\/\/satisfybot.com\/wp-content\/uploads\/2023\/06\/Sinotruk-Heavy-Dump-Truck-4.png 1228w\" sizes=\"(max-width: 1024px) 100vw, 1024px\" \/><\/p>\n<h2><strong>Porque escolher-nos?<\/strong><\/h2>\n<p>1 Somos o agente da Sinotruk e a taxa \u00e9 extremamente competitiva.<br \/>\n2 Qualidade: Adote a m\u00e1quina de inspe\u00e7\u00e3o do Grupo Nacional de Caminh\u00f5es Pesados da China e fa\u00e7a uma cole\u00e7\u00e3o de inspe\u00e7\u00f5es antes de exportar.<br \/>\n3. Garantia: Os tr\u00eas principais fatores do eixo, engenharia e transmiss\u00e3o, ou a garantia de seis meses dentro de 50.000 km, s\u00e3o os primeiros.<br \/>\n4. P\u00f3s-venda: Um grupo de fornecedores \u00fanicos com engenheiros t\u00e9cnicos \u00e9 preparado a qualquer momento, se houver uma grande reclama\u00e7\u00e3o, ela ser\u00e1 alimentada novamente e resolvida em at\u00e9 quarenta e oito horas.<br \/>\n5 Envio: Um grupo especializado em log\u00edstica coopera com empresas de transporte globais para abastecer suas vans com sucesso.<br \/>\n6. Fornecer componentes sobressalentes e um guia t\u00e9cnico gratuito a pre\u00e7o unit\u00e1rio de fabrica\u00e7\u00e3o em algum ponto do ciclo de vida total de ve\u00edculos e reboques.<\/p>","protected":false},"excerpt":{"rendered":"<p>Sinotruk is a world-class truck brand with first-class capabilities and top technology. You can rely on HOWO&#8217;s technical strength and product quality. Sinotruk heavy dump trucks are suitable for the transportation of coal, ore, earthwork, building materials, and other bulk and bulk goods. It has the traits of excessive strength, sturdy lifting force, suitable rigidity, [&hellip;]<\/p>","protected":false},"featured_media":2051,"template":"","meta":{"site-sidebar-layout":"default","site-content-layout":"default","ast-site-content-layout":"default","site-content-style":"default","site-sidebar-style":"default","ast-global-header-display":"","ast-banner-title-visibility":"","ast-main-header-display":"","ast-hfb-above-header-display":"","ast-hfb-below-header-display":"","ast-hfb-mobile-header-display":"","site-post-title":"","ast-breadcrumbs-content":"","ast-featured-img":"","footer-sml-layout":"","ast-disable-related-posts":"","theme-transparent-header-meta":"default","adv-header-id-meta":"","stick-header-meta":"","header-above-stick-meta":"","header-main-stick-meta":"","header-below-stick-meta":"","astra-migrate-meta-layouts":"default","ast-page-background-enabled":"default","ast-page-background-meta":{"desktop":{"background-color":"","background-image":"","background-repeat":"repeat","background-position":"center center","background-size":"auto","background-attachment":"scroll","background-type":"","background-media":"","overlay-type":"","overlay-color":"","overlay-opacity":"","overlay-gradient":""},"tablet":{"background-color":"","background-image":"","background-repeat":"repeat","background-position":"center center","background-size":"auto","background-attachment":"scroll","background-type":"","background-media":"","overlay-type":"","overlay-color":"","overlay-opacity":"","overlay-gradient":""},"mobile":{"background-color":"","background-image":"","background-repeat":"repeat","background-position":"center center","background-size":"auto","background-attachment":"scroll","background-type":"","background-media":"","overlay-type":"","overlay-color":"","overlay-opacity":"","overlay-gradient":""}},"ast-content-background-meta":{"desktop":{"background-color":"var(--ast-global-color-5)","background-image":"","background-repeat":"repeat","background-position":"center center","background-size":"auto","background-attachment":"scroll","background-type":"","background-media":"","overlay-type":"","overlay-color":"","overlay-opacity":"","overlay-gradient":""},"tablet":{"background-color":"var(--ast-global-color-5)","background-image":"","background-repeat":"repeat","background-position":"center center","background-size":"auto","background-attachment":"scroll","background-type":"","background-media":"","overlay-type":"","overlay-color":"","overlay-opacity":"","overlay-gradient":""},"mobile":{"background-color":"var(--ast-global-color-5)","background-image":"","background-repeat":"repeat","background-position":"center center","background-size":"auto","background-attachment":"scroll","background-type":"","background-media":"","overlay-type":"","overlay-color":"","overlay-opacity":"","overlay-gradient":""}}},"product_brand":[],"product_cat":[23],"product_tag":[],"class_list":{"0":"post-2045","1":"product","2":"type-product","3":"status-publish","4":"has-post-thumbnail","6":"product_cat-dump-truck","7":"desktop-align-left","8":"tablet-align-left","9":"mobile-align-left","11":"first","12":"instock","13":"shipping-taxable","14":"product-type-simple"},"_links":{"self":[{"href":"https:\/\/satisfybot.com\/pt\/wp-json\/wp\/v2\/product\/2045","targetHints":{"allow":["GET"]}}],"collection":[{"href":"https:\/\/satisfybot.com\/pt\/wp-json\/wp\/v2\/product"}],"about":[{"href":"https:\/\/satisfybot.com\/pt\/wp-json\/wp\/v2\/types\/product"}],"version-history":[{"count":0,"href":"https:\/\/satisfybot.com\/pt\/wp-json\/wp\/v2\/product\/2045\/revisions"}],"wp:featuredmedia":[{"embeddable":true,"href":"https:\/\/satisfybot.com\/pt\/wp-json\/wp\/v2\/media\/2051"}],"wp:attachment":[{"href":"https:\/\/satisfybot.com\/pt\/wp-json\/wp\/v2\/media?parent=2045"}],"wp:term":[{"taxonomy":"product_brand","embeddable":true,"href":"https:\/\/satisfybot.com\/pt\/wp-json\/wp\/v2\/product_brand?post=2045"},{"taxonomy":"product_cat","embeddable":true,"href":"https:\/\/satisfybot.com\/pt\/wp-json\/wp\/v2\/product_cat?post=2045"},{"taxonomy":"product_tag","embeddable":true,"href":"https:\/\/satisfybot.com\/pt\/wp-json\/wp\/v2\/product_tag?post=2045"}],"curies":[{"name":"wp","href":"https:\/\/api.w.org\/{rel}","templated":true}]}}