{"id":2072,"date":"2023-06-25T13:41:07","date_gmt":"2023-06-25T13:41:07","guid":{"rendered":"https:\/\/satisfybot.com\/?post_type=product&#038;p=2072"},"modified":"2023-06-25T13:41:08","modified_gmt":"2023-06-25T13:41:08","slug":"used-howo-dump-truck","status":"publish","type":"product","link":"https:\/\/satisfybot.com\/pt\/produto\/used-howo-dump-truck\/","title":{"rendered":"Caminh\u00e3o Basculante Howo Usado"},"content":{"rendered":"<p>Atribu\u00edmos um significado de alto n\u00edvel \u00e0 condi\u00e7\u00e3o universal, desempenho e letras pequenas de caminh\u00f5es usados. Antes do transporte para os clientes, cada caminh\u00e3o deve pular uma \u201cresolu\u00e7\u00e3o otimizada de caminh\u00f5es usados, detec\u00e7\u00e3o e substitui\u00e7\u00e3o de componentes-chave, depura\u00e7\u00e3o completa de caminh\u00f5es usados, inspe\u00e7\u00e3o completa de caminh\u00f5es usados\u201d, para garantir o alto desempenho fant\u00e1stico e geral de todos os caminh\u00f5es usados.<\/p>\n<p>Os caminh\u00f5es basculantes usados podem ser usados para transportar pedras, areia, minerais, etc., e t\u00eam as mesmas fun\u00e7\u00f5es que os caminh\u00f5es basculantes novos, mas com um pre\u00e7o mais barato.<\/p>\n<h2><strong>Exibi\u00e7\u00e3o de Howo Usado\u00a0<span class=\"keywords_replace\">caminh\u00e3o basculante<\/span><\/strong><\/h2>\n<p>Mostramos todas as fotos reais de caminh\u00f5es usados. Antes de serem entregues aos clientes, cada caminh\u00e3o usado passa por uma inspe\u00e7\u00e3o rigorosa, come\u00e7ando com \u201ca melhor sele\u00e7\u00e3o de caminh\u00f5es usados, detec\u00e7\u00e3o e substitui\u00e7\u00e3o de componentes-chave\u201d e, finalmente, \u201cdepura\u00e7\u00e3o completa e inspe\u00e7\u00e3o abrangente\u201d para garantir que seja entregue aos clientes Cada caminh\u00e3o usado \u00e9 de alta qualidade e bom desempenho perante os clientes.<\/p>\n<p><img fetchpriority=\"high\" decoding=\"async\" class=\"aligncenter\" title=\"Caminh\u00e3o Basculante Howo Usado\" src=\"https:\/\/bsg-i.nbxc.com\/product\/b4\/aa\/f8\/e494545f97354c69daa785fe88.jpg\" alt=\"Used Howo Dump Truck\" width=\"800\" height=\"435\" \/><\/p>\n<h2><strong>Especifica\u00e7\u00e3o do caminh\u00e3o basculante Howo usado<\/strong><\/h2>\n<table border=\"1\" cellspacing=\"0\" cellpadding=\"0\" align=\"center\">\n<tbody>\n<tr>\n<td class=\"et2\" width=\"277\" height=\"18\">modelo de caminh\u00e3o<\/td>\n<td class=\"et3\" width=\"315\">ZZ3257N3647A<\/td>\n<\/tr>\n<tr>\n<td class=\"et2\" width=\"277\" height=\"18\">marca de caminh\u00e3o<\/td>\n<td class=\"et3\">SINOTRUCK HOWO<\/td>\n<\/tr>\n<tr>\n<td class=\"et2\" width=\"277\" height=\"18\">Tamanho do corpo de carga<\/td>\n<td class=\"et3\">5400*2300*1400mm<\/td>\n<\/tr>\n<tr>\n<td class=\"et2\" width=\"277\" height=\"18\">Espessura do corpo de carga<\/td>\n<td class=\"et3\">fundo:8mm;lado:3mm<\/td>\n<\/tr>\n<tr>\n<td class=\"et2\" width=\"277\" height=\"18\">Tipo de carro elevador<\/td>\n<td class=\"et3\">levantamento frontal<\/td>\n<\/tr>\n<tr>\n<td class=\"et2\" width=\"277\" height=\"18\">Capacidade do tanque de combust\u00edvel<\/td>\n<td class=\"et3\">300L com tampa de combust\u00edvel com trava<\/td>\n<\/tr>\n<tr>\n<td class=\"et2\" width=\"277\" height=\"18\">Modelo de motor<\/td>\n<td class=\"et3\">WD615.47<\/td>\n<\/tr>\n<tr>\n<td class=\"et2\" width=\"277\" height=\"18\">cavalo de for\u00e7a<\/td>\n<td class=\"et3\">375HP, 371HP<\/td>\n<\/tr>\n<tr>\n<td class=\"et2\" width=\"277\" height=\"18\">Padr\u00e3o de emiss\u00e3o<\/td>\n<td class=\"et3\">EURO2<\/td>\n<\/tr>\n<tr>\n<td class=\"et2\" width=\"277\" height=\"18\">Transmiss\u00e3o<\/td>\n<td class=\"et3\">HW19710,10 para frente e 2 para tr\u00e1s<\/td>\n<\/tr>\n<tr>\n<td class=\"et2\" width=\"277\" height=\"18\">Sistema de dire\u00e7\u00e3o<\/td>\n<td class=\"et3\">ZF8118<\/td>\n<\/tr>\n<tr>\n<td class=\"et2\" width=\"277\" height=\"18\">dirigindo<\/td>\n<td class=\"et3\">6*4<\/td>\n<\/tr>\n<tr>\n<td class=\"et2\" width=\"277\" height=\"18\">Eixo dianteiro<\/td>\n<td class=\"et3\">HF9<\/td>\n<\/tr>\n<tr>\n<td class=\"et2\" width=\"277\" height=\"18\">Eixo traseiro<\/td>\n<td class=\"et3\">HC16<\/td>\n<\/tr>\n<tr>\n<td class=\"et2\" width=\"277\" height=\"18\">Pneu<\/td>\n<td class=\"et3\">12,00R20,11p\u00e7s<\/td>\n<\/tr>\n<tr>\n<td class=\"et2\" width=\"277\" height=\"18\">T\u00e1xi<\/td>\n<td class=\"et3\">HW76, um dorminhoco, com ar condicionado<\/td>\n<\/tr>\n<tr>\n<td class=\"et2\" width=\"277\" height=\"18\">tipo de condu\u00e7\u00e3o<\/td>\n<td class=\"et3\">LHD<\/td>\n<\/tr>\n<\/tbody>\n<\/table>\n<h2><strong>Transporte de Caminh\u00e3o Basculante Howo Usado<\/strong><\/h2>\n<p>1. Envio com aux\u00edlio de container central de 40 p\u00e9s: o transporte de container est\u00e1 cada vez mais famoso hoje em dia pelo fato do custo ser mais barato, mas queremos desmontar o chassi do caminh\u00e3o e a cabine para colocar o caminh\u00e3o basculante dentro do container.<br \/>\n2. Graneleiro: O graneleiro \u00e9 o meio de transporte mais famoso e barato, podemos pulverizar cera para o caminh\u00e3o antes do transporte para limitar a corros\u00e3o da \u00e1gua do mar.<br \/>\n3. Navio de estrutura plana: Um cont\u00eainer plano pode acomodar um caminh\u00e3o basculante 8*4.<\/p>\n<div><\/div>","protected":false},"excerpt":{"rendered":"<p>We attach top-notch significance to the universal condition, performance, and small print of used trucks. Before transport to customers, every truck should skip an &#8220;optimized resolution of used trucks, detection, and substitute of key components, all-round debugging of used trucks, complete inspection of used trucks&#8221;, To make sure the high fantastic and overall performance of [&hellip;]<\/p>","protected":false},"featured_media":2075,"template":"","meta":{"site-sidebar-layout":"default","site-content-layout":"default","ast-site-content-layout":"default","site-content-style":"default","site-sidebar-style":"default","ast-global-header-display":"","ast-banner-title-visibility":"","ast-main-header-display":"","ast-hfb-above-header-display":"","ast-hfb-below-header-display":"","ast-hfb-mobile-header-display":"","site-post-title":"","ast-breadcrumbs-content":"","ast-featured-img":"","footer-sml-layout":"","ast-disable-related-posts":"","theme-transparent-header-meta":"default","adv-header-id-meta":"","stick-header-meta":"","header-above-stick-meta":"","header-main-stick-meta":"","header-below-stick-meta":"","astra-migrate-meta-layouts":"default","ast-page-background-enabled":"default","ast-page-background-meta":{"desktop":{"background-color":"","background-image":"","background-repeat":"repeat","background-position":"center center","background-size":"auto","background-attachment":"scroll","background-type":"","background-media":"","overlay-type":"","overlay-color":"","overlay-opacity":"","overlay-gradient":""},"tablet":{"background-color":"","background-image":"","background-repeat":"repeat","background-position":"center center","background-size":"auto","background-attachment":"scroll","background-type":"","background-media":"","overlay-type":"","overlay-color":"","overlay-opacity":"","overlay-gradient":""},"mobile":{"background-color":"","background-image":"","background-repeat":"repeat","background-position":"center center","background-size":"auto","background-attachment":"scroll","background-type":"","background-media":"","overlay-type":"","overlay-color":"","overlay-opacity":"","overlay-gradient":""}},"ast-content-background-meta":{"desktop":{"background-color":"var(--ast-global-color-5)","background-image":"","background-repeat":"repeat","background-position":"center center","background-size":"auto","background-attachment":"scroll","background-type":"","background-media":"","overlay-type":"","overlay-color":"","overlay-opacity":"","overlay-gradient":""},"tablet":{"background-color":"var(--ast-global-color-5)","background-image":"","background-repeat":"repeat","background-position":"center center","background-size":"auto","background-attachment":"scroll","background-type":"","background-media":"","overlay-type":"","overlay-color":"","overlay-opacity":"","overlay-gradient":""},"mobile":{"background-color":"var(--ast-global-color-5)","background-image":"","background-repeat":"repeat","background-position":"center center","background-size":"auto","background-attachment":"scroll","background-type":"","background-media":"","overlay-type":"","overlay-color":"","overlay-opacity":"","overlay-gradient":""}}},"product_brand":[],"product_cat":[23],"product_tag":[],"class_list":{"0":"post-2072","1":"product","2":"type-product","3":"status-publish","4":"has-post-thumbnail","6":"product_cat-dump-truck","7":"desktop-align-left","8":"tablet-align-left","9":"mobile-align-left","11":"first","12":"instock","13":"shipping-taxable","14":"product-type-simple"},"_links":{"self":[{"href":"https:\/\/satisfybot.com\/pt\/wp-json\/wp\/v2\/product\/2072","targetHints":{"allow":["GET"]}}],"collection":[{"href":"https:\/\/satisfybot.com\/pt\/wp-json\/wp\/v2\/product"}],"about":[{"href":"https:\/\/satisfybot.com\/pt\/wp-json\/wp\/v2\/types\/product"}],"version-history":[{"count":0,"href":"https:\/\/satisfybot.com\/pt\/wp-json\/wp\/v2\/product\/2072\/revisions"}],"wp:featuredmedia":[{"embeddable":true,"href":"https:\/\/satisfybot.com\/pt\/wp-json\/wp\/v2\/media\/2075"}],"wp:attachment":[{"href":"https:\/\/satisfybot.com\/pt\/wp-json\/wp\/v2\/media?parent=2072"}],"wp:term":[{"taxonomy":"product_brand","embeddable":true,"href":"https:\/\/satisfybot.com\/pt\/wp-json\/wp\/v2\/product_brand?post=2072"},{"taxonomy":"product_cat","embeddable":true,"href":"https:\/\/satisfybot.com\/pt\/wp-json\/wp\/v2\/product_cat?post=2072"},{"taxonomy":"product_tag","embeddable":true,"href":"https:\/\/satisfybot.com\/pt\/wp-json\/wp\/v2\/product_tag?post=2072"}],"curies":[{"name":"wp","href":"https:\/\/api.w.org\/{rel}","templated":true}]}}