{"id":2077,"date":"2023-06-25T13:47:11","date_gmt":"2023-06-25T13:47:11","guid":{"rendered":"https:\/\/satisfybot.com\/?post_type=product&#038;p=2077"},"modified":"2023-06-25T13:47:12","modified_gmt":"2023-06-25T13:47:12","slug":"oil-tanker-trucks","status":"publish","type":"product","link":"https:\/\/satisfybot.com\/pt\/produto\/oil-tanker-trucks\/","title":{"rendered":"Caminh\u00f5es-tanque"},"content":{"rendered":"<h2>caminh\u00f5es-tanque<\/h2>\n<p>Pre\u00e7o do caminh\u00e3o-tanque SINOTRUCK HOWO 4X2, bem-vindo para nos perguntar. Equipe experiente e tecnol\u00f3gica personaliza as melhores produ\u00e7\u00f5es para os clientes. Transporte de curta dist\u00e2ncia com uma \u00fanica cabine deitada. Transporte de longa dist\u00e2ncia com cabina dupla.<\/p>\n<p><img fetchpriority=\"high\" decoding=\"async\" class=\"aligncenter\" title=\"Caminh\u00f5es-tanque\" src=\"https:\/\/bsg-i.nbxc.com\/product\/77\/e5\/b6\/7d55d72d814a029456f6a89aa6.png\" alt=\"Oil Tanker Trucks\" width=\"800\" height=\"796\" \/><\/p>\n<p>De acordo com diferentes prop\u00f3sitos e ambientes de uso, tem uma variedade de fun\u00e7\u00f5es de reabastecimento ou transporte de \u00f3leo, incluindo suc\u00e7\u00e3o de \u00f3leo, bombeamento de \u00f3leo, subcarregamento m\u00faltiplo de \u00f3leo, subdescarga e outras fun\u00e7\u00f5es. A parte especial do petroleiro consiste no corpo do tanque, tomada de for\u00e7a, eixo de transmiss\u00e3o, bomba de \u00f3leo de engrenagem, sistema de rede de tubula\u00e7\u00e3o e outros componentes. O sistema de rede de tubula\u00e7\u00e3o consiste em bomba de \u00f3leo, v\u00e1lvula de esfera de tr\u00eas vias e quatro posi\u00e7\u00f5es, v\u00e1lvula de esfera de duas vias, tela de filtro e tubula\u00e7\u00e3o.<\/p>","protected":false},"excerpt":{"rendered":"<p>Oil tanker trucks SINOTRUCK HOWO 4X2 oil Tanker Truck price ,welcome to ask us .Experienced and technological team customize the best productions for customers.Our trucks are hot sale in the international market,such as Africa market(Tanzania,Kenya,Angola,Algeria and so on).Mid-east,South-Asia (Burma,Vietnamese,Thailand&#8230;) and South America market.Depending on the use, we can also use a different cab. Short distance [&hellip;]<\/p>","protected":false},"featured_media":2078,"template":"","meta":{"site-sidebar-layout":"default","site-content-layout":"default","ast-site-content-layout":"default","site-content-style":"default","site-sidebar-style":"default","ast-global-header-display":"","ast-banner-title-visibility":"","ast-main-header-display":"","ast-hfb-above-header-display":"","ast-hfb-below-header-display":"","ast-hfb-mobile-header-display":"","site-post-title":"","ast-breadcrumbs-content":"","ast-featured-img":"","footer-sml-layout":"","ast-disable-related-posts":"","theme-transparent-header-meta":"default","adv-header-id-meta":"","stick-header-meta":"","header-above-stick-meta":"","header-main-stick-meta":"","header-below-stick-meta":"","astra-migrate-meta-layouts":"default","ast-page-background-enabled":"default","ast-page-background-meta":{"desktop":{"background-color":"","background-image":"","background-repeat":"repeat","background-position":"center center","background-size":"auto","background-attachment":"scroll","background-type":"","background-media":"","overlay-type":"","overlay-color":"","overlay-opacity":"","overlay-gradient":""},"tablet":{"background-color":"","background-image":"","background-repeat":"repeat","background-position":"center center","background-size":"auto","background-attachment":"scroll","background-type":"","background-media":"","overlay-type":"","overlay-color":"","overlay-opacity":"","overlay-gradient":""},"mobile":{"background-color":"","background-image":"","background-repeat":"repeat","background-position":"center center","background-size":"auto","background-attachment":"scroll","background-type":"","background-media":"","overlay-type":"","overlay-color":"","overlay-opacity":"","overlay-gradient":""}},"ast-content-background-meta":{"desktop":{"background-color":"var(--ast-global-color-5)","background-image":"","background-repeat":"repeat","background-position":"center center","background-size":"auto","background-attachment":"scroll","background-type":"","background-media":"","overlay-type":"","overlay-color":"","overlay-opacity":"","overlay-gradient":""},"tablet":{"background-color":"var(--ast-global-color-5)","background-image":"","background-repeat":"repeat","background-position":"center center","background-size":"auto","background-attachment":"scroll","background-type":"","background-media":"","overlay-type":"","overlay-color":"","overlay-opacity":"","overlay-gradient":""},"mobile":{"background-color":"var(--ast-global-color-5)","background-image":"","background-repeat":"repeat","background-position":"center center","background-size":"auto","background-attachment":"scroll","background-type":"","background-media":"","overlay-type":"","overlay-color":"","overlay-opacity":"","overlay-gradient":""}}},"product_brand":[],"product_cat":[24],"product_tag":[],"class_list":{"0":"post-2077","1":"product","2":"type-product","3":"status-publish","4":"has-post-thumbnail","6":"product_cat-tank-truck","7":"desktop-align-left","8":"tablet-align-left","9":"mobile-align-left","11":"first","12":"instock","13":"shipping-taxable","14":"product-type-simple"},"_links":{"self":[{"href":"https:\/\/satisfybot.com\/pt\/wp-json\/wp\/v2\/product\/2077","targetHints":{"allow":["GET"]}}],"collection":[{"href":"https:\/\/satisfybot.com\/pt\/wp-json\/wp\/v2\/product"}],"about":[{"href":"https:\/\/satisfybot.com\/pt\/wp-json\/wp\/v2\/types\/product"}],"version-history":[{"count":0,"href":"https:\/\/satisfybot.com\/pt\/wp-json\/wp\/v2\/product\/2077\/revisions"}],"wp:featuredmedia":[{"embeddable":true,"href":"https:\/\/satisfybot.com\/pt\/wp-json\/wp\/v2\/media\/2078"}],"wp:attachment":[{"href":"https:\/\/satisfybot.com\/pt\/wp-json\/wp\/v2\/media?parent=2077"}],"wp:term":[{"taxonomy":"product_brand","embeddable":true,"href":"https:\/\/satisfybot.com\/pt\/wp-json\/wp\/v2\/product_brand?post=2077"},{"taxonomy":"product_cat","embeddable":true,"href":"https:\/\/satisfybot.com\/pt\/wp-json\/wp\/v2\/product_cat?post=2077"},{"taxonomy":"product_tag","embeddable":true,"href":"https:\/\/satisfybot.com\/pt\/wp-json\/wp\/v2\/product_tag?post=2077"}],"curies":[{"name":"wp","href":"https:\/\/api.w.org\/{rel}","templated":true}]}}