{"id":2080,"date":"2023-06-25T13:53:15","date_gmt":"2023-06-25T13:53:15","guid":{"rendered":"https:\/\/satisfybot.com\/?post_type=product&#038;p=2080"},"modified":"2023-06-25T13:53:16","modified_gmt":"2023-06-25T13:53:16","slug":"petrol-tankers","status":"publish","type":"product","link":"https:\/\/satisfybot.com\/pt\/produto\/petrol-tankers\/","title":{"rendered":"Petroleiros"},"content":{"rendered":"<h2 style=\"text-align: left;\">Petroleiros<\/h2>\n<p>No cami\u00e3o cisterna que utilizamos a cabina HOWO76, (cama simples, com ar condicionado), comando dianteiro todo em a\u00e7o, inclin\u00e1vel hidraulicamente 55\u00ba para a frente, sistema limpa p\u00e1ra-brisas de 2 bra\u00e7os com tr\u00eas velocidades, p\u00e1ra-brisas laminado com antena de r\u00e1dio fundida, banco do condutor regul\u00e1vel com amortecimento hidr\u00e1ulico e banco do acompanhante r\u00edgido regul\u00e1vel, com sistema de aquecimento e ventila\u00e7\u00e3o, pala de sol exterior, pala de tejadilho regul\u00e1vel, com r\u00e1dio est\u00e9reo\/gravador de cassetes, cintos de seguran\u00e7a e volante regul\u00e1vel, buzina a ar, com apoio de 4 pontos suspens\u00e3o totalmente flutuante e amortecedores<\/p>\n<p>&nbsp;<\/p>\n<table>\n<tbody>\n<tr>\n<td colspan=\"5\" valign=\"center\" width=\"352\">Modelo de Caminh\u00e3o<\/td>\n<td valign=\"center\" width=\"328\"><strong>ZZ1257N4647D1B<\/strong><\/td>\n<\/tr>\n<tr>\n<td colspan=\"5\" valign=\"center\" width=\"352\">Dimens\u00e3o(Lx L xA)(descarregado)(mm)<\/td>\n<td valign=\"center\" width=\"328\">8800\u00d72490\u00d73428<\/td>\n<\/tr>\n<tr>\n<td colspan=\"5\" valign=\"center\" width=\"352\">Volume do tanque (m\u00b3)(m\u00b3)<\/td>\n<td valign=\"center\" width=\"328\">15<\/td>\n<\/tr>\n<tr>\n<td colspan=\"5\" valign=\"center\" width=\"352\">\u00c2ngulo de aproxima\u00e7\u00e3o\/\u00c2ngulo de partida (\u00b0)<\/p>\n<p>&nbsp;<\/td>\n<td valign=\"center\" width=\"328\">16\/26<\/td>\n<\/tr>\n<tr>\n<td colspan=\"4\" valign=\"center\" width=\"351\">Sali\u00eancia (dianteira\/traseira) (mm)<\/td>\n<td colspan=\"2\" valign=\"center\" width=\"328\">1500\/2100<\/td>\n<\/tr>\n<tr>\n<td colspan=\"4\" valign=\"center\" width=\"351\">Base da roda (mm)<\/td>\n<td colspan=\"2\" valign=\"top\" width=\"328\">3800+1400<\/td>\n<\/tr>\n<tr>\n<td colspan=\"4\" valign=\"center\" width=\"351\">Velocidade m\u00e1xima (km\/h) (km\/h)<\/td>\n<td colspan=\"2\" valign=\"top\" width=\"328\">90\/102<\/td>\n<\/tr>\n<tr>\n<td colspan=\"4\" valign=\"center\" width=\"351\">Peso do meio-fio (kg)<\/td>\n<td colspan=\"2\" valign=\"top\" width=\"328\">10380<\/td>\n<\/tr>\n<tr>\n<td colspan=\"4\" valign=\"center\" width=\"351\">Peso nominal de carga (kg)<\/td>\n<td colspan=\"2\" valign=\"top\" width=\"328\">14490<\/td>\n<\/tr>\n<tr>\n<td rowspan=\"4\" valign=\"center\" width=\"96\">Motor<\/p>\n<p>(tecnologia Steyr, fabricada na China)<\/td>\n<td colspan=\"3\" valign=\"center\" width=\"254\">Modelo<\/td>\n<td colspan=\"2\" valign=\"top\" width=\"328\"><strong>WD615<\/strong>,refrigerado a \u00e1gua,quatro tempos,6 cilindros em linha com refrigera\u00e7\u00e3o a \u00e1gua,inje\u00e7\u00e3o direta<\/td>\n<\/tr>\n<tr>\n<td colspan=\"3\" valign=\"top\" width=\"254\">Tipo de combust\u00edvel<\/td>\n<td colspan=\"2\" valign=\"top\" width=\"328\">Diesel<\/td>\n<\/tr>\n<tr>\n<td colspan=\"3\" valign=\"top\" width=\"254\">Cavalos de pot\u00eancia, max (kw\/rpm)<\/td>\n<td colspan=\"2\" valign=\"center\" width=\"328\"><strong>336cv<\/strong><\/td>\n<\/tr>\n<tr>\n<td colspan=\"3\" valign=\"center\" width=\"254\">Emiss\u00e3o<\/td>\n<td colspan=\"2\" valign=\"center\" width=\"328\"><strong>EURO2<\/strong><\/td>\n<\/tr>\n<tr>\n<td colspan=\"4\" valign=\"top\" width=\"351\">Capacidade do tanque de combust\u00edvel<\/td>\n<td colspan=\"2\" valign=\"center\" width=\"328\">300<\/td>\n<\/tr>\n<tr>\n<td colspan=\"2\" valign=\"center\" width=\"190\">Transmiss\u00e3o<\/td>\n<td colspan=\"2\" valign=\"center\" width=\"160\">Modelo<\/td>\n<td colspan=\"2\" valign=\"top\" width=\"328\"><strong>HW13710<\/strong><\/td>\n<\/tr>\n<tr>\n<td colspan=\"2\" rowspan=\"2\" valign=\"center\" width=\"190\">Sistema de travagem<\/p>\n<p>&nbsp;<\/td>\n<td colspan=\"2\" valign=\"center\" width=\"160\">freio de servi\u00e7o<\/td>\n<td colspan=\"2\" valign=\"center\" width=\"328\">Freio a ar comprimido de circuito duplo<\/td>\n<\/tr>\n<tr>\n<td colspan=\"2\" valign=\"center\" width=\"160\">Trav\u00e3o de m\u00e3o<\/td>\n<td colspan=\"2\" valign=\"center\" width=\"328\">energia da mola, ar comprimido operando nas rodas traseiras<\/p>\n<p>&nbsp;<\/td>\n<\/tr>\n<tr>\n<td colspan=\"2\" valign=\"center\" width=\"190\">Sistema de dire\u00e7\u00e3o<\/p>\n<p>&nbsp;<\/td>\n<td colspan=\"2\" valign=\"center\" width=\"160\">Modelo<\/td>\n<td colspan=\"2\" valign=\"center\" width=\"328\"><strong>ZF8118<\/strong><\/td>\n<\/tr>\n<tr>\n<td colspan=\"2\" valign=\"center\" width=\"190\">Eixo dianteiro<\/td>\n<td colspan=\"4\" valign=\"top\" width=\"489\"><strong>HR9\u00a0<\/strong>, Direc\u00e7\u00e3o com viga de sec\u00e7\u00e3o dupla em T<\/td>\n<\/tr>\n<tr>\n<td colspan=\"2\" valign=\"center\" width=\"190\">Eixo traseiro<\/td>\n<td colspan=\"4\" valign=\"top\" width=\"489\"><strong>ST16<\/strong><\/td>\n<\/tr>\n<tr>\n<td colspan=\"2\" valign=\"center\" width=\"190\">Cor<\/td>\n<td colspan=\"4\" valign=\"top\" width=\"489\">branco, vermelho<\/td>\n<\/tr>\n<tr>\n<td colspan=\"2\" valign=\"center\" width=\"190\">Pneu<\/td>\n<td colspan=\"4\" valign=\"top\" width=\"489\"><strong>Pneu sem c\u00e2mara 1200R22.5<\/strong><\/td>\n<\/tr>\n<tr>\n<td colspan=\"2\" valign=\"center\" width=\"190\">Volume do petroleiro<\/td>\n<td colspan=\"4\" valign=\"top\" width=\"489\"><strong>20000L<\/strong><\/td>\n<\/tr>\n<tr>\n<td colspan=\"2\" rowspan=\"3\" valign=\"center\" width=\"190\">Sistema el\u00e9trico<\/p>\n<p>&nbsp;<\/td>\n<td valign=\"center\" width=\"148\">Bateria<\/td>\n<td colspan=\"3\" valign=\"top\" width=\"341\">2X12V\/165Ah<\/td>\n<\/tr>\n<tr>\n<td valign=\"center\" width=\"148\">Alternador<\/td>\n<td colspan=\"3\" valign=\"top\" width=\"341\">28V-1500kw<\/td>\n<\/tr>\n<tr>\n<td valign=\"center\" width=\"148\">Iniciante<\/td>\n<td colspan=\"3\" valign=\"top\" width=\"341\">7,5Kw\/24V<\/td>\n<\/tr>\n<tr>\n<td colspan=\"2\" valign=\"center\" width=\"190\">T\u00e1xi<\/td>\n<td colspan=\"4\" valign=\"top\" width=\"489\">Cabine HOWO76, (cama simples, com ar-condicionado), comando dianteiro todo em a\u00e7o, inclin\u00e1vel hidraulicamente 55\u00ba para a frente, sistema de limpador de para-brisa de 2 bra\u00e7os com tr\u00eas velocidades, para-brisa laminado com antena de r\u00e1dio fundida, banco do motorista com amortecimento hidr\u00e1ulico regul\u00e1vel e banco do acompanhante r\u00edgido regul\u00e1vel, com sistema de aquecimento e ventila\u00e7\u00e3o, pala de sol externa, flap de teto regul\u00e1vel, com r\u00e1dio\/gravador est\u00e9reo, cintos de seguran\u00e7a e volante regul\u00e1vel, buzina a ar, com 4 Suspens\u00e3o e amortecedores totalmente flutuantes com suporte de ponto<\/td>\n<\/tr>\n<\/tbody>\n<\/table>\n<p><img fetchpriority=\"high\" decoding=\"async\" class=\"aligncenter size-full wp-image-2081\" src=\"https:\/\/satisfybot.com\/wp-content\/uploads\/2023\/06\/7c849bbb50ad466e8b5407dad0.jpg\" alt=\"Petrol Tankers\" width=\"1000\" height=\"900\" srcset=\"https:\/\/satisfybot.com\/wp-content\/uploads\/2023\/06\/7c849bbb50ad466e8b5407dad0.jpg 1000w, https:\/\/satisfybot.com\/wp-content\/uploads\/2023\/06\/7c849bbb50ad466e8b5407dad0-600x540.jpg 600w, https:\/\/satisfybot.com\/wp-content\/uploads\/2023\/06\/7c849bbb50ad466e8b5407dad0-300x270.jpg 300w, https:\/\/satisfybot.com\/wp-content\/uploads\/2023\/06\/7c849bbb50ad466e8b5407dad0-768x691.jpg 768w\" sizes=\"(max-width: 1000px) 100vw, 1000px\" \/><\/p>","protected":false},"excerpt":{"rendered":"<p>Petrol Tankers The petrol tanker we use HOWO76 cab, (single sleeping, with air-condition), all-steel forward control,55\u00bahydraulically tiltable to the front, 2- arm windscreen wiper system with three speeds, laminated windscreen with casted-in radio aerial, hydraulically damped adjustable driver\u2019s seat and rigid adjustable co-driver\u2019s seat, with heating and ventilating system, outer sun visor, adjustable roof flap, [&hellip;]<\/p>","protected":false},"featured_media":2082,"template":"","meta":{"site-sidebar-layout":"default","site-content-layout":"default","ast-site-content-layout":"default","site-content-style":"default","site-sidebar-style":"default","ast-global-header-display":"","ast-banner-title-visibility":"","ast-main-header-display":"","ast-hfb-above-header-display":"","ast-hfb-below-header-display":"","ast-hfb-mobile-header-display":"","site-post-title":"","ast-breadcrumbs-content":"","ast-featured-img":"","footer-sml-layout":"","ast-disable-related-posts":"","theme-transparent-header-meta":"default","adv-header-id-meta":"","stick-header-meta":"","header-above-stick-meta":"","header-main-stick-meta":"","header-below-stick-meta":"","astra-migrate-meta-layouts":"default","ast-page-background-enabled":"default","ast-page-background-meta":{"desktop":{"background-color":"","background-image":"","background-repeat":"repeat","background-position":"center center","background-size":"auto","background-attachment":"scroll","background-type":"","background-media":"","overlay-type":"","overlay-color":"","overlay-opacity":"","overlay-gradient":""},"tablet":{"background-color":"","background-image":"","background-repeat":"repeat","background-position":"center center","background-size":"auto","background-attachment":"scroll","background-type":"","background-media":"","overlay-type":"","overlay-color":"","overlay-opacity":"","overlay-gradient":""},"mobile":{"background-color":"","background-image":"","background-repeat":"repeat","background-position":"center center","background-size":"auto","background-attachment":"scroll","background-type":"","background-media":"","overlay-type":"","overlay-color":"","overlay-opacity":"","overlay-gradient":""}},"ast-content-background-meta":{"desktop":{"background-color":"var(--ast-global-color-5)","background-image":"","background-repeat":"repeat","background-position":"center center","background-size":"auto","background-attachment":"scroll","background-type":"","background-media":"","overlay-type":"","overlay-color":"","overlay-opacity":"","overlay-gradient":""},"tablet":{"background-color":"var(--ast-global-color-5)","background-image":"","background-repeat":"repeat","background-position":"center center","background-size":"auto","background-attachment":"scroll","background-type":"","background-media":"","overlay-type":"","overlay-color":"","overlay-opacity":"","overlay-gradient":""},"mobile":{"background-color":"var(--ast-global-color-5)","background-image":"","background-repeat":"repeat","background-position":"center center","background-size":"auto","background-attachment":"scroll","background-type":"","background-media":"","overlay-type":"","overlay-color":"","overlay-opacity":"","overlay-gradient":""}}},"product_brand":[],"product_cat":[24],"product_tag":[],"class_list":{"0":"post-2080","1":"product","2":"type-product","3":"status-publish","4":"has-post-thumbnail","6":"product_cat-tank-truck","7":"desktop-align-left","8":"tablet-align-left","9":"mobile-align-left","11":"first","12":"instock","13":"shipping-taxable","14":"product-type-simple"},"_links":{"self":[{"href":"https:\/\/satisfybot.com\/pt\/wp-json\/wp\/v2\/product\/2080","targetHints":{"allow":["GET"]}}],"collection":[{"href":"https:\/\/satisfybot.com\/pt\/wp-json\/wp\/v2\/product"}],"about":[{"href":"https:\/\/satisfybot.com\/pt\/wp-json\/wp\/v2\/types\/product"}],"version-history":[{"count":0,"href":"https:\/\/satisfybot.com\/pt\/wp-json\/wp\/v2\/product\/2080\/revisions"}],"wp:featuredmedia":[{"embeddable":true,"href":"https:\/\/satisfybot.com\/pt\/wp-json\/wp\/v2\/media\/2082"}],"wp:attachment":[{"href":"https:\/\/satisfybot.com\/pt\/wp-json\/wp\/v2\/media?parent=2080"}],"wp:term":[{"taxonomy":"product_brand","embeddable":true,"href":"https:\/\/satisfybot.com\/pt\/wp-json\/wp\/v2\/product_brand?post=2080"},{"taxonomy":"product_cat","embeddable":true,"href":"https:\/\/satisfybot.com\/pt\/wp-json\/wp\/v2\/product_cat?post=2080"},{"taxonomy":"product_tag","embeddable":true,"href":"https:\/\/satisfybot.com\/pt\/wp-json\/wp\/v2\/product_tag?post=2080"}],"curies":[{"name":"wp","href":"https:\/\/api.w.org\/{rel}","templated":true}]}}