{"id":2085,"date":"2023-06-25T13:56:15","date_gmt":"2023-06-25T13:56:15","guid":{"rendered":"https:\/\/satisfybot.com\/?post_type=product&#038;p=2085"},"modified":"2023-06-25T13:56:27","modified_gmt":"2023-06-25T13:56:27","slug":"fuel-tank-truck","status":"publish","type":"product","link":"https:\/\/satisfybot.com\/pt\/produto\/fuel-tank-truck\/","title":{"rendered":"Caminh\u00e3o tanque de combust\u00edvel"},"content":{"rendered":"<p><strong><span class=\"keywords_replace\">Caminh\u00e3o tanque de combust\u00edvel<\/span><\/strong><\/p>\n<p>ESPECIFICA\u00c7\u00c3O de SINOTRUK HOWO 10 wheeler 22000 litros combust\u00edvel petroleiro\u00a0<span class=\"keywords_replace\">Caminh\u00e3o tanque de \u00f3leo<\/span>,Ele pode ser usado como um posto de gasolina m\u00f3vel,Aplic\u00e1vel a cada posto de gasolina.Nosso caminh\u00e3o usa cabine HOWO76 com um dorminhoco e ar condicionado, controle de avan\u00e7o todo em a\u00e7o, 55\u00ba hidraulicamente inclin\u00e1vel para a frente, sistema de limpador de p\u00e1ra-brisa de 2 bra\u00e7os com tr\u00eas velocidades, p\u00e1ra-brisa laminado com antena de r\u00e1dio fundida, assento do motorista ajust\u00e1vel hidraulicamente amortecido e assento do co-piloto r\u00edgido ajust\u00e1vel, com sistema de aquecimento e ventila\u00e7\u00e3o, pala de sol externa, aba de teto ajust\u00e1vel, com r\u00e1dio est\u00e9reo \/ cas gravador sette, cintos de seguran\u00e7a e volante ajust\u00e1vel, buzina a ar, com apoio de 4 pontos suspens\u00e3o totalmente flutuante e amortecedores .<\/p>\n<table class=\"aliDataTable\" border=\"1\" cellspacing=\"0\" cellpadding=\"0\">\n<tbody>\n<tr>\n<td colspan=\"5\">Modelo de Caminh\u00e3o<\/td>\n<td colspan=\"2\">ZZ5317M4667C<\/td>\n<\/tr>\n<tr>\n<td colspan=\"5\">Marca de Caminh\u00e3o<\/td>\n<td colspan=\"2\">SINOTRUK\u2014HOWO Combust\u00edvel\u00a0<span class=\"keywords_replace\">Caminh\u00e3o tanque<\/span><\/td>\n<\/tr>\n<tr>\n<td colspan=\"5\">Tipo de condu\u00e7\u00e3o<\/td>\n<td colspan=\"2\">Condu\u00e7\u00e3o \u00e0 esquerda<\/td>\n<\/tr>\n<tr>\n<td colspan=\"5\">Dimens\u00e3o(Lx L xA)(descarregado(mm)<\/td>\n<td colspan=\"2\">11980x2496x3700<\/td>\n<\/tr>\n<tr>\n<td colspan=\"5\">Dimens\u00e3o interna do carro (CxLxA)(mm)<\/td>\n<td colspan=\"2\">9150*2400*1500<\/td>\n<\/tr>\n<tr>\n<td colspan=\"5\">\u00c2ngulo de aproxima\u00e7\u00e3o\/\u00c2ngulo de partida (\u00b0)<\/p>\n<p align=\"left\">\n<\/td>\n<td colspan=\"2\">19\/19<\/td>\n<\/tr>\n<tr>\n<td colspan=\"5\">Base da trilha F\/R (mm)<\/td>\n<td colspan=\"2\">2022\/1830<\/td>\n<\/tr>\n<tr>\n<td colspan=\"5\">Capacidade do tanque (m3)<\/td>\n<td colspan=\"2\">37<\/td>\n<\/tr>\n<tr>\n<td colspan=\"5\">M\u00e9dio<\/td>\n<td colspan=\"2\">Gasolina<\/td>\n<\/tr>\n<tr>\n<td colspan=\"2\" rowspan=\"4\">Bomba de \u00f3leo de engrenagem<\/td>\n<td colspan=\"3\">Modelo<\/td>\n<td colspan=\"2\">76YCB-40(F)<\/td>\n<\/tr>\n<tr>\n<td colspan=\"3\">fluxo m3\/h<\/td>\n<td colspan=\"2\">40<\/td>\n<\/tr>\n<tr>\n<td colspan=\"3\">Cabine de entrada\/sa\u00edda mm<\/td>\n<td colspan=\"2\">76<\/td>\n<\/tr>\n<tr>\n<td colspan=\"3\">RPM r\/min<\/td>\n<td colspan=\"2\">960<\/td>\n<\/tr>\n<tr>\n<td colspan=\"7\">Observa\u00e7\u00f5es: modelo de bomba de \u00f3leo com F, representa v\u00e1lvula de al\u00edvio, usado para caminh\u00e3o-tanque com pistola de \u00f3leo.<\/td>\n<\/tr>\n<tr>\n<td colspan=\"6\">Base da roda (mm)<\/td>\n<td valign=\"top\">1800+4600+1350<\/td>\n<\/tr>\n<tr>\n<td colspan=\"6\">Velocidade m\u00e1xima (km\/h)<\/td>\n<td valign=\"top\">90<\/td>\n<\/tr>\n<tr>\n<td colspan=\"6\">Peso do meio-fio (kg)<\/td>\n<td valign=\"top\">16360<\/td>\n<\/tr>\n<tr>\n<td colspan=\"6\">Peso de Carregamento (kg)<\/td>\n<td valign=\"top\">31000<\/td>\n<\/tr>\n<tr>\n<td rowspan=\"4\">Motor<\/p>\n<p align=\"left\">(tecnologia Steyr, fabricada na China)<\/p>\n<\/td>\n<td colspan=\"5\">Modelo<\/td>\n<td valign=\"top\">WD615, refrigerado a \u00e1gua, quatro tempos, 6 cilindros em linha com resfriamento a \u00e1gua, turboalimentado e resfriamento intermedi\u00e1rio, inje\u00e7\u00e3o direta<\/td>\n<\/tr>\n<tr>\n<td colspan=\"5\" valign=\"top\">Tipo de combust\u00edvel<\/td>\n<td valign=\"top\">Diesel<\/td>\n<\/tr>\n<tr>\n<td colspan=\"5\" valign=\"top\">Cavalos de pot\u00eancia, max (kw\/rpm)<\/td>\n<td>266HP. 290HP, 336HP<\/td>\n<\/tr>\n<tr>\n<td colspan=\"5\">Emiss\u00e3o<\/td>\n<td>EURO II<\/td>\n<\/tr>\n<tr>\n<td colspan=\"6\" valign=\"top\">Capacidade do tanque de combust\u00edvel (L)<\/td>\n<td>300<\/td>\n<\/tr>\n<tr>\n<td colspan=\"3\">Transmiss\u00e3o<\/td>\n<td colspan=\"3\">Modelo<\/td>\n<td valign=\"top\">HW13710CL,10 para frente e 2 para tr\u00e1s<\/td>\n<\/tr>\n<tr>\n<td colspan=\"3\" rowspan=\"3\">Sistema de travagem<\/p>\n<p align=\"left\">\n<\/td>\n<td colspan=\"3\">freio de servi\u00e7o<\/td>\n<td>Freio a ar comprimido de circuito duplo<\/td>\n<\/tr>\n<tr>\n<td colspan=\"3\">Trav\u00e3o de m\u00e3o<\/td>\n<td>energia da mola, ar comprimido operando nas rodas traseiras<\/p>\n<p align=\"left\">\n<\/td>\n<\/tr>\n<tr>\n<td colspan=\"3\">freio auxiliar<\/td>\n<td>Freio de escape do motor<\/td>\n<\/tr>\n<tr>\n<td colspan=\"3\">Sistema de dire\u00e7\u00e3o<\/p>\n<p>&nbsp;<\/td>\n<td colspan=\"3\">Modelo<\/td>\n<td>ZF8098<\/td>\n<\/tr>\n<tr>\n<td colspan=\"3\">Eixo dianteiro<\/td>\n<td colspan=\"4\" valign=\"top\">HF7<\/td>\n<\/tr>\n<tr>\n<td colspan=\"3\">Eixo traseiro<\/td>\n<td colspan=\"4\" valign=\"top\">MCY13Q<\/td>\n<\/tr>\n<tr>\n<td colspan=\"3\">Cor<\/td>\n<td colspan=\"4\" valign=\"top\">Opcional<\/td>\n<\/tr>\n<tr>\n<td colspan=\"3\">Pneu<\/td>\n<td colspan=\"4\" valign=\"top\">11,00-20 \/ 12,00-20\/ 295\/80R22,5<\/td>\n<\/tr>\n<tr>\n<td colspan=\"3\">quantidade de pneus<\/td>\n<td colspan=\"4\" valign=\"top\">12+1 sobressalente<\/td>\n<\/tr>\n<tr>\n<td colspan=\"3\" rowspan=\"3\">Sistema el\u00e9trico<\/p>\n<p>&nbsp;<\/td>\n<td>Bateria<\/td>\n<td colspan=\"3\" valign=\"top\">2X12V\/165Ah<\/td>\n<\/tr>\n<tr>\n<td>Alternador<\/td>\n<td colspan=\"3\" valign=\"top\">28V-1500kw<\/td>\n<\/tr>\n<tr>\n<td>Iniciante<\/td>\n<td colspan=\"3\" valign=\"top\">7,5Kw\/24V<\/td>\n<\/tr>\n<tr>\n<td colspan=\"3\">T\u00e1xi<\/td>\n<td colspan=\"4\" valign=\"top\">Cabina HOWO76 com um dorminhoco e ar condicionado, comando dianteiro todo em a\u00e7o, inclin\u00e1vel hidraulicamente 55\u00ba para a frente, sistema limpa p\u00e1ra-brisas de 2 bra\u00e7os com tr\u00eas velocidades, p\u00e1ra-brisas laminado com antena de r\u00e1dio fundida, banco do condutor com amortecimento hidr\u00e1ulico ajust\u00e1vel e banco do acompanhante r\u00edgido ajust\u00e1vel, com sistema de aquecimento e ventila\u00e7\u00e3o, pala de sol exterior, pala do tejadilho regul\u00e1vel, com r\u00e1dio est\u00e9reo\/gravador de cassetes, cintos de seguran\u00e7a e volante regul\u00e1vel, buzina a ar, com apoio de 4 pontos totalmente suspens\u00e3o flutuante e amortecedores<\/td>\n<\/tr>\n<\/tbody>\n<\/table>\n<p>&nbsp;<\/p>","protected":false},"excerpt":{"rendered":"<p>Fuel Tank Truck SPECIFICATION Of SINOTRUK HOWO 10 wheeler 22000 liters fuel oil tanker\u00a0Oil Tank Truck,It can be used as a mobile gas station,Applicable to each gas station.Our truck use\u00a0HOWO76 cab with one sleeper and air conditioner, all-steel forward control,55\u00bahydraulically tiltable to the front, 2- arm windscreen wiper system with three speeds, laminated windscreen with [&hellip;]<\/p>","protected":false},"featured_media":2086,"template":"","meta":{"site-sidebar-layout":"default","site-content-layout":"default","ast-site-content-layout":"default","site-content-style":"default","site-sidebar-style":"default","ast-global-header-display":"","ast-banner-title-visibility":"","ast-main-header-display":"","ast-hfb-above-header-display":"","ast-hfb-below-header-display":"","ast-hfb-mobile-header-display":"","site-post-title":"","ast-breadcrumbs-content":"","ast-featured-img":"","footer-sml-layout":"","ast-disable-related-posts":"","theme-transparent-header-meta":"default","adv-header-id-meta":"","stick-header-meta":"","header-above-stick-meta":"","header-main-stick-meta":"","header-below-stick-meta":"","astra-migrate-meta-layouts":"default","ast-page-background-enabled":"default","ast-page-background-meta":{"desktop":{"background-color":"","background-image":"","background-repeat":"repeat","background-position":"center center","background-size":"auto","background-attachment":"scroll","background-type":"","background-media":"","overlay-type":"","overlay-color":"","overlay-opacity":"","overlay-gradient":""},"tablet":{"background-color":"","background-image":"","background-repeat":"repeat","background-position":"center center","background-size":"auto","background-attachment":"scroll","background-type":"","background-media":"","overlay-type":"","overlay-color":"","overlay-opacity":"","overlay-gradient":""},"mobile":{"background-color":"","background-image":"","background-repeat":"repeat","background-position":"center center","background-size":"auto","background-attachment":"scroll","background-type":"","background-media":"","overlay-type":"","overlay-color":"","overlay-opacity":"","overlay-gradient":""}},"ast-content-background-meta":{"desktop":{"background-color":"var(--ast-global-color-5)","background-image":"","background-repeat":"repeat","background-position":"center center","background-size":"auto","background-attachment":"scroll","background-type":"","background-media":"","overlay-type":"","overlay-color":"","overlay-opacity":"","overlay-gradient":""},"tablet":{"background-color":"var(--ast-global-color-5)","background-image":"","background-repeat":"repeat","background-position":"center center","background-size":"auto","background-attachment":"scroll","background-type":"","background-media":"","overlay-type":"","overlay-color":"","overlay-opacity":"","overlay-gradient":""},"mobile":{"background-color":"var(--ast-global-color-5)","background-image":"","background-repeat":"repeat","background-position":"center center","background-size":"auto","background-attachment":"scroll","background-type":"","background-media":"","overlay-type":"","overlay-color":"","overlay-opacity":"","overlay-gradient":""}}},"product_brand":[],"product_cat":[24],"product_tag":[],"class_list":{"0":"post-2085","1":"product","2":"type-product","3":"status-publish","4":"has-post-thumbnail","6":"product_cat-tank-truck","7":"desktop-align-left","8":"tablet-align-left","9":"mobile-align-left","11":"first","12":"instock","13":"shipping-taxable","14":"product-type-simple"},"_links":{"self":[{"href":"https:\/\/satisfybot.com\/pt\/wp-json\/wp\/v2\/product\/2085","targetHints":{"allow":["GET"]}}],"collection":[{"href":"https:\/\/satisfybot.com\/pt\/wp-json\/wp\/v2\/product"}],"about":[{"href":"https:\/\/satisfybot.com\/pt\/wp-json\/wp\/v2\/types\/product"}],"version-history":[{"count":0,"href":"https:\/\/satisfybot.com\/pt\/wp-json\/wp\/v2\/product\/2085\/revisions"}],"wp:featuredmedia":[{"embeddable":true,"href":"https:\/\/satisfybot.com\/pt\/wp-json\/wp\/v2\/media\/2086"}],"wp:attachment":[{"href":"https:\/\/satisfybot.com\/pt\/wp-json\/wp\/v2\/media?parent=2085"}],"wp:term":[{"taxonomy":"product_brand","embeddable":true,"href":"https:\/\/satisfybot.com\/pt\/wp-json\/wp\/v2\/product_brand?post=2085"},{"taxonomy":"product_cat","embeddable":true,"href":"https:\/\/satisfybot.com\/pt\/wp-json\/wp\/v2\/product_cat?post=2085"},{"taxonomy":"product_tag","embeddable":true,"href":"https:\/\/satisfybot.com\/pt\/wp-json\/wp\/v2\/product_tag?post=2085"}],"curies":[{"name":"wp","href":"https:\/\/api.w.org\/{rel}","templated":true}]}}