{"id":2087,"date":"2023-06-25T14:02:11","date_gmt":"2023-06-25T14:02:11","guid":{"rendered":"https:\/\/satisfybot.com\/?post_type=product&#038;p=2087"},"modified":"2023-06-25T14:02:12","modified_gmt":"2023-06-25T14:02:12","slug":"beiben-8x4-tractor-unit","status":"publish","type":"product","link":"https:\/\/satisfybot.com\/pt\/produto\/beiben-8x4-tractor-unit\/","title":{"rendered":"Unidade Tratora Beiben 8\u00d74"},"content":{"rendered":"<p>Oferecemos tratores Beiben 8 \u00d7 4 para venda. Tivemos grande sucesso no Senegal, Mali, Guin\u00e9, Serra Leoa, Burkina Faso, Lib\u00e9ria, Benin, Camar\u00f5es, Togo e Rep\u00fablica Democr\u00e1tica do Congo.<\/p>\n<p>A unidade tratora Beiben 8\u00d74 possui uma estrutura confi\u00e1vel, forte capacidade de carga e energia cin\u00e9tica total. \u00c9 adequado para rebocar v\u00e1rios semi-reboques usados no neg\u00f3cio de log\u00edstica, canteiros de obras e \u00e1reas de minera\u00e7\u00e3o. Ele pode atender aos requisitos de v\u00e1rias condi\u00e7\u00f5es de estrada.<\/p>\n<p><strong>Especifica\u00e7\u00e3o da Unidade Tratora Beiben 8\u00d74<\/strong><\/p>\n<p>&nbsp;<\/p>\n<table border=\"1\" cellspacing=\"0\" cellpadding=\"0\" align=\"center\">\n<tbody>\n<tr>\n<td class=\"et3\" width=\"459\" height=\"18\">Marca<\/td>\n<td class=\"et3\" width=\"358\">cabe\u00e7a de caminh\u00e3o beiben<\/td>\n<\/tr>\n<tr>\n<td class=\"et3\" width=\"459\" height=\"18\">Dimens\u00e3o<\/td>\n<td class=\"et3\" width=\"358\">7135\u00d72495\u00d73180(mm)<\/td>\n<\/tr>\n<tr>\n<td class=\"et3\" width=\"459\" height=\"18\">\u00c2ngulo de aproxima\u00e7\u00e3o\/\u00c2ngulo de partida<\/td>\n<td class=\"et3\" width=\"358\">26\/64\u00b0<\/td>\n<\/tr>\n<tr>\n<td class=\"et3\" width=\"459\" height=\"18\">Sali\u00eancia (dianteira\/traseira)<\/td>\n<td class=\"et3\" width=\"358\">1410\/825mm<\/td>\n<\/tr>\n<tr>\n<td class=\"et3\" width=\"459\" height=\"18\">base da roda<\/td>\n<td class=\"et3\" width=\"358\">3450+1450mm<\/td>\n<\/tr>\n<tr>\n<td class=\"et3\" width=\"459\" height=\"18\">velocidade m\u00e1xima<\/td>\n<td class=\"et3\" width=\"358\">99km\/h<\/td>\n<\/tr>\n<tr>\n<td class=\"et3\" width=\"459\" height=\"18\">Bateria<\/td>\n<td class=\"et3\" width=\"358\">2X12V\/135Ah<\/td>\n<\/tr>\n<tr>\n<td class=\"et3\" width=\"459\" height=\"18\">Gerador<\/td>\n<td class=\"et3\" width=\"358\">28V-35A<\/td>\n<\/tr>\n<tr>\n<td class=\"et3\" width=\"459\" height=\"36\">Embreagem<\/td>\n<td class=\"et3\" width=\"358\">\u222e430, disco de fric\u00e7\u00e3o seco \u00fanico, refor\u00e7o hidr\u00e1ulico<\/td>\n<\/tr>\n<tr>\n<td class=\"et3\" width=\"459\" height=\"18\">Sistema de travagem<\/td>\n<td class=\"et3\" width=\"358\">Freio de servi\u00e7o, Freio auxiliar, Freio de estacionamento<\/td>\n<\/tr>\n<tr>\n<td class=\"et3\" width=\"459\" height=\"36\">Sistema de suspens\u00e3o traseira<\/td>\n<td class=\"et3\" width=\"358\">Mola de estabiliza\u00e7\u00e3o n\u00e3o livre, sistema de suspens\u00e3o de equil\u00edbrio, 13 pe\u00e7as<\/td>\n<\/tr>\n<tr>\n<td class=\"et3\" width=\"459\" height=\"54\">Sistema de suspens\u00e3o dianteira<\/td>\n<td class=\"et3\" width=\"358\">Mola de l\u00e2mina n\u00e3o livre, amortecedor telesc\u00f3pico com suspens\u00e3o de barra estabilizadora, 13 pe\u00e7as<\/td>\n<\/tr>\n<\/tbody>\n<\/table>\n<p>&nbsp;<\/p>\n<h2><strong>Nosso servi\u00e7o<\/strong><\/h2>\n<p>(1) Garantia: Cada produto \u00e9 coberto por um per\u00edodo de garantia de um ano\/2.000 horas-homem, durante o qual, se houver um defeito de material ou m\u00e3o de obra e a pe\u00e7a sobressalente estiver funcionando corretamente, repararemos ou substituiremos a pe\u00e7a defeituosa gratuitamente.<\/p>\n<p>(2) Pe\u00e7as de reposi\u00e7\u00e3o: Estamos empenhados em fornecer aos nossos clientes pe\u00e7as de reposi\u00e7\u00e3o genu\u00ednas da mais alta qualidade, ajuste preciso e fun\u00e7\u00e3o adequada.<\/p>\n<p>(3) Instala\u00e7\u00e3o e manuten\u00e7\u00e3o: Podemos fornecer a instala\u00e7\u00e3o geral de m\u00e1quinas complexas, permitindo que voc\u00ea inicie a solu\u00e7\u00e3o para a opera\u00e7\u00e3o normal de <span class=\"keywords_replace\">m\u00e1quinas de constru\u00e7\u00e3o<\/span>. Ap\u00f3s a instala\u00e7\u00e3o, inspecionaremos toda a m\u00e1quina e equipamentos operacionais e forneceremos um relat\u00f3rio de dados de teste de instala\u00e7\u00e3o e opera\u00e7\u00e3o.<\/p>\n<p>(4) Treinamento: Oferecemos instala\u00e7\u00f5es completas e um ambiente confort\u00e1vel, e podemos fornecer servi\u00e7os de treinamento para diferentes usu\u00e1rios. Os cursos de treinamento incluem treinamento de produto, treinamento de opera\u00e7\u00e3o, conhecimento de manuten\u00e7\u00e3o, treinamento de conhecimento t\u00e9cnico, padr\u00f5es, leis e regulamentos e outros treinamentos, todos adaptados de acordo com suas necessidades individuais.<\/p>","protected":false},"excerpt":{"rendered":"<p>We offer Beiben 8&#215;4 tractor units for sale. We have had great success in Senegal, Mali, Guinea, Sierra Leone, Burkina Faso, Liberia, Benin, Cameroon, Togo, and the Democratic Republic of the Congo. The Beiben 8&#215;4 tractor unit has a reliable structure, strong carrying capacity, and full kinetic energy. It is suitable for towing various semi-trailers [&hellip;]<\/p>","protected":false},"featured_media":2088,"template":"","meta":{"site-sidebar-layout":"default","site-content-layout":"default","ast-site-content-layout":"default","site-content-style":"default","site-sidebar-style":"default","ast-global-header-display":"","ast-banner-title-visibility":"","ast-main-header-display":"","ast-hfb-above-header-display":"","ast-hfb-below-header-display":"","ast-hfb-mobile-header-display":"","site-post-title":"","ast-breadcrumbs-content":"","ast-featured-img":"","footer-sml-layout":"","ast-disable-related-posts":"","theme-transparent-header-meta":"default","adv-header-id-meta":"","stick-header-meta":"","header-above-stick-meta":"","header-main-stick-meta":"","header-below-stick-meta":"","astra-migrate-meta-layouts":"default","ast-page-background-enabled":"default","ast-page-background-meta":{"desktop":{"background-color":"","background-image":"","background-repeat":"repeat","background-position":"center center","background-size":"auto","background-attachment":"scroll","background-type":"","background-media":"","overlay-type":"","overlay-color":"","overlay-opacity":"","overlay-gradient":""},"tablet":{"background-color":"","background-image":"","background-repeat":"repeat","background-position":"center center","background-size":"auto","background-attachment":"scroll","background-type":"","background-media":"","overlay-type":"","overlay-color":"","overlay-opacity":"","overlay-gradient":""},"mobile":{"background-color":"","background-image":"","background-repeat":"repeat","background-position":"center center","background-size":"auto","background-attachment":"scroll","background-type":"","background-media":"","overlay-type":"","overlay-color":"","overlay-opacity":"","overlay-gradient":""}},"ast-content-background-meta":{"desktop":{"background-color":"var(--ast-global-color-5)","background-image":"","background-repeat":"repeat","background-position":"center center","background-size":"auto","background-attachment":"scroll","background-type":"","background-media":"","overlay-type":"","overlay-color":"","overlay-opacity":"","overlay-gradient":""},"tablet":{"background-color":"var(--ast-global-color-5)","background-image":"","background-repeat":"repeat","background-position":"center center","background-size":"auto","background-attachment":"scroll","background-type":"","background-media":"","overlay-type":"","overlay-color":"","overlay-opacity":"","overlay-gradient":""},"mobile":{"background-color":"var(--ast-global-color-5)","background-image":"","background-repeat":"repeat","background-position":"center center","background-size":"auto","background-attachment":"scroll","background-type":"","background-media":"","overlay-type":"","overlay-color":"","overlay-opacity":"","overlay-gradient":""}}},"product_brand":[],"product_cat":[25],"product_tag":[],"class_list":{"0":"post-2087","1":"product","2":"type-product","3":"status-publish","4":"has-post-thumbnail","6":"product_cat-tractor-truck","7":"desktop-align-left","8":"tablet-align-left","9":"mobile-align-left","11":"first","12":"instock","13":"shipping-taxable","14":"product-type-simple"},"_links":{"self":[{"href":"https:\/\/satisfybot.com\/pt\/wp-json\/wp\/v2\/product\/2087","targetHints":{"allow":["GET"]}}],"collection":[{"href":"https:\/\/satisfybot.com\/pt\/wp-json\/wp\/v2\/product"}],"about":[{"href":"https:\/\/satisfybot.com\/pt\/wp-json\/wp\/v2\/types\/product"}],"version-history":[{"count":0,"href":"https:\/\/satisfybot.com\/pt\/wp-json\/wp\/v2\/product\/2087\/revisions"}],"wp:featuredmedia":[{"embeddable":true,"href":"https:\/\/satisfybot.com\/pt\/wp-json\/wp\/v2\/media\/2088"}],"wp:attachment":[{"href":"https:\/\/satisfybot.com\/pt\/wp-json\/wp\/v2\/media?parent=2087"}],"wp:term":[{"taxonomy":"product_brand","embeddable":true,"href":"https:\/\/satisfybot.com\/pt\/wp-json\/wp\/v2\/product_brand?post=2087"},{"taxonomy":"product_cat","embeddable":true,"href":"https:\/\/satisfybot.com\/pt\/wp-json\/wp\/v2\/product_cat?post=2087"},{"taxonomy":"product_tag","embeddable":true,"href":"https:\/\/satisfybot.com\/pt\/wp-json\/wp\/v2\/product_tag?post=2087"}],"curies":[{"name":"wp","href":"https:\/\/api.w.org\/{rel}","templated":true}]}}