{"id":2092,"date":"2023-06-25T14:05:14","date_gmt":"2023-06-25T14:05:14","guid":{"rendered":"https:\/\/satisfybot.com\/?post_type=product&#038;p=2092"},"modified":"2023-06-25T14:05:14","modified_gmt":"2023-06-25T14:05:14","slug":"beiben-8x4-tractor-unit-2","status":"publish","type":"product","link":"https:\/\/satisfybot.com\/pt\/produto\/beiben-8x4-tractor-unit-2\/","title":{"rendered":"Unidade Tratora Beiben 8\u00d74"},"content":{"rendered":"<p>Cabe\u00e7a de trator Shacman, Shaanxi Steam Dragon \u00e9 um ve\u00edculo de obriga\u00e7\u00e3o pesada de alta qualidade, \u00e9 um substituto real para produtos importados. Este manequim \u00e9 o manequim da coopera\u00e7\u00e3o t\u00e9cnica sino-alem\u00e3, o autom\u00f3vel completo \u00e9 projetado usando a empresa alem\u00e3, exibindo o estilo europeu. Conhecido como \u201cre\u00fana tecnologia alem\u00e3, informa\u00e7\u00f5es sobre a tend\u00eancia de transporte\u201d.<\/p>\n<p><img decoding=\"async\" class=\"aligncenter\" title=\"Cabe\u00e7a de Trator Shacman 2 Jpg\" src=\"https:\/\/bsg-i.nbxc.com\/product\/88\/56\/a3\/fb64b45237eb9430f24e0cc0f3.jpg\" alt=\"Shacman Tractor Head 2 Jpg\" \/><\/p>\n<p>xam\u00e3\u00a0<span class=\"keywords_replace\">caminh\u00e3o trator<\/span>\u00a0O Shaanxi Automobile Engineering Research Institute executou com efic\u00e1cia o objetivo do esbo\u00e7o leve do trator F3000 por meio de an\u00e1lises sistem\u00e1ticas. Sob as necessidades de generaliza\u00e7\u00e3o, serializa\u00e7\u00e3o e n\u00e3o mais alterando a configura\u00e7\u00e3o e estrutura exclusivas do carro, o Shaanxi Automobile Automotive Engineering Research Institute diminuiu o peso do carro por meio da otimiza\u00e7\u00e3o da topologia e avalia\u00e7\u00e3o da press\u00e3o das pe\u00e7as do autom\u00f3vel. O peso do SX4187NR361 j\u00e1 foi reduzido em 400kg, SX4257NR279 com o aux\u00edlio de 670kg e SX4257NR324 em 750kg atrav\u00e9s do ajuste estrutural das pe\u00e7as do autom\u00f3vel, o uso de novos materiais, o diagrama de correspond\u00eancia final de educa\u00e7\u00e3o de transmiss\u00e3o e a utilidade da an\u00e1lise de eletricidade CAE. Dentre eles, a demanda de mercado do trator 6\u00d74 \u00e9 a mais premente. Ao avaliar a pesagem antes e depois da transforma\u00e7\u00e3o do ve\u00edculo padr\u00e3o, o peso real do carro padr\u00e3o \u00e9 de 8,59t (com estepe e selim, cerca de 100L de combust\u00edvel), e a configura\u00e7\u00e3o geral antes do desconto de peso \u00e9 de cerca de 9,4t. O desconto de peso adequado do trator 6\u00d74 \u00e9 de 760kg.<\/p>\n<p><img decoding=\"async\" class=\"aligncenter\" title=\"cabe\u00e7a de trator shacman\" src=\"https:\/\/bsg-i.nbxc.com\/product\/ab\/ca\/fb\/7a02024740477f259fee5fb277.jpg\" alt=\"shacman tractor head\" \/><\/p>\n<p>Shacman caminh\u00e3o trator diagrama cabine alta com ar-condicionado. \u00c9 normalmente usado para transporte de longo per\u00edodo de tempo. Assento hidr\u00e1ulico importante, cabine com suspens\u00e3o hidr\u00e1ulica de quatro pontos, m\u00e1quina de janela tr\u00eamula, guia da cabine flip, ar quente di\u00e1rio, controle de eixo de crescimento, filtro de ar normal, sistema de resfriamento F3000, silenciador retangular, selim di\u00e1rio de noventa, placa de montagem plana, bateria livre de manuten\u00e7\u00e3o 165Ah, p\u00e1ra-choques met\u00e1lico, pedal articulado, logotipo SHACMAN, sinais em ingl\u00eas.<\/p>\n<p><img decoding=\"async\" class=\"aligncenter\" title=\"cabe\u00e7a de trator shacman\" src=\"https:\/\/bsg-i.nbxc.com\/product\/f1\/db\/1f\/3017c014f7b0c7ee8cf04b922f.jpg\" alt=\"shacman tractor head\" \/><\/p>\n<p><strong><u>Especifica\u00e7\u00e3o<\/u><\/strong><\/p>\n<p>&nbsp;<\/p>\n<table class=\"ke-zeroborder\" border=\"0\" width=\"577\" cellspacing=\"0\" cellpadding=\"0\">\n<tbody>\n<tr>\n<td class=\"et2\" colspan=\"2\" width=\"577\" height=\"34\">Shacman X3000 550cv\u00a0<span class=\"keywords_replace\">Caminh\u00e3o Trator 6\u00d74<\/span><\/td>\n<\/tr>\n<tr>\n<td class=\"et4\" height=\"27\">Velocidade m\u00e1xima:<\/td>\n<td class=\"et4\">110km\/h<\/td>\n<\/tr>\n<tr>\n<td class=\"et4\" height=\"27\">Capacidade de carregamento:<\/td>\n<td class=\"et4\">40000kg<\/td>\n<\/tr>\n<tr>\n<td class=\"et4\" height=\"27\">Tipo de cabine:<\/td>\n<td class=\"et4\">Alto<\/td>\n<\/tr>\n<tr>\n<td class=\"et4\" height=\"27\">Pessoas:<\/td>\n<td class=\"et4\">3<\/td>\n<\/tr>\n<tr>\n<td class=\"et4\" height=\"27\">Motor:<\/td>\n<td class=\"et4\">WeichaiWP13.550E501<\/td>\n<\/tr>\n<tr>\n<td class=\"et4\" height=\"27\">Pot\u00eancia do motor:<\/td>\n<td class=\"et4\">405kw<\/td>\n<\/tr>\n<tr>\n<td class=\"et4\" height=\"27\">Torque m\u00e1ximo:<\/td>\n<td class=\"et4\">2550N\u00b7m<\/td>\n<\/tr>\n<tr>\n<td class=\"et4\" height=\"27\">Cavalo de for\u00e7a:<\/td>\n<td class=\"et4\">550cv<\/td>\n<\/tr>\n<tr>\n<td class=\"et4\" height=\"27\">Emiss\u00e3o:<\/td>\n<td class=\"et4\">Euro 5<\/td>\n<\/tr>\n<\/tbody>\n<\/table>","protected":false},"excerpt":{"rendered":"<p>Shacman tractor head,Shaanxi Steam Dragon is a high-end heavy obligation vehicle, is a actual replacement for imported products. This mannequin is the mannequin of Sino-German technical cooperation, the complete automobile is designed by using the German man company, displaying the European style. Known as &#8220;gather German technology, information the transport trend.&#8221; Shacman\u00a0Tractor Truck\u00a0Shaanxi Automobile Engineering [&hellip;]<\/p>","protected":false},"featured_media":2095,"template":"","meta":{"site-sidebar-layout":"default","site-content-layout":"default","ast-site-content-layout":"default","site-content-style":"default","site-sidebar-style":"default","ast-global-header-display":"","ast-banner-title-visibility":"","ast-main-header-display":"","ast-hfb-above-header-display":"","ast-hfb-below-header-display":"","ast-hfb-mobile-header-display":"","site-post-title":"","ast-breadcrumbs-content":"","ast-featured-img":"","footer-sml-layout":"","ast-disable-related-posts":"","theme-transparent-header-meta":"default","adv-header-id-meta":"","stick-header-meta":"","header-above-stick-meta":"","header-main-stick-meta":"","header-below-stick-meta":"","astra-migrate-meta-layouts":"default","ast-page-background-enabled":"default","ast-page-background-meta":{"desktop":{"background-color":"","background-image":"","background-repeat":"repeat","background-position":"center center","background-size":"auto","background-attachment":"scroll","background-type":"","background-media":"","overlay-type":"","overlay-color":"","overlay-opacity":"","overlay-gradient":""},"tablet":{"background-color":"","background-image":"","background-repeat":"repeat","background-position":"center center","background-size":"auto","background-attachment":"scroll","background-type":"","background-media":"","overlay-type":"","overlay-color":"","overlay-opacity":"","overlay-gradient":""},"mobile":{"background-color":"","background-image":"","background-repeat":"repeat","background-position":"center center","background-size":"auto","background-attachment":"scroll","background-type":"","background-media":"","overlay-type":"","overlay-color":"","overlay-opacity":"","overlay-gradient":""}},"ast-content-background-meta":{"desktop":{"background-color":"var(--ast-global-color-5)","background-image":"","background-repeat":"repeat","background-position":"center center","background-size":"auto","background-attachment":"scroll","background-type":"","background-media":"","overlay-type":"","overlay-color":"","overlay-opacity":"","overlay-gradient":""},"tablet":{"background-color":"var(--ast-global-color-5)","background-image":"","background-repeat":"repeat","background-position":"center center","background-size":"auto","background-attachment":"scroll","background-type":"","background-media":"","overlay-type":"","overlay-color":"","overlay-opacity":"","overlay-gradient":""},"mobile":{"background-color":"var(--ast-global-color-5)","background-image":"","background-repeat":"repeat","background-position":"center center","background-size":"auto","background-attachment":"scroll","background-type":"","background-media":"","overlay-type":"","overlay-color":"","overlay-opacity":"","overlay-gradient":""}}},"product_brand":[],"product_cat":[25],"product_tag":[],"class_list":{"0":"post-2092","1":"product","2":"type-product","3":"status-publish","4":"has-post-thumbnail","6":"product_cat-tractor-truck","7":"desktop-align-left","8":"tablet-align-left","9":"mobile-align-left","11":"first","12":"instock","13":"shipping-taxable","14":"product-type-simple"},"_links":{"self":[{"href":"https:\/\/satisfybot.com\/pt\/wp-json\/wp\/v2\/product\/2092","targetHints":{"allow":["GET"]}}],"collection":[{"href":"https:\/\/satisfybot.com\/pt\/wp-json\/wp\/v2\/product"}],"about":[{"href":"https:\/\/satisfybot.com\/pt\/wp-json\/wp\/v2\/types\/product"}],"version-history":[{"count":0,"href":"https:\/\/satisfybot.com\/pt\/wp-json\/wp\/v2\/product\/2092\/revisions"}],"wp:featuredmedia":[{"embeddable":true,"href":"https:\/\/satisfybot.com\/pt\/wp-json\/wp\/v2\/media\/2095"}],"wp:attachment":[{"href":"https:\/\/satisfybot.com\/pt\/wp-json\/wp\/v2\/media?parent=2092"}],"wp:term":[{"taxonomy":"product_brand","embeddable":true,"href":"https:\/\/satisfybot.com\/pt\/wp-json\/wp\/v2\/product_brand?post=2092"},{"taxonomy":"product_cat","embeddable":true,"href":"https:\/\/satisfybot.com\/pt\/wp-json\/wp\/v2\/product_cat?post=2092"},{"taxonomy":"product_tag","embeddable":true,"href":"https:\/\/satisfybot.com\/pt\/wp-json\/wp\/v2\/product_tag?post=2092"}],"curies":[{"name":"wp","href":"https:\/\/api.w.org\/{rel}","templated":true}]}}