{"id":2097,"date":"2023-06-25T14:10:45","date_gmt":"2023-06-25T14:10:45","guid":{"rendered":"https:\/\/satisfybot.com\/?post_type=product&#038;p=2097"},"modified":"2023-06-25T14:14:10","modified_gmt":"2023-06-25T14:14:10","slug":"dongfeng-tractor-head","status":"publish","type":"product","link":"https:\/\/satisfybot.com\/pt\/produto\/dongfeng-tractor-head\/","title":{"rendered":"Cabe\u00e7a de Trator Dongfeng"},"content":{"rendered":"<h3 style=\"font-weight: 400; text-align: center;\">Cabe\u00e7a de Trator Dongfeng<\/h3>\n<p><img fetchpriority=\"high\" decoding=\"async\" class=\"aligncenter wp-image-2098\" src=\"https:\/\/satisfybot.com\/wp-content\/uploads\/2023\/06\/0af6af46250b108dad27858126.jpg\" alt=\"Dongfeng Tractor Head\" width=\"1200\" height=\"800\" srcset=\"https:\/\/satisfybot.com\/wp-content\/uploads\/2023\/06\/0af6af46250b108dad27858126.jpg 800w, https:\/\/satisfybot.com\/wp-content\/uploads\/2023\/06\/0af6af46250b108dad27858126-600x400.jpg 600w, https:\/\/satisfybot.com\/wp-content\/uploads\/2023\/06\/0af6af46250b108dad27858126-300x200.jpg 300w, https:\/\/satisfybot.com\/wp-content\/uploads\/2023\/06\/0af6af46250b108dad27858126-768x512.jpg 768w\" sizes=\"(max-width: 1200px) 100vw, 1200px\" \/><\/p>\n<p style=\"font-weight: 400;\">O Dongfeng Tractor Truck adota um design de mola de v\u00e1rias folhas e pode ser equipado com um motor Weichai de 300 ~ 480 hP, que pode atender essencialmente a uma variedade de necessidades automotivas.<\/p>\n<p><img decoding=\"async\" class=\"aligncenter wp-image-2100\" src=\"https:\/\/satisfybot.com\/wp-content\/uploads\/2023\/06\/9179e5a127c7baa63b6c52e842.jpg\" alt=\"Dongfeng Tractor Head\" width=\"1100\" height=\"744\" srcset=\"https:\/\/satisfybot.com\/wp-content\/uploads\/2023\/06\/9179e5a127c7baa63b6c52e842.jpg 686w, https:\/\/satisfybot.com\/wp-content\/uploads\/2023\/06\/9179e5a127c7baa63b6c52e842-600x406.jpg 600w, https:\/\/satisfybot.com\/wp-content\/uploads\/2023\/06\/9179e5a127c7baa63b6c52e842-300x203.jpg 300w\" sizes=\"(max-width: 1100px) 100vw, 1100px\" \/><\/p>\n<p><b><strong>Caracter\u00edsticas e vantagens de\u00a0<\/strong><\/b><b><strong>caminh\u00e3o trator Dongfeng<\/strong><\/b><br \/>\n1. Dongfeng Tractor Truck usa motor Weichai de alta pot\u00eancia, compressor de ar de descarga de cilindro duplo, com forte pot\u00eancia.<br \/>\n2. A cabine do Dongfeng Tractor Truck usa um novo design de cabine de estilo europeu, otimiza\u00e7\u00e3o CFD total e menor resist\u00eancia.<br \/>\n3. O eixo Hande de 7,5 toneladas e o eixo livre de manuten\u00e7\u00e3o de 13 toneladas 2.714 t\u00eam capacidade de rolamento superior ao eixo de redu\u00e7\u00e3o simples.<br \/>\n4. O caminh\u00e3o basculante Dongfeng Tractor Truck \u00e9 montado com as melhores pe\u00e7as do mundo.<\/p>\n<p><b><strong>Especifica\u00e7\u00f5es<\/strong><\/b><\/p>\n<table>\n<tbody>\n<tr>\n<td colspan=\"4\" width=\"978\">Motor<\/td>\n<\/tr>\n<tr>\n<td width=\"192\">Modelo<\/td>\n<td width=\"295\">WP10.340E32<\/td>\n<td width=\"175\">Marca<\/td>\n<td width=\"316\">caminh\u00e3o trator Dongfeng<\/td>\n<\/tr>\n<tr>\n<td width=\"192\">Emiss\u00e3o<\/td>\n<td width=\"295\">Euro II<\/td>\n<td width=\"175\">Marca do motor<\/td>\n<td width=\"316\">WEICHAI<\/td>\n<\/tr>\n<tr>\n<td width=\"192\">Tipo de combust\u00edvel<\/td>\n<td width=\"295\">Diesel<\/td>\n<td width=\"175\">Deslocamento do motor<\/td>\n<td width=\"316\">11.596 litros<\/td>\n<\/tr>\n<tr>\n<td colspan=\"4\" width=\"978\">Chassis<\/td>\n<\/tr>\n<tr>\n<td width=\"192\">eixo<\/td>\n<td width=\"295\">Eixo dianteiro MAN de 7,5 toneladas<\/td>\n<td colspan=\"2\" width=\"491\">Eixo traseiro de dupla redu\u00e7\u00e3o STR de 13 toneladas, rela\u00e7\u00e3o: 5,73<\/td>\n<\/tr>\n<tr>\n<td width=\"192\">Cabine<\/td>\n<td width=\"295\">Dongfeng caminh\u00e3o trator cabine plana, um dorminhoco, ar condicionado<\/td>\n<td width=\"175\">m\u00e1x. velocidade de corrida (km\/h)<\/td>\n<td width=\"316\">77<\/td>\n<\/tr>\n<\/tbody>\n<\/table>\n<p><b><strong>P<\/strong><\/b><b><strong>acking &amp; S<\/strong><\/b><b><strong>hipping<\/strong><\/b><\/p>\n<p><img decoding=\"async\" class=\"aligncenter wp-image-2099\" src=\"https:\/\/satisfybot.com\/wp-content\/uploads\/2023\/06\/0d9312e54956a736606398b78c-1024x418.jpg\" alt=\"Dongfeng Tractor Head\" width=\"1200\" height=\"490\" srcset=\"https:\/\/satisfybot.com\/wp-content\/uploads\/2023\/06\/0d9312e54956a736606398b78c-1024x418.jpg 1024w, https:\/\/satisfybot.com\/wp-content\/uploads\/2023\/06\/0d9312e54956a736606398b78c-600x245.jpg 600w, https:\/\/satisfybot.com\/wp-content\/uploads\/2023\/06\/0d9312e54956a736606398b78c-300x123.jpg 300w, https:\/\/satisfybot.com\/wp-content\/uploads\/2023\/06\/0d9312e54956a736606398b78c-768x314.jpg 768w, https:\/\/satisfybot.com\/wp-content\/uploads\/2023\/06\/0d9312e54956a736606398b78c.jpg 1200w\" sizes=\"(max-width: 1200px) 100vw, 1200px\" \/><\/p>\n<p><b><strong>Normalmente, nossos caminh\u00f5es basculantes podem ser transportados por ro-ro, graneleiros ou cont\u00eaineres.<\/strong><\/b><br \/>\n<b><strong>Detalhes da embalagem: Ro-Ro ou a granel em navios e portos em seu pa\u00eds. Se o caminh\u00e3o estiver no conv\u00e9s, pulverizaremos tinta antiferrugem gratuitamente. Normalmente vamos colocar o caminh\u00e3o na cabine.<\/strong><\/b><\/p>","protected":false},"excerpt":{"rendered":"<p>Dongfeng Tractor Head Dongfeng\u00a0Tractor Truck\u00a0adopts multi-leaf spring design, and can be geared up with 300~480 hP Weichai engine, which can essentially meet your a variety of automobile needs.Dongfeng Tractor Truck\u00a0vehicles bought via our enterprise now not solely consist of\u00a0Dongfeng Tractor Truck,\u00a0Dongfeng Tractor Truck\u00a0heavy-duty dump trucks, however additionally dump vans on sale. Features and advantages of\u00a0Dongfeng [&hellip;]<\/p>","protected":false},"featured_media":2101,"template":"","meta":{"site-sidebar-layout":"default","site-content-layout":"default","ast-site-content-layout":"default","site-content-style":"default","site-sidebar-style":"default","ast-global-header-display":"","ast-banner-title-visibility":"","ast-main-header-display":"","ast-hfb-above-header-display":"","ast-hfb-below-header-display":"","ast-hfb-mobile-header-display":"","site-post-title":"","ast-breadcrumbs-content":"","ast-featured-img":"","footer-sml-layout":"","ast-disable-related-posts":"","theme-transparent-header-meta":"default","adv-header-id-meta":"","stick-header-meta":"","header-above-stick-meta":"","header-main-stick-meta":"","header-below-stick-meta":"","astra-migrate-meta-layouts":"default","ast-page-background-enabled":"default","ast-page-background-meta":{"desktop":{"background-color":"","background-image":"","background-repeat":"repeat","background-position":"center center","background-size":"auto","background-attachment":"scroll","background-type":"","background-media":"","overlay-type":"","overlay-color":"","overlay-opacity":"","overlay-gradient":""},"tablet":{"background-color":"","background-image":"","background-repeat":"repeat","background-position":"center center","background-size":"auto","background-attachment":"scroll","background-type":"","background-media":"","overlay-type":"","overlay-color":"","overlay-opacity":"","overlay-gradient":""},"mobile":{"background-color":"","background-image":"","background-repeat":"repeat","background-position":"center center","background-size":"auto","background-attachment":"scroll","background-type":"","background-media":"","overlay-type":"","overlay-color":"","overlay-opacity":"","overlay-gradient":""}},"ast-content-background-meta":{"desktop":{"background-color":"var(--ast-global-color-5)","background-image":"","background-repeat":"repeat","background-position":"center center","background-size":"auto","background-attachment":"scroll","background-type":"","background-media":"","overlay-type":"","overlay-color":"","overlay-opacity":"","overlay-gradient":""},"tablet":{"background-color":"var(--ast-global-color-5)","background-image":"","background-repeat":"repeat","background-position":"center center","background-size":"auto","background-attachment":"scroll","background-type":"","background-media":"","overlay-type":"","overlay-color":"","overlay-opacity":"","overlay-gradient":""},"mobile":{"background-color":"var(--ast-global-color-5)","background-image":"","background-repeat":"repeat","background-position":"center center","background-size":"auto","background-attachment":"scroll","background-type":"","background-media":"","overlay-type":"","overlay-color":"","overlay-opacity":"","overlay-gradient":""}}},"product_brand":[],"product_cat":[25],"product_tag":[],"class_list":{"0":"post-2097","1":"product","2":"type-product","3":"status-publish","4":"has-post-thumbnail","6":"product_cat-tractor-truck","7":"desktop-align-left","8":"tablet-align-left","9":"mobile-align-left","11":"first","12":"instock","13":"shipping-taxable","14":"product-type-simple"},"_links":{"self":[{"href":"https:\/\/satisfybot.com\/pt\/wp-json\/wp\/v2\/product\/2097","targetHints":{"allow":["GET"]}}],"collection":[{"href":"https:\/\/satisfybot.com\/pt\/wp-json\/wp\/v2\/product"}],"about":[{"href":"https:\/\/satisfybot.com\/pt\/wp-json\/wp\/v2\/types\/product"}],"version-history":[{"count":0,"href":"https:\/\/satisfybot.com\/pt\/wp-json\/wp\/v2\/product\/2097\/revisions"}],"wp:featuredmedia":[{"embeddable":true,"href":"https:\/\/satisfybot.com\/pt\/wp-json\/wp\/v2\/media\/2101"}],"wp:attachment":[{"href":"https:\/\/satisfybot.com\/pt\/wp-json\/wp\/v2\/media?parent=2097"}],"wp:term":[{"taxonomy":"product_brand","embeddable":true,"href":"https:\/\/satisfybot.com\/pt\/wp-json\/wp\/v2\/product_brand?post=2097"},{"taxonomy":"product_cat","embeddable":true,"href":"https:\/\/satisfybot.com\/pt\/wp-json\/wp\/v2\/product_cat?post=2097"},{"taxonomy":"product_tag","embeddable":true,"href":"https:\/\/satisfybot.com\/pt\/wp-json\/wp\/v2\/product_tag?post=2097"}],"curies":[{"name":"wp","href":"https:\/\/api.w.org\/{rel}","templated":true}]}}