{"id":2103,"date":"2023-06-25T14:13:53","date_gmt":"2023-06-25T14:13:53","guid":{"rendered":"https:\/\/satisfybot.com\/?post_type=product&#038;p=2103"},"modified":"2023-06-25T14:13:54","modified_gmt":"2023-06-25T14:13:54","slug":"howo-371-tractor-head","status":"publish","type":"product","link":"https:\/\/satisfybot.com\/pt\/produto\/howo-371-tractor-head\/","title":{"rendered":"Cabe\u00e7a de Trator Howo 371"},"content":{"rendered":"<h2 style=\"font-weight: 400; text-align: center;\">Cabe\u00e7a de Trator Howo 371<\/h2>\n<p><img fetchpriority=\"high\" decoding=\"async\" class=\"aligncenter size-large wp-image-2104\" src=\"https:\/\/satisfybot.com\/wp-content\/uploads\/2023\/06\/ac26a15ee50077ac5847a442ae-1024x1024.webp\" alt=\"Howo 371 Tractor Head\" width=\"1024\" height=\"1024\" srcset=\"https:\/\/satisfybot.com\/wp-content\/uploads\/2023\/06\/ac26a15ee50077ac5847a442ae-1024x1024.webp 1024w, https:\/\/satisfybot.com\/wp-content\/uploads\/2023\/06\/ac26a15ee50077ac5847a442ae-300x300.webp 300w, https:\/\/satisfybot.com\/wp-content\/uploads\/2023\/06\/ac26a15ee50077ac5847a442ae-scaled-100x100.webp 100w, https:\/\/satisfybot.com\/wp-content\/uploads\/2023\/06\/ac26a15ee50077ac5847a442ae-scaled-600x600.webp 600w, https:\/\/satisfybot.com\/wp-content\/uploads\/2023\/06\/ac26a15ee50077ac5847a442ae-150x150.webp 150w, https:\/\/satisfybot.com\/wp-content\/uploads\/2023\/06\/ac26a15ee50077ac5847a442ae-768x768.webp 768w, https:\/\/satisfybot.com\/wp-content\/uploads\/2023\/06\/ac26a15ee50077ac5847a442ae-1536x1536.webp 1536w, https:\/\/satisfybot.com\/wp-content\/uploads\/2023\/06\/ac26a15ee50077ac5847a442ae-2048x2048.webp 2048w\" sizes=\"(max-width: 1024px) 100vw, 1024px\" \/><\/p>\n<p style=\"font-weight: 400;\">O Howo Truck adota um design de mola de v\u00e1rias folhas e pode ser equipado com um motor Weichai de 300 ~ 480 hP, que pode atender essencialmente \u00e0s suas v\u00e1rias necessidades automotivas.<\/p>\n<p><b><strong>Caracter\u00edsticas e vantagens do Howo Truck<\/strong><\/b><br \/>\n1. Howo Truck usa motor Weichai de alta pot\u00eancia, compressor de ar de descarga de cilindro duplo, com forte pot\u00eancia.<br \/>\n2. A cabine do Howo Truck usa um novo design de cabine de estilo europeu, otimiza\u00e7\u00e3o CFD total e menor resist\u00eancia.<br \/>\n3. O eixo Hande de 7,5 toneladas e o eixo livre de manuten\u00e7\u00e3o de 13 toneladas 2.714 t\u00eam capacidade de rolamento superior ao eixo de redu\u00e7\u00e3o simples.<br \/>\n4. Howo Truck \u00e9 montado com as melhores pe\u00e7as do mundo.<\/p>\n<p><b><strong>Especifica\u00e7\u00f5es<\/strong><\/b><\/p>\n<table>\n<tbody>\n<tr>\n<td colspan=\"4\" width=\"978\">Motor<\/td>\n<\/tr>\n<tr>\n<td width=\"192\">Modelo<\/td>\n<td width=\"295\">WP10.340E32<\/td>\n<td width=\"175\">Marca<\/td>\n<td width=\"316\">Caminh\u00e3o Howo<\/td>\n<\/tr>\n<tr>\n<td width=\"192\">Emiss\u00e3o<\/td>\n<td width=\"295\">Euro II<\/td>\n<td width=\"175\">Marca do motor<\/td>\n<td width=\"316\">WEICHAI<\/td>\n<\/tr>\n<tr>\n<td width=\"192\">Tipo de combust\u00edvel<\/td>\n<td width=\"295\">Diesel<\/td>\n<td width=\"175\">Deslocamento do motor<\/td>\n<td width=\"316\">11.596 litros<\/td>\n<\/tr>\n<tr>\n<td colspan=\"4\" width=\"978\">Chassis<\/td>\n<\/tr>\n<tr>\n<td width=\"192\">eixo<\/td>\n<td width=\"295\">Eixo dianteiro MAN de 7,5 toneladas<\/td>\n<td colspan=\"2\" width=\"491\">Eixo traseiro de dupla redu\u00e7\u00e3o STR de 13 toneladas, rela\u00e7\u00e3o: 5,73<\/td>\n<\/tr>\n<tr>\n<td width=\"192\">Cabine<\/td>\n<td width=\"295\">Howo Truck Flat Cabin, um dorminhoco, ar condicionado<\/td>\n<td width=\"175\">m\u00e1x. velocidade de corrida (km\/h)<\/td>\n<td width=\"316\">77<\/td>\n<\/tr>\n<\/tbody>\n<\/table>\n<p><b><strong>P<\/strong><\/b><b><strong>acking &amp; S<\/strong><\/b><b><strong>hipping<\/strong><\/b><\/p>\n<p><img decoding=\"async\" class=\"aligncenter size-large wp-image-2099\" src=\"https:\/\/satisfybot.com\/wp-content\/uploads\/2023\/06\/0d9312e54956a736606398b78c-1024x418.jpg\" alt=\"Dongfeng Tractor Head\" width=\"1024\" height=\"418\" srcset=\"https:\/\/satisfybot.com\/wp-content\/uploads\/2023\/06\/0d9312e54956a736606398b78c-1024x418.jpg 1024w, https:\/\/satisfybot.com\/wp-content\/uploads\/2023\/06\/0d9312e54956a736606398b78c-600x245.jpg 600w, https:\/\/satisfybot.com\/wp-content\/uploads\/2023\/06\/0d9312e54956a736606398b78c-300x123.jpg 300w, https:\/\/satisfybot.com\/wp-content\/uploads\/2023\/06\/0d9312e54956a736606398b78c-768x314.jpg 768w, https:\/\/satisfybot.com\/wp-content\/uploads\/2023\/06\/0d9312e54956a736606398b78c.jpg 1200w\" sizes=\"(max-width: 1024px) 100vw, 1024px\" \/><\/p>\n<p><b><strong>Normalmente, nossos caminh\u00f5es basculantes podem ser transportados por ro-ro, graneleiros ou cont\u00eaineres.<\/strong><\/b><br \/>\n<b><strong>Detalhes da embalagem: Ro-Ro ou a granel em navios e portos em seu pa\u00eds. Se o caminh\u00e3o estiver no conv\u00e9s, pulverizaremos tinta antiferrugem gratuitamente. Normalmente vamos colocar o caminh\u00e3o na cabine.<\/strong><\/b><\/p>","protected":false},"excerpt":{"rendered":"<p>Howo 371 Tractor Head Howo Truck adopts multi-leaf spring design, and can be geared up with 300~480 hP Weichai engine, which can essentially meet your a variety of automobile needs.Howo\u00a0vehicles bought via our enterprise now not solely consist of\u00a0Howo\u00a0tractor trucks,\u00a0Howo\u00a0trucks, however additionally\u00a0Howo Truck\u00a0vans on sale. Features and advantages of\u00a0Howo Truck 1.\u00a0Howo Truck\u00a0uses Weichai high-power engine, [&hellip;]<\/p>","protected":false},"featured_media":2105,"template":"","meta":{"site-sidebar-layout":"default","site-content-layout":"default","ast-site-content-layout":"default","site-content-style":"default","site-sidebar-style":"default","ast-global-header-display":"","ast-banner-title-visibility":"","ast-main-header-display":"","ast-hfb-above-header-display":"","ast-hfb-below-header-display":"","ast-hfb-mobile-header-display":"","site-post-title":"","ast-breadcrumbs-content":"","ast-featured-img":"","footer-sml-layout":"","ast-disable-related-posts":"","theme-transparent-header-meta":"default","adv-header-id-meta":"","stick-header-meta":"","header-above-stick-meta":"","header-main-stick-meta":"","header-below-stick-meta":"","astra-migrate-meta-layouts":"default","ast-page-background-enabled":"default","ast-page-background-meta":{"desktop":{"background-color":"","background-image":"","background-repeat":"repeat","background-position":"center center","background-size":"auto","background-attachment":"scroll","background-type":"","background-media":"","overlay-type":"","overlay-color":"","overlay-opacity":"","overlay-gradient":""},"tablet":{"background-color":"","background-image":"","background-repeat":"repeat","background-position":"center center","background-size":"auto","background-attachment":"scroll","background-type":"","background-media":"","overlay-type":"","overlay-color":"","overlay-opacity":"","overlay-gradient":""},"mobile":{"background-color":"","background-image":"","background-repeat":"repeat","background-position":"center center","background-size":"auto","background-attachment":"scroll","background-type":"","background-media":"","overlay-type":"","overlay-color":"","overlay-opacity":"","overlay-gradient":""}},"ast-content-background-meta":{"desktop":{"background-color":"var(--ast-global-color-5)","background-image":"","background-repeat":"repeat","background-position":"center center","background-size":"auto","background-attachment":"scroll","background-type":"","background-media":"","overlay-type":"","overlay-color":"","overlay-opacity":"","overlay-gradient":""},"tablet":{"background-color":"var(--ast-global-color-5)","background-image":"","background-repeat":"repeat","background-position":"center center","background-size":"auto","background-attachment":"scroll","background-type":"","background-media":"","overlay-type":"","overlay-color":"","overlay-opacity":"","overlay-gradient":""},"mobile":{"background-color":"var(--ast-global-color-5)","background-image":"","background-repeat":"repeat","background-position":"center center","background-size":"auto","background-attachment":"scroll","background-type":"","background-media":"","overlay-type":"","overlay-color":"","overlay-opacity":"","overlay-gradient":""}}},"product_brand":[],"product_cat":[25],"product_tag":[],"class_list":{"0":"post-2103","1":"product","2":"type-product","3":"status-publish","4":"has-post-thumbnail","6":"product_cat-tractor-truck","7":"desktop-align-left","8":"tablet-align-left","9":"mobile-align-left","11":"first","12":"instock","13":"shipping-taxable","14":"product-type-simple"},"_links":{"self":[{"href":"https:\/\/satisfybot.com\/pt\/wp-json\/wp\/v2\/product\/2103","targetHints":{"allow":["GET"]}}],"collection":[{"href":"https:\/\/satisfybot.com\/pt\/wp-json\/wp\/v2\/product"}],"about":[{"href":"https:\/\/satisfybot.com\/pt\/wp-json\/wp\/v2\/types\/product"}],"version-history":[{"count":0,"href":"https:\/\/satisfybot.com\/pt\/wp-json\/wp\/v2\/product\/2103\/revisions"}],"wp:featuredmedia":[{"embeddable":true,"href":"https:\/\/satisfybot.com\/pt\/wp-json\/wp\/v2\/media\/2105"}],"wp:attachment":[{"href":"https:\/\/satisfybot.com\/pt\/wp-json\/wp\/v2\/media?parent=2103"}],"wp:term":[{"taxonomy":"product_brand","embeddable":true,"href":"https:\/\/satisfybot.com\/pt\/wp-json\/wp\/v2\/product_brand?post=2103"},{"taxonomy":"product_cat","embeddable":true,"href":"https:\/\/satisfybot.com\/pt\/wp-json\/wp\/v2\/product_cat?post=2103"},{"taxonomy":"product_tag","embeddable":true,"href":"https:\/\/satisfybot.com\/pt\/wp-json\/wp\/v2\/product_tag?post=2103"}],"curies":[{"name":"wp","href":"https:\/\/api.w.org\/{rel}","templated":true}]}}