{"id":2109,"date":"2023-06-25T14:16:56","date_gmt":"2023-06-25T14:16:56","guid":{"rendered":"https:\/\/satisfybot.com\/?post_type=product&#038;p=2109"},"modified":"2023-06-25T14:17:09","modified_gmt":"2023-06-25T14:17:09","slug":"howo-a7-420-tractor-truck","status":"publish","type":"product","link":"https:\/\/satisfybot.com\/pt\/produto\/howo-a7-420-tractor-truck\/","title":{"rendered":"Caminh\u00e3o trator Howo A7 420"},"content":{"rendered":"<p>N\u00f3s fornecemos Howo A7 420\u00a0<span class=\"keywords_replace\">Caminh\u00f5es tratores \u00e0 venda<\/span>. Obtivemos grande sucesso no Senegal, Burkina Faso, Guin\u00e9, Serra Leoa, Lib\u00e9ria, Benin, Camar\u00f5es, Togo, Rep\u00fablica Democr\u00e1tica do Congo e Rep\u00fablica Democr\u00e1tica do Congo.<\/p>\n<p>O Howo A7 420\u00a0<span class=\"keywords_replace\">caminh\u00e3o trator<\/span>\u00a0\u00e9 um produto comprovado da Sinotruck, que apresenta uma estrutura confi\u00e1vel, grande capacidade de carga, excelente pot\u00eancia de 420hp e desempenho confi\u00e1vel. Este modelo pode atender aos requisitos de diferentes condi\u00e7\u00f5es de estrada. Este modelo pode satisfazer sua necessidade de transporte rodovi\u00e1rio de longa dist\u00e2ncia.<\/p>\n<h2><strong>Especifica\u00e7\u00e3o do caminh\u00e3o trator Howo A7 420<\/strong><\/h2>\n<p>&nbsp;<\/p>\n<table border=\"1\" cellspacing=\"0\" cellpadding=\"0\" align=\"center\">\n<tbody>\n<tr>\n<td class=\"et2\" width=\"235\" height=\"54\">Cabine<\/td>\n<td class=\"et3\" width=\"459\">Tipo de condu\u00e7\u00e3o 6\u00d74 LHD<\/td>\n<td class=\"et3\" width=\"358\">Cabine padr\u00e3o, com uma cama e ar condicionado, 70 \u00b0 lav\u00e1vel hidraulicamente para a frente conforme foto anexa para ref.<\/td>\n<\/tr>\n<tr>\n<td class=\"et2\" rowspan=\"3\" height=\"54\">Dimens\u00f5es principais do ve\u00edculo<\/td>\n<td class=\"et3\" width=\"459\">Dimens\u00f5es totais (C x L x A) mm<\/td>\n<td class=\"et3\" width=\"358\">6900x2500x3350<\/td>\n<\/tr>\n<tr>\n<td class=\"et3\" width=\"459\">Base da roda (mm)<\/td>\n<td class=\"et3\" width=\"358\">3200+1400<\/td>\n<\/tr>\n<tr>\n<td class=\"et3\" width=\"459\">Trilho da roda (dianteira\/traseira) (mm)<\/td>\n<td class=\"et3\" width=\"358\">2022\/1830<\/td>\n<\/tr>\n<tr>\n<td class=\"et2\" rowspan=\"4\" height=\"72\">Peso em kg<\/td>\n<td class=\"et3\" width=\"459\">Peso da Tara<\/td>\n<td class=\"et3\" width=\"358\">9210<\/td>\n<\/tr>\n<tr>\n<td class=\"et3\" width=\"459\">Capacidade de Transporte<\/td>\n<td class=\"et3\" width=\"358\">45000<\/td>\n<\/tr>\n<tr>\n<td class=\"et3\" width=\"459\">Capacidade de carga dos eixos dianteiros<\/td>\n<td class=\"et3\" width=\"358\">1&#215;9000<\/td>\n<\/tr>\n<tr>\n<td class=\"et3\" width=\"459\">Capacidade de carga dos eixos traseiros<\/td>\n<td class=\"et3\" width=\"358\">2&#215;16000<\/td>\n<\/tr>\n<tr>\n<td class=\"et2\" rowspan=\"5\" height=\"126\">Motor<\/td>\n<td class=\"et3\" width=\"459\">Marca<\/td>\n<td class=\"et3\" width=\"358\">sinotruk<\/td>\n<\/tr>\n<tr>\n<td class=\"et3\" width=\"459\">Modelo<\/td>\n<td class=\"et3\" width=\"358\">WD615.47<\/td>\n<\/tr>\n<tr>\n<td class=\"et3\" width=\"459\">Tipo<\/td>\n<td class=\"et3\" width=\"358\">Inje\u00e7\u00e3o direta de 4 tempos, 6 cilindros em linha com refrigera\u00e7\u00e3o a \u00e1gua, turboalimenta\u00e7\u00e3o e resfriamento intermedi\u00e1rio<\/td>\n<\/tr>\n<tr>\n<td class=\"et3\" width=\"459\">Cavalo de for\u00e7a (HP)<\/td>\n<td class=\"et3\" width=\"358\">371HP<\/td>\n<\/tr>\n<tr>\n<td class=\"et3\" width=\"459\">Padr\u00e3o de emiss\u00e3o<\/td>\n<td class=\"et3\" width=\"358\">Euro 2<\/td>\n<\/tr>\n<tr>\n<td class=\"et2\" height=\"18\">Caixa de velocidade<\/td>\n<td class=\"et3\" colspan=\"2\" width=\"817\">HW19710, 10 marchas \u00e0 frente e 2 marchas \u00e0 r\u00e9<\/td>\n<\/tr>\n<tr>\n<td class=\"et2\" height=\"18\">Embreagem<\/td>\n<td class=\"et3\" colspan=\"2\" width=\"817\">Embraiagem de diafragma refor\u00e7ado, di\u00e2metro 430 mm<\/td>\n<\/tr>\n<tr>\n<td class=\"et2\" height=\"18\">Caixa de dire\u00e7\u00e3o<\/td>\n<td class=\"et3\" colspan=\"2\" width=\"817\">ZF 8098, dire\u00e7\u00e3o hidr\u00e1ulica, dire\u00e7\u00e3o hidr\u00e1ulica com assist\u00eancia el\u00e9trica<\/td>\n<\/tr>\n<tr>\n<td class=\"et2\" height=\"18\">Tanque de combust\u00edvel (L)<\/td>\n<td class=\"et3\" colspan=\"2\" width=\"817\">400<\/td>\n<\/tr>\n<tr>\n<td class=\"et2\" height=\"18\">Pneu<\/td>\n<td class=\"et3\" colspan=\"2\" width=\"817\">Pneu 12R22.5 11 pe\u00e7as incluindo um pneu sobressalente,<\/td>\n<\/tr>\n<tr>\n<td class=\"et2\" height=\"18\">Freios<\/td>\n<td class=\"et3\" colspan=\"2\" width=\"817\">Freio de servi\u00e7o: freio a ar comprimido de circuito duplo<br \/>\nFreio de estacionamento: (freio de emerg\u00eancia): energia de mola, ar comprimido operando nas rodas traseiras<br \/>\nFreio auxiliar: freio de escape do motor<\/td>\n<\/tr>\n<\/tbody>\n<\/table>\n<p>&nbsp;<\/p>\n<h2><strong>Embalagem e envio<\/strong><\/h2>\n<p>1) Cera: para evitar que o corpo seja corro\u00eddo pela \u00e1gua do mar no processo de transporte, a cera \u00e9 pulverizada.<br \/>\n2) Transporte: fornecedores de frete bem conhecidos fornecem servi\u00e7os de log\u00edstica confi\u00e1veis O processo de transporte \u00e9 seguro e oportuno.<\/p>\n<p><img fetchpriority=\"high\" decoding=\"async\" class=\"aligncenter size-large wp-image-2099\" src=\"https:\/\/satisfybot.com\/wp-content\/uploads\/2023\/06\/0d9312e54956a736606398b78c-1024x418.jpg\" alt=\"Dongfeng Tractor Head\" width=\"1024\" height=\"418\" srcset=\"https:\/\/satisfybot.com\/wp-content\/uploads\/2023\/06\/0d9312e54956a736606398b78c-1024x418.jpg 1024w, https:\/\/satisfybot.com\/wp-content\/uploads\/2023\/06\/0d9312e54956a736606398b78c-600x245.jpg 600w, https:\/\/satisfybot.com\/wp-content\/uploads\/2023\/06\/0d9312e54956a736606398b78c-300x123.jpg 300w, https:\/\/satisfybot.com\/wp-content\/uploads\/2023\/06\/0d9312e54956a736606398b78c-768x314.jpg 768w, https:\/\/satisfybot.com\/wp-content\/uploads\/2023\/06\/0d9312e54956a736606398b78c.jpg 1200w\" sizes=\"(max-width: 1024px) 100vw, 1024px\" \/><\/p>\n<h2><strong>nossa vantagem<\/strong><\/h2>\n<p>1. F\u00e1brica: Temos nossa pr\u00f3pria f\u00e1brica e trabalhadores qualificados, uma equipe de design rica e experiente e um bom servi\u00e7o p\u00f3s-venda<br \/>\n2. Qualidade e Pre\u00e7o: Certifica\u00e7\u00e3o de Qualidade de Produtos SGS CCC ISO. E garantir a alta qualidade de seus produtos necess\u00e1rios. Al\u00e9m disso, conseguimos controlar o custo e economizar cada centavo para sua festa.<br \/>\n3. Personalizado: N\u00f3s podemos fornecer v\u00e1rios tipos de caminh\u00f5es e reboques especiais e v\u00e1rias m\u00e1quinas para suas escolhas. Al\u00e9m disso, podemos personaliz\u00e1-lo de acordo com seus requisitos espec\u00edficos.<\/p>\n<p>4. Experi\u00eancia: Mais de 20 anos de experi\u00eancia como fabricante.<\/p>","protected":false},"excerpt":{"rendered":"<p>We supply Howo A7 420\u00a0Tractor Trucks for Sale. We have achieved great success in Senegal, Burkina Faso, Guinea, Sierra Leone, Liberia, Benin, Cameroon, Togo, the Democratic Republic of Congo, and the Democratic Republic of Congo. The Howo A7 420\u00a0Tractor Truck\u00a0is a proven product of Sinotruck, which features a reliable structure, great loading capacity, excellent power [&hellip;]<\/p>","protected":false},"featured_media":2110,"template":"","meta":{"site-sidebar-layout":"default","site-content-layout":"default","ast-site-content-layout":"default","site-content-style":"default","site-sidebar-style":"default","ast-global-header-display":"","ast-banner-title-visibility":"","ast-main-header-display":"","ast-hfb-above-header-display":"","ast-hfb-below-header-display":"","ast-hfb-mobile-header-display":"","site-post-title":"","ast-breadcrumbs-content":"","ast-featured-img":"","footer-sml-layout":"","ast-disable-related-posts":"","theme-transparent-header-meta":"default","adv-header-id-meta":"","stick-header-meta":"","header-above-stick-meta":"","header-main-stick-meta":"","header-below-stick-meta":"","astra-migrate-meta-layouts":"default","ast-page-background-enabled":"default","ast-page-background-meta":{"desktop":{"background-color":"","background-image":"","background-repeat":"repeat","background-position":"center center","background-size":"auto","background-attachment":"scroll","background-type":"","background-media":"","overlay-type":"","overlay-color":"","overlay-opacity":"","overlay-gradient":""},"tablet":{"background-color":"","background-image":"","background-repeat":"repeat","background-position":"center center","background-size":"auto","background-attachment":"scroll","background-type":"","background-media":"","overlay-type":"","overlay-color":"","overlay-opacity":"","overlay-gradient":""},"mobile":{"background-color":"","background-image":"","background-repeat":"repeat","background-position":"center center","background-size":"auto","background-attachment":"scroll","background-type":"","background-media":"","overlay-type":"","overlay-color":"","overlay-opacity":"","overlay-gradient":""}},"ast-content-background-meta":{"desktop":{"background-color":"var(--ast-global-color-5)","background-image":"","background-repeat":"repeat","background-position":"center center","background-size":"auto","background-attachment":"scroll","background-type":"","background-media":"","overlay-type":"","overlay-color":"","overlay-opacity":"","overlay-gradient":""},"tablet":{"background-color":"var(--ast-global-color-5)","background-image":"","background-repeat":"repeat","background-position":"center center","background-size":"auto","background-attachment":"scroll","background-type":"","background-media":"","overlay-type":"","overlay-color":"","overlay-opacity":"","overlay-gradient":""},"mobile":{"background-color":"var(--ast-global-color-5)","background-image":"","background-repeat":"repeat","background-position":"center center","background-size":"auto","background-attachment":"scroll","background-type":"","background-media":"","overlay-type":"","overlay-color":"","overlay-opacity":"","overlay-gradient":""}}},"product_brand":[],"product_cat":[25],"product_tag":[],"class_list":{"0":"post-2109","1":"product","2":"type-product","3":"status-publish","4":"has-post-thumbnail","6":"product_cat-tractor-truck","7":"desktop-align-left","8":"tablet-align-left","9":"mobile-align-left","11":"first","12":"instock","13":"shipping-taxable","14":"product-type-simple"},"_links":{"self":[{"href":"https:\/\/satisfybot.com\/pt\/wp-json\/wp\/v2\/product\/2109","targetHints":{"allow":["GET"]}}],"collection":[{"href":"https:\/\/satisfybot.com\/pt\/wp-json\/wp\/v2\/product"}],"about":[{"href":"https:\/\/satisfybot.com\/pt\/wp-json\/wp\/v2\/types\/product"}],"version-history":[{"count":0,"href":"https:\/\/satisfybot.com\/pt\/wp-json\/wp\/v2\/product\/2109\/revisions"}],"wp:featuredmedia":[{"embeddable":true,"href":"https:\/\/satisfybot.com\/pt\/wp-json\/wp\/v2\/media\/2110"}],"wp:attachment":[{"href":"https:\/\/satisfybot.com\/pt\/wp-json\/wp\/v2\/media?parent=2109"}],"wp:term":[{"taxonomy":"product_brand","embeddable":true,"href":"https:\/\/satisfybot.com\/pt\/wp-json\/wp\/v2\/product_brand?post=2109"},{"taxonomy":"product_cat","embeddable":true,"href":"https:\/\/satisfybot.com\/pt\/wp-json\/wp\/v2\/product_cat?post=2109"},{"taxonomy":"product_tag","embeddable":true,"href":"https:\/\/satisfybot.com\/pt\/wp-json\/wp\/v2\/product_tag?post=2109"}],"curies":[{"name":"wp","href":"https:\/\/api.w.org\/{rel}","templated":true}]}}