{"id":2119,"date":"2023-06-25T14:24:16","date_gmt":"2023-06-25T14:24:16","guid":{"rendered":"https:\/\/satisfybot.com\/?post_type=product&#038;p=2119"},"modified":"2023-06-25T14:24:16","modified_gmt":"2023-06-25T14:24:16","slug":"howo-6x4-cargo-truck","status":"publish","type":"product","link":"https:\/\/satisfybot.com\/pt\/produto\/howo-6x4-cargo-truck\/","title":{"rendered":"Caminh\u00e3o de Carga Howo 6\u00d74"},"content":{"rendered":"<p>Somos um Howo 6\u00d74\u00a0<span class=\"keywords_replace\">Caminh\u00e3o de carga<\/span>\u00a0fabricante na China. Caminh\u00f5es, caminh\u00f5es basculantes, tratores, caminh\u00f5es betoneira, caminh\u00f5es-tanque e outros caminh\u00f5es Sinotruk est\u00e3o dispon\u00edveis para os clientes. Nossos caminh\u00f5es pesados adotam emiss\u00f5es padr\u00e3o Euro II e Euro III, alta economia de combust\u00edvel e alta confiabilidade. Temos caminh\u00f5es de carga com tra\u00e7\u00e3o 4 \u00d7 2, 6 \u00d7 4 e 8 \u00d7 4 para voc\u00ea escolher.<\/p>\n<div><img decoding=\"async\" class=\"aligncenter\" title=\"Caminh\u00e3o de Carga Howo 6x4\" src=\"https:\/\/bsg-i.nbxc.com\/product\/67\/68\/b2\/3ecf9edd394dca3b25a7357542.jpg\" alt=\"Howo 6x4 Cargo Truck\" \/><\/div>\n<p>Os caminh\u00f5es de carga Howo 6\u00d74 s\u00e3o usados principalmente para transportar mercadorias. Consiste principalmente em dois tipos: caminh\u00f5es de carga regular e caminh\u00f5es multicarga. Um caminh\u00e3o de carga comum pode ter a traseira aberta (laje) ou a traseira fechada, onde a carga \u00e9 empilhada. Caminh\u00f5es utilit\u00e1rios de carga tamb\u00e9m s\u00e3o projetados para transportar mercadorias. Geralmente tem v\u00e1rios assentos fixos ou rebat\u00edveis e pode acomodar 3 ou mais passageiros.<\/p>\n<h2><strong>Especifica\u00e7\u00e3o do Caminh\u00e3o de Carga Howo 6\u00d74<\/strong><\/h2>\n<p>&nbsp;<\/p>\n<table border=\"1\" cellspacing=\"0\" cellpadding=\"0\" align=\"center\">\n<tbody>\n<tr>\n<td class=\"et2\" width=\"217\" height=\"18\">Modelo de Caminh\u00e3o<\/td>\n<td class=\"et2\" width=\"661\">ZZ1257S4641 LHD<\/td>\n<\/tr>\n<tr>\n<td class=\"et2\" height=\"18\">Dimens\u00e3o (Lx L x A)<\/td>\n<td class=\"et2\">10350x2496x3718mm<\/td>\n<\/tr>\n<tr>\n<td class=\"et2\" height=\"18\">Carga de dimens\u00e3o externa<\/td>\n<td class=\"et2\">7500x2300x1400mm<\/td>\n<\/tr>\n<tr>\n<td class=\"et2\" height=\"18\">carga dentro da dimens\u00e3o<\/td>\n<td class=\"et2\">7400x2300x(800+600)mm<\/td>\n<\/tr>\n<tr>\n<td class=\"et2\" height=\"18\">Espessura da carga (mm)<\/td>\n<td class=\"et2\">Inferior:3mm, Lado:1,5mm, a placa do corpo destac\u00e1vel<\/td>\n<\/tr>\n<tr>\n<td class=\"et2\" height=\"18\">Base da roda (mm)<\/td>\n<td class=\"et2\">4600+1350<\/td>\n<\/tr>\n<tr>\n<td class=\"et2\" height=\"18\">Velocidade m\u00e1xima (km\/h)<\/td>\n<td class=\"et2\">902<\/td>\n<\/tr>\n<tr>\n<td class=\"et2\" height=\"18\">Peso de Carregamento (kg)<\/td>\n<td class=\"et2\">24m3<\/td>\n<\/tr>\n<tr>\n<td class=\"et2\" height=\"18\">Modelo<\/td>\n<td class=\"et2\">WD615.47,resfriado a \u00e1gua,quatro tempos,6 cilindros em linha com resfriamento a \u00e1gua,<\/td>\n<\/tr>\n<tr>\n<td class=\"et2\" height=\"18\">Tipo de combust\u00edvel<\/td>\n<td class=\"et2\">Diesel<\/td>\n<\/tr>\n<tr>\n<td class=\"et2\" height=\"18\">Horse Power<\/td>\n<td class=\"et2\">371cv<\/td>\n<\/tr>\n<tr>\n<td class=\"et2\" height=\"18\">Emiss\u00e3o<\/td>\n<td class=\"et2\">Euro2<\/td>\n<\/tr>\n<tr>\n<td class=\"et2\" height=\"18\">Capacidade do tanque de combust\u00edvel (L)<\/td>\n<td class=\"et2\">300<\/td>\n<\/tr>\n<tr>\n<td class=\"et2\" height=\"18\">Transmiss\u00e3o<\/td>\n<td class=\"et2\">HW19710<\/td>\n<\/tr>\n<tr>\n<td class=\"et2\" height=\"18\">Sistema de travagem<\/td>\n<td class=\"et2\">sistema de travagem<\/td>\n<\/tr>\n<tr>\n<td class=\"et2\" height=\"18\">Sistema de dire\u00e7\u00e3o<\/td>\n<td class=\"et2\">ZF8118, energia de mola, ar comprimido operando nas rodas traseiras<\/td>\n<\/tr>\n<tr>\n<td class=\"et2\" height=\"18\">Eixo dianteiro<\/td>\n<td class=\"et2\">Tipo de tambor HF9, dire\u00e7\u00e3o com feixe de se\u00e7\u00e3o transversal em T duplo<\/td>\n<\/tr>\n<tr>\n<td class=\"et2\" height=\"18\">Eixo traseiro<\/td>\n<td class=\"et2\">HC16<\/td>\n<\/tr>\n<tr>\n<td class=\"et2\" height=\"18\">Cor<\/td>\n<td class=\"et2\">Cor conforme a exig\u00eancia do cliente<\/td>\n<\/tr>\n<tr>\n<td class=\"et2\" height=\"18\">Pneu<\/td>\n<td class=\"et2\">1200R20 TR668 10+1<\/td>\n<\/tr>\n<tr>\n<td class=\"et2\" height=\"18\">Sistema el\u00e9trico<\/td>\n<td class=\"et2\">2X12V\/165Ah,28V-1500kw,7,5Kw\/24V<\/td>\n<\/tr>\n<\/tbody>\n<\/table>\n<p>&nbsp;<\/p>\n<h2><strong>Embalagem e envio<\/strong><\/h2>\n<p>Temos uma linha de transporte madura, que pode ser transportada para o destino por reboque, ferrovia e transporte mar\u00edtimo.<\/p>\n<p><img fetchpriority=\"high\" decoding=\"async\" class=\"aligncenter size-large wp-image-2099\" src=\"https:\/\/satisfybot.com\/wp-content\/uploads\/2023\/06\/0d9312e54956a736606398b78c-1024x418.jpg\" alt=\"Dongfeng Tractor Head\" width=\"1024\" height=\"418\" srcset=\"https:\/\/satisfybot.com\/wp-content\/uploads\/2023\/06\/0d9312e54956a736606398b78c-1024x418.jpg 1024w, https:\/\/satisfybot.com\/wp-content\/uploads\/2023\/06\/0d9312e54956a736606398b78c-600x245.jpg 600w, https:\/\/satisfybot.com\/wp-content\/uploads\/2023\/06\/0d9312e54956a736606398b78c-300x123.jpg 300w, https:\/\/satisfybot.com\/wp-content\/uploads\/2023\/06\/0d9312e54956a736606398b78c-768x314.jpg 768w, https:\/\/satisfybot.com\/wp-content\/uploads\/2023\/06\/0d9312e54956a736606398b78c.jpg 1200w\" sizes=\"(max-width: 1024px) 100vw, 1024px\" \/><\/p>","protected":false},"excerpt":{"rendered":"<p>We are a Howo 6&#215;4\u00a0Cargo Truck\u00a0manufacturer in China. Trucks, dump trucks, tractors, concrete mixer trucks, tank trucks, and other Sinotruk trucks are available for customers. Our heavy-duty trucks adopt Euro II and Euro III standard emissions, high fuel economy, and high reliability. We have 4&#215;2, 6&#215;4, and 8&#215;4 drive cargo trucks for you to choose [&hellip;]<\/p>","protected":false},"featured_media":2123,"template":"","meta":{"site-sidebar-layout":"default","site-content-layout":"default","ast-site-content-layout":"default","site-content-style":"default","site-sidebar-style":"default","ast-global-header-display":"","ast-banner-title-visibility":"","ast-main-header-display":"","ast-hfb-above-header-display":"","ast-hfb-below-header-display":"","ast-hfb-mobile-header-display":"","site-post-title":"","ast-breadcrumbs-content":"","ast-featured-img":"","footer-sml-layout":"","ast-disable-related-posts":"","theme-transparent-header-meta":"default","adv-header-id-meta":"","stick-header-meta":"","header-above-stick-meta":"","header-main-stick-meta":"","header-below-stick-meta":"","astra-migrate-meta-layouts":"default","ast-page-background-enabled":"default","ast-page-background-meta":{"desktop":{"background-color":"","background-image":"","background-repeat":"repeat","background-position":"center center","background-size":"auto","background-attachment":"scroll","background-type":"","background-media":"","overlay-type":"","overlay-color":"","overlay-opacity":"","overlay-gradient":""},"tablet":{"background-color":"","background-image":"","background-repeat":"repeat","background-position":"center center","background-size":"auto","background-attachment":"scroll","background-type":"","background-media":"","overlay-type":"","overlay-color":"","overlay-opacity":"","overlay-gradient":""},"mobile":{"background-color":"","background-image":"","background-repeat":"repeat","background-position":"center center","background-size":"auto","background-attachment":"scroll","background-type":"","background-media":"","overlay-type":"","overlay-color":"","overlay-opacity":"","overlay-gradient":""}},"ast-content-background-meta":{"desktop":{"background-color":"var(--ast-global-color-5)","background-image":"","background-repeat":"repeat","background-position":"center center","background-size":"auto","background-attachment":"scroll","background-type":"","background-media":"","overlay-type":"","overlay-color":"","overlay-opacity":"","overlay-gradient":""},"tablet":{"background-color":"var(--ast-global-color-5)","background-image":"","background-repeat":"repeat","background-position":"center center","background-size":"auto","background-attachment":"scroll","background-type":"","background-media":"","overlay-type":"","overlay-color":"","overlay-opacity":"","overlay-gradient":""},"mobile":{"background-color":"var(--ast-global-color-5)","background-image":"","background-repeat":"repeat","background-position":"center center","background-size":"auto","background-attachment":"scroll","background-type":"","background-media":"","overlay-type":"","overlay-color":"","overlay-opacity":"","overlay-gradient":""}}},"product_brand":[],"product_cat":[26],"product_tag":[],"class_list":{"0":"post-2119","1":"product","2":"type-product","3":"status-publish","4":"has-post-thumbnail","6":"product_cat-cargo-truck","7":"desktop-align-left","8":"tablet-align-left","9":"mobile-align-left","11":"first","12":"instock","13":"shipping-taxable","14":"product-type-simple"},"_links":{"self":[{"href":"https:\/\/satisfybot.com\/pt\/wp-json\/wp\/v2\/product\/2119","targetHints":{"allow":["GET"]}}],"collection":[{"href":"https:\/\/satisfybot.com\/pt\/wp-json\/wp\/v2\/product"}],"about":[{"href":"https:\/\/satisfybot.com\/pt\/wp-json\/wp\/v2\/types\/product"}],"version-history":[{"count":0,"href":"https:\/\/satisfybot.com\/pt\/wp-json\/wp\/v2\/product\/2119\/revisions"}],"wp:featuredmedia":[{"embeddable":true,"href":"https:\/\/satisfybot.com\/pt\/wp-json\/wp\/v2\/media\/2123"}],"wp:attachment":[{"href":"https:\/\/satisfybot.com\/pt\/wp-json\/wp\/v2\/media?parent=2119"}],"wp:term":[{"taxonomy":"product_brand","embeddable":true,"href":"https:\/\/satisfybot.com\/pt\/wp-json\/wp\/v2\/product_brand?post=2119"},{"taxonomy":"product_cat","embeddable":true,"href":"https:\/\/satisfybot.com\/pt\/wp-json\/wp\/v2\/product_cat?post=2119"},{"taxonomy":"product_tag","embeddable":true,"href":"https:\/\/satisfybot.com\/pt\/wp-json\/wp\/v2\/product_tag?post=2119"}],"curies":[{"name":"wp","href":"https:\/\/api.w.org\/{rel}","templated":true}]}}