{"id":2124,"date":"2023-06-25T14:29:44","date_gmt":"2023-06-25T14:29:44","guid":{"rendered":"https:\/\/satisfybot.com\/?post_type=product&#038;p=2124"},"modified":"2023-06-25T14:29:45","modified_gmt":"2023-06-25T14:29:45","slug":"3-axles-side-wall-grain-farm-fence-trailer","status":"publish","type":"product","link":"https:\/\/satisfybot.com\/pt\/produto\/3-axles-side-wall-grain-farm-fence-trailer\/","title":{"rendered":"Reboque cerca de fazenda de gr\u00e3os de parede lateral de 3 eixos"},"content":{"rendered":"<p><strong>3 eixos 40T 60T Reboque de cerca de fazenda de gr\u00e3os com parede lateral rebaixada<\/strong><\/p>\n<p><strong>Descri\u00e7\u00e3o do produto:<\/strong><\/p>\n<p>Os reboques de transporte de gr\u00e3os s\u00e3o reboques usados para transportar mercadorias a granel, como gr\u00e3os que s\u00e3o puxados por caminh\u00f5es tratores. Esses reboques s\u00e3o amplamente utilizados em toda a \u00c1frica para transportar produtos agr\u00edcolas e quaisquer outras mercadorias que possam ser transportadas e manuseadas a granel por reboques. Chengda a viga \u00e9 de a\u00e7o estrutural de alta resist\u00eancia Q345B, a viga transversal \u00e9 automaticamente soldada a arco submerso e a estrutura da viga longitudinal principal tem o melhor efeito de rolamento. E fornecemos eixos e sistemas de suspens\u00e3o de marcas conhecidas, de alto desempenho e uso confi\u00e1vel, garantindo o bom desempenho de todo o ve\u00edculo.<\/p>\n<p>Reboques de cerca 40T de 3 eixos com cerca alta (abaixo)<\/p>\n<p><img fetchpriority=\"high\" decoding=\"async\" class=\"aligncenter size-full wp-image-2128\" src=\"https:\/\/satisfybot.com\/wp-content\/uploads\/2023\/06\/4283bc1a34bc8f0218f6273f69.jpg\" alt=\"Advantages:1. The frame body is Q345B high-strength structural steel, the cross-beam is automatically submerged arc welding, and the main longitudinal beam structure has the best bearing effect.2. Well-known brand axles and suspension systems, high performance and reliable use, guarantee the good performance of the whole vehicle.3. The trailers floor is checker plate, this will keep the other bulk cargo more stable, like the bags, or long stuff.4. We offer Fence trailers with various customization options.Specification:Overall dimension 11500*2500*3600mmLoading capacity 40TTyre and quantity 12R22.5 12setsLanding gear 28TPlatform plate 3mm Checkered steel plateBrake system Dual Line braking system ,none ABS.Brake air chamber Four double and two single chamberPacking and Delievery:We provide Roro shipment and Bulk shipment, anyone you can choose.\" width=\"1000\" height=\"1000\" srcset=\"https:\/\/satisfybot.com\/wp-content\/uploads\/2023\/06\/4283bc1a34bc8f0218f6273f69.jpg 1000w, https:\/\/satisfybot.com\/wp-content\/uploads\/2023\/06\/4283bc1a34bc8f0218f6273f69-300x300.jpg 300w, https:\/\/satisfybot.com\/wp-content\/uploads\/2023\/06\/4283bc1a34bc8f0218f6273f69-100x100.jpg 100w, https:\/\/satisfybot.com\/wp-content\/uploads\/2023\/06\/4283bc1a34bc8f0218f6273f69-600x600.jpg 600w, https:\/\/satisfybot.com\/wp-content\/uploads\/2023\/06\/4283bc1a34bc8f0218f6273f69-150x150.jpg 150w, https:\/\/satisfybot.com\/wp-content\/uploads\/2023\/06\/4283bc1a34bc8f0218f6273f69-768x768.jpg 768w\" sizes=\"(max-width: 1000px) 100vw, 1000px\" \/><\/p>\n<p><strong>Vantagens:<\/strong><br \/>\n1. O corpo da estrutura \u00e9 de a\u00e7o estrutural de alta resist\u00eancia Q345B, a viga transversal \u00e9 automaticamente soldada a arco submerso e a estrutura da viga longitudinal principal tem o melhor efeito de rolamento.<br \/>\n2. Eixos e sistemas de suspens\u00e3o de marcas conhecidas, alto desempenho e uso confi\u00e1vel, garantem o bom desempenho de todo o ve\u00edculo.<\/p>\n<p>3. O piso do reboque \u00e9 xadrez, isso manter\u00e1 a outra carga a granel mais est\u00e1vel, como as malas ou coisas longas.<br \/>\n4. Oferecemos reboques de veda\u00e7\u00e3o com v\u00e1rias op\u00e7\u00f5es de personaliza\u00e7\u00e3o.<\/p>\n<p><strong>Especifica\u00e7\u00e3o:<\/strong><\/p>\n<p>Dimens\u00e3o total 11500*2500*3600mm<br \/>\nCapacidade de carga 40T<br \/>\nPneu e quantidade 12R22.5 12conjuntos<\/p>\n<p>Trem de pouso 28T<br \/>\nPlaca de plataforma 3mm Chapa de a\u00e7o quadriculada<br \/>\nSistema de freio Sistema de freio Dual Line, nenhum ABS.<\/p>\n<p>C\u00e2mara de ar do freio Quatro c\u00e2maras duplas e duas simples<\/p>\n<p><strong>Embalagem e entrega:<\/strong><\/p>\n<p>N\u00f3s fornecemos remessa Roro e remessa a granel, qualquer pessoa que voc\u00ea escolher.<\/p>\n<p><img decoding=\"async\" class=\"aligncenter size-large wp-image-2099\" src=\"https:\/\/satisfybot.com\/wp-content\/uploads\/2023\/06\/0d9312e54956a736606398b78c-1024x418.jpg\" alt=\"Dongfeng Tractor Head\" width=\"1024\" height=\"418\" srcset=\"https:\/\/satisfybot.com\/wp-content\/uploads\/2023\/06\/0d9312e54956a736606398b78c-1024x418.jpg 1024w, https:\/\/satisfybot.com\/wp-content\/uploads\/2023\/06\/0d9312e54956a736606398b78c-600x245.jpg 600w, https:\/\/satisfybot.com\/wp-content\/uploads\/2023\/06\/0d9312e54956a736606398b78c-300x123.jpg 300w, https:\/\/satisfybot.com\/wp-content\/uploads\/2023\/06\/0d9312e54956a736606398b78c-768x314.jpg 768w, https:\/\/satisfybot.com\/wp-content\/uploads\/2023\/06\/0d9312e54956a736606398b78c.jpg 1200w\" sizes=\"(max-width: 1024px) 100vw, 1024px\" \/><\/p>","protected":false},"excerpt":{"rendered":"<p>3 Axles 40T 60T Drop Side Wall Grain Farm Fence Trailer Product Description: Grain transport trailers are trailers used to transport bulk commodities such as grains that are pulled by truck tractors. These trailers are widely used throughout Africa to transport agricultural products and any other commodities that can be transported and handled in bulk [&hellip;]<\/p>","protected":false},"featured_media":2125,"template":"","meta":{"site-sidebar-layout":"default","site-content-layout":"default","ast-site-content-layout":"default","site-content-style":"default","site-sidebar-style":"default","ast-global-header-display":"","ast-banner-title-visibility":"","ast-main-header-display":"","ast-hfb-above-header-display":"","ast-hfb-below-header-display":"","ast-hfb-mobile-header-display":"","site-post-title":"","ast-breadcrumbs-content":"","ast-featured-img":"","footer-sml-layout":"","ast-disable-related-posts":"","theme-transparent-header-meta":"default","adv-header-id-meta":"","stick-header-meta":"","header-above-stick-meta":"","header-main-stick-meta":"","header-below-stick-meta":"","astra-migrate-meta-layouts":"default","ast-page-background-enabled":"default","ast-page-background-meta":{"desktop":{"background-color":"","background-image":"","background-repeat":"repeat","background-position":"center center","background-size":"auto","background-attachment":"scroll","background-type":"","background-media":"","overlay-type":"","overlay-color":"","overlay-opacity":"","overlay-gradient":""},"tablet":{"background-color":"","background-image":"","background-repeat":"repeat","background-position":"center center","background-size":"auto","background-attachment":"scroll","background-type":"","background-media":"","overlay-type":"","overlay-color":"","overlay-opacity":"","overlay-gradient":""},"mobile":{"background-color":"","background-image":"","background-repeat":"repeat","background-position":"center center","background-size":"auto","background-attachment":"scroll","background-type":"","background-media":"","overlay-type":"","overlay-color":"","overlay-opacity":"","overlay-gradient":""}},"ast-content-background-meta":{"desktop":{"background-color":"var(--ast-global-color-5)","background-image":"","background-repeat":"repeat","background-position":"center center","background-size":"auto","background-attachment":"scroll","background-type":"","background-media":"","overlay-type":"","overlay-color":"","overlay-opacity":"","overlay-gradient":""},"tablet":{"background-color":"var(--ast-global-color-5)","background-image":"","background-repeat":"repeat","background-position":"center center","background-size":"auto","background-attachment":"scroll","background-type":"","background-media":"","overlay-type":"","overlay-color":"","overlay-opacity":"","overlay-gradient":""},"mobile":{"background-color":"var(--ast-global-color-5)","background-image":"","background-repeat":"repeat","background-position":"center center","background-size":"auto","background-attachment":"scroll","background-type":"","background-media":"","overlay-type":"","overlay-color":"","overlay-opacity":"","overlay-gradient":""}}},"product_brand":[],"product_cat":[26],"product_tag":[],"class_list":{"0":"post-2124","1":"product","2":"type-product","3":"status-publish","4":"has-post-thumbnail","6":"product_cat-cargo-truck","7":"desktop-align-left","8":"tablet-align-left","9":"mobile-align-left","11":"first","12":"instock","13":"shipping-taxable","14":"product-type-simple"},"_links":{"self":[{"href":"https:\/\/satisfybot.com\/pt\/wp-json\/wp\/v2\/product\/2124","targetHints":{"allow":["GET"]}}],"collection":[{"href":"https:\/\/satisfybot.com\/pt\/wp-json\/wp\/v2\/product"}],"about":[{"href":"https:\/\/satisfybot.com\/pt\/wp-json\/wp\/v2\/types\/product"}],"version-history":[{"count":0,"href":"https:\/\/satisfybot.com\/pt\/wp-json\/wp\/v2\/product\/2124\/revisions"}],"wp:featuredmedia":[{"embeddable":true,"href":"https:\/\/satisfybot.com\/pt\/wp-json\/wp\/v2\/media\/2125"}],"wp:attachment":[{"href":"https:\/\/satisfybot.com\/pt\/wp-json\/wp\/v2\/media?parent=2124"}],"wp:term":[{"taxonomy":"product_brand","embeddable":true,"href":"https:\/\/satisfybot.com\/pt\/wp-json\/wp\/v2\/product_brand?post=2124"},{"taxonomy":"product_cat","embeddable":true,"href":"https:\/\/satisfybot.com\/pt\/wp-json\/wp\/v2\/product_cat?post=2124"},{"taxonomy":"product_tag","embeddable":true,"href":"https:\/\/satisfybot.com\/pt\/wp-json\/wp\/v2\/product_tag?post=2124"}],"curies":[{"name":"wp","href":"https:\/\/api.w.org\/{rel}","templated":true}]}}