{"id":2129,"date":"2023-06-25T14:42:27","date_gmt":"2023-06-25T14:42:27","guid":{"rendered":"https:\/\/satisfybot.com\/?post_type=product&#038;p=2129"},"modified":"2023-06-25T14:42:27","modified_gmt":"2023-06-25T14:42:27","slug":"sinotruk-howo-6x4-diesel-engine-cargo-truck","status":"publish","type":"product","link":"https:\/\/satisfybot.com\/pt\/produto\/sinotruk-howo-6x4-diesel-engine-cargo-truck\/","title":{"rendered":"Caminh\u00e3o de carga com motor diesel Sinotruk Howo 6X4"},"content":{"rendered":"<h2>Caminh\u00e3o de carga Sinotruk Howo 6\u00d74 com motor a diesel<\/h2>\n<p>O caminh\u00e3o HOWO \u00e9 um produto muito pr\u00e1tico. Pode personalizar o tamanho do balde de acordo com as diferentes necessidades de transporte dos clientes. Al\u00e9m de transportar mercadorias leves, mercadorias de cont\u00eaineres, tamb\u00e9m pode transportar todos os tipos de aves. Pre\u00e7o razo\u00e1vel e garantia de qualidade.<\/p>\n<p>N\u00e3o fornecemos apenas caminh\u00f5es, tamb\u00e9m temos f\u00e1bricas de reboques. N\u00e3o s\u00f3 Full Trailer, mas tamb\u00e9m tem todos os tipos de semi-reboque. Tal como o reboque de tanque de combust\u00edvel de 3 eixos, o mais popular no Malawi, o semi-reboque de plataforma plana de 3 eixos est\u00e1 \u00e0 venda na Tanz\u00e2nia. E outros produtos de venda quente, como reboque de cimento a granel, reboque de tanque de \u00e1gua, semi-reboque de plataforma baixa, etc.<\/p>\n<p><img fetchpriority=\"high\" decoding=\"async\" class=\"aligncenter size-full wp-image-2137\" src=\"https:\/\/satisfybot.com\/wp-content\/uploads\/2023\/06\/6d943e5830fcf80afe74b30067.jpg@4e_500w_500h.src_watermark2textd3d3LmNoZW5nZGFzZW1pdHJhaWxlci5jb20t75colorI0ZGRkZGRgsize19p9_95Q.jpg\" alt=\"\" width=\"500\" height=\"500\" srcset=\"https:\/\/satisfybot.com\/wp-content\/uploads\/2023\/06\/6d943e5830fcf80afe74b30067.jpg@4e_500w_500h.src_watermark2textd3d3LmNoZW5nZGFzZW1pdHJhaWxlci5jb20t75colorI0ZGRkZGRgsize19p9_95Q.jpg 500w, https:\/\/satisfybot.com\/wp-content\/uploads\/2023\/06\/6d943e5830fcf80afe74b30067.jpg@4e_500w_500h.src_watermark2textd3d3LmNoZW5nZGFzZW1pdHJhaWxlci5jb20t75colorI0ZGRkZGRgsize19p9_95Q-300x300.jpg 300w, https:\/\/satisfybot.com\/wp-content\/uploads\/2023\/06\/6d943e5830fcf80afe74b30067.jpg@4e_500w_500h.src_watermark2textd3d3LmNoZW5nZGFzZW1pdHJhaWxlci5jb20t75colorI0ZGRkZGRgsize19p9_95Q-100x100.jpg 100w, https:\/\/satisfybot.com\/wp-content\/uploads\/2023\/06\/6d943e5830fcf80afe74b30067.jpg@4e_500w_500h.src_watermark2textd3d3LmNoZW5nZGFzZW1pdHJhaWxlci5jb20t75colorI0ZGRkZGRgsize19p9_95Q-150x150.jpg 150w\" sizes=\"(max-width: 500px) 100vw, 500px\" \/><\/p>\n<h2>Embalagem:<\/h2>\n<p class=\"p\">1. Container: que \u00e9 mais barato e r\u00e1pido, mas n\u00e3o est\u00e1 dispon\u00edvel para basculantes 8*4<\/p>\n<p class=\"p\">2. Navio de carga a granel: o que \u00e9 melhor para equipamentos de constru\u00e7\u00e3o maiores<br \/>\n3. Navio de rack plano: o que \u00e9 melhor para m\u00e1quinas maiores e tamb\u00e9m n\u00e3o h\u00e1 necessidade de desmontar<br \/>\n4.RO RO navio: o que \u00e9 bom para cada m\u00e1quina e mais r\u00e1pido.<br \/>\nVoc\u00ea pode depender de suas pr\u00f3prias necessidades para escolher um favorito.<br \/>\nEntrega: Em at\u00e9 7 dias \u00fateis ap\u00f3s a confirma\u00e7\u00e3o<\/p>\n<p><img decoding=\"async\" class=\"aligncenter size-large wp-image-2048\" src=\"https:\/\/satisfybot.com\/wp-content\/uploads\/2023\/06\/Sinotruk-Heavy-Dump-Truck-4-1024x537.png\" alt=\"Sinotruk Heavy Dump Truck\" width=\"1024\" height=\"537\" srcset=\"https:\/\/satisfybot.com\/wp-content\/uploads\/2023\/06\/Sinotruk-Heavy-Dump-Truck-4-1024x537.png 1024w, https:\/\/satisfybot.com\/wp-content\/uploads\/2023\/06\/Sinotruk-Heavy-Dump-Truck-4-600x315.png 600w, https:\/\/satisfybot.com\/wp-content\/uploads\/2023\/06\/Sinotruk-Heavy-Dump-Truck-4-300x157.png 300w, https:\/\/satisfybot.com\/wp-content\/uploads\/2023\/06\/Sinotruk-Heavy-Dump-Truck-4-768x403.png 768w, https:\/\/satisfybot.com\/wp-content\/uploads\/2023\/06\/Sinotruk-Heavy-Dump-Truck-4.png 1228w\" sizes=\"(max-width: 1024px) 100vw, 1024px\" \/><\/p>\n<p>&nbsp;<\/p>","protected":false},"excerpt":{"rendered":"<p>Sinotruk Howo 6&#215;4 Diesel Engine Cargo Truck HOWO truck is a very practical product. It can customize the size of the bucket according to the different transportation needs of customers. In addition to carrying light goods, container goods, it can also carry all kinds of poultry. Reasonable price and quality assurance. We not only provide [&hellip;]<\/p>","protected":false},"featured_media":2122,"template":"","meta":{"site-sidebar-layout":"default","site-content-layout":"default","ast-site-content-layout":"default","site-content-style":"default","site-sidebar-style":"default","ast-global-header-display":"","ast-banner-title-visibility":"","ast-main-header-display":"","ast-hfb-above-header-display":"","ast-hfb-below-header-display":"","ast-hfb-mobile-header-display":"","site-post-title":"","ast-breadcrumbs-content":"","ast-featured-img":"","footer-sml-layout":"","ast-disable-related-posts":"","theme-transparent-header-meta":"default","adv-header-id-meta":"","stick-header-meta":"","header-above-stick-meta":"","header-main-stick-meta":"","header-below-stick-meta":"","astra-migrate-meta-layouts":"default","ast-page-background-enabled":"default","ast-page-background-meta":{"desktop":{"background-color":"","background-image":"","background-repeat":"repeat","background-position":"center center","background-size":"auto","background-attachment":"scroll","background-type":"","background-media":"","overlay-type":"","overlay-color":"","overlay-opacity":"","overlay-gradient":""},"tablet":{"background-color":"","background-image":"","background-repeat":"repeat","background-position":"center center","background-size":"auto","background-attachment":"scroll","background-type":"","background-media":"","overlay-type":"","overlay-color":"","overlay-opacity":"","overlay-gradient":""},"mobile":{"background-color":"","background-image":"","background-repeat":"repeat","background-position":"center center","background-size":"auto","background-attachment":"scroll","background-type":"","background-media":"","overlay-type":"","overlay-color":"","overlay-opacity":"","overlay-gradient":""}},"ast-content-background-meta":{"desktop":{"background-color":"var(--ast-global-color-5)","background-image":"","background-repeat":"repeat","background-position":"center center","background-size":"auto","background-attachment":"scroll","background-type":"","background-media":"","overlay-type":"","overlay-color":"","overlay-opacity":"","overlay-gradient":""},"tablet":{"background-color":"var(--ast-global-color-5)","background-image":"","background-repeat":"repeat","background-position":"center center","background-size":"auto","background-attachment":"scroll","background-type":"","background-media":"","overlay-type":"","overlay-color":"","overlay-opacity":"","overlay-gradient":""},"mobile":{"background-color":"var(--ast-global-color-5)","background-image":"","background-repeat":"repeat","background-position":"center center","background-size":"auto","background-attachment":"scroll","background-type":"","background-media":"","overlay-type":"","overlay-color":"","overlay-opacity":"","overlay-gradient":""}}},"product_brand":[],"product_cat":[26],"product_tag":[],"class_list":{"0":"post-2129","1":"product","2":"type-product","3":"status-publish","4":"has-post-thumbnail","6":"product_cat-cargo-truck","7":"desktop-align-left","8":"tablet-align-left","9":"mobile-align-left","11":"first","12":"instock","13":"shipping-taxable","14":"product-type-simple"},"_links":{"self":[{"href":"https:\/\/satisfybot.com\/pt\/wp-json\/wp\/v2\/product\/2129","targetHints":{"allow":["GET"]}}],"collection":[{"href":"https:\/\/satisfybot.com\/pt\/wp-json\/wp\/v2\/product"}],"about":[{"href":"https:\/\/satisfybot.com\/pt\/wp-json\/wp\/v2\/types\/product"}],"version-history":[{"count":0,"href":"https:\/\/satisfybot.com\/pt\/wp-json\/wp\/v2\/product\/2129\/revisions"}],"wp:featuredmedia":[{"embeddable":true,"href":"https:\/\/satisfybot.com\/pt\/wp-json\/wp\/v2\/media\/2122"}],"wp:attachment":[{"href":"https:\/\/satisfybot.com\/pt\/wp-json\/wp\/v2\/media?parent=2129"}],"wp:term":[{"taxonomy":"product_brand","embeddable":true,"href":"https:\/\/satisfybot.com\/pt\/wp-json\/wp\/v2\/product_brand?post=2129"},{"taxonomy":"product_cat","embeddable":true,"href":"https:\/\/satisfybot.com\/pt\/wp-json\/wp\/v2\/product_cat?post=2129"},{"taxonomy":"product_tag","embeddable":true,"href":"https:\/\/satisfybot.com\/pt\/wp-json\/wp\/v2\/product_tag?post=2129"}],"curies":[{"name":"wp","href":"https:\/\/api.w.org\/{rel}","templated":true}]}}