{"id":2140,"date":"2023-06-25T14:47:33","date_gmt":"2023-06-25T14:47:33","guid":{"rendered":"https:\/\/satisfybot.com\/?post_type=product&#038;p=2140"},"modified":"2023-06-25T14:47:34","modified_gmt":"2023-06-25T14:47:34","slug":"howo-transit-mixer-truck","status":"publish","type":"product","link":"https:\/\/satisfybot.com\/pt\/produto\/howo-transit-mixer-truck\/","title":{"rendered":"Caminh\u00e3o Misturador Howo Transit"},"content":{"rendered":"<p>O caminh\u00e3o betoneira Sinotruk Howo \u00e9 um ve\u00edculo de prop\u00f3sito especial para manter a consist\u00eancia do concreto ao transportar concreto ou no canteiro de obras.<\/p>\n<h2><strong>Caracter\u00edsticas do caminh\u00e3o betoneira Howo<\/strong><\/h2>\n<p>O caminh\u00e3o betoneira Howo adota o chassi HOWO, equipado com cabine HW76 de beliche ou HW70, dedicado para exporta\u00e7\u00e3o Equipado com Euro 2 ou common rail eletr\u00f4nico, motor Euro III e Euro IV Sinotruk autodesenvolvido, dire\u00e7\u00e3o ZF importada alem\u00e3 padr\u00e3o, caixas de c\u00e2mbio HOWO 10 e 12, eixo dianteiro HF9 toneladas, eixo traseiro HC16 ou AC16, com grande capacidade de carga para atender \u00e0s necessidades dos clientes.<\/p>\n<p>O tanque de mistura \u00e9 feito de uma placa de a\u00e7o resistente ao desgaste de alta resist\u00eancia, e o molde da gaiola \u00e9 formado integralmente para garantir a coaxialidade e desvio circunferencial do flange, cilindro de se\u00e7\u00e3o transversal e rolamento, e garantir a opera\u00e7\u00e3o suave do ve\u00edculo. O corpo do tanque adota l\u00e2minas helicoidais duplas com densidade moderada. O port\u00e3o frontal c\u00f4nico \u00e9 sim\u00e9trico com a placa de agita\u00e7\u00e3o e as l\u00e2minas e l\u00e2minas guia s\u00e3o instaladas na boca do tanque para tornar o material mais r\u00e1pido.<\/p>\n<p>Nossos caminh\u00f5es betoneira adotam sistemas hidr\u00e1ulicos importados, como bombas e motores americanos, e redutores de marca italiana. F\u00e1cil de reparar e manter.<\/p>","protected":false},"excerpt":{"rendered":"<p>Sinotruk Howo transit mixer truck is a special-purpose vehicle to keep the consistency of concrete when transporting concrete or at the construction site. Features of Howo transit mixer truck Howo transit mixer truck adopts HOWO chassis, equipped with HW76 single-berth cab or HW70 cab, dedicated for export Equipped with Euro 2 or electronic common rail, [&hellip;]<\/p>","protected":false},"featured_media":2143,"template":"","meta":{"site-sidebar-layout":"default","site-content-layout":"default","ast-site-content-layout":"default","site-content-style":"default","site-sidebar-style":"default","ast-global-header-display":"","ast-banner-title-visibility":"","ast-main-header-display":"","ast-hfb-above-header-display":"","ast-hfb-below-header-display":"","ast-hfb-mobile-header-display":"","site-post-title":"","ast-breadcrumbs-content":"","ast-featured-img":"","footer-sml-layout":"","ast-disable-related-posts":"","theme-transparent-header-meta":"default","adv-header-id-meta":"","stick-header-meta":"","header-above-stick-meta":"","header-main-stick-meta":"","header-below-stick-meta":"","astra-migrate-meta-layouts":"default","ast-page-background-enabled":"default","ast-page-background-meta":{"desktop":{"background-color":"","background-image":"","background-repeat":"repeat","background-position":"center center","background-size":"auto","background-attachment":"scroll","background-type":"","background-media":"","overlay-type":"","overlay-color":"","overlay-opacity":"","overlay-gradient":""},"tablet":{"background-color":"","background-image":"","background-repeat":"repeat","background-position":"center center","background-size":"auto","background-attachment":"scroll","background-type":"","background-media":"","overlay-type":"","overlay-color":"","overlay-opacity":"","overlay-gradient":""},"mobile":{"background-color":"","background-image":"","background-repeat":"repeat","background-position":"center center","background-size":"auto","background-attachment":"scroll","background-type":"","background-media":"","overlay-type":"","overlay-color":"","overlay-opacity":"","overlay-gradient":""}},"ast-content-background-meta":{"desktop":{"background-color":"var(--ast-global-color-5)","background-image":"","background-repeat":"repeat","background-position":"center center","background-size":"auto","background-attachment":"scroll","background-type":"","background-media":"","overlay-type":"","overlay-color":"","overlay-opacity":"","overlay-gradient":""},"tablet":{"background-color":"var(--ast-global-color-5)","background-image":"","background-repeat":"repeat","background-position":"center center","background-size":"auto","background-attachment":"scroll","background-type":"","background-media":"","overlay-type":"","overlay-color":"","overlay-opacity":"","overlay-gradient":""},"mobile":{"background-color":"var(--ast-global-color-5)","background-image":"","background-repeat":"repeat","background-position":"center center","background-size":"auto","background-attachment":"scroll","background-type":"","background-media":"","overlay-type":"","overlay-color":"","overlay-opacity":"","overlay-gradient":""}}},"product_brand":[],"product_cat":[27],"product_tag":[],"class_list":{"0":"post-2140","1":"product","2":"type-product","3":"status-publish","4":"has-post-thumbnail","6":"product_cat-cement-truck","7":"desktop-align-left","8":"tablet-align-left","9":"mobile-align-left","11":"first","12":"instock","13":"shipping-taxable","14":"product-type-simple"},"_links":{"self":[{"href":"https:\/\/satisfybot.com\/pt\/wp-json\/wp\/v2\/product\/2140","targetHints":{"allow":["GET"]}}],"collection":[{"href":"https:\/\/satisfybot.com\/pt\/wp-json\/wp\/v2\/product"}],"about":[{"href":"https:\/\/satisfybot.com\/pt\/wp-json\/wp\/v2\/types\/product"}],"version-history":[{"count":0,"href":"https:\/\/satisfybot.com\/pt\/wp-json\/wp\/v2\/product\/2140\/revisions"}],"wp:featuredmedia":[{"embeddable":true,"href":"https:\/\/satisfybot.com\/pt\/wp-json\/wp\/v2\/media\/2143"}],"wp:attachment":[{"href":"https:\/\/satisfybot.com\/pt\/wp-json\/wp\/v2\/media?parent=2140"}],"wp:term":[{"taxonomy":"product_brand","embeddable":true,"href":"https:\/\/satisfybot.com\/pt\/wp-json\/wp\/v2\/product_brand?post=2140"},{"taxonomy":"product_cat","embeddable":true,"href":"https:\/\/satisfybot.com\/pt\/wp-json\/wp\/v2\/product_cat?post=2140"},{"taxonomy":"product_tag","embeddable":true,"href":"https:\/\/satisfybot.com\/pt\/wp-json\/wp\/v2\/product_tag?post=2140"}],"curies":[{"name":"wp","href":"https:\/\/api.w.org\/{rel}","templated":true}]}}