{"id":2144,"date":"2023-06-25T14:50:34","date_gmt":"2023-06-25T14:50:34","guid":{"rendered":"https:\/\/satisfybot.com\/?post_type=product&#038;p=2144"},"modified":"2023-06-25T14:50:37","modified_gmt":"2023-06-25T14:50:37","slug":"howo-concrete-mixer-truck","status":"publish","type":"product","link":"https:\/\/satisfybot.com\/pt\/produto\/howo-concrete-mixer-truck\/","title":{"rendered":"Caminh\u00e3o Betoneira Howo"},"content":{"rendered":"<p>o Howo\u00a0<span class=\"keywords_replace\">Caminh\u00e3o Betoneira<\/span>\u00a0\u00e9 composto por um chassi de caminh\u00e3o e um dispositivo de mistura e transporte de concreto, e o tanque de mistura continua rolando durante o transporte. \u00c9 um ve\u00edculo para fins especiais que combina as fun\u00e7\u00f5es de mistura e transporte de concreto.<\/p>\n<h2><strong>Caracter\u00edsticas do caminh\u00e3o betoneira Howo<\/strong><\/h2>\n<p>1. O caminh\u00e3o betoneira Howo tem uma apar\u00eancia bonita, mistura uniforme, velocidade de alimenta\u00e7\u00e3o e descarga mais r\u00e1pida e uma baixa taxa residual, o que garante totalmente a qualidade do concreto.<br \/>\n2. A configura\u00e7\u00e3o dos tr\u00eas componentes hidr\u00e1ulicos tamb\u00e9m \u00e9 muito alta. O redutor, bomba de \u00f3leo hidr\u00e1ulico, motor, radiador de tubo de calor, etc. de marcas internacionais e de renome mundial s\u00e3o usados. Tem as vantagens de desempenho confi\u00e1vel, longa vida \u00fatil e alta efici\u00eancia de trabalho.<\/p>\n<div><img decoding=\"async\" class=\"aligncenter\" title=\"Caminh\u00e3o Betoneira Howo\" src=\"https:\/\/bsg-i.nbxc.com\/product\/3d\/07\/77\/5787f6b391d4d2b14d2b11cb97.jpg\" alt=\"Howo Concrete Mixer Truck\" \/><\/div>\n<h2><strong>Especifica\u00e7\u00e3o do caminh\u00e3o betoneira Howo<\/strong><\/h2>\n<table border=\"1\" cellspacing=\"0\" cellpadding=\"0\" align=\"center\">\n<tbody>\n<tr>\n<td width=\"226\" height=\"18\">Nome do Produto<\/td>\n<td class=\"et2\" width=\"460\">Howo caminh\u00e3o betoneira<\/td>\n<\/tr>\n<tr>\n<td height=\"18\">N\u00ba do modelo<\/td>\n<td class=\"et2\">ZZ1257N3847<\/td>\n<\/tr>\n<tr>\n<td height=\"18\">Motor<\/td>\n<td class=\"et2\">336HP (EURO II), 340HP (EURO III), 340HP (EURO IV)<\/td>\n<\/tr>\n<tr>\n<td height=\"18\">Caixa de velocidade<\/td>\n<td class=\"et2\">HW19710, 10 \u00e0 frente e 2 \u00e0 r\u00e9<\/td>\n<\/tr>\n<tr>\n<td height=\"18\">Dire\u00e7\u00e3o<\/td>\n<td class=\"et2\">ZF8118 dire\u00e7\u00e3o hidr\u00e1ulica com assist\u00eancia el\u00e9trica<\/td>\n<\/tr>\n<tr>\n<td height=\"18\">Eixo motriz<\/td>\n<td class=\"et2\">HC16, redu\u00e7\u00e3o dupla de 16 toneladas<\/td>\n<\/tr>\n<tr>\n<td height=\"18\">Dist\u00e2ncia entre eixos (mm)<\/td>\n<td class=\"et2\">3800+1350<\/td>\n<\/tr>\n<tr>\n<td height=\"18\">Pneu<\/td>\n<td class=\"et2\">12.00.R20 Pneu radial, 11 unidades, um sobressalente<\/td>\n<\/tr>\n<tr>\n<td height=\"18\">Eixo dianteiro<\/td>\n<td class=\"et2\">HF9 9000Kgs<\/td>\n<\/tr>\n<tr>\n<td height=\"18\">Deslocamento<\/td>\n<td class=\"et2\">9.726L<\/td>\n<\/tr>\n<tr>\n<td height=\"18\">Dimens\u00e3o geral (C*L*A)<\/td>\n<td class=\"et2\">9025*2496*3950mm<\/td>\n<\/tr>\n<tr>\n<td height=\"18\">Velocidade m\u00e1xima (km\/h)<\/td>\n<td class=\"et2\">90<\/td>\n<\/tr>\n<tr>\n<td height=\"18\">Capacidade do tanque de combust\u00edvel (L)<\/td>\n<td class=\"et2\">300<\/td>\n<\/tr>\n<tr>\n<td height=\"18\">Cor<\/td>\n<td class=\"et2\">Vermelho, verde, azul, amarelo, branco etc<\/td>\n<\/tr>\n<tr>\n<td height=\"18\">Volume Geom\u00e9trico<\/td>\n<td class=\"et2\">16,5m3<\/td>\n<\/tr>\n<tr>\n<td height=\"18\">Capacidade de Agita\u00e7\u00e3o<\/td>\n<td class=\"et2\">10m3<\/td>\n<\/tr>\n<tr>\n<td height=\"18\">tambor girando<\/td>\n<td class=\"et2\">14\u00b0<\/td>\n<\/tr>\n<tr>\n<td height=\"18\">Velocidade de rota\u00e7\u00e3o do agitador<\/td>\n<td class=\"et2\">0-14r\/min<\/td>\n<\/tr>\n<tr>\n<td height=\"18\">Velocidade de alimenta\u00e7\u00e3o<\/td>\n<td class=\"et2\">&gt;3,5m3\/min<\/td>\n<\/tr>\n<tr>\n<td height=\"18\">Volume do tanque de \u00e1gua<\/td>\n<td class=\"et2\">400L<\/td>\n<\/tr>\n<tr>\n<td height=\"18\">Taxa restante de descarga<\/td>\n<td class=\"et2\">&lt;0,2%<\/td>\n<\/tr>\n<\/tbody>\n<\/table>","protected":false},"excerpt":{"rendered":"<p>The Howo\u00a0Concrete Mixer Truck\u00a0is composed of a truck chassis and a concrete mixing and conveying device, and the mixing tank keeps rolling during transportation. It is a special-purpose vehicle that combines the functions of concrete mixing and conveying. Features of Howo Concrete Mixer Truck 1. The Howo concrete mixer truck has a beautiful appearance, even [&hellip;]<\/p>","protected":false},"featured_media":2148,"template":"","meta":{"site-sidebar-layout":"default","site-content-layout":"default","ast-site-content-layout":"default","site-content-style":"default","site-sidebar-style":"default","ast-global-header-display":"","ast-banner-title-visibility":"","ast-main-header-display":"","ast-hfb-above-header-display":"","ast-hfb-below-header-display":"","ast-hfb-mobile-header-display":"","site-post-title":"","ast-breadcrumbs-content":"","ast-featured-img":"","footer-sml-layout":"","ast-disable-related-posts":"","theme-transparent-header-meta":"default","adv-header-id-meta":"","stick-header-meta":"","header-above-stick-meta":"","header-main-stick-meta":"","header-below-stick-meta":"","astra-migrate-meta-layouts":"default","ast-page-background-enabled":"default","ast-page-background-meta":{"desktop":{"background-color":"","background-image":"","background-repeat":"repeat","background-position":"center center","background-size":"auto","background-attachment":"scroll","background-type":"","background-media":"","overlay-type":"","overlay-color":"","overlay-opacity":"","overlay-gradient":""},"tablet":{"background-color":"","background-image":"","background-repeat":"repeat","background-position":"center center","background-size":"auto","background-attachment":"scroll","background-type":"","background-media":"","overlay-type":"","overlay-color":"","overlay-opacity":"","overlay-gradient":""},"mobile":{"background-color":"","background-image":"","background-repeat":"repeat","background-position":"center center","background-size":"auto","background-attachment":"scroll","background-type":"","background-media":"","overlay-type":"","overlay-color":"","overlay-opacity":"","overlay-gradient":""}},"ast-content-background-meta":{"desktop":{"background-color":"var(--ast-global-color-5)","background-image":"","background-repeat":"repeat","background-position":"center center","background-size":"auto","background-attachment":"scroll","background-type":"","background-media":"","overlay-type":"","overlay-color":"","overlay-opacity":"","overlay-gradient":""},"tablet":{"background-color":"var(--ast-global-color-5)","background-image":"","background-repeat":"repeat","background-position":"center center","background-size":"auto","background-attachment":"scroll","background-type":"","background-media":"","overlay-type":"","overlay-color":"","overlay-opacity":"","overlay-gradient":""},"mobile":{"background-color":"var(--ast-global-color-5)","background-image":"","background-repeat":"repeat","background-position":"center center","background-size":"auto","background-attachment":"scroll","background-type":"","background-media":"","overlay-type":"","overlay-color":"","overlay-opacity":"","overlay-gradient":""}}},"product_brand":[],"product_cat":[27],"product_tag":[],"class_list":{"0":"post-2144","1":"product","2":"type-product","3":"status-publish","4":"has-post-thumbnail","6":"product_cat-cement-truck","7":"desktop-align-left","8":"tablet-align-left","9":"mobile-align-left","11":"first","12":"instock","13":"shipping-taxable","14":"product-type-simple"},"_links":{"self":[{"href":"https:\/\/satisfybot.com\/pt\/wp-json\/wp\/v2\/product\/2144","targetHints":{"allow":["GET"]}}],"collection":[{"href":"https:\/\/satisfybot.com\/pt\/wp-json\/wp\/v2\/product"}],"about":[{"href":"https:\/\/satisfybot.com\/pt\/wp-json\/wp\/v2\/types\/product"}],"version-history":[{"count":0,"href":"https:\/\/satisfybot.com\/pt\/wp-json\/wp\/v2\/product\/2144\/revisions"}],"wp:featuredmedia":[{"embeddable":true,"href":"https:\/\/satisfybot.com\/pt\/wp-json\/wp\/v2\/media\/2148"}],"wp:attachment":[{"href":"https:\/\/satisfybot.com\/pt\/wp-json\/wp\/v2\/media?parent=2144"}],"wp:term":[{"taxonomy":"product_brand","embeddable":true,"href":"https:\/\/satisfybot.com\/pt\/wp-json\/wp\/v2\/product_brand?post=2144"},{"taxonomy":"product_cat","embeddable":true,"href":"https:\/\/satisfybot.com\/pt\/wp-json\/wp\/v2\/product_cat?post=2144"},{"taxonomy":"product_tag","embeddable":true,"href":"https:\/\/satisfybot.com\/pt\/wp-json\/wp\/v2\/product_tag?post=2144"}],"curies":[{"name":"wp","href":"https:\/\/api.w.org\/{rel}","templated":true}]}}