{"id":2154,"date":"2023-06-25T14:57:19","date_gmt":"2023-06-25T14:57:19","guid":{"rendered":"https:\/\/satisfybot.com\/?post_type=product&#038;p=2154"},"modified":"2023-06-25T14:57:20","modified_gmt":"2023-06-25T14:57:20","slug":"lorry-cement","status":"publish","type":"product","link":"https:\/\/satisfybot.com\/pt\/produto\/lorry-cement\/","title":{"rendered":"Caminh\u00e3o Cimento"},"content":{"rendered":"<p>Nossas mat\u00e9rias-primas e pe\u00e7as OEM, incluindo eixos, suspens\u00f5es e pneus, s\u00e3o adquiridos centralmente pelo Grupo Chengda, e cada n\u00f3 ser\u00e1 rigorosamente inspecionado. Al\u00e9m disso, equipamentos avan\u00e7ados, n\u00e3o apenas trabalhadores, s\u00e3o empregados em todo o processo de produ\u00e7\u00e3o para garantir a qualidade da soldagem.<\/p>\n<p>Modelo de gaiola: O cilindro \u00e9 feito de a\u00e7o resistente ao desgaste de alta resist\u00eancia e a forma geral do molde da gaiola garante a coaxialidade do flange, do cilindro do segmento, da pista e da rotat\u00f3ria para garantir a opera\u00e7\u00e3o suave do ve\u00edculo<\/p>\n<p>L\u00e2minas duplas helicoidais: S\u00e3o utilizadas p\u00e1s duplas helicoidais no tanque, com densidade moderada, a esfera do port\u00e3o no cone frontal \u00e9 sim\u00e9trica, e as l\u00e2minas duplas e l\u00e2minas guia de descarga s\u00e3o instaladas na boca do tanque para que o material fique mais uniforme e o a velocidade \u00e9 mais r\u00e1pida.<\/p>\n<p>Bomba de mistura de marca conhecida, redutor, motor: bomba de mistura Eaton (marca americana), motor Eaton (marca americana), redutor Bonfiglioli (marca italiana)<\/p>\n<h2><strong>Par\u00e2metros de cimento de caminh\u00e3o<\/strong><\/h2>\n<table border=\"1\" cellspacing=\"0\" cellpadding=\"0\" align=\"center\">\n<tbody>\n<tr>\n<td width=\"226\" height=\"18\">Tipo<\/td>\n<td class=\"et2\" width=\"460\">caminh\u00e3o howo cimento<\/td>\n<\/tr>\n<tr>\n<td height=\"18\">Dimens\u00e3o global<\/td>\n<td class=\"et2\">8800\u00d72490\u00d73800 mm<\/td>\n<\/tr>\n<tr>\n<td height=\"18\">Bomba Misturadora<\/td>\n<td class=\"et2\">Eaton (marca dos EUA)<\/td>\n<\/tr>\n<tr>\n<td height=\"18\">Redutor da velocidade<\/td>\n<td class=\"et2\">Bonfiglioli (marca italiana)<\/td>\n<\/tr>\n<tr>\n<td height=\"18\">Emiss\u00e3o<\/td>\n<td class=\"et2\">ERUO2, EURO3, EURO 4<\/td>\n<\/tr>\n<tr>\n<td height=\"18\">Dirigir<\/td>\n<td class=\"et2\">Dire\u00e7\u00e3o \u00e0 esquerda ou Dire\u00e7\u00e3o \u00e0 direita<\/td>\n<\/tr>\n<tr>\n<td height=\"18\">Pneu<\/td>\n<td class=\"et2\">1200R20<\/td>\n<\/tr>\n<tr>\n<td height=\"18\">Tanque de \u00f3leo<\/td>\n<td class=\"et2\">400L<\/td>\n<\/tr>\n<tr>\n<td height=\"18\">T\u00e1xi<\/td>\n<td class=\"et2\">Cabina HW76, um dorminhoco com A\/C<\/td>\n<\/tr>\n<tr>\n<td height=\"18\">Cor<\/td>\n<td class=\"et2\">Opcional<\/td>\n<\/tr>\n<\/tbody>\n<\/table>\n<p><strong>Embalagem e envio<\/strong><\/p>\n<p>Transportamos cimento em cami\u00e3o a granel, contentores ou ro to ro. Nossa f\u00e1brica tem coopera\u00e7\u00e3o de longo prazo com ag\u00eancias de transporte e pode fornecer o frete mais baixo.<\/p>\n<p>&nbsp;<\/p>\n<p><img fetchpriority=\"high\" decoding=\"async\" class=\"aligncenter\" title=\"cami\u00e3o cimento\" src=\"https:\/\/bsg-i.nbxc.com\/product\/5e\/c2\/fc\/ad8760bb5ce6acaaaae3e755a5.jpg\" alt=\"lorry cement\" width=\"700\" height=\"221\" \/><\/p>","protected":false},"excerpt":{"rendered":"<p>Our raw materials and OEM parts, including axles, suspensions, and tires, are centrally purchased by Chengda Group, and every node will be strictly inspected. In addition, advanced equipment, not just workers, is employed throughout the production process to ensure welding quality. Cage model: The cylinder is made of high-strength wear-resistant steel, and the overall shape [&hellip;]<\/p>","protected":false},"featured_media":2155,"template":"","meta":{"site-sidebar-layout":"default","site-content-layout":"default","ast-site-content-layout":"default","site-content-style":"default","site-sidebar-style":"default","ast-global-header-display":"","ast-banner-title-visibility":"","ast-main-header-display":"","ast-hfb-above-header-display":"","ast-hfb-below-header-display":"","ast-hfb-mobile-header-display":"","site-post-title":"","ast-breadcrumbs-content":"","ast-featured-img":"","footer-sml-layout":"","ast-disable-related-posts":"","theme-transparent-header-meta":"default","adv-header-id-meta":"","stick-header-meta":"","header-above-stick-meta":"","header-main-stick-meta":"","header-below-stick-meta":"","astra-migrate-meta-layouts":"default","ast-page-background-enabled":"default","ast-page-background-meta":{"desktop":{"background-color":"","background-image":"","background-repeat":"repeat","background-position":"center center","background-size":"auto","background-attachment":"scroll","background-type":"","background-media":"","overlay-type":"","overlay-color":"","overlay-opacity":"","overlay-gradient":""},"tablet":{"background-color":"","background-image":"","background-repeat":"repeat","background-position":"center center","background-size":"auto","background-attachment":"scroll","background-type":"","background-media":"","overlay-type":"","overlay-color":"","overlay-opacity":"","overlay-gradient":""},"mobile":{"background-color":"","background-image":"","background-repeat":"repeat","background-position":"center center","background-size":"auto","background-attachment":"scroll","background-type":"","background-media":"","overlay-type":"","overlay-color":"","overlay-opacity":"","overlay-gradient":""}},"ast-content-background-meta":{"desktop":{"background-color":"var(--ast-global-color-5)","background-image":"","background-repeat":"repeat","background-position":"center center","background-size":"auto","background-attachment":"scroll","background-type":"","background-media":"","overlay-type":"","overlay-color":"","overlay-opacity":"","overlay-gradient":""},"tablet":{"background-color":"var(--ast-global-color-5)","background-image":"","background-repeat":"repeat","background-position":"center center","background-size":"auto","background-attachment":"scroll","background-type":"","background-media":"","overlay-type":"","overlay-color":"","overlay-opacity":"","overlay-gradient":""},"mobile":{"background-color":"var(--ast-global-color-5)","background-image":"","background-repeat":"repeat","background-position":"center center","background-size":"auto","background-attachment":"scroll","background-type":"","background-media":"","overlay-type":"","overlay-color":"","overlay-opacity":"","overlay-gradient":""}}},"product_brand":[],"product_cat":[27],"product_tag":[],"class_list":{"0":"post-2154","1":"product","2":"type-product","3":"status-publish","4":"has-post-thumbnail","6":"product_cat-cement-truck","7":"desktop-align-left","8":"tablet-align-left","9":"mobile-align-left","11":"first","12":"instock","13":"shipping-taxable","14":"product-type-simple"},"_links":{"self":[{"href":"https:\/\/satisfybot.com\/pt\/wp-json\/wp\/v2\/product\/2154","targetHints":{"allow":["GET"]}}],"collection":[{"href":"https:\/\/satisfybot.com\/pt\/wp-json\/wp\/v2\/product"}],"about":[{"href":"https:\/\/satisfybot.com\/pt\/wp-json\/wp\/v2\/types\/product"}],"version-history":[{"count":0,"href":"https:\/\/satisfybot.com\/pt\/wp-json\/wp\/v2\/product\/2154\/revisions"}],"wp:featuredmedia":[{"embeddable":true,"href":"https:\/\/satisfybot.com\/pt\/wp-json\/wp\/v2\/media\/2155"}],"wp:attachment":[{"href":"https:\/\/satisfybot.com\/pt\/wp-json\/wp\/v2\/media?parent=2154"}],"wp:term":[{"taxonomy":"product_brand","embeddable":true,"href":"https:\/\/satisfybot.com\/pt\/wp-json\/wp\/v2\/product_brand?post=2154"},{"taxonomy":"product_cat","embeddable":true,"href":"https:\/\/satisfybot.com\/pt\/wp-json\/wp\/v2\/product_cat?post=2154"},{"taxonomy":"product_tag","embeddable":true,"href":"https:\/\/satisfybot.com\/pt\/wp-json\/wp\/v2\/product_tag?post=2154"}],"curies":[{"name":"wp","href":"https:\/\/api.w.org\/{rel}","templated":true}]}}