{"id":2159,"date":"2023-06-25T15:01:36","date_gmt":"2023-06-25T15:01:36","guid":{"rendered":"https:\/\/satisfybot.com\/?post_type=product&#038;p=2159"},"modified":"2023-06-25T15:01:50","modified_gmt":"2023-06-25T15:01:50","slug":"cement-mixer-lorry","status":"publish","type":"product","link":"https:\/\/satisfybot.com\/pt\/produto\/cement-mixer-lorry\/","title":{"rendered":"Caminh\u00e3o Betoneira"},"content":{"rendered":"<p>N\u00f3s podemos produzir caminh\u00f5es betoneiras Foton, caminh\u00f5es betoneiras da s\u00e9rie Dongfeng, caminh\u00f5es betoneiras Faw, Steyr, Howo e caminh\u00f5es betoneiras Benbei.\u00a0<span class=\"keywords_replace\">Caminh\u00e3o Betoneira<\/span>\u00a0tamb\u00e9m nomeia caminh\u00e3o betoneira. Temos uma vantagem de tecnologia e podemos fornecer caminh\u00f5es betoneiras de boa qualidade.<\/p>\n<h2>Caracter\u00edsticas do caminh\u00e3o betoneira Foton<\/h2>\n<p>O cami\u00e3o betoneira \u00e9 confort\u00e1vel de conduzir. Gire o corpo com um novo cinto moderno de baixo arrasto. Baixa resist\u00eancia ao vento resulta em menor consumo de energia e mais economia de combust\u00edvel. Os \u00e2ngulos de vis\u00e3o esquerdo e direito do vidro temperado curvo panor\u00e2mico s\u00e3o 15 graus mais largos do que modelos similares. O corpo do tanque do misturador \u00e9 feito de liga de a\u00e7o mangan\u00eas (Q345) com alta resist\u00eancia. A l\u00e2mina de mistura \u00e9 uma l\u00e2mina de dupla h\u00e9lice com espessura logar\u00edtmica, que \u00e9 mais resistente ao desgaste. A l\u00e2mina interna \u00e9 feita de liga de a\u00e7o de gr\u00e3o fino (520JJ) com um design de \u00e2ngulo exclusivo para uma mistura mais uniforme e menor rendimento de esc\u00f3ria. Cabe\u00e7a de a\u00e7o de liga resistente ao desgaste de alta qualidade espessada, mais est\u00e1vel e densa.<\/p>\n<p>O tanque de combust\u00edvel do caminh\u00e3o betoneira \u00e9 liso e grande, e o corpo do tanque \u00e9 liso e sem brusquid\u00e3o. O abastecimento de \u00e1gua pneum\u00e1tico \u00e9 usado para a limpeza oportuna da parte externa do tambor de mistura e da tremonha de alimenta\u00e7\u00e3o, bem como para a limpeza do corpo. O carro \u00e9 equipado com uma mangueira de 15m de comprimento para facilitar a limpeza do tanque de combust\u00edvel; h\u00e1 tamb\u00e9m uma mangueira de \u00e1gua atr\u00e1s do corpo, que \u00e9 conectada \u00e0 caixa d&#039;\u00e1gua e pronta para uso externo.<\/p>\n<div><img decoding=\"async\" class=\"aligncenter\" title=\"caminh\u00e3o betoneira\" src=\"https:\/\/bsg-i.nbxc.com\/product\/6a\/d9\/9f\/7d8b56b003eda6356c3f1b5ca5.jpg\" alt=\"cement mixer lorry\" \/><\/div>\n<p>A alavanca de controle do caminh\u00e3o betoneira \u00e9 flex\u00edvel e tr\u00eas em um. As hastes de controle esquerda e direita e as al\u00e7as de opera\u00e7\u00e3o na cauda tamb\u00e9m s\u00e3o instaladas na cabine para controlar a dire\u00e7\u00e3o para frente e para tr\u00e1s e a velocidade do tambor de agita\u00e7\u00e3o, de modo a completar a alimenta\u00e7\u00e3o, descarga e a\u00e7\u00f5es de agita\u00e7\u00e3o. A alavanca de controle \u00e9 flex\u00edvel e conveniente de operar e realiza a opera\u00e7\u00e3o tr\u00eas em um das portas esquerda, direita e de alimenta\u00e7\u00e3o.<\/p>\n<p>A alimenta\u00e7\u00e3o auxiliar da escada rolante de seguran\u00e7a do caminh\u00e3o betoneira \u00e9 segura e confi\u00e1vel. \u00c9 feito de materiais de alta qualidade e seguros. A escada rolante de seguran\u00e7a est\u00e1 equipada com corrim\u00e3os de seguran\u00e7a superiores e inferiores para facilitar a opera\u00e7\u00e3o de alimenta\u00e7\u00e3o e a descarga da calha da tremonha de alimenta\u00e7\u00e3o, etc., para verificar o estado do tanque e outras opera\u00e7\u00f5es de seguran\u00e7a.<\/p>\n<p><img decoding=\"async\" class=\"aligncenter\" title=\"caminh\u00e3o betoneira\" src=\"https:\/\/bsg-i.nbxc.com\/product\/db\/26\/ea\/22962043b8a9e08069269d18dd.jpg\" alt=\"cement mixer lorry\" \/><\/p>\n<h2>Par\u00e2metros do caminh\u00e3o betoneira<\/h2>\n<table border=\"1\" cellspacing=\"0\" cellpadding=\"0\" align=\"center\">\n<tbody>\n<tr>\n<td class=\"et2\" width=\"110\" height=\"18\">Descri\u00e7\u00e3o<\/td>\n<td class=\"et2\" width=\"235\">Foton 10cbm betoneira<\/td>\n<td class=\"et2\" width=\"92\">Modelo<\/td>\n<td class=\"et2\" width=\"181\">betoneira 10cbm<\/td>\n<\/tr>\n<tr>\n<td class=\"et2\" height=\"18\">Motor<\/td>\n<td class=\"et2\">Weichai 336cv<\/td>\n<td class=\"et2\">Dimens\u00e3o<\/td>\n<td class=\"et2\">8500x2500x3850mm<\/td>\n<\/tr>\n<tr>\n<td class=\"et2\" height=\"18\">Transmiss\u00e3o<\/td>\n<td class=\"et2\">9 encaminhador + 2 reversor<\/td>\n<td class=\"et2\">Volume<\/td>\n<td class=\"et2\">betoneira 10cbm<\/td>\n<\/tr>\n<tr>\n<td class=\"et2\" height=\"18\">Eixo dianteiro<\/td>\n<td class=\"et2\">7,5 toneladas<\/td>\n<td class=\"et2\">Cabine<\/td>\n<td class=\"et2\">Shacman F3000<\/td>\n<\/tr>\n<tr>\n<td class=\"et2\" height=\"18\">Eixo traseiro<\/td>\n<td class=\"et2\">16 toneladas<\/td>\n<td class=\"et2\">Freio<\/td>\n<td class=\"et2\">Freio a ar<\/td>\n<\/tr>\n<tr>\n<td class=\"et2\" height=\"18\">base da roda<\/td>\n<td class=\"et2\">3850+1350mm<\/td>\n<td class=\"et2\">Dire\u00e7\u00e3o<\/td>\n<td class=\"et2\">assistente de dire\u00e7\u00e3o<\/td>\n<\/tr>\n<tr>\n<td class=\"et2\" height=\"18\">eixo<\/td>\n<td class=\"et2\">3(eixo)<\/td>\n<td class=\"et2\">Velocidade<\/td>\n<td class=\"et2\">83 (km\/h)<\/td>\n<\/tr>\n<tr>\n<td class=\"et2\" height=\"18\">Modelo de Acionamento<\/td>\n<td class=\"et2\">(6\u00d74)<\/td>\n<td class=\"et2\">Op\u00e7\u00e3o<\/td>\n<td class=\"et2\">abd\u00f4men<\/td>\n<\/tr>\n<tr>\n<td class=\"et2\" height=\"18\">N\u00ba de pneus<\/td>\n<td class=\"et2\">11<\/td>\n<td class=\"et2\">Modelo do pneu<\/td>\n<td class=\"et2\">12,00R20\/12,00-20<\/td>\n<\/tr>\n<\/tbody>\n<\/table>\n<h2>Aplica\u00e7\u00e3o de caminh\u00e3o betoneira<\/h2>\n<p>Como um ve\u00edculo de transporte especial, a principal fun\u00e7\u00e3o do caminh\u00e3o betoneira \u00e9 misturar cimento, areia e \u00e1gua atrav\u00e9s do tanque de mistura e entregar o concreto pr\u00e9-moldado no canteiro de obras. Ao mesmo tempo, a qualidade do concreto deve ser garantida.<\/p>\n<p><img decoding=\"async\" class=\"aligncenter\" title=\"caminh\u00e3o betoneira\" src=\"https:\/\/bsg-i.nbxc.com\/product\/03\/a0\/d3\/e85133b5df53975e1e3af6f55a.jpg\" alt=\"cement mixer lorry\" \/><\/p>\n<h2>Porque escolher-nos?<\/h2>\n<p>1. Mais de 15 anos de experi\u00eancia profissional do fabricante.<br \/>\n2. Protocolo CCC ISO9001.<br \/>\n3. Pedidos pequenos s\u00e3o aceit\u00e1veis.<br \/>\n4. Aceitamos inspe\u00e7\u00e3o 100%, bem-vindo \u00e0 nossa f\u00e1brica a qualquer momento.<br \/>\nper\u00edodo de garantia de qualidade de 5,12 meses.<\/p>","protected":false},"excerpt":{"rendered":"<p>We can produce Foton Concrete mixer trucks, Dongfeng series Concrete mixer trucks, Faw, Steyr, Howo concrete mixer trucks, and Benbei Concrete Mixer trucks.\u00a0Concrete Mixer Truck\u00a0also names cement mixer lorry. We have an advantage of technology and can provide good quality mixer trucks. Features of Foton\u00a0cement mixer lorry The cement mixer lorry is comfortable to ride. [&hellip;]<\/p>","protected":false},"featured_media":2163,"template":"","meta":{"site-sidebar-layout":"default","site-content-layout":"default","ast-site-content-layout":"default","site-content-style":"default","site-sidebar-style":"default","ast-global-header-display":"","ast-banner-title-visibility":"","ast-main-header-display":"","ast-hfb-above-header-display":"","ast-hfb-below-header-display":"","ast-hfb-mobile-header-display":"","site-post-title":"","ast-breadcrumbs-content":"","ast-featured-img":"","footer-sml-layout":"","ast-disable-related-posts":"","theme-transparent-header-meta":"default","adv-header-id-meta":"","stick-header-meta":"","header-above-stick-meta":"","header-main-stick-meta":"","header-below-stick-meta":"","astra-migrate-meta-layouts":"default","ast-page-background-enabled":"default","ast-page-background-meta":{"desktop":{"background-color":"","background-image":"","background-repeat":"repeat","background-position":"center center","background-size":"auto","background-attachment":"scroll","background-type":"","background-media":"","overlay-type":"","overlay-color":"","overlay-opacity":"","overlay-gradient":""},"tablet":{"background-color":"","background-image":"","background-repeat":"repeat","background-position":"center center","background-size":"auto","background-attachment":"scroll","background-type":"","background-media":"","overlay-type":"","overlay-color":"","overlay-opacity":"","overlay-gradient":""},"mobile":{"background-color":"","background-image":"","background-repeat":"repeat","background-position":"center center","background-size":"auto","background-attachment":"scroll","background-type":"","background-media":"","overlay-type":"","overlay-color":"","overlay-opacity":"","overlay-gradient":""}},"ast-content-background-meta":{"desktop":{"background-color":"var(--ast-global-color-5)","background-image":"","background-repeat":"repeat","background-position":"center center","background-size":"auto","background-attachment":"scroll","background-type":"","background-media":"","overlay-type":"","overlay-color":"","overlay-opacity":"","overlay-gradient":""},"tablet":{"background-color":"var(--ast-global-color-5)","background-image":"","background-repeat":"repeat","background-position":"center center","background-size":"auto","background-attachment":"scroll","background-type":"","background-media":"","overlay-type":"","overlay-color":"","overlay-opacity":"","overlay-gradient":""},"mobile":{"background-color":"var(--ast-global-color-5)","background-image":"","background-repeat":"repeat","background-position":"center center","background-size":"auto","background-attachment":"scroll","background-type":"","background-media":"","overlay-type":"","overlay-color":"","overlay-opacity":"","overlay-gradient":""}}},"product_brand":[],"product_cat":[27],"product_tag":[],"class_list":{"0":"post-2159","1":"product","2":"type-product","3":"status-publish","4":"has-post-thumbnail","6":"product_cat-cement-truck","7":"desktop-align-left","8":"tablet-align-left","9":"mobile-align-left","11":"first","12":"instock","13":"shipping-taxable","14":"product-type-simple"},"_links":{"self":[{"href":"https:\/\/satisfybot.com\/pt\/wp-json\/wp\/v2\/product\/2159","targetHints":{"allow":["GET"]}}],"collection":[{"href":"https:\/\/satisfybot.com\/pt\/wp-json\/wp\/v2\/product"}],"about":[{"href":"https:\/\/satisfybot.com\/pt\/wp-json\/wp\/v2\/types\/product"}],"version-history":[{"count":0,"href":"https:\/\/satisfybot.com\/pt\/wp-json\/wp\/v2\/product\/2159\/revisions"}],"wp:featuredmedia":[{"embeddable":true,"href":"https:\/\/satisfybot.com\/pt\/wp-json\/wp\/v2\/media\/2163"}],"wp:attachment":[{"href":"https:\/\/satisfybot.com\/pt\/wp-json\/wp\/v2\/media?parent=2159"}],"wp:term":[{"taxonomy":"product_brand","embeddable":true,"href":"https:\/\/satisfybot.com\/pt\/wp-json\/wp\/v2\/product_brand?post=2159"},{"taxonomy":"product_cat","embeddable":true,"href":"https:\/\/satisfybot.com\/pt\/wp-json\/wp\/v2\/product_cat?post=2159"},{"taxonomy":"product_tag","embeddable":true,"href":"https:\/\/satisfybot.com\/pt\/wp-json\/wp\/v2\/product_tag?post=2159"}],"curies":[{"name":"wp","href":"https:\/\/api.w.org\/{rel}","templated":true}]}}