{"id":2186,"date":"2023-06-25T15:23:00","date_gmt":"2023-06-25T15:23:00","guid":{"rendered":"https:\/\/satisfybot.com\/?post_type=product&#038;p=2186"},"modified":"2023-06-25T15:23:01","modified_gmt":"2023-06-25T15:23:01","slug":"tipper-semi-trailer","status":"publish","type":"product","link":"https:\/\/satisfybot.com\/pt\/produto\/tipper-semi-trailer\/","title":{"rendered":"Semirreboque Basculante"},"content":{"rendered":"<p>Itens Semi reboque basculante<\/p>\n<p>Capacidade de carga 40-80 toneladas<\/p>\n<p>Eixo 3-6 pe\u00e7as, 13T\/16T FUWA\/BPW eixo opcional<\/p>\n<p>Pneu 12.00R20\/ 315\/80R22.5\/ 12R22.5\/ 13R22.5 opcional<\/p>\n<p>Dimens\u00f5es (CxLxA) 9750 a 12000 mm x 2500 x 3200 mm, opcional<\/p>\n<p>Peso da tara 10 toneladas a 12 toneladas<\/p>\n<p>Aros 8.5-20, 9.0-20<\/p>\n<p>Sistema de Suspens\u00e3o Suspens\u00e3o por mola \/ suspens\u00e3o a ar, opcional<\/p>\n<p>Sistema de freio Sistema de freio pneum\u00e1tico de linha dupla com v\u00e1lvula de rel\u00e9 de emerg\u00eancia WABCO<\/p>\n<p>Altura do feixe principal 500mm Q345<\/p>\n<p>Chassis superior 14mm, inferior 16mm. Mid web 12mm, opcional<\/p>\n<p>Caixa Basculante Espessura Fundo 8mm Lateral 6mm, opcional<\/p>\n<p>Marca Cilindro Hidr\u00e1ulico HYVA<\/p>\n<p>Kingpin 2&#039; ou 3,5&#039; intercambi\u00e1vel<\/p>\n<p>Trem de pouso 28 toneladas, opera\u00e7\u00e3o manual de duas velocidades<\/p>\n<p>Sistema El\u00e9trico 1. Tens\u00e3o: 24v 2. Recept\u00e1culo: 7 vias (arco de 7 fios) Padr\u00e3o alem\u00e3o<\/p>\n<p>Luzes e refletores Luz traseira, refletor traseiro, pisca-pisca, refletor lateral, farol de neblina, luz da placa de matr\u00edcula<\/p>\n<p>Pintura Jateamento de acordo com o padr\u00e3o SA 2.5 antes da aplica\u00e7\u00e3o de primer, acabamento de poliuretano. Total DFT n\u00e3o inferior a 100\u03bcm; Qualquer cor estar\u00e1 dispon\u00edvel<\/p>\n<p>Caixa de ferramentas Uma caixa de ferramentas com um conjunto de ferramentas de reboque padr\u00e3o<\/p>\n<p>Suporte de pneu sobressalente Uma pe\u00e7a ou duas pe\u00e7as<\/p>","protected":false},"excerpt":{"rendered":"<p>Itens Semi-reboque basculante Capacidade de carga 40-80 toneladas Eixo 3-6 pe\u00e7as, eixo 13T\/16T FUWA\/BPW opcional Pneu 12.00R20\/ 315\/80R22.5\/ 12R22.5\/ 13R22.5 opcional Dimens\u00f5es (CxLxA) 9750 a 12000 mm x 2500 x 3200 mm, opcional Tara 10 toneladas a 12 toneladas Aros 8.5-20, 9.0-20 Sistema de suspens\u00e3o Suspens\u00e3o por mola de l\u00e2mina \/ suspens\u00e3o a ar, opcional Sistema de freio Sistema de freio pneum\u00e1tico de linha dupla com v\u00e1lvula de rel\u00e9 de emerg\u00eancia WABCO Altura da viga principal 500 mm Chassi Q345 superior 14 mm, inferior 16 mm. Banda m\u00e9dia de 12 mm, opcional Espessura da caixa de descarga Fundo 8 mm Lateral 6 mm, opcional Cilindro hidr\u00e1ulico marca HYVA Kingpin 2&#039; ou 3,5&#039; intercambi\u00e1vel Trem de pouso 28 toneladas, opera\u00e7\u00e3o manual de duas velocidades Sistema el\u00e9trico 1.Voltagem: 24 V 2. Tomada: 7 vias (chicote de 7 fios) Padr\u00e3o alem\u00e3o Luzes e refletores Luz traseira, refletor traseiro, luz indicadora de dire\u00e7\u00e3o, refletor lateral, farol de neblina, luz da placa de matr\u00edcula Pintura Jateamento de acordo com o padr\u00e3o SA 2.5 antes da aplica\u00e7\u00e3o de primer, camada superior de poliuretano. DFT total n\u00e3o inferior a 100 \u03bcm; Qualquer cor estar\u00e1 dispon\u00edvel Caixa de ferramentas Uma caixa de ferramentas com um conjunto de ferramentas de reboque padr\u00e3o Suporte para pneu sobressalente Uma ou duas pe\u00e7as<\/p>","protected":false},"featured_media":2187,"template":"","meta":{"site-sidebar-layout":"default","site-content-layout":"default","ast-site-content-layout":"default","site-content-style":"default","site-sidebar-style":"default","ast-global-header-display":"","ast-banner-title-visibility":"","ast-main-header-display":"","ast-hfb-above-header-display":"","ast-hfb-below-header-display":"","ast-hfb-mobile-header-display":"","site-post-title":"","ast-breadcrumbs-content":"","ast-featured-img":"","footer-sml-layout":"","ast-disable-related-posts":"","theme-transparent-header-meta":"default","adv-header-id-meta":"","stick-header-meta":"","header-above-stick-meta":"","header-main-stick-meta":"","header-below-stick-meta":"","astra-migrate-meta-layouts":"default","ast-page-background-enabled":"default","ast-page-background-meta":{"desktop":{"background-color":"","background-image":"","background-repeat":"repeat","background-position":"center center","background-size":"auto","background-attachment":"scroll","background-type":"","background-media":"","overlay-type":"","overlay-color":"","overlay-opacity":"","overlay-gradient":""},"tablet":{"background-color":"","background-image":"","background-repeat":"repeat","background-position":"center center","background-size":"auto","background-attachment":"scroll","background-type":"","background-media":"","overlay-type":"","overlay-color":"","overlay-opacity":"","overlay-gradient":""},"mobile":{"background-color":"","background-image":"","background-repeat":"repeat","background-position":"center center","background-size":"auto","background-attachment":"scroll","background-type":"","background-media":"","overlay-type":"","overlay-color":"","overlay-opacity":"","overlay-gradient":""}},"ast-content-background-meta":{"desktop":{"background-color":"var(--ast-global-color-5)","background-image":"","background-repeat":"repeat","background-position":"center center","background-size":"auto","background-attachment":"scroll","background-type":"","background-media":"","overlay-type":"","overlay-color":"","overlay-opacity":"","overlay-gradient":""},"tablet":{"background-color":"var(--ast-global-color-5)","background-image":"","background-repeat":"repeat","background-position":"center center","background-size":"auto","background-attachment":"scroll","background-type":"","background-media":"","overlay-type":"","overlay-color":"","overlay-opacity":"","overlay-gradient":""},"mobile":{"background-color":"var(--ast-global-color-5)","background-image":"","background-repeat":"repeat","background-position":"center center","background-size":"auto","background-attachment":"scroll","background-type":"","background-media":"","overlay-type":"","overlay-color":"","overlay-opacity":"","overlay-gradient":""}}},"product_brand":[],"product_cat":[30],"product_tag":[],"class_list":{"0":"post-2186","1":"product","2":"type-product","3":"status-publish","4":"has-post-thumbnail","6":"product_cat-semi-trailer","7":"desktop-align-left","8":"tablet-align-left","9":"mobile-align-left","11":"first","12":"instock","13":"shipping-taxable","14":"product-type-simple"},"_links":{"self":[{"href":"https:\/\/satisfybot.com\/pt\/wp-json\/wp\/v2\/product\/2186","targetHints":{"allow":["GET"]}}],"collection":[{"href":"https:\/\/satisfybot.com\/pt\/wp-json\/wp\/v2\/product"}],"about":[{"href":"https:\/\/satisfybot.com\/pt\/wp-json\/wp\/v2\/types\/product"}],"version-history":[{"count":0,"href":"https:\/\/satisfybot.com\/pt\/wp-json\/wp\/v2\/product\/2186\/revisions"}],"wp:featuredmedia":[{"embeddable":true,"href":"https:\/\/satisfybot.com\/pt\/wp-json\/wp\/v2\/media\/2187"}],"wp:attachment":[{"href":"https:\/\/satisfybot.com\/pt\/wp-json\/wp\/v2\/media?parent=2186"}],"wp:term":[{"taxonomy":"product_brand","embeddable":true,"href":"https:\/\/satisfybot.com\/pt\/wp-json\/wp\/v2\/product_brand?post=2186"},{"taxonomy":"product_cat","embeddable":true,"href":"https:\/\/satisfybot.com\/pt\/wp-json\/wp\/v2\/product_cat?post=2186"},{"taxonomy":"product_tag","embeddable":true,"href":"https:\/\/satisfybot.com\/pt\/wp-json\/wp\/v2\/product_tag?post=2186"}],"curies":[{"name":"wp","href":"https:\/\/api.w.org\/{rel}","templated":true}]}}