{"id":2330,"date":"2023-06-30T03:42:45","date_gmt":"2023-06-30T03:42:45","guid":{"rendered":"https:\/\/satisfybot.com\/?post_type=product&#038;p=2330"},"modified":"2023-06-30T04:27:25","modified_gmt":"2023-06-30T04:27:25","slug":"2023-best-price-loader-xcmg-5-ton-zl50gn-wheel-loader-for-sale","status":"publish","type":"product","link":"https:\/\/satisfybot.com\/pt\/produto\/2023-best-price-loader-xcmg-5-ton-zl50gn-wheel-loader-for-sale\/","title":{"rendered":"2023 carregador de rodas XCMG 5 Ton ZL50GN melhor pre\u00e7o para venda"},"content":{"rendered":"<p>A carregadeira de rodas ZL50GN mais vendida na \u00c1frica.<br \/>\nCarregadeira de rodas de 5 toneladas, boa qualidade com o melhor servi\u00e7o.<\/p>\n<table class=\"aliDataTable\" style=\"background-color: white; width: 1018px; height: 1024px;\" border=\"1\" cellspacing=\"0\" cellpadding=\"0\">\n<tbody>\n<tr class=\"firstRow\" style=\"height: 17pt;\" align=\"left\">\n<td style=\"background-color: #f0f3f8; width: 52.8%; text-align: left;\" width=\"59\"><strong><span style=\"font-size: 12pt; font-family: Arial;\">Balde<\/span><\/strong><\/td>\n<td style=\"background-color: #f0f3f8; width: 47.2%;\" width=\"313\"><strong><span style=\"font-size: 12pt; font-family: Arial;\">ZL50GN<\/span><\/strong><\/td>\n<\/tr>\n<tr style=\"height: 17pt;\" align=\"left\">\n<td width=\"59\"><span style=\"font-size: 12pt; font-family: Arial; color: #454545;\">Capacidade do balde \u00a0 \u00a0 \u00a0 \u00a0<\/span><\/td>\n<td width=\"313\"><span style=\"font-size: 12pt; font-family: Arial; color: #454545;\">3,0M\u00b3<\/span><\/td>\n<\/tr>\n<tr style=\"height: 17pt;\" align=\"left\">\n<td width=\"59\"><span style=\"font-size: 12pt; font-family: Arial; color: #454545;\">Carga nominal<\/span><\/td>\n<td width=\"313\"><span style=\"font-size: 12pt; font-family: Arial; color: #454545;\">5000kg<\/span><\/td>\n<\/tr>\n<tr style=\"height: 17pt;\" align=\"left\">\n<td width=\"59\"><span style=\"font-size: 12pt; font-family: Arial; color: #454545;\">tempo avaliado \u00a0 \u00a0<\/span><\/td>\n<td width=\"313\"><span style=\"font-size: 12pt; font-family: Arial; color: #454545;\">6 secret\u00e1ria<\/span><\/td>\n<\/tr>\n<tr style=\"height: 17pt;\" align=\"left\">\n<td width=\"59\"><span style=\"font-size: 12pt; font-family: Arial; color: #454545;\">Tempo total de ciclismo \u00a0 \u00a0 \u00a0 \u00a0<\/span><\/td>\n<td width=\"313\"><span style=\"font-size: 12pt; font-family: Arial; color: #454545;\">11secret\u00e1rio<\/span><\/td>\n<\/tr>\n<tr style=\"height: 17pt;\" align=\"left\">\n<td width=\"59\"><span style=\"font-size: 12pt; font-family: Arial; color: #454545;\">For\u00e7a m\u00e1x. de desenho<\/span><\/td>\n<td width=\"313\"><span style=\"font-size: 12pt; font-family: Arial; color: #454545;\">145Kn<\/span><\/td>\n<\/tr>\n<tr style=\"height: 17pt;\" align=\"left\">\n<td width=\"59\"><span style=\"font-size: 12pt; font-family: Arial; color: #454545;\">For\u00e7a m\u00e1x. de desagrega\u00e7\u00e3o<\/span><\/td>\n<td width=\"313\"><span style=\"font-size: 12pt; font-family: Arial; color: #454545;\">170Kn<\/span><\/td>\n<\/tr>\n<tr style=\"height: 17pt;\" align=\"left\">\n<td width=\"59\"><span style=\"font-size: 12pt; font-family: Arial; color: #454545;\">\u00c2ngulo de articula\u00e7\u00e3o \u00a0 \u00a0 \u00a0<\/span><\/td>\n<td width=\"313\"><span style=\"font-size: 12pt; font-family: Arial; color: #454545;\">35<\/span><span style=\"font-size: 12pt; color: #454545;\">.<\/span><\/td>\n<\/tr>\n<tr style=\"height: 17pt;\" align=\"left\">\n<td width=\"59\"><span style=\"font-size: 12pt; font-family: Arial; color: #454545;\">Raio m\u00ednimo de giro \u00a0<\/span><\/td>\n<td width=\"313\"><span style=\"font-size: 12pt; font-family: Arial; color: #454545;\">6400mm<\/span><\/td>\n<\/tr>\n<tr style=\"height: 17pt;\" align=\"left\">\n<td width=\"59\"><span style=\"font-size: 12pt; font-family: Arial; color: #454545;\">Capacidade de escalada \u00a0<\/span><\/td>\n<td width=\"313\"><span style=\"font-size: 12pt; font-family: Arial; color: #454545;\">28<\/span><span style=\"font-size: 12pt; color: #454545;\">.<\/span><\/td>\n<\/tr>\n<tr style=\"height: 17pt;\" align=\"left\">\n<td width=\"59\"><span style=\"font-size: 12pt; font-family: Arial; color: #454545;\">base da roda<\/span><\/td>\n<td width=\"313\"><span style=\"font-size: 12pt; font-family: Arial; color: #454545;\">3300mm<\/span><\/td>\n<\/tr>\n<tr style=\"height: 17pt;\" align=\"left\">\n<td width=\"234\"><span style=\"font-size: 12pt; font-family: Arial; color: #454545;\">Piso<\/span><\/td>\n<td width=\"313\"><span style=\"font-size: 12pt; font-family: Arial; color: #454545;\">2200mm<\/span><\/td>\n<\/tr>\n<tr style=\"height: 17pt;\" align=\"left\">\n<td width=\"59\"><span style=\"font-size: 12pt; font-family: Arial; color: #454545;\">Libera\u00e7\u00e3o de Basculamento \u00a0 \u00a0 \u00a0 \u00a0<\/span><\/td>\n<td width=\"313\"><span style=\"font-size: 12pt; font-family: Arial; color: #454545;\">3090mm<\/span><\/td>\n<\/tr>\n<tr style=\"height: 17pt;\" align=\"left\">\n<td width=\"59\"><span style=\"font-size: 12pt; font-family: Arial; color: #454545;\">Alcance de despejo \u00a0 \u00a0 \u00a0 \u00a0<\/span><\/td>\n<td width=\"313\"><span style=\"font-size: 12pt; font-family: Arial; color: #454545;\">1130mm<\/span><\/td>\n<\/tr>\n<tr style=\"height: 17pt;\" align=\"left\">\n<td width=\"59\"><span style=\"font-size: 12pt; font-family: Arial; color: #454545;\">C\u00d7L\u00d7A \u00a0<\/span><\/td>\n<td width=\"313\"><span style=\"font-size: 12pt; font-family: Arial; color: #454545;\">8110\u00d73000\u00d73508mm<\/span><\/td>\n<\/tr>\n<tr style=\"height: 17pt;\" align=\"left\">\n<td width=\"59\"><span style=\"font-size: 12pt; font-family: Arial; color: #454545;\">Peso operacional<\/span><\/td>\n<td width=\"313\"><span style=\"font-size: 12pt; font-family: Arial; color: #454545;\">18t<\/span><\/td>\n<\/tr>\n<tr style=\"height: 17pt;\" align=\"left\">\n<td style=\"background-color: #f0f3f8;\" width=\"59\"><strong><span style=\"font-size: 12pt; font-family: Arial;\">tipo de bra\u00e7adeira<\/span><\/strong><\/td>\n<td style=\"background-color: #f0f3f8;\" width=\"313\"><\/td>\n<\/tr>\n<tr style=\"height: 17pt;\" align=\"left\">\n<td width=\"59\"><span style=\"font-size: 12pt; font-family: Arial; color: #454545;\">Di\u00e2metro m\u00edn. de fixa\u00e7\u00e3o<\/span><\/td>\n<td width=\"313\"><span style=\"font-size: 12pt; font-family: Arial; color: #454545;\">\u03c6450\u03c6800mm<\/span><\/td>\n<\/tr>\n<tr style=\"height: 17pt;\" align=\"left\">\n<td width=\"59\"><span style=\"font-size: 12pt; font-family: Arial; color: #454545;\">Libera\u00e7\u00e3o de Basculamento \u00a0<\/span><\/td>\n<td width=\"313\"><span style=\"font-size: 12pt; font-family: Arial; color: #454545;\">3230mm<\/span><\/td>\n<\/tr>\n<tr style=\"height: 17pt;\" align=\"left\">\n<td width=\"59\"><span style=\"font-size: 12pt; font-family: Arial; color: #454545;\">Alcance de despejo \u00a0<\/span><\/td>\n<td width=\"313\"><span style=\"font-size: 12pt; font-family: Arial; color: #454545;\">1845mm<\/span><\/td>\n<\/tr>\n<tr style=\"height: 17pt;\" align=\"left\">\n<td width=\"59\"><span style=\"font-size: 12pt; font-family: Arial; color: #454545;\">C\u00d7L\u00d7A \u00a0<\/span><\/td>\n<td width=\"313\"><span style=\"font-size: 12pt; font-family: Arial; color: #454545;\">8414\u00d72800\u00d73460mm<\/span><\/p>\n<p>&nbsp;<\/td>\n<\/tr>\n<\/tbody>\n<\/table>\n<p><img fetchpriority=\"high\" decoding=\"async\" class=\"alignleft\" src=\"https:\/\/aliyun-hk03-cdn.hcwebsite.com\/7801b27384b660b81404f495471367cd\/res\/en\/20210708\/auto_4740.jpg\" width=\"1200\" height=\"1200\" \/><\/p>","protected":false},"excerpt":{"rendered":"<p>&nbsp;<\/p>\n<p>&nbsp;<\/p>","protected":false},"featured_media":2332,"template":"","meta":{"site-sidebar-layout":"default","site-content-layout":"default","ast-site-content-layout":"default","site-content-style":"default","site-sidebar-style":"default","ast-global-header-display":"","ast-banner-title-visibility":"","ast-main-header-display":"","ast-hfb-above-header-display":"","ast-hfb-below-header-display":"","ast-hfb-mobile-header-display":"","site-post-title":"","ast-breadcrumbs-content":"","ast-featured-img":"","footer-sml-layout":"","ast-disable-related-posts":"","theme-transparent-header-meta":"default","adv-header-id-meta":"","stick-header-meta":"","header-above-stick-meta":"","header-main-stick-meta":"","header-below-stick-meta":"","astra-migrate-meta-layouts":"default","ast-page-background-enabled":"default","ast-page-background-meta":{"desktop":{"background-color":"","background-image":"","background-repeat":"repeat","background-position":"center center","background-size":"auto","background-attachment":"scroll","background-type":"","background-media":"","overlay-type":"","overlay-color":"","overlay-opacity":"","overlay-gradient":""},"tablet":{"background-color":"","background-image":"","background-repeat":"repeat","background-position":"center center","background-size":"auto","background-attachment":"scroll","background-type":"","background-media":"","overlay-type":"","overlay-color":"","overlay-opacity":"","overlay-gradient":""},"mobile":{"background-color":"","background-image":"","background-repeat":"repeat","background-position":"center center","background-size":"auto","background-attachment":"scroll","background-type":"","background-media":"","overlay-type":"","overlay-color":"","overlay-opacity":"","overlay-gradient":""}},"ast-content-background-meta":{"desktop":{"background-color":"var(--ast-global-color-5)","background-image":"","background-repeat":"repeat","background-position":"center center","background-size":"auto","background-attachment":"scroll","background-type":"","background-media":"","overlay-type":"","overlay-color":"","overlay-opacity":"","overlay-gradient":""},"tablet":{"background-color":"var(--ast-global-color-5)","background-image":"","background-repeat":"repeat","background-position":"center center","background-size":"auto","background-attachment":"scroll","background-type":"","background-media":"","overlay-type":"","overlay-color":"","overlay-opacity":"","overlay-gradient":""},"mobile":{"background-color":"var(--ast-global-color-5)","background-image":"","background-repeat":"repeat","background-position":"center center","background-size":"auto","background-attachment":"scroll","background-type":"","background-media":"","overlay-type":"","overlay-color":"","overlay-opacity":"","overlay-gradient":""}}},"product_brand":[],"product_cat":[28],"product_tag":[],"class_list":{"0":"post-2330","1":"product","2":"type-product","3":"status-publish","4":"has-post-thumbnail","6":"product_cat-excavator","7":"desktop-align-left","8":"tablet-align-left","9":"mobile-align-left","11":"first","12":"instock","13":"shipping-taxable","14":"product-type-simple"},"_links":{"self":[{"href":"https:\/\/satisfybot.com\/pt\/wp-json\/wp\/v2\/product\/2330","targetHints":{"allow":["GET"]}}],"collection":[{"href":"https:\/\/satisfybot.com\/pt\/wp-json\/wp\/v2\/product"}],"about":[{"href":"https:\/\/satisfybot.com\/pt\/wp-json\/wp\/v2\/types\/product"}],"version-history":[{"count":0,"href":"https:\/\/satisfybot.com\/pt\/wp-json\/wp\/v2\/product\/2330\/revisions"}],"wp:featuredmedia":[{"embeddable":true,"href":"https:\/\/satisfybot.com\/pt\/wp-json\/wp\/v2\/media\/2332"}],"wp:attachment":[{"href":"https:\/\/satisfybot.com\/pt\/wp-json\/wp\/v2\/media?parent=2330"}],"wp:term":[{"taxonomy":"product_brand","embeddable":true,"href":"https:\/\/satisfybot.com\/pt\/wp-json\/wp\/v2\/product_brand?post=2330"},{"taxonomy":"product_cat","embeddable":true,"href":"https:\/\/satisfybot.com\/pt\/wp-json\/wp\/v2\/product_cat?post=2330"},{"taxonomy":"product_tag","embeddable":true,"href":"https:\/\/satisfybot.com\/pt\/wp-json\/wp\/v2\/product_tag?post=2330"}],"curies":[{"name":"wp","href":"https:\/\/api.w.org\/{rel}","templated":true}]}}