{"id":2344,"date":"2023-06-30T07:12:15","date_gmt":"2023-06-30T07:12:15","guid":{"rendered":"https:\/\/satisfybot.com\/?post_type=product&#038;p=2344"},"modified":"2023-06-30T07:12:15","modified_gmt":"2023-06-30T07:12:15","slug":"hot-sale-5-ton-sem-wheel-loader","status":"publish","type":"product","link":"https:\/\/satisfybot.com\/pt\/produto\/hot-sale-5-ton-sem-wheel-loader\/","title":{"rendered":"P\u00e1 carregadeira de rodas SEM de 5 toneladas em promo\u00e7\u00e3o"},"content":{"rendered":"<p><strong>P\u00e1 carregadeira de rodas SEM de 5 toneladas em promo\u00e7\u00e3o<\/strong><\/p>\n<table border=\"1\" width=\"94%\" cellspacing=\"0\" cellpadding=\"0\">\n<tbody>\n<tr class=\"firstRow\">\n<td><strong>Especifica\u00e7\u00f5es principais<\/strong><\/td>\n<td>&nbsp;<\/td>\n<\/tr>\n<tr>\n<td>Capacidade nominal de carga<\/td>\n<td>5.000 kg<\/td>\n<\/tr>\n<tr>\n<td>Peso operacional<\/td>\n<td>17.100 kg<\/td>\n<\/tr>\n<tr>\n<td>Capacidades da ca\u00e7amba<\/td>\n<td>2,7-4,5 m\u00b3<\/td>\n<\/tr>\n<tr>\n<td>Dimens\u00f5es totais C*L*A<\/td>\n<td>8247x3068x3416mm<\/td>\n<\/tr>\n<tr>\n<td><strong>Motor<\/strong><\/td>\n<td>&nbsp;<\/td>\n<\/tr>\n<tr>\n<td>Modelo<\/td>\n<td>WD10G220E<\/td>\n<\/tr>\n<tr>\n<td>Pot\u00eancia Bruta Nominal<\/td>\n<td>162 kW\/217 cv<\/td>\n<\/tr>\n<tr>\n<td>Pico de Torque<\/td>\n<td>920 Nm<\/td>\n<\/tr>\n<tr>\n<td><strong>Especifica\u00e7\u00f5es operacionais<\/strong><\/td>\n<td>&nbsp;<\/td>\n<\/tr>\n<tr>\n<td>Max. Rimpull<\/td>\n<td>157 kN<\/td>\n<\/tr>\n<tr>\n<td>For\u00e7a de rompimento<\/td>\n<td>163 kN<\/td>\n<\/tr>\n<tr>\n<td>Ajuste de Press\u00e3o do Sistema Hidr\u00e1ulico<\/td>\n<td>19 MPa<\/td>\n<\/tr>\n<tr>\n<td>Tempos de Ciclo Hidr\u00e1ulico<\/td>\n<td>10,4 segundos<\/td>\n<\/tr>\n<tr>\n<td><strong>Sistema de dire\u00e7\u00e3o<\/strong><\/td>\n<td>&nbsp;<\/td>\n<\/tr>\n<tr>\n<td>\u00c2ngulo de Dire\u00e7\u00e3o Esquerda\/Direita<\/td>\n<td>38\u00ba\u00b11\u00ba<\/td>\n<\/tr>\n<tr>\n<td>Raio Turing M\u00ednimo sobre o Pneu Traseiro<\/td>\n<td>5.917 mil\u00edmetros<\/td>\n<\/tr>\n<tr>\n<td>Raio Turing M\u00ednimo Sobre a Ca\u00e7amba<\/td>\n<td>6.931 mil\u00edmetros<\/td>\n<\/tr>\n<tr>\n<td><strong>Transmiss\u00e3o<\/strong><\/td>\n<td>SEM TR200<\/td>\n<\/tr>\n<tr>\n<td>Tipo<\/td>\n<td>Powershift do contraeixo<\/td>\n<\/tr>\n<tr>\n<td>Engrenagens<\/td>\n<td>F4\/R4<\/td>\n<\/tr>\n<tr>\n<td><strong>eixo<\/strong><\/td>\n<td>&nbsp;<\/td>\n<\/tr>\n<tr>\n<td>Marca<\/td>\n<td>SEM SO32<\/td>\n<\/tr>\n<tr>\n<td>Frente<\/td>\n<td>Fixado com pin\u00e7as<\/td>\n<\/tr>\n<tr>\n<td>Traseira<\/td>\n<td>Corrigido com Osc.Frame e Calipers<\/td>\n<\/tr>\n<tr>\n<td><strong>Sistema de travagem<\/strong><\/td>\n<td>&nbsp;<\/td>\n<\/tr>\n<tr>\n<td>freio de servi\u00e7o<\/td>\n<td>Seco e calibrador, controle ar-\u00f3leo<\/td>\n<\/tr>\n<tr>\n<td>Trav\u00e3o de m\u00e3o<\/td>\n<td>Sapata de freio tipo tambor, aplicada por mola e liberada a ar<\/td>\n<\/tr>\n<tr>\n<td><strong>pneus<\/strong><\/td>\n<td>&nbsp;<\/td>\n<\/tr>\n<tr>\n<td>Tamanho<\/td>\n<td>23.5-25<\/td>\n<\/tr>\n<tr>\n<td>Tipo<\/td>\n<td>Vi\u00e9s<\/td>\n<\/tr>\n<\/tbody>\n<\/table>\n<div><strong>Servi\u00e7o p\u00f3s-venda:<\/strong><\/div>\n<div><strong>Qualquer pequena quest\u00e3o ser\u00e1 resolvida no momento mais r\u00e1pido.<\/strong><\/div>\n<div><strong>Para mais detalhes, por favor, sinta-se livre para entrar em contato comigo.<\/strong><\/div>","protected":false},"excerpt":{"rendered":"<p>Hot Sale 5 Ton SEM Wheel Loader Main Specifications &nbsp; Rated Load Capacity 5,000 kg Operating Weight 17,100 kg Bucket Capacities 2.7-4.5 m&amp;sup3; Overall Dimensions L*W*H 8247x3068x3416mm Engine &nbsp; Model WD10G220E Rated Gross Power 162 kW\/217 hp Peak Torque 920 Nm Operating Specifications &nbsp; Max.Rimpull 157 kN Breakout Force 163 kN Hydraulic System Pressure Setting [&hellip;]<\/p>","protected":false},"featured_media":2345,"template":"","meta":{"site-sidebar-layout":"default","site-content-layout":"default","ast-site-content-layout":"default","site-content-style":"default","site-sidebar-style":"default","ast-global-header-display":"","ast-banner-title-visibility":"","ast-main-header-display":"","ast-hfb-above-header-display":"","ast-hfb-below-header-display":"","ast-hfb-mobile-header-display":"","site-post-title":"","ast-breadcrumbs-content":"","ast-featured-img":"","footer-sml-layout":"","ast-disable-related-posts":"","theme-transparent-header-meta":"default","adv-header-id-meta":"","stick-header-meta":"","header-above-stick-meta":"","header-main-stick-meta":"","header-below-stick-meta":"","astra-migrate-meta-layouts":"default","ast-page-background-enabled":"default","ast-page-background-meta":{"desktop":{"background-color":"","background-image":"","background-repeat":"repeat","background-position":"center center","background-size":"auto","background-attachment":"scroll","background-type":"","background-media":"","overlay-type":"","overlay-color":"","overlay-opacity":"","overlay-gradient":""},"tablet":{"background-color":"","background-image":"","background-repeat":"repeat","background-position":"center center","background-size":"auto","background-attachment":"scroll","background-type":"","background-media":"","overlay-type":"","overlay-color":"","overlay-opacity":"","overlay-gradient":""},"mobile":{"background-color":"","background-image":"","background-repeat":"repeat","background-position":"center center","background-size":"auto","background-attachment":"scroll","background-type":"","background-media":"","overlay-type":"","overlay-color":"","overlay-opacity":"","overlay-gradient":""}},"ast-content-background-meta":{"desktop":{"background-color":"var(--ast-global-color-5)","background-image":"","background-repeat":"repeat","background-position":"center center","background-size":"auto","background-attachment":"scroll","background-type":"","background-media":"","overlay-type":"","overlay-color":"","overlay-opacity":"","overlay-gradient":""},"tablet":{"background-color":"var(--ast-global-color-5)","background-image":"","background-repeat":"repeat","background-position":"center center","background-size":"auto","background-attachment":"scroll","background-type":"","background-media":"","overlay-type":"","overlay-color":"","overlay-opacity":"","overlay-gradient":""},"mobile":{"background-color":"var(--ast-global-color-5)","background-image":"","background-repeat":"repeat","background-position":"center center","background-size":"auto","background-attachment":"scroll","background-type":"","background-media":"","overlay-type":"","overlay-color":"","overlay-opacity":"","overlay-gradient":""}}},"product_brand":[],"product_cat":[28],"product_tag":[],"class_list":{"0":"post-2344","1":"product","2":"type-product","3":"status-publish","4":"has-post-thumbnail","6":"product_cat-excavator","7":"desktop-align-left","8":"tablet-align-left","9":"mobile-align-left","11":"first","12":"instock","13":"shipping-taxable","14":"product-type-simple"},"_links":{"self":[{"href":"https:\/\/satisfybot.com\/pt\/wp-json\/wp\/v2\/product\/2344","targetHints":{"allow":["GET"]}}],"collection":[{"href":"https:\/\/satisfybot.com\/pt\/wp-json\/wp\/v2\/product"}],"about":[{"href":"https:\/\/satisfybot.com\/pt\/wp-json\/wp\/v2\/types\/product"}],"version-history":[{"count":0,"href":"https:\/\/satisfybot.com\/pt\/wp-json\/wp\/v2\/product\/2344\/revisions"}],"wp:featuredmedia":[{"embeddable":true,"href":"https:\/\/satisfybot.com\/pt\/wp-json\/wp\/v2\/media\/2345"}],"wp:attachment":[{"href":"https:\/\/satisfybot.com\/pt\/wp-json\/wp\/v2\/media?parent=2344"}],"wp:term":[{"taxonomy":"product_brand","embeddable":true,"href":"https:\/\/satisfybot.com\/pt\/wp-json\/wp\/v2\/product_brand?post=2344"},{"taxonomy":"product_cat","embeddable":true,"href":"https:\/\/satisfybot.com\/pt\/wp-json\/wp\/v2\/product_cat?post=2344"},{"taxonomy":"product_tag","embeddable":true,"href":"https:\/\/satisfybot.com\/pt\/wp-json\/wp\/v2\/product_tag?post=2344"}],"curies":[{"name":"wp","href":"https:\/\/api.w.org\/{rel}","templated":true}]}}