{"id":2350,"date":"2023-06-30T07:44:09","date_gmt":"2023-06-30T07:44:09","guid":{"rendered":"https:\/\/satisfybot.com\/?post_type=product&#038;p=2350"},"modified":"2023-06-30T07:44:10","modified_gmt":"2023-06-30T07:44:10","slug":"shantui-sd10-small-bulldozer","status":"publish","type":"product","link":"https:\/\/satisfybot.com\/pt\/produto\/shantui-sd10-small-bulldozer\/","title":{"rendered":"Bulldozer pequeno Shantui SD10"},"content":{"rendered":"<p>TQ:<\/p>\n<table width=\"441\">\n<colgroup>\n<col width=\"313\" \/>\n<col width=\"128\" \/><\/colgroup>\n<tbody>\n<tr class=\"firstRow\">\n<td class=\"et2\" width=\"313\" height=\"27\">Detalhe\/Modelo<\/td>\n<td class=\"et2\" width=\"128\" height=\"27\">SD10YE\/YS<\/td>\n<\/tr>\n<tr>\n<td class=\"et1\" width=\"313\" height=\"36\">Dimens\u00f5es (L*L*A)<\/td>\n<td class=\"et3\" width=\"128\" height=\"36\">4406X2860X2763 4406x3200x2763<\/td>\n<\/tr>\n<tr>\n<td class=\"et4\" width=\"313\" height=\"19\">Peso operacional(t)<\/td>\n<td class=\"et4\" width=\"128\" height=\"19\">9.2\/9.5<\/td>\n<\/tr>\n<tr>\n<td class=\"et1\" width=\"313\" height=\"19\">Motor<\/td>\n<td height=\"19\"><\/td>\n<\/tr>\n<tr>\n<td class=\"et1\" width=\"313\" height=\"19\">Pot\u00eancia (kw\/rpm)<\/td>\n<td class=\"et1\" width=\"128\" height=\"19\">74\/2200<\/td>\n<\/tr>\n<tr>\n<td class=\"et1\" width=\"313\" height=\"19\">Comprimento do solo\/Press\u00e3o (mm\/Mpa)<\/td>\n<td class=\"et1\" width=\"128\" height=\"19\">2360&#8211;0.04\/0.03<\/td>\n<\/tr>\n<tr>\n<td class=\"et1\" width=\"313\" height=\"19\"><span class=\"font3\">Capacidade de classifica\u00e7\u00e3o(<\/span><span class=\"font0\">\u00b0<\/span><span class=\"font3\">)<\/span><\/td>\n<td class=\"et1\" width=\"128\" height=\"19\">30<\/td>\n<\/tr>\n<tr>\n<td class=\"et1\" width=\"313\" height=\"19\">Quantidade de esteiras de cada lado<\/td>\n<td class=\"et1\" width=\"128\" height=\"19\">39<\/td>\n<\/tr>\n<tr>\n<td class=\"et1\" width=\"313\" height=\"19\">Largura das sapatas da esteira (mm)<\/td>\n<td class=\"et1\" width=\"128\" height=\"19\">460\/660<\/td>\n<\/tr>\n<tr>\n<td class=\"et1\" width=\"313\" height=\"19\">Calibre da trilha (mm)<\/td>\n<td class=\"et1\" width=\"128\" height=\"19\">1650\/1790<\/td>\n<\/tr>\n<tr>\n<td class=\"et1\" width=\"313\" height=\"19\">Tom<\/td>\n<td class=\"et1\" width=\"128\" height=\"19\">171.45<\/td>\n<\/tr>\n<tr>\n<td class=\"et1\" width=\"313\" height=\"19\">N\u00famero de rolos de transporte (cada lado)<\/td>\n<td class=\"et1\" width=\"128\" height=\"19\">2<\/td>\n<\/tr>\n<tr>\n<td class=\"et1\" width=\"313\" height=\"19\">N\u00famero de rolos de esteira (cada lado)<\/td>\n<td class=\"et1\" width=\"128\" height=\"19\">6<\/td>\n<\/tr>\n<tr>\n<td class=\"et3\" width=\"313\" height=\"36\">Tipo de l\u00e2mina<\/td>\n<td class=\"et3\" width=\"128\" height=\"36\">p\u00e1 universal<\/td>\n<\/tr>\n<tr>\n<td class=\"et3\" width=\"313\" height=\"72\">Comprimento e altura da l\u00e2mina (mm)<\/td>\n<td class=\"et3\" width=\"128\" height=\"72\">2860&#215;1020 \u00a0 \u00a0 \u00a03200&#215;1020<\/td>\n<\/tr>\n<tr>\n<td class=\"et1\" width=\"313\" height=\"19\"><span class=\"font3\">Capacidade da l\u00e2mina (m<\/span><span class=\"font0\">\u00b3<\/span><span class=\"font3\">)<\/span><\/td>\n<td class=\"et1\" width=\"128\" height=\"19\">2.38\/2.66<\/td>\n<\/tr>\n<tr>\n<td class=\"et1\" width=\"313\" height=\"19\">Altura de eleva\u00e7\u00e3o da l\u00e2mina (mm)<\/td>\n<td class=\"et1\" width=\"128\" height=\"19\">900<\/td>\n<\/tr>\n<tr>\n<td class=\"et1\" width=\"313\" height=\"19\">Max.drop abaixo do solo (mm)<\/td>\n<td class=\"et1\" width=\"128\" height=\"19\">450<\/td>\n<\/tr>\n<tr>\n<td class=\"et1\" width=\"313\" height=\"19\">Escarificador<\/td>\n<td class=\"et1\" width=\"128\" height=\"19\">\/<\/td>\n<\/tr>\n<tr>\n<td class=\"et1\" width=\"313\" height=\"19\">Profundidade do escarificador (mm)<\/td>\n<td class=\"et1\" width=\"128\" height=\"19\">\/<\/td>\n<\/tr>\n<tr>\n<td class=\"et1\" width=\"313\" height=\"19\">Altura de eleva\u00e7\u00e3o do escarificador (mm)<\/td>\n<td class=\"et1\" width=\"128\" height=\"19\">\/<\/td>\n<\/tr>\n<tr>\n<td height=\"19\"><\/td>\n<td class=\"et1\" width=\"128\" height=\"19\">velocidade cont\u00ednua<\/td>\n<\/tr>\n<tr>\n<td class=\"et1\" width=\"313\" height=\"19\">Velocidade da marcha \u00e0 frente (km\/h)<\/td>\n<td class=\"et1\" width=\"128\" height=\"19\">mudar<\/td>\n<\/tr>\n<tr>\n<td height=\"19\"><\/td>\n<td class=\"et1\" width=\"128\" height=\"19\">0-9.0<\/td>\n<\/tr>\n<tr>\n<td height=\"18\"><\/td>\n<td height=\"18\"><\/td>\n<\/tr>\n<tr>\n<td class=\"et1\" width=\"313\" height=\"19\">Velocidade da marcha traseira (km\/h)<\/td>\n<td class=\"et1\" width=\"128\" height=\"19\">velocidade cont\u00ednua<\/td>\n<\/tr>\n<tr>\n<td height=\"19\"><\/td>\n<td class=\"et1\" width=\"128\" height=\"19\">mudar<\/td>\n<\/tr>\n<tr>\n<td height=\"19\"><\/td>\n<td class=\"et1\" width=\"128\" height=\"19\">0-9.0<\/td>\n<\/tr>\n<\/tbody>\n<\/table>","protected":false},"excerpt":{"rendered":"<p>TQ\uff1a Detail\/Model SD10YE\/YS Dimensions(L*W*H) 4406X2860X2763 \u00a04406x3200x2763 Operating weight(t) 9.2\/9.5 Engine Power(kw\/rpm) 74\/2200 Ground length\/Pressure(mm\/Mpa) 2360&#8211;0.04\/0.03 Gradeability(&amp;deg;) 30 Quantity of crawler each side 39 Width of track shoes(mm) 460\/660 Track gauge(mm) 1650\/1790 Pitch 171.45 Number of carrier rollers(each side) 2 Number of track rollers(each side) 6 Type of blade Universal shovel Length and hight of blade(mm) [&hellip;]<\/p>","protected":false},"featured_media":2351,"template":"","meta":{"site-sidebar-layout":"default","site-content-layout":"default","ast-site-content-layout":"default","site-content-style":"default","site-sidebar-style":"default","ast-global-header-display":"","ast-banner-title-visibility":"","ast-main-header-display":"","ast-hfb-above-header-display":"","ast-hfb-below-header-display":"","ast-hfb-mobile-header-display":"","site-post-title":"","ast-breadcrumbs-content":"","ast-featured-img":"","footer-sml-layout":"","ast-disable-related-posts":"","theme-transparent-header-meta":"default","adv-header-id-meta":"","stick-header-meta":"","header-above-stick-meta":"","header-main-stick-meta":"","header-below-stick-meta":"","astra-migrate-meta-layouts":"default","ast-page-background-enabled":"default","ast-page-background-meta":{"desktop":{"background-color":"","background-image":"","background-repeat":"repeat","background-position":"center center","background-size":"auto","background-attachment":"scroll","background-type":"","background-media":"","overlay-type":"","overlay-color":"","overlay-opacity":"","overlay-gradient":""},"tablet":{"background-color":"","background-image":"","background-repeat":"repeat","background-position":"center center","background-size":"auto","background-attachment":"scroll","background-type":"","background-media":"","overlay-type":"","overlay-color":"","overlay-opacity":"","overlay-gradient":""},"mobile":{"background-color":"","background-image":"","background-repeat":"repeat","background-position":"center center","background-size":"auto","background-attachment":"scroll","background-type":"","background-media":"","overlay-type":"","overlay-color":"","overlay-opacity":"","overlay-gradient":""}},"ast-content-background-meta":{"desktop":{"background-color":"var(--ast-global-color-5)","background-image":"","background-repeat":"repeat","background-position":"center center","background-size":"auto","background-attachment":"scroll","background-type":"","background-media":"","overlay-type":"","overlay-color":"","overlay-opacity":"","overlay-gradient":""},"tablet":{"background-color":"var(--ast-global-color-5)","background-image":"","background-repeat":"repeat","background-position":"center center","background-size":"auto","background-attachment":"scroll","background-type":"","background-media":"","overlay-type":"","overlay-color":"","overlay-opacity":"","overlay-gradient":""},"mobile":{"background-color":"var(--ast-global-color-5)","background-image":"","background-repeat":"repeat","background-position":"center center","background-size":"auto","background-attachment":"scroll","background-type":"","background-media":"","overlay-type":"","overlay-color":"","overlay-opacity":"","overlay-gradient":""}}},"product_brand":[],"product_cat":[28],"product_tag":[],"class_list":{"0":"post-2350","1":"product","2":"type-product","3":"status-publish","4":"has-post-thumbnail","6":"product_cat-excavator","7":"desktop-align-left","8":"tablet-align-left","9":"mobile-align-left","11":"first","12":"instock","13":"shipping-taxable","14":"product-type-simple"},"_links":{"self":[{"href":"https:\/\/satisfybot.com\/pt\/wp-json\/wp\/v2\/product\/2350","targetHints":{"allow":["GET"]}}],"collection":[{"href":"https:\/\/satisfybot.com\/pt\/wp-json\/wp\/v2\/product"}],"about":[{"href":"https:\/\/satisfybot.com\/pt\/wp-json\/wp\/v2\/types\/product"}],"version-history":[{"count":0,"href":"https:\/\/satisfybot.com\/pt\/wp-json\/wp\/v2\/product\/2350\/revisions"}],"wp:featuredmedia":[{"embeddable":true,"href":"https:\/\/satisfybot.com\/pt\/wp-json\/wp\/v2\/media\/2351"}],"wp:attachment":[{"href":"https:\/\/satisfybot.com\/pt\/wp-json\/wp\/v2\/media?parent=2350"}],"wp:term":[{"taxonomy":"product_brand","embeddable":true,"href":"https:\/\/satisfybot.com\/pt\/wp-json\/wp\/v2\/product_brand?post=2350"},{"taxonomy":"product_cat","embeddable":true,"href":"https:\/\/satisfybot.com\/pt\/wp-json\/wp\/v2\/product_cat?post=2350"},{"taxonomy":"product_tag","embeddable":true,"href":"https:\/\/satisfybot.com\/pt\/wp-json\/wp\/v2\/product_tag?post=2350"}],"curies":[{"name":"wp","href":"https:\/\/api.w.org\/{rel}","templated":true}]}}