{"id":2352,"date":"2023-06-30T08:48:37","date_gmt":"2023-06-30T08:48:37","guid":{"rendered":"https:\/\/satisfybot.com\/?post_type=product&#038;p=2352"},"modified":"2023-06-30T08:59:03","modified_gmt":"2023-06-30T08:59:03","slug":"xcmg-zl50gn-ce-approved-5-ton-shovel-front-end-wheel-loader","status":"publish","type":"product","link":"https:\/\/satisfybot.com\/pt\/produto\/xcmg-zl50gn-ce-approved-5-ton-shovel-front-end-wheel-loader\/","title":{"rendered":"XCMG Zl50gn P\u00e1 de 5 toneladas aprovada pela CE Carregadeira frontal de rodas"},"content":{"rendered":"<p>Pe\u00e7as opcionais:<br \/>\n* Alicate de agarrar grama \/ Garfo deslizante \/ Balde padr\u00e3o \/ Despejo lateral \/ Material leve L\u00e2mina balde 3.5m3 \/4m3\/4.5m3,2.5m3 balde.<\/p>\n<p>Resumo do Produto:<\/p>\n<p>A carregadeira de rodas XCMG ZL50GN \u00e9 o modelo mais popular da carregadeira de rodas 5t da China, agora a ZL50GN est\u00e1 atualizando para o novo modelo ZL50GV equipado com motor EURO III com injetor el\u00e9trico, o novo modelo ter\u00e1 alto desempenho.<\/p>\n<p>A carregadeira de rodas ZL50GN \u00e9 o mais recente produto de gera\u00e7\u00e3o cruzada desenvolvido, o equipamento de primeira escolha para a organiza\u00e7\u00e3o da produ\u00e7\u00e3o nas \u00e1reas de portos, constru\u00e7\u00f5es de engenharia e log\u00edstica.<\/p>\n<p>Destaques de desempenho:<\/p>\n<p>1. O dispositivo de trabalho e a estrutura frontal e traseira apresentam placa grossa de alta resist\u00eancia, distribui\u00e7\u00e3o razo\u00e1vel e forte capacidade de carga.<\/p>\n<p>2. A ca\u00e7amba com capacidade de 2,5m\u00b3 \u00e9 melhorada em termos de efici\u00eancia de trabalho e adapta\u00e7\u00e3o. Os dentes da ca\u00e7amba adotam a estrutura de porta-dentes e luva. A l\u00e2mina de corte e a borda da ca\u00e7amba s\u00e3o equipadas com dispositivo de prote\u00e7\u00e3o, apresentando excelente resist\u00eancia \u00e0 abras\u00e3o e resist\u00eancia ao choque.<\/p>\n<p>3. A espessura da al\u00e7a da estrutura frontal e do rodap\u00e9 \u00e9 de 70 mm, e a espessura da placa articulada para cima e para baixo \u00e9 de 30 mm. A m\u00e1quina \u00e9 superior entre os produtos do mesmo tipo em termos de resist\u00eancia estrutural e capacidade de carga.<\/p>\n<p>For\u00e7a de desagrega\u00e7\u00e3o de 4.160kN lida com todos os tipos de materiais com facilidade, capacidade de despejo de 3,5 m de altura lida com condi\u00e7\u00f5es severas com facilidade.<\/p>\n<table width=\"736\">\n<colgroup>\n<col \/>\n<col \/>\n<col \/><\/colgroup>\n<tbody>\n<tr class=\"firstRow\">\n<td width=\"264\" height=\"19\"><strong>Descri\u00e7\u00e3o<\/strong><\/td>\n<td width=\"142\" height=\"19\"><strong>Unidade<\/strong><\/td>\n<td width=\"308\" height=\"19\"><strong>ZL50GN<\/strong><\/td>\n<\/tr>\n<tr>\n<td width=\"264\">Carga operacional nominal<\/td>\n<td width=\"142\">kg<\/td>\n<td width=\"308\">5000<\/td>\n<\/tr>\n<tr>\n<td width=\"264\">Capacidade do balde<\/td>\n<td width=\"142\">m\u00b3<\/td>\n<td width=\"308\">2.5~4.5<\/td>\n<\/tr>\n<tr>\n<td width=\"264\">Peso da m\u00e1quina<\/td>\n<td width=\"142\">kg<\/td>\n<td width=\"308\">17500\u00b1300<\/td>\n<\/tr>\n<tr>\n<td width=\"264\">Folga de despejo na eleva\u00e7\u00e3o m\u00e1xima<\/td>\n<td width=\"142\">mil\u00edmetros<\/td>\n<td width=\"308\">3100~3780<\/td>\n<\/tr>\n<tr>\n<td width=\"264\">Alcance na eleva\u00e7\u00e3o m\u00e1xima<\/td>\n<td width=\"142\">mil\u00edmetros<\/td>\n<td width=\"308\">1100~1220<\/td>\n<\/tr>\n<tr>\n<td width=\"264\">base da roda<\/td>\n<td width=\"142\">mil\u00edmetros<\/td>\n<td width=\"308\">3300<\/td>\n<\/tr>\n<tr>\n<td width=\"264\">Piso<\/td>\n<td width=\"142\">mil\u00edmetros<\/td>\n<td width=\"308\">2250<\/td>\n<\/tr>\n<tr>\n<td width=\"264\">For\u00e7a m\u00e1x. de desagrega\u00e7\u00e3o<\/td>\n<td width=\"142\">kN<\/td>\n<td width=\"308\">175\u00b15<\/td>\n<\/tr>\n<tr>\n<td width=\"264\">Pot\u00eancia m\u00e1x.<\/td>\n<td width=\"142\">kN<\/td>\n<td width=\"308\">160\u00b15<\/td>\n<\/tr>\n<tr>\n<td width=\"264\">Aumento do tempo do ciclo hidr\u00e1ulico<\/td>\n<td width=\"142\">s<\/td>\n<td width=\"308\">\u22646<\/td>\n<\/tr>\n<tr>\n<td width=\"264\">Tempo total do ciclo hidr\u00e1ulico<\/td>\n<td width=\"142\">s<\/td>\n<td width=\"308\">\u226410,5<\/td>\n<\/tr>\n<tr>\n<td width=\"264\">m\u00edn. raio de viragem sobre pneus<\/td>\n<td width=\"142\">mil\u00edmetros<\/td>\n<td width=\"308\">5925\u00b150<\/td>\n<\/tr>\n<tr>\n<td width=\"264\">\u00c2ngulo de articula\u00e7\u00e3o<\/td>\n<td width=\"142\">\u00b0<\/td>\n<td width=\"308\">38<\/td>\n<\/tr>\n<tr>\n<td width=\"264\">Gradeability<\/td>\n<td width=\"142\">\u00b0<\/td>\n<td width=\"308\">30<\/td>\n<\/tr>\n<tr>\n<td width=\"264\">tamanho do pneu<\/td>\n<td width=\"142\"><\/td>\n<td width=\"308\">23.5-25-16PR<\/td>\n<\/tr>\n<tr>\n<td width=\"264\">Dimens\u00e3o total da m\u00e1quina L\u00d7L\u00d7A<\/td>\n<td width=\"142\">mil\u00edmetros<\/td>\n<td width=\"308\">8225\u00d73016\u00d73515<\/td>\n<\/tr>\n<tr>\n<td width=\"264\">Modelo<\/td>\n<td width=\"142\"><\/td>\n<td width=\"308\">\u00a0WD10G220E21<\/td>\n<\/tr>\n<tr>\n<td width=\"264\">Pot\u00eancia nominal<\/td>\n<td width=\"142\">kW<\/td>\n<td width=\"308\">162<\/td>\n<\/tr>\n<tr>\n<td width=\"264\">Velocidade de viagem<\/td>\n<td width=\"142\">1 marcha (F\/R)<\/td>\n<td width=\"308\">13\/17km\/h<\/td>\n<\/tr>\n<tr>\n<td width=\"264\"><\/td>\n<td width=\"142\">2 marchas (F)<\/td>\n<td width=\"308\">41km\/h<\/td>\n<\/tr>\n<\/tbody>\n<\/table>","protected":false},"excerpt":{"rendered":"<p>Optional parts: * Grasping grass pliers \/ Sliding fork \/ Standard bucket\/ Side dumping \/ Light material Blade bucket 3.5m3 \/4m3\/4.5m3,2.5m3 bucket. Product Overview: XCMG wheel loader ZL50GN is the most popular model of China 5t wheel loader,Now ZL50GN is upgrading to new model ZL50GV equipped with EURO III engine with electric injector, new model [&hellip;]<\/p>","protected":false},"featured_media":2354,"template":"","meta":{"site-sidebar-layout":"default","site-content-layout":"default","ast-site-content-layout":"default","site-content-style":"default","site-sidebar-style":"default","ast-global-header-display":"","ast-banner-title-visibility":"","ast-main-header-display":"","ast-hfb-above-header-display":"","ast-hfb-below-header-display":"","ast-hfb-mobile-header-display":"","site-post-title":"","ast-breadcrumbs-content":"","ast-featured-img":"","footer-sml-layout":"","ast-disable-related-posts":"","theme-transparent-header-meta":"default","adv-header-id-meta":"","stick-header-meta":"","header-above-stick-meta":"","header-main-stick-meta":"","header-below-stick-meta":"","astra-migrate-meta-layouts":"default","ast-page-background-enabled":"default","ast-page-background-meta":{"desktop":{"background-color":"","background-image":"","background-repeat":"repeat","background-position":"center center","background-size":"auto","background-attachment":"scroll","background-type":"","background-media":"","overlay-type":"","overlay-color":"","overlay-opacity":"","overlay-gradient":""},"tablet":{"background-color":"","background-image":"","background-repeat":"repeat","background-position":"center center","background-size":"auto","background-attachment":"scroll","background-type":"","background-media":"","overlay-type":"","overlay-color":"","overlay-opacity":"","overlay-gradient":""},"mobile":{"background-color":"","background-image":"","background-repeat":"repeat","background-position":"center center","background-size":"auto","background-attachment":"scroll","background-type":"","background-media":"","overlay-type":"","overlay-color":"","overlay-opacity":"","overlay-gradient":""}},"ast-content-background-meta":{"desktop":{"background-color":"var(--ast-global-color-5)","background-image":"","background-repeat":"repeat","background-position":"center center","background-size":"auto","background-attachment":"scroll","background-type":"","background-media":"","overlay-type":"","overlay-color":"","overlay-opacity":"","overlay-gradient":""},"tablet":{"background-color":"var(--ast-global-color-5)","background-image":"","background-repeat":"repeat","background-position":"center center","background-size":"auto","background-attachment":"scroll","background-type":"","background-media":"","overlay-type":"","overlay-color":"","overlay-opacity":"","overlay-gradient":""},"mobile":{"background-color":"var(--ast-global-color-5)","background-image":"","background-repeat":"repeat","background-position":"center center","background-size":"auto","background-attachment":"scroll","background-type":"","background-media":"","overlay-type":"","overlay-color":"","overlay-opacity":"","overlay-gradient":""}}},"product_brand":[],"product_cat":[28],"product_tag":[],"class_list":{"0":"post-2352","1":"product","2":"type-product","3":"status-publish","4":"has-post-thumbnail","6":"product_cat-excavator","7":"desktop-align-left","8":"tablet-align-left","9":"mobile-align-left","11":"first","12":"instock","13":"shipping-taxable","14":"product-type-simple"},"_links":{"self":[{"href":"https:\/\/satisfybot.com\/pt\/wp-json\/wp\/v2\/product\/2352","targetHints":{"allow":["GET"]}}],"collection":[{"href":"https:\/\/satisfybot.com\/pt\/wp-json\/wp\/v2\/product"}],"about":[{"href":"https:\/\/satisfybot.com\/pt\/wp-json\/wp\/v2\/types\/product"}],"version-history":[{"count":0,"href":"https:\/\/satisfybot.com\/pt\/wp-json\/wp\/v2\/product\/2352\/revisions"}],"wp:featuredmedia":[{"embeddable":true,"href":"https:\/\/satisfybot.com\/pt\/wp-json\/wp\/v2\/media\/2354"}],"wp:attachment":[{"href":"https:\/\/satisfybot.com\/pt\/wp-json\/wp\/v2\/media?parent=2352"}],"wp:term":[{"taxonomy":"product_brand","embeddable":true,"href":"https:\/\/satisfybot.com\/pt\/wp-json\/wp\/v2\/product_brand?post=2352"},{"taxonomy":"product_cat","embeddable":true,"href":"https:\/\/satisfybot.com\/pt\/wp-json\/wp\/v2\/product_cat?post=2352"},{"taxonomy":"product_tag","embeddable":true,"href":"https:\/\/satisfybot.com\/pt\/wp-json\/wp\/v2\/product_tag?post=2352"}],"curies":[{"name":"wp","href":"https:\/\/api.w.org\/{rel}","templated":true}]}}