{"id":2355,"date":"2023-07-01T05:21:00","date_gmt":"2023-07-01T05:21:00","guid":{"rendered":"https:\/\/satisfybot.com\/?post_type=product&#038;p=2355"},"modified":"2023-07-01T05:21:01","modified_gmt":"2023-07-01T05:21:01","slug":"me60-9-6ton-mini-excavator-multifunction-heavy-duty-crawler-backhoe-excavators","status":"publish","type":"product","link":"https:\/\/satisfybot.com\/pt\/produto\/me60-9-6ton-mini-excavator-multifunction-heavy-duty-crawler-backhoe-excavators\/","title":{"rendered":"Miniescavadeira ME60.9 6ton, retroescavadeira multifuncional de esteiras pesadas"},"content":{"rendered":"<div class=\"detail\">\n<div class=\"proshow-title\">\n<table style=\"border-collapse: collapse; width: 1018px; height: 419px;\" border=\"0\" width=\"1025\" cellspacing=\"0\" cellpadding=\"0\">\n<tbody>\n<tr style=\"height: 30.00pt;\">\n<td class=\"et2\" style=\"height: 30.00pt; width: 186.75pt;\" width=\"249\" height=\"40\">Modelo N\u00ba.<\/td>\n<td class=\"et3\" style=\"width: 186.75pt;\" width=\"249\">ME60.9ME<\/td>\n<td class=\"et4\" style=\"width: 21.75pt;\" rowspan=\"9\" width=\"29\"><\/td>\n<td class=\"et5\" style=\"width: 186.75pt;\" width=\"249\">Tipo de drive<\/td>\n<td class=\"et6\" style=\"width: 186.75pt;\" width=\"249\">Unidade de Combust\u00e3o Interna<\/td>\n<\/tr>\n<tr style=\"height: 30.00pt;\">\n<td class=\"et2\" style=\"height: 30.00pt;\" height=\"40\">Capacidade do balde<\/td>\n<td class=\"et3\">0,1~0,5m\u00b3<\/td>\n<td class=\"et5\">Tamanho<\/td>\n<td class=\"et6\">pequena escala<\/td>\n<\/tr>\n<tr style=\"height: 30.00pt;\">\n<td class=\"et2\" style=\"height: 30.00pt;\" height=\"40\">Certifica\u00e7\u00e3o<\/td>\n<td class=\"et3\">CE, ISO9001: 2000<\/td>\n<td class=\"et5\">Doen\u00e7a<\/td>\n<td class=\"et6\">Novo<\/td>\n<\/tr>\n<tr style=\"height: 30.00pt;\">\n<td class=\"et2\" style=\"height: 30.00pt;\" height=\"40\">Series<\/td>\n<td class=\"et3\">escavadeira<\/td>\n<td class=\"et5\">Marca<\/td>\n<td class=\"et6\">Kailai<\/td>\n<\/tr>\n<tr style=\"height: 30.00pt;\">\n<td class=\"et2\" style=\"height: 30.00pt;\" height=\"40\">Modelo<\/td>\n<td class=\"et3\">ME60.9<\/td>\n<td class=\"et5\">Motor<\/td>\n<td class=\"et6\">Yanmar<\/td>\n<\/tr>\n<tr style=\"height: 30.00pt;\">\n<td class=\"et2\" style=\"height: 30.00pt;\" height=\"40\">Modelo de motor<\/td>\n<td class=\"et3\">Yanmar 4tnv98<\/td>\n<td class=\"et5\">Volume do Tanque de Combust\u00edvel (L)<\/td>\n<td class=\"et3\">100<\/td>\n<\/tr>\n<tr style=\"height: 30.00pt;\">\n<td class=\"et2\" style=\"height: 30.00pt;\" height=\"40\">Cor<\/td>\n<td class=\"et3\">Amarelo<\/td>\n<td class=\"et5\">Marca comercial<\/td>\n<td class=\"et6\">Kailai<\/td>\n<\/tr>\n<tr style=\"height: 30.00pt;\">\n<td class=\"et2\" style=\"height: 30.00pt;\" height=\"40\">Pacote de transporte<\/td>\n<td class=\"et3\">embalagem nua<\/td>\n<td class=\"et5\">Especifica\u00e7\u00e3o<\/td>\n<td class=\"et6\">CE, SGS<\/td>\n<\/tr>\n<tr style=\"height: 30.00pt;\">\n<td class=\"et2\" style=\"height: 30.00pt;\" height=\"40\">Origem<\/td>\n<td class=\"et3\">China<\/td>\n<td class=\"et5\"><\/td>\n<td class=\"et6\"><\/td>\n<\/tr>\n<\/tbody>\n<\/table>\n<\/div>\n<div class=\"note\">\n<div id=\"inc-table\">\n<p><img fetchpriority=\"high\" decoding=\"async\" class=\"lazy\" title=\"QQ foto 20210728110227\" src=\"https:\/\/aliyun-hk03-cdn.hcwebsite.com\/7801b27384b660b81404f495471367cd\/res\/en\/20210827\/auto_4809.jpg\" width=\"1200\" height=\"900\" \/><\/p>\n<p><img decoding=\"async\" class=\"lazy\" title=\"QQ\u56fe\u724720210728110238\" src=\"https:\/\/aliyun-hk03-cdn.hcwebsite.com\/7801b27384b660b81404f495471367cd\/res\/en\/20210827\/auto_4810.jpg\" width=\"1200\" height=\"900\" \/><\/p>\n<p><img decoding=\"async\" class=\"lazy\" title=\"QQ\u56fe\u724720210728113047\" src=\"https:\/\/aliyun-hk03-cdn.hcwebsite.com\/7801b27384b660b81404f495471367cd\/res\/en\/20210827\/auto_4811.jpg\" width=\"1200\" height=\"900\" \/><\/p>\n<\/div>\n<\/div>\n<\/div>\n<div id=\"inquire\" class=\"inquiry\">\n<div class=\"proshow-title\">\n<h3>Consulta GRATUITA agora<\/h3>\n<\/div>\n<\/div>","protected":false},"excerpt":{"rendered":"<p>Modelo NO. ME60.9ME Tipo de acionamento Acionamento por combust\u00e3o interna Capacidade da ca\u00e7amba 0,1~0,5m\u00b3 Tamanho Pequena escala Certifica\u00e7\u00e3o CE, ISO9001: 2000 Condi\u00e7\u00e3o Nova S\u00e9rie Escavadeira Marca Kailai Modelo ME60.9 Motor Yanmar Modelo do motor Yanmar 4tnv98 Volume do tanque de combust\u00edvel (L) 100 Cor Amarelo Marca registrada Kailai Pacote de transporte Nude Especifica\u00e7\u00e3o de embalagem CE, SGS Origem China Consulta gr\u00e1tis agora<\/p>","protected":false},"featured_media":2356,"template":"","meta":{"site-sidebar-layout":"default","site-content-layout":"default","ast-site-content-layout":"default","site-content-style":"default","site-sidebar-style":"default","ast-global-header-display":"","ast-banner-title-visibility":"","ast-main-header-display":"","ast-hfb-above-header-display":"","ast-hfb-below-header-display":"","ast-hfb-mobile-header-display":"","site-post-title":"","ast-breadcrumbs-content":"","ast-featured-img":"","footer-sml-layout":"","ast-disable-related-posts":"","theme-transparent-header-meta":"default","adv-header-id-meta":"","stick-header-meta":"","header-above-stick-meta":"","header-main-stick-meta":"","header-below-stick-meta":"","astra-migrate-meta-layouts":"default","ast-page-background-enabled":"default","ast-page-background-meta":{"desktop":{"background-color":"","background-image":"","background-repeat":"repeat","background-position":"center center","background-size":"auto","background-attachment":"scroll","background-type":"","background-media":"","overlay-type":"","overlay-color":"","overlay-opacity":"","overlay-gradient":""},"tablet":{"background-color":"","background-image":"","background-repeat":"repeat","background-position":"center center","background-size":"auto","background-attachment":"scroll","background-type":"","background-media":"","overlay-type":"","overlay-color":"","overlay-opacity":"","overlay-gradient":""},"mobile":{"background-color":"","background-image":"","background-repeat":"repeat","background-position":"center center","background-size":"auto","background-attachment":"scroll","background-type":"","background-media":"","overlay-type":"","overlay-color":"","overlay-opacity":"","overlay-gradient":""}},"ast-content-background-meta":{"desktop":{"background-color":"var(--ast-global-color-5)","background-image":"","background-repeat":"repeat","background-position":"center center","background-size":"auto","background-attachment":"scroll","background-type":"","background-media":"","overlay-type":"","overlay-color":"","overlay-opacity":"","overlay-gradient":""},"tablet":{"background-color":"var(--ast-global-color-5)","background-image":"","background-repeat":"repeat","background-position":"center center","background-size":"auto","background-attachment":"scroll","background-type":"","background-media":"","overlay-type":"","overlay-color":"","overlay-opacity":"","overlay-gradient":""},"mobile":{"background-color":"var(--ast-global-color-5)","background-image":"","background-repeat":"repeat","background-position":"center center","background-size":"auto","background-attachment":"scroll","background-type":"","background-media":"","overlay-type":"","overlay-color":"","overlay-opacity":"","overlay-gradient":""}}},"product_brand":[],"product_cat":[28],"product_tag":[],"class_list":{"0":"post-2355","1":"product","2":"type-product","3":"status-publish","4":"has-post-thumbnail","6":"product_cat-excavator","7":"desktop-align-left","8":"tablet-align-left","9":"mobile-align-left","11":"first","12":"instock","13":"shipping-taxable","14":"product-type-simple"},"_links":{"self":[{"href":"https:\/\/satisfybot.com\/pt\/wp-json\/wp\/v2\/product\/2355","targetHints":{"allow":["GET"]}}],"collection":[{"href":"https:\/\/satisfybot.com\/pt\/wp-json\/wp\/v2\/product"}],"about":[{"href":"https:\/\/satisfybot.com\/pt\/wp-json\/wp\/v2\/types\/product"}],"version-history":[{"count":0,"href":"https:\/\/satisfybot.com\/pt\/wp-json\/wp\/v2\/product\/2355\/revisions"}],"wp:featuredmedia":[{"embeddable":true,"href":"https:\/\/satisfybot.com\/pt\/wp-json\/wp\/v2\/media\/2356"}],"wp:attachment":[{"href":"https:\/\/satisfybot.com\/pt\/wp-json\/wp\/v2\/media?parent=2355"}],"wp:term":[{"taxonomy":"product_brand","embeddable":true,"href":"https:\/\/satisfybot.com\/pt\/wp-json\/wp\/v2\/product_brand?post=2355"},{"taxonomy":"product_cat","embeddable":true,"href":"https:\/\/satisfybot.com\/pt\/wp-json\/wp\/v2\/product_cat?post=2355"},{"taxonomy":"product_tag","embeddable":true,"href":"https:\/\/satisfybot.com\/pt\/wp-json\/wp\/v2\/product_tag?post=2355"}],"curies":[{"name":"wp","href":"https:\/\/api.w.org\/{rel}","templated":true}]}}