{"id":2360,"date":"2023-06-30T16:00:09","date_gmt":"2023-06-30T16:00:09","guid":{"rendered":"https:\/\/satisfybot.com\/?post_type=product&#038;p=2360"},"modified":"2023-06-30T16:06:08","modified_gmt":"2023-06-30T16:06:08","slug":"sinotruk-10-wheel-howo-mining-tipper-truck","status":"publish","type":"product","link":"https:\/\/satisfybot.com\/pt\/produto\/sinotruk-10-wheel-howo-mining-tipper-truck\/","title":{"rendered":"caminh\u00e3o basculante de minera\u00e7\u00e3o howo sinotruk de 10 rodas"},"content":{"rendered":"<p>SINOTRUK HOWO 6*4 Basculante LHD<\/p>\n<p>Modelo:ZZ3257N3647A<\/p>\n<p>Motor: EURO II de 336 cv<\/p>\n<p>Transmiss\u00e3o: HW19710,10 para a frente,<\/p>\n<p>2 reverso<\/p>\n<p>Eixo dianteiro: HF9, freio tipo tambor<\/p>\n<p>Eixo traseiro: HC16, rela\u00e7\u00e3o de transmiss\u00e3o 5,73<\/p>\n<p>Dire\u00e7\u00e3o: ZF8118<\/p>\n<p>Pneus: 12.00R20, com um estepe<\/p>\n<p>Tanque de combust\u00edvel: 300L<\/p>\n<p>Cabine HW76 com beliche simples, com A\/C<\/p>\n<p>Tamanho da carga: 5400*2300*1500mm<\/p>\n<p>Elevador m\u00e9dio tipo T, tipo forte<\/p>\n<p>fundo 8mm, lado 6mm.<\/p>\n<p>&nbsp;<\/p>\n<table width=\"700\" cellspacing=\"0\">\n<tbody>\n<tr class=\"firstRow\">\n<td colspan=\"2\" valign=\"top\" width=\"700\">\u00a0\u00a0\u00a0\u00a0\u00a0\u00a0\u00a0\u00a0\u00a0\u00a0\u00a0\u00a0\u00a0\u00a0\u00a0\u00a0\u00a0\u00a0\u00a0\u00a0\u00a0\u00a0\u00a0Sinotruk howo 6*4 caminh\u00e3o basculante<\/td>\n<\/tr>\n<tr>\n<td valign=\"top\" width=\"121\">modelo do chassi<\/td>\n<td valign=\"top\" width=\"579\">ZZ3257N3647A1 (Tipo de Dire\u00e7\u00e3o Esquerda)<\/td>\n<\/tr>\n<tr>\n<td valign=\"top\" width=\"121\">Ano de produ\u00e7\u00e3o<\/td>\n<td valign=\"top\" width=\"579\">2018, caminh\u00e3o novo<\/td>\n<\/tr>\n<tr>\n<td valign=\"top\" width=\"121\">Cabine<\/td>\n<td valign=\"top\" width=\"579\">Cabina HW76, com um dorminhoco e dois lugares, sistema limpa p\u00e1ra-brisas de 2 bra\u00e7os com tr\u00eas velocidades, banco do condutor regul\u00e1vel e amortecido, com sistema de aquecimento e ventila\u00e7\u00e3o, pala de sol exterior, cintos de seguran\u00e7a, volante regul\u00e1vel, buzina a ar, ar condicionado, com estabilizador transversal, com apoio de 4 pontos suspens\u00e3o totalmente flutuante + amortecedor. Marca do motor: SINOTRUK Diesel 4 tempos, motor diesel de inje\u00e7\u00e3o direta<\/td>\n<\/tr>\n<tr>\n<td valign=\"top\" width=\"121\">Motor<\/td>\n<td valign=\"top\" width=\"579\">Marca: SINOTRUK<\/p>\n<p>Motor diesel de inje\u00e7\u00e3o direta de 4 tempos a diesel<\/p>\n<p>Modelo do motor: WD615.47, Euro 2, 336 HP<\/p>\n<p>6 cilindros em linha com refrigera\u00e7\u00e3o a \u00e1gua, turboalimenta\u00e7\u00e3o e intercooler Cilindrada: 9,726 L<\/td>\n<\/tr>\n<tr>\n<td valign=\"top\" width=\"121\">Transmiss\u00e3o<\/td>\n<td valign=\"top\" width=\"579\">HW19710, 10F e 2R, com rela\u00e7\u00e3o PTO: 14,28, 10,62, 7,87, 5,88, 4,38, 3,27, 2,43, 1,80, 1,34, 1,00, 13,91 (R1), 3,18 (R2)<\/td>\n<\/tr>\n<tr>\n<td valign=\"top\" width=\"121\">Dire\u00e7\u00e3o<\/td>\n<td valign=\"top\" width=\"579\">Dire\u00e7\u00e3o hidr\u00e1ulica ZF, modelo ZF8118, dire\u00e7\u00e3o hidr\u00e1ulica com assist\u00eancia el\u00e9trica<\/td>\n<\/tr>\n<tr>\n<td valign=\"top\" width=\"121\">Eixo dianteiro<\/td>\n<td valign=\"top\" width=\"579\">HF9, 1\u00d79000 KGS Direc\u00e7\u00e3o com viga dupla em T<\/td>\n<\/tr>\n<tr>\n<td valign=\"top\" width=\"121\">Eixo traseiro<\/td>\n<td valign=\"top\" width=\"579\">HC16, 2\u00d716000 KGS<\/p>\n<p>Carca\u00e7a do eixo prensada, redu\u00e7\u00e3o simples central com redu\u00e7\u00e3o nos cubos e com travas do diferencial entre rodas e eixos.<\/p>\n<p>Raz\u00e3o: 5,73<\/td>\n<\/tr>\n<tr>\n<td valign=\"top\" width=\"121\">Eixo de h\u00e9lice<\/td>\n<td valign=\"top\" width=\"579\">Eixo propulsor de junta universal dupla com flange de acoplamento em forma de engrenagem<\/td>\n<\/tr>\n<tr>\n<td valign=\"top\" width=\"121\">Chassis<\/td>\n<td valign=\"top\" width=\"579\">Estrutura: estrutura de escada paralela em perfil U com se\u00e7\u00e3o de 300x80x8mm+8 e subestrutura refor\u00e7ada todas as travessas rebitadas a frio<\/p>\n<p>Suspens\u00e3o dianteira: 10 molas semi-el\u00edpticas, amortecedor telesc\u00f3pico hidr\u00e1ulico de dupla a\u00e7\u00e3o e estabilizador<\/p>\n<p>Suspens\u00e3o traseira: molas semi-el\u00edpticas de 15 l\u00e2minas, mola bogie e estabilizador<\/td>\n<\/tr>\n<tr>\n<td valign=\"top\" width=\"121\">Freio<\/td>\n<td valign=\"top\" width=\"579\">Freio de servi\u00e7o: freio a ar comprimido de circuito duplo<\/p>\n<p>Freio de estacionamento (freio de emerg\u00eancia): energia de mola, ar comprimido operando no eixo dianteiro e nas rodas traseiras<\/p>\n<p>Freio auxiliar: freio de escape do motor<\/td>\n<\/tr>\n<tr>\n<td valign=\"top\" width=\"121\">El\u00e9trica<\/td>\n<td valign=\"top\" width=\"579\">Tens\u00e3o de opera\u00e7\u00e3o: 24 V, negativo aterrado<\/p>\n<p>Acionador de partida: 24 V, 5,4 Kw<\/p>\n<p>Alternador: trif\u00e1sico, 28 V, 1500 W<\/p>\n<p>Baterias: 2 x 12 V, 165 Ah<\/p>\n<p>Isqueiro, buzina, far\u00f3is, far\u00f3is de neblina, luzes de freio, piscas e luz de r\u00e9<\/td>\n<\/tr>\n<tr>\n<td valign=\"top\" width=\"121\">Tanque de combust\u00edvel<\/td>\n<td valign=\"top\" width=\"579\">\u00a0300L<\/td>\n<\/tr>\n<tr>\n<td valign=\"top\" width=\"121\">Pneu<\/td>\n<td valign=\"top\" width=\"579\">12.00R20, pneu radial 10+1<\/td>\n<\/tr>\n<tr>\n<td valign=\"top\" width=\"121\">Cor<\/td>\n<td valign=\"top\" width=\"579\">Amarelo<\/td>\n<\/tr>\n<tr>\n<td valign=\"top\" width=\"121\">corpo de carga<\/td>\n<td valign=\"top\" width=\"579\">5400 x 2300 x 1500 mm. 18,63 metros c\u00fabicos. Piso 8 mm Lado 6 mm.<\/td>\n<\/tr>\n<tr>\n<td valign=\"top\" width=\"121\">Dimens\u00e3o global<\/td>\n<td valign=\"top\" width=\"579\">8400*2550*3500 mil\u00edmetros<\/td>\n<\/tr>\n<\/tbody>\n<\/table>","protected":false},"excerpt":{"rendered":"<p>SINOTRUK HOWO 6*4 Tipper LHD Model:ZZ3257N3647A Engine:336hp EUROII Transmission:HW19710,10 forward, 2 reverse Front axle:HF9,drum type brake Rear axle:HC16, gear ratio 5.73 Steering:ZF8118 Tires:12.00R20, with one spare tire Fuel tanker:300L HW76 Cab with single bunk, with A\/C Cargo size:5400*2300*1500mm T type middle lift, strong type bottom 8mm,side 6mm. &nbsp; \u00a0\u00a0\u00a0\u00a0\u00a0\u00a0\u00a0\u00a0\u00a0\u00a0\u00a0\u00a0\u00a0\u00a0\u00a0\u00a0\u00a0\u00a0\u00a0\u00a0\u00a0\u00a0\u00a0Sinotruk howo 6*4 dump truck Chassis model [&hellip;]<\/p>","protected":false},"featured_media":2362,"template":"","meta":{"site-sidebar-layout":"default","site-content-layout":"default","ast-site-content-layout":"default","site-content-style":"default","site-sidebar-style":"default","ast-global-header-display":"","ast-banner-title-visibility":"","ast-main-header-display":"","ast-hfb-above-header-display":"","ast-hfb-below-header-display":"","ast-hfb-mobile-header-display":"","site-post-title":"","ast-breadcrumbs-content":"","ast-featured-img":"","footer-sml-layout":"","ast-disable-related-posts":"","theme-transparent-header-meta":"default","adv-header-id-meta":"","stick-header-meta":"","header-above-stick-meta":"","header-main-stick-meta":"","header-below-stick-meta":"","astra-migrate-meta-layouts":"default","ast-page-background-enabled":"default","ast-page-background-meta":{"desktop":{"background-color":"","background-image":"","background-repeat":"repeat","background-position":"center center","background-size":"auto","background-attachment":"scroll","background-type":"","background-media":"","overlay-type":"","overlay-color":"","overlay-opacity":"","overlay-gradient":""},"tablet":{"background-color":"","background-image":"","background-repeat":"repeat","background-position":"center center","background-size":"auto","background-attachment":"scroll","background-type":"","background-media":"","overlay-type":"","overlay-color":"","overlay-opacity":"","overlay-gradient":""},"mobile":{"background-color":"","background-image":"","background-repeat":"repeat","background-position":"center center","background-size":"auto","background-attachment":"scroll","background-type":"","background-media":"","overlay-type":"","overlay-color":"","overlay-opacity":"","overlay-gradient":""}},"ast-content-background-meta":{"desktop":{"background-color":"var(--ast-global-color-5)","background-image":"","background-repeat":"repeat","background-position":"center center","background-size":"auto","background-attachment":"scroll","background-type":"","background-media":"","overlay-type":"","overlay-color":"","overlay-opacity":"","overlay-gradient":""},"tablet":{"background-color":"var(--ast-global-color-5)","background-image":"","background-repeat":"repeat","background-position":"center center","background-size":"auto","background-attachment":"scroll","background-type":"","background-media":"","overlay-type":"","overlay-color":"","overlay-opacity":"","overlay-gradient":""},"mobile":{"background-color":"var(--ast-global-color-5)","background-image":"","background-repeat":"repeat","background-position":"center center","background-size":"auto","background-attachment":"scroll","background-type":"","background-media":"","overlay-type":"","overlay-color":"","overlay-opacity":"","overlay-gradient":""}}},"product_brand":[],"product_cat":[23],"product_tag":[],"class_list":{"0":"post-2360","1":"product","2":"type-product","3":"status-publish","4":"has-post-thumbnail","6":"product_cat-dump-truck","7":"desktop-align-left","8":"tablet-align-left","9":"mobile-align-left","11":"first","12":"instock","13":"shipping-taxable","14":"product-type-simple"},"_links":{"self":[{"href":"https:\/\/satisfybot.com\/pt\/wp-json\/wp\/v2\/product\/2360","targetHints":{"allow":["GET"]}}],"collection":[{"href":"https:\/\/satisfybot.com\/pt\/wp-json\/wp\/v2\/product"}],"about":[{"href":"https:\/\/satisfybot.com\/pt\/wp-json\/wp\/v2\/types\/product"}],"version-history":[{"count":0,"href":"https:\/\/satisfybot.com\/pt\/wp-json\/wp\/v2\/product\/2360\/revisions"}],"wp:featuredmedia":[{"embeddable":true,"href":"https:\/\/satisfybot.com\/pt\/wp-json\/wp\/v2\/media\/2362"}],"wp:attachment":[{"href":"https:\/\/satisfybot.com\/pt\/wp-json\/wp\/v2\/media?parent=2360"}],"wp:term":[{"taxonomy":"product_brand","embeddable":true,"href":"https:\/\/satisfybot.com\/pt\/wp-json\/wp\/v2\/product_brand?post=2360"},{"taxonomy":"product_cat","embeddable":true,"href":"https:\/\/satisfybot.com\/pt\/wp-json\/wp\/v2\/product_cat?post=2360"},{"taxonomy":"product_tag","embeddable":true,"href":"https:\/\/satisfybot.com\/pt\/wp-json\/wp\/v2\/product_tag?post=2360"}],"curies":[{"name":"wp","href":"https:\/\/api.w.org\/{rel}","templated":true}]}}