{"id":2363,"date":"2023-06-30T16:09:51","date_gmt":"2023-06-30T16:09:51","guid":{"rendered":"https:\/\/satisfybot.com\/?post_type=product&#038;p=2363"},"modified":"2023-06-30T16:09:51","modified_gmt":"2023-06-30T16:09:51","slug":"sinotruk-howo-8x4-u-shape-mining-tipper-truck-40-50-ton","status":"publish","type":"product","link":"https:\/\/satisfybot.com\/pt\/produto\/sinotruk-howo-8x4-u-shape-mining-tipper-truck-40-50-ton\/","title":{"rendered":"Sinotruk HOWO 8\u00d74 caminh\u00e3o basculante de minera\u00e7\u00e3o em forma de U 40-50 toneladas"},"content":{"rendered":"<p>Sinotruk HOWO 8\u00d74 caminh\u00e3o basculante de minera\u00e7\u00e3o em forma de U 40-50 toneladas<\/p>\n<p>Especifica\u00e7\u00f5es principais:<\/p>\n<ol class=\"list-paddingleft-2\">\n<li>Cabina HW76 com um dorminhoco;<\/li>\n<li>Motor Weichai: 420HP;<\/li>\n<li>Ca\u00e7amba em forma de U projetada especificamente para transporte de minera\u00e7\u00e3o;<\/li>\n<li>Ca\u00e7amba forte com grande espessura, piso 12mm e lateral 10mm<\/li>\n<\/ol>\n<table width=\"556\">\n<tbody>\n<tr class=\"firstRow\">\n<td valign=\"center\" width=\"114\"><a name=\"OLE_LINK2\"><\/a>Modelo<\/td>\n<td colspan=\"2\" valign=\"center\" width=\"441\">ZZ3317V3567W<\/td>\n<\/tr>\n<tr>\n<td valign=\"center\" width=\"114\">Tipo de drive<\/td>\n<td colspan=\"2\" valign=\"center\" width=\"441\">8\u00d74 volante \u00e0 esquerda<\/td>\n<\/tr>\n<tr>\n<td rowspan=\"2\" valign=\"center\" width=\"114\">T\u00e1xi<\/td>\n<td valign=\"center\" width=\"161\">Tipo<\/td>\n<td valign=\"center\" width=\"281\">Cabine HW76 com um dorminhoco<\/td>\n<\/tr>\n<tr>\n<td valign=\"center\" width=\"161\">Equipamentos<\/td>\n<td valign=\"center\" width=\"281\">2vidro traseiro, clerest\u00f3rio mec\u00e2nico, cabina com suspens\u00e3o hidr\u00e1ulica, cadeira hidr\u00e1ulica com cintos de seguran\u00e7a, um dorminhoco, cabina reversa hidr\u00e1ulica, com USB, pode reproduzir r\u00e1dio e \u00e1udio em formato MP3, equipado com A\/C<\/td>\n<\/tr>\n<tr>\n<td rowspan=\"4\" valign=\"center\" width=\"114\">ve\u00edculo principal<br \/>\nDimens\u00f5es<\/td>\n<td valign=\"center\" width=\"161\">C x L x A<\/td>\n<td valign=\"center\" width=\"281\">10245\u00d72496\u00d73170<\/td>\n<\/tr>\n<tr>\n<td valign=\"center\" width=\"161\">Base da roda (mm)<\/td>\n<td valign=\"center\" width=\"281\">1800+3500+1350<\/td>\n<\/tr>\n<tr>\n<td valign=\"center\" width=\"161\">Caminh\u00e3o dianteiro\/traseiro (mm)<\/td>\n<td valign=\"center\" width=\"281\">1500\/2095<\/td>\n<\/tr>\n<tr>\n<td valign=\"center\" width=\"161\">Aproxima\u00e7\u00e3o\/Partida(\u00b0)<\/td>\n<td valign=\"center\" width=\"281\">19\/18<\/td>\n<\/tr>\n<tr>\n<td rowspan=\"2\" valign=\"center\" width=\"114\">Peso<\/td>\n<td valign=\"center\" width=\"161\">Peso do meio-fio \uff08kg\uff09<\/td>\n<td valign=\"center\" width=\"281\">14860kg<\/td>\n<\/tr>\n<tr>\n<td valign=\"center\" width=\"161\">Massa total (kg)<\/td>\n<td valign=\"center\" width=\"281\">31000kg<\/td>\n<\/tr>\n<tr>\n<td rowspan=\"5\" valign=\"center\" width=\"114\">Motor<\/td>\n<td valign=\"center\" width=\"161\">Marca<\/td>\n<td valign=\"center\" width=\"281\">SINOTRUK<\/td>\n<\/tr>\n<tr>\n<td valign=\"center\" width=\"161\">Modelo<\/td>\n<td valign=\"center\" width=\"281\">D12.42<\/td>\n<\/tr>\n<tr>\n<td valign=\"center\" width=\"161\">Pot\u00eancia (kw\/HP)<\/td>\n<td valign=\"center\" width=\"281\">309\/420<\/td>\n<\/tr>\n<tr>\n<td valign=\"center\" width=\"161\">Deslocamento(L)<\/td>\n<td valign=\"center\" width=\"281\">11.596<\/td>\n<\/tr>\n<tr>\n<td valign=\"center\" width=\"161\">Padr\u00e3o de Emiss\u00e3o<\/td>\n<td valign=\"center\" width=\"281\">Euro II<\/td>\n<\/tr>\n<tr>\n<td rowspan=\"4\" valign=\"center\" width=\"114\">Transmiss\u00e3o<\/td>\n<td valign=\"center\" width=\"161\">Marca<\/td>\n<td valign=\"center\" width=\"281\">SINOTRUK<\/td>\n<\/tr>\n<tr>\n<td valign=\"center\" width=\"161\">Modelo<\/td>\n<td valign=\"center\" width=\"281\">HW19710<\/td>\n<\/tr>\n<tr>\n<td valign=\"center\" width=\"161\">Tipo de controlo<\/td>\n<td valign=\"center\" width=\"281\">Manual<\/td>\n<\/tr>\n<tr>\n<td valign=\"center\" width=\"161\">Mudan\u00e7a de marcha<\/td>\n<td valign=\"center\" width=\"281\">10 velocidades de avan\u00e7o e 2 de reserva<\/td>\n<\/tr>\n<tr>\n<td valign=\"center\" width=\"114\">Embreagem<\/td>\n<td valign=\"center\" width=\"161\">Di\u00e2metro (mm)<\/td>\n<td valign=\"center\" width=\"281\">430<\/td>\n<\/tr>\n<tr>\n<td valign=\"center\" width=\"114\">Dire\u00e7\u00e3o<\/td>\n<td colspan=\"2\" valign=\"center\" width=\"441\">ZF8118<\/td>\n<\/tr>\n<tr>\n<td rowspan=\"3\" valign=\"center\" width=\"114\">eixos<\/td>\n<td valign=\"center\" width=\"161\">Marca<\/td>\n<td valign=\"center\" width=\"281\">SINOTRUK<\/td>\n<\/tr>\n<tr>\n<td valign=\"center\" width=\"161\">Eixo dianteiro<\/td>\n<td valign=\"center\" width=\"281\">HF9<\/td>\n<\/tr>\n<tr>\n<td valign=\"center\" width=\"161\">Eixo traseiro<\/td>\n<td valign=\"center\" width=\"281\">HC16, com raz\u00e3o 4,8<\/td>\n<\/tr>\n<tr>\n<td valign=\"center\" width=\"114\">pneus<\/td>\n<td valign=\"center\" width=\"161\">Tipo (Padr\u00e3o)<\/td>\n<td valign=\"center\" width=\"281\">12,00R20<\/td>\n<\/tr>\n<tr>\n<td rowspan=\"3\" valign=\"center\" width=\"114\">Basculamento<\/td>\n<td valign=\"center\" width=\"161\">Dimens\u00e3o da Carga (mm)<\/td>\n<td valign=\"center\" width=\"281\">7300x2300x1200, 20CBM<\/td>\n<\/tr>\n<tr>\n<td valign=\"center\" width=\"161\">Espessura do corpo de a\u00e7o<\/td>\n<td valign=\"center\" width=\"281\">Piso 12mm, lado 10mm<\/td>\n<\/tr>\n<tr>\n<td valign=\"center\" width=\"161\">Tipo de eleva\u00e7\u00e3o<\/td>\n<td valign=\"center\" width=\"281\">Basculamento dianteiro<\/td>\n<\/tr>\n<\/tbody>\n<\/table>","protected":false},"excerpt":{"rendered":"<p>Sinotruk HOWO 8&#215;4 U Shape Mining Tipper Truck 40-50 Ton Main Spec.: HW76 cab with one sleeper; Weichai engine: 420HP; U-shape bucket specilied designed for mining transportation; Strong bucket with big thickness, floor 12mm and side 10mm Model ZZ3317V3567W Drive\u00a0type 8&#215;4 Left Hand Drive Cab Type HW76\u00a0cab\u00a0with\u00a0one sleeper Equipments 2rear window, mechanical clerestory, hydraulic suspension [&hellip;]<\/p>","protected":false},"featured_media":2364,"template":"","meta":{"site-sidebar-layout":"default","site-content-layout":"default","ast-site-content-layout":"default","site-content-style":"default","site-sidebar-style":"default","ast-global-header-display":"","ast-banner-title-visibility":"","ast-main-header-display":"","ast-hfb-above-header-display":"","ast-hfb-below-header-display":"","ast-hfb-mobile-header-display":"","site-post-title":"","ast-breadcrumbs-content":"","ast-featured-img":"","footer-sml-layout":"","ast-disable-related-posts":"","theme-transparent-header-meta":"default","adv-header-id-meta":"","stick-header-meta":"","header-above-stick-meta":"","header-main-stick-meta":"","header-below-stick-meta":"","astra-migrate-meta-layouts":"default","ast-page-background-enabled":"default","ast-page-background-meta":{"desktop":{"background-color":"","background-image":"","background-repeat":"repeat","background-position":"center center","background-size":"auto","background-attachment":"scroll","background-type":"","background-media":"","overlay-type":"","overlay-color":"","overlay-opacity":"","overlay-gradient":""},"tablet":{"background-color":"","background-image":"","background-repeat":"repeat","background-position":"center center","background-size":"auto","background-attachment":"scroll","background-type":"","background-media":"","overlay-type":"","overlay-color":"","overlay-opacity":"","overlay-gradient":""},"mobile":{"background-color":"","background-image":"","background-repeat":"repeat","background-position":"center center","background-size":"auto","background-attachment":"scroll","background-type":"","background-media":"","overlay-type":"","overlay-color":"","overlay-opacity":"","overlay-gradient":""}},"ast-content-background-meta":{"desktop":{"background-color":"var(--ast-global-color-5)","background-image":"","background-repeat":"repeat","background-position":"center center","background-size":"auto","background-attachment":"scroll","background-type":"","background-media":"","overlay-type":"","overlay-color":"","overlay-opacity":"","overlay-gradient":""},"tablet":{"background-color":"var(--ast-global-color-5)","background-image":"","background-repeat":"repeat","background-position":"center center","background-size":"auto","background-attachment":"scroll","background-type":"","background-media":"","overlay-type":"","overlay-color":"","overlay-opacity":"","overlay-gradient":""},"mobile":{"background-color":"var(--ast-global-color-5)","background-image":"","background-repeat":"repeat","background-position":"center center","background-size":"auto","background-attachment":"scroll","background-type":"","background-media":"","overlay-type":"","overlay-color":"","overlay-opacity":"","overlay-gradient":""}}},"product_brand":[],"product_cat":[23],"product_tag":[],"class_list":{"0":"post-2363","1":"product","2":"type-product","3":"status-publish","4":"has-post-thumbnail","6":"product_cat-dump-truck","7":"desktop-align-left","8":"tablet-align-left","9":"mobile-align-left","11":"first","12":"instock","13":"shipping-taxable","14":"product-type-simple"},"_links":{"self":[{"href":"https:\/\/satisfybot.com\/pt\/wp-json\/wp\/v2\/product\/2363","targetHints":{"allow":["GET"]}}],"collection":[{"href":"https:\/\/satisfybot.com\/pt\/wp-json\/wp\/v2\/product"}],"about":[{"href":"https:\/\/satisfybot.com\/pt\/wp-json\/wp\/v2\/types\/product"}],"version-history":[{"count":0,"href":"https:\/\/satisfybot.com\/pt\/wp-json\/wp\/v2\/product\/2363\/revisions"}],"wp:featuredmedia":[{"embeddable":true,"href":"https:\/\/satisfybot.com\/pt\/wp-json\/wp\/v2\/media\/2364"}],"wp:attachment":[{"href":"https:\/\/satisfybot.com\/pt\/wp-json\/wp\/v2\/media?parent=2363"}],"wp:term":[{"taxonomy":"product_brand","embeddable":true,"href":"https:\/\/satisfybot.com\/pt\/wp-json\/wp\/v2\/product_brand?post=2363"},{"taxonomy":"product_cat","embeddable":true,"href":"https:\/\/satisfybot.com\/pt\/wp-json\/wp\/v2\/product_cat?post=2363"},{"taxonomy":"product_tag","embeddable":true,"href":"https:\/\/satisfybot.com\/pt\/wp-json\/wp\/v2\/product_tag?post=2363"}],"curies":[{"name":"wp","href":"https:\/\/api.w.org\/{rel}","templated":true}]}}