{"id":2365,"date":"2023-06-30T16:13:53","date_gmt":"2023-06-30T16:13:53","guid":{"rendered":"https:\/\/satisfybot.com\/?post_type=product&#038;p=2365"},"modified":"2023-06-30T16:13:53","modified_gmt":"2023-06-30T16:13:53","slug":"china-engineering-vehicle-sinotruk-howo-8x4-off-road-dump-trucks","status":"publish","type":"product","link":"https:\/\/satisfybot.com\/pt\/produto\/china-engineering-vehicle-sinotruk-howo-8x4-off-road-dump-trucks\/","title":{"rendered":"Ve\u00edculo de engenharia China Sinotruk HOWO 8\u00d74 caminh\u00f5es basculantes fora de estrada"},"content":{"rendered":"<p><strong>Ve\u00edculo de engenharia China Sinotruk HOWO 8\u00d74 caminh\u00f5es basculantes fora de estrada<\/strong><\/p>\n<p>Especifica\u00e7\u00f5es principais:<\/p>\n<p>1. A cabine HW76 ou HW70 s\u00e3o opcionais;<\/p>\n<p>2. Motor Weichai, 290hp, 336hp, 371hp, 420hp s\u00e3o opcionais;<\/p>\n<p>3. Espessura da carroceria: piso 12mm e lateral 8mm para uso em minera\u00e7\u00e3o ou piso 8mm e lateral 6mm para uso comum.<\/p>\n<p>4. Dimens\u00f5es do corpo de carga: 6200mm, 6500mm,6800mm, 7000mm, 7300mm, 7800mm,8200mm,8500mm*2300mm*1500mm ou fa\u00e7a de acordo com sua exig\u00eancia.<\/p>\n<p>Descri\u00e7\u00e3o do produto:<\/p>\n<table width=\"556\">\n<tbody>\n<tr class=\"firstRow\">\n<td valign=\"center\" width=\"114\"><a name=\"OLE_LINK1\"><\/a>Modelo<\/td>\n<td colspan=\"3\" valign=\"center\" width=\"441\">ZZ3317N4867A<\/td>\n<\/tr>\n<tr>\n<td valign=\"center\" width=\"114\">Tipo de drive<\/td>\n<td colspan=\"3\" valign=\"center\" width=\"441\">8\u00d74 volante \u00e0 esquerda<\/td>\n<\/tr>\n<tr>\n<td rowspan=\"2\" valign=\"center\" width=\"114\">T\u00e1xi<\/td>\n<td valign=\"center\" width=\"161\">Tipo<\/td>\n<td colspan=\"2\" valign=\"center\" width=\"281\">HW76, telhado plano com uma cama de dormir<\/td>\n<\/tr>\n<tr>\n<td valign=\"center\" width=\"161\">Equipamentos<\/td>\n<td colspan=\"2\" valign=\"center\" width=\"281\">2janela traseira, clerest\u00f3rio mec\u00e2nico, cabine com suspens\u00e3o hidr\u00e1ulica, cadeira hidr\u00e1ulica com cinto de seguran\u00e7a, uma cama de dormir, cabine reversa hidr\u00e1ulica, com USB, pode reproduzir transmiss\u00e3o de r\u00e1dio e \u00e1udio em formato MP3, equipado com A\/C<\/td>\n<\/tr>\n<tr>\n<td rowspan=\"4\" valign=\"center\" width=\"114\">ve\u00edculo principal<br \/>\nDimens\u00f5es<\/td>\n<td valign=\"center\" width=\"161\">C x L x A<\/td>\n<td colspan=\"2\" valign=\"center\" width=\"281\">10745\u00d72496\u00d73406<\/td>\n<\/tr>\n<tr>\n<td valign=\"center\" width=\"161\">Base da roda (mm)<\/td>\n<td colspan=\"2\" valign=\"center\" width=\"281\">1800+4800+1350<\/td>\n<\/tr>\n<tr>\n<td valign=\"center\" width=\"161\">Caminh\u00e3o dianteiro\/traseiro (mm)<\/td>\n<td colspan=\"2\" valign=\"center\" width=\"281\">1500\/2295<\/td>\n<\/tr>\n<tr>\n<td valign=\"center\" width=\"161\">Aproxima\u00e7\u00e3o\/Partida(\u00b0)<\/td>\n<td colspan=\"2\" valign=\"center\" width=\"281\">19\/17<\/td>\n<\/tr>\n<tr>\n<td rowspan=\"2\" valign=\"center\" width=\"114\">Peso<\/td>\n<td valign=\"center\" width=\"161\">Peso do meio-fio \uff08kg\uff09<\/td>\n<td colspan=\"2\" valign=\"center\" width=\"281\">15480kg<\/td>\n<\/tr>\n<tr>\n<td valign=\"center\" width=\"161\">Massa total (kg)<\/td>\n<td colspan=\"2\" valign=\"center\" width=\"281\">31000kg<\/td>\n<\/tr>\n<tr>\n<td rowspan=\"5\" valign=\"center\" width=\"114\">Motor<\/td>\n<td valign=\"center\" width=\"161\">Marca<\/td>\n<td colspan=\"2\" valign=\"center\" width=\"281\">SINOTRUK<\/td>\n<\/tr>\n<tr>\n<td valign=\"center\" width=\"161\">Modelo<\/td>\n<td colspan=\"2\" valign=\"center\" width=\"281\">WP615.47<\/td>\n<\/tr>\n<tr>\n<td valign=\"center\" width=\"161\">Pot\u00eancia (kw\/HP)<\/td>\n<td colspan=\"2\" valign=\"center\" width=\"281\">273\/371<\/td>\n<\/tr>\n<tr>\n<td valign=\"center\" width=\"161\">Deslocamento(L)<\/td>\n<td colspan=\"2\" valign=\"center\" width=\"281\">9.726<\/td>\n<\/tr>\n<tr>\n<td valign=\"center\" width=\"161\">Padr\u00e3o de Emiss\u00e3o<\/td>\n<td colspan=\"2\" valign=\"center\" width=\"281\">Euro II<\/td>\n<\/tr>\n<tr>\n<td rowspan=\"4\" valign=\"center\" width=\"114\">Transmiss\u00e3o<\/td>\n<td valign=\"center\" width=\"161\">Marca<\/td>\n<td colspan=\"2\" valign=\"center\" width=\"281\">SINOTRUK<\/td>\n<\/tr>\n<tr>\n<td valign=\"center\" width=\"161\">Modelo<\/td>\n<td colspan=\"2\" valign=\"center\" width=\"281\">HW19710<\/td>\n<\/tr>\n<tr>\n<td valign=\"center\" width=\"161\">Tipo de controlo<\/td>\n<td colspan=\"2\" valign=\"center\" width=\"281\">Manual<\/td>\n<\/tr>\n<tr>\n<td valign=\"center\" width=\"161\">Mudan\u00e7a de marcha<\/td>\n<td colspan=\"2\" valign=\"center\" width=\"281\">10 velocidades de avan\u00e7o e 2 de reserva<\/td>\n<\/tr>\n<tr>\n<td valign=\"center\" width=\"114\">Embreagem<\/td>\n<td valign=\"center\" width=\"161\">Di\u00e2metro (mm)<\/td>\n<td colspan=\"2\" valign=\"center\" width=\"281\">430<\/td>\n<\/tr>\n<tr>\n<td valign=\"center\" width=\"114\">Dire\u00e7\u00e3o<\/td>\n<td colspan=\"3\" valign=\"center\" width=\"441\">ZF8118<\/td>\n<\/tr>\n<tr>\n<td rowspan=\"3\" valign=\"center\" width=\"114\">eixos<\/td>\n<td valign=\"center\" width=\"161\">Marca<\/td>\n<td colspan=\"2\" valign=\"center\" width=\"281\">SINOTRUK<\/td>\n<\/tr>\n<tr>\n<td valign=\"center\" width=\"161\">Eixo dianteiro<\/td>\n<td colspan=\"2\" valign=\"center\" width=\"281\">HF9<\/td>\n<\/tr>\n<tr>\n<td valign=\"center\" width=\"161\">Eixo traseiro<\/td>\n<td colspan=\"2\" valign=\"center\" width=\"281\">HC16<\/td>\n<\/tr>\n<tr>\n<td valign=\"center\" width=\"114\">pneus<\/td>\n<td valign=\"center\" width=\"161\">Tipo (Padr\u00e3o)<\/td>\n<td colspan=\"2\" valign=\"center\" width=\"281\">12,00R20<\/td>\n<\/tr>\n<tr>\n<td rowspan=\"3\" valign=\"center\" width=\"114\">Basculamento<\/td>\n<td colspan=\"2\" valign=\"center\" width=\"170\">Dimens\u00e3o da Carga (mm)<\/td>\n<td valign=\"center\" width=\"271\">8500x2300x1600<\/td>\n<\/tr>\n<tr>\n<td colspan=\"2\" valign=\"center\" width=\"170\">Espessura do corpo de a\u00e7o<\/td>\n<td valign=\"center\" width=\"271\">Piso 8, lado 6<\/td>\n<\/tr>\n<tr>\n<td colspan=\"2\" valign=\"center\" width=\"170\">Tipo de eleva\u00e7\u00e3o<\/td>\n<td valign=\"center\" width=\"271\">Basculamento dianteiro<\/td>\n<\/tr>\n<\/tbody>\n<\/table>","protected":false},"excerpt":{"rendered":"<p>China Engineering Vehicle Sinotruk HOWO 8&#215;4 Off Road Dump Trucks Main Spec.: 1. HW76 cab or HW70 cab are optional; 2. Weichai engine, 290hp, 336hp, 371hp, 420hp are optional; 3. Thickness of cargo body: floor 12mm and side 8mm for mining use or floor 8mm and side 6mm for common use. 4. Dimensions of cargo [&hellip;]<\/p>","protected":false},"featured_media":2366,"template":"","meta":{"site-sidebar-layout":"default","site-content-layout":"default","ast-site-content-layout":"default","site-content-style":"default","site-sidebar-style":"default","ast-global-header-display":"","ast-banner-title-visibility":"","ast-main-header-display":"","ast-hfb-above-header-display":"","ast-hfb-below-header-display":"","ast-hfb-mobile-header-display":"","site-post-title":"","ast-breadcrumbs-content":"","ast-featured-img":"","footer-sml-layout":"","ast-disable-related-posts":"","theme-transparent-header-meta":"default","adv-header-id-meta":"","stick-header-meta":"","header-above-stick-meta":"","header-main-stick-meta":"","header-below-stick-meta":"","astra-migrate-meta-layouts":"default","ast-page-background-enabled":"default","ast-page-background-meta":{"desktop":{"background-color":"","background-image":"","background-repeat":"repeat","background-position":"center center","background-size":"auto","background-attachment":"scroll","background-type":"","background-media":"","overlay-type":"","overlay-color":"","overlay-opacity":"","overlay-gradient":""},"tablet":{"background-color":"","background-image":"","background-repeat":"repeat","background-position":"center center","background-size":"auto","background-attachment":"scroll","background-type":"","background-media":"","overlay-type":"","overlay-color":"","overlay-opacity":"","overlay-gradient":""},"mobile":{"background-color":"","background-image":"","background-repeat":"repeat","background-position":"center center","background-size":"auto","background-attachment":"scroll","background-type":"","background-media":"","overlay-type":"","overlay-color":"","overlay-opacity":"","overlay-gradient":""}},"ast-content-background-meta":{"desktop":{"background-color":"var(--ast-global-color-5)","background-image":"","background-repeat":"repeat","background-position":"center center","background-size":"auto","background-attachment":"scroll","background-type":"","background-media":"","overlay-type":"","overlay-color":"","overlay-opacity":"","overlay-gradient":""},"tablet":{"background-color":"var(--ast-global-color-5)","background-image":"","background-repeat":"repeat","background-position":"center center","background-size":"auto","background-attachment":"scroll","background-type":"","background-media":"","overlay-type":"","overlay-color":"","overlay-opacity":"","overlay-gradient":""},"mobile":{"background-color":"var(--ast-global-color-5)","background-image":"","background-repeat":"repeat","background-position":"center center","background-size":"auto","background-attachment":"scroll","background-type":"","background-media":"","overlay-type":"","overlay-color":"","overlay-opacity":"","overlay-gradient":""}}},"product_brand":[],"product_cat":[23],"product_tag":[],"class_list":{"0":"post-2365","1":"product","2":"type-product","3":"status-publish","4":"has-post-thumbnail","6":"product_cat-dump-truck","7":"desktop-align-left","8":"tablet-align-left","9":"mobile-align-left","11":"first","12":"instock","13":"shipping-taxable","14":"product-type-simple"},"_links":{"self":[{"href":"https:\/\/satisfybot.com\/pt\/wp-json\/wp\/v2\/product\/2365","targetHints":{"allow":["GET"]}}],"collection":[{"href":"https:\/\/satisfybot.com\/pt\/wp-json\/wp\/v2\/product"}],"about":[{"href":"https:\/\/satisfybot.com\/pt\/wp-json\/wp\/v2\/types\/product"}],"version-history":[{"count":0,"href":"https:\/\/satisfybot.com\/pt\/wp-json\/wp\/v2\/product\/2365\/revisions"}],"wp:featuredmedia":[{"embeddable":true,"href":"https:\/\/satisfybot.com\/pt\/wp-json\/wp\/v2\/media\/2366"}],"wp:attachment":[{"href":"https:\/\/satisfybot.com\/pt\/wp-json\/wp\/v2\/media?parent=2365"}],"wp:term":[{"taxonomy":"product_brand","embeddable":true,"href":"https:\/\/satisfybot.com\/pt\/wp-json\/wp\/v2\/product_brand?post=2365"},{"taxonomy":"product_cat","embeddable":true,"href":"https:\/\/satisfybot.com\/pt\/wp-json\/wp\/v2\/product_cat?post=2365"},{"taxonomy":"product_tag","embeddable":true,"href":"https:\/\/satisfybot.com\/pt\/wp-json\/wp\/v2\/product_tag?post=2365"}],"curies":[{"name":"wp","href":"https:\/\/api.w.org\/{rel}","templated":true}]}}