{"id":2367,"date":"2023-06-30T16:16:01","date_gmt":"2023-06-30T16:16:01","guid":{"rendered":"https:\/\/satisfybot.com\/?post_type=product&#038;p=2367"},"modified":"2023-07-01T03:05:30","modified_gmt":"2023-07-01T03:05:30","slug":"engineering-vehicle-sinotruk-howo-6x4-mining-dump-truck","status":"publish","type":"product","link":"https:\/\/satisfybot.com\/pt\/produto\/engineering-vehicle-sinotruk-howo-6x4-mining-dump-truck\/","title":{"rendered":"Ve\u00edculo de engenharia Sinotruk HOWO 6\u00d74 Minera\u00e7\u00e3o Basculante"},"content":{"rendered":"<p><strong>Ve\u00edculo de engenharia Sinotruk HOWO 6\u00d74 Minera\u00e7\u00e3o Basculante\u00a0<\/strong><\/p>\n<p>Nossas vantagens:<\/p>\n<p>Trabalhamos com caminh\u00f5es h\u00e1 mais de 12 anos. Certifique-se de que podemos fornecer caminh\u00f5es qualificados com bom pre\u00e7o e temos nosso pr\u00f3prio departamento de pe\u00e7as de reposi\u00e7\u00e3o para atend\u00ea-lo ap\u00f3s a venda.<\/p>\n<p>Descri\u00e7\u00e3o do produto:<\/p>\n<table width=\"556\">\n<tbody>\n<tr class=\"firstRow\">\n<td valign=\"center\" width=\"114\"><a name=\"OLE_LINK2\"><\/a>Modelo<\/td>\n<td colspan=\"2\" valign=\"center\" width=\"441\"><a name=\"OLE_LINK4\"><\/a>ZZ3257N3647B<\/td>\n<\/tr>\n<tr>\n<td valign=\"center\" width=\"114\">Tipo de drive<\/td>\n<td colspan=\"2\" valign=\"center\" width=\"441\">6&#215;4<\/td>\n<\/tr>\n<tr>\n<td rowspan=\"2\" valign=\"center\" width=\"114\">T\u00e1xi<\/td>\n<td valign=\"center\" width=\"161\">Tipo<\/td>\n<td valign=\"center\" width=\"281\">Cabine padr\u00e3o HW70 sem cama para dormir<\/td>\n<\/tr>\n<tr>\n<td valign=\"center\" width=\"161\">Equipamentos<\/td>\n<td valign=\"center\" width=\"281\">2janela traseira, clerest\u00f3rio mec\u00e2nico, cabine com suspens\u00e3o hidr\u00e1ulica, cadeira hidr\u00e1ulica com cintos de seguran\u00e7a, cabine reversa hidr\u00e1ulica, com USB, pode reproduzir transmiss\u00e3o de r\u00e1dio e \u00e1udio em formato MP3, equipado com A\/C<\/td>\n<\/tr>\n<tr>\n<td rowspan=\"4\" valign=\"center\" width=\"114\">ve\u00edculo principal<br \/>\nDimens\u00f5es<\/td>\n<td valign=\"center\" width=\"161\">C x L x A<\/td>\n<td valign=\"center\" width=\"281\">8214x2496x3386<\/td>\n<\/tr>\n<tr>\n<td valign=\"center\" width=\"161\">Base da roda (mm)<\/td>\n<td valign=\"center\" width=\"281\">3625+1350<\/td>\n<\/tr>\n<tr>\n<td valign=\"center\" width=\"161\">Sali\u00eancia dianteira\/traseira (mm)<\/td>\n<td valign=\"center\" width=\"281\">1500\/1739<\/td>\n<\/tr>\n<tr>\n<td valign=\"center\" width=\"161\">Aproxima\u00e7\u00e3o\/Partida(\u00b0)<\/td>\n<td valign=\"center\" width=\"281\">19\/26<\/td>\n<\/tr>\n<tr>\n<td rowspan=\"2\" valign=\"center\" width=\"114\">Peso<\/td>\n<td valign=\"center\" width=\"161\">Peso do meio-fio \uff08kg\uff09<\/td>\n<td valign=\"center\" width=\"281\">12290kg<\/td>\n<\/tr>\n<tr>\n<td valign=\"center\" width=\"161\">Massa total (kg)<\/td>\n<td valign=\"center\" width=\"281\">25000kg<\/td>\n<\/tr>\n<tr>\n<td rowspan=\"5\" valign=\"center\" width=\"114\">Motor<\/td>\n<td valign=\"center\" width=\"161\">Marca<\/td>\n<td valign=\"center\" width=\"281\">SINOTRUK<\/td>\n<\/tr>\n<tr>\n<td valign=\"center\" width=\"161\">Modelo<\/td>\n<td valign=\"center\" width=\"281\">WD615.47<\/td>\n<\/tr>\n<tr>\n<td valign=\"center\" width=\"161\">Pot\u00eancia (kw\/HP)<\/td>\n<td valign=\"center\" width=\"281\">273\/371<\/td>\n<\/tr>\n<tr>\n<td valign=\"center\" width=\"161\">Deslocamento(L)<\/td>\n<td valign=\"center\" width=\"281\">9.726<\/td>\n<\/tr>\n<tr>\n<td valign=\"center\" width=\"161\">Padr\u00e3o de Emiss\u00e3o<\/td>\n<td valign=\"center\" width=\"281\">Euro II<\/td>\n<\/tr>\n<tr>\n<td rowspan=\"4\" valign=\"center\" width=\"114\">Transmiss\u00e3o<\/td>\n<td valign=\"center\" width=\"161\">Marca<\/td>\n<td valign=\"center\" width=\"281\">SINOTRUK<\/td>\n<\/tr>\n<tr>\n<td valign=\"center\" width=\"161\">Modelo<\/td>\n<td valign=\"center\" width=\"281\">HW19710<\/td>\n<\/tr>\n<tr>\n<td valign=\"center\" width=\"161\">Tipo de controlo<\/td>\n<td valign=\"center\" width=\"281\">Manual<\/td>\n<\/tr>\n<tr>\n<td valign=\"center\" width=\"161\">Mudan\u00e7a de marcha<\/td>\n<td valign=\"center\" width=\"281\">10 velocidades de avan\u00e7o e 2 de reserva<\/td>\n<\/tr>\n<tr>\n<td valign=\"center\" width=\"114\">Embreagem<\/td>\n<td valign=\"center\" width=\"161\">Di\u00e2metro (mm)<\/td>\n<td valign=\"center\" width=\"281\">430<\/td>\n<\/tr>\n<tr>\n<td valign=\"center\" width=\"114\">Dire\u00e7\u00e3o<\/td>\n<td colspan=\"2\" valign=\"center\" width=\"441\">ZF8118<\/td>\n<\/tr>\n<tr>\n<td rowspan=\"3\" valign=\"center\" width=\"114\">eixos<\/td>\n<td valign=\"center\" width=\"161\">Marca<\/td>\n<td valign=\"center\" width=\"281\">SINOTRUK<\/td>\n<\/tr>\n<tr>\n<td valign=\"center\" width=\"161\">Eixo dianteiro<\/td>\n<td valign=\"center\" width=\"281\">HF9<\/td>\n<\/tr>\n<tr>\n<td valign=\"center\" width=\"161\">Eixo traseiro<\/td>\n<td valign=\"center\" width=\"281\">HC16<\/td>\n<\/tr>\n<tr>\n<td colspan=\"2\" valign=\"center\" width=\"275\">Mola de Folha da Frente\/Traseira<\/td>\n<td valign=\"center\" width=\"281\">10\/12<\/td>\n<\/tr>\n<tr>\n<td valign=\"center\" width=\"114\">pneus<\/td>\n<td valign=\"center\" width=\"161\">Tipo (Padr\u00e3o)<\/td>\n<td valign=\"center\" width=\"281\">12,00R20<\/td>\n<\/tr>\n<tr>\n<td rowspan=\"3\" valign=\"center\" width=\"114\">Basculamento<\/td>\n<td valign=\"center\" width=\"161\">Dimens\u00e3o da Carga (mm)<\/td>\n<td valign=\"center\" width=\"281\">5600 x 2300 x 1500<\/td>\n<\/tr>\n<tr>\n<td valign=\"center\" width=\"161\">Espessura da placa de a\u00e7o<\/td>\n<td valign=\"center\" width=\"281\">Piso 12, lado 8 para uso em minera\u00e7\u00e3o<\/td>\n<\/tr>\n<tr>\n<td valign=\"center\" width=\"161\">Tipo de eleva\u00e7\u00e3o<\/td>\n<td valign=\"center\" width=\"281\">estilo elevador frontal<\/td>\n<\/tr>\n<tr>\n<td valign=\"center\" width=\"114\">Condi\u00e7\u00e3o do ar<\/td>\n<td colspan=\"2\" valign=\"center\" width=\"441\">Sim<\/td>\n<\/tr>\n<tr>\n<td valign=\"center\" width=\"114\">Tanque de combust\u00edvel<\/td>\n<td colspan=\"2\" valign=\"center\" width=\"441\">300L<\/td>\n<\/tr>\n<tr>\n<td valign=\"center\" width=\"114\">Cor<\/td>\n<td colspan=\"2\" valign=\"center\" width=\"441\">Como voc\u00ea quiser<\/td>\n<\/tr>\n<\/tbody>\n<\/table>","protected":false},"excerpt":{"rendered":"<p>Engineering Vehicle Sinotruk HOWO 6&#215;4 Mining Dump Truck\u00a0 Our advantages: We have been dealing with truck for more than 12 years. Please be assure that we can provide you qualified trucks with good price and we have our own spare parts department to service you after sale. Product description: Model ZZ3257N3647B Drive\u00a0type 6&#215;4 Cab Type [&hellip;]<\/p>","protected":false},"featured_media":2368,"template":"","meta":{"site-sidebar-layout":"default","site-content-layout":"default","ast-site-content-layout":"default","site-content-style":"default","site-sidebar-style":"default","ast-global-header-display":"","ast-banner-title-visibility":"","ast-main-header-display":"","ast-hfb-above-header-display":"","ast-hfb-below-header-display":"","ast-hfb-mobile-header-display":"","site-post-title":"","ast-breadcrumbs-content":"","ast-featured-img":"","footer-sml-layout":"","ast-disable-related-posts":"","theme-transparent-header-meta":"default","adv-header-id-meta":"","stick-header-meta":"","header-above-stick-meta":"","header-main-stick-meta":"","header-below-stick-meta":"","astra-migrate-meta-layouts":"default","ast-page-background-enabled":"default","ast-page-background-meta":{"desktop":{"background-color":"","background-image":"","background-repeat":"repeat","background-position":"center center","background-size":"auto","background-attachment":"scroll","background-type":"","background-media":"","overlay-type":"","overlay-color":"","overlay-opacity":"","overlay-gradient":""},"tablet":{"background-color":"","background-image":"","background-repeat":"repeat","background-position":"center center","background-size":"auto","background-attachment":"scroll","background-type":"","background-media":"","overlay-type":"","overlay-color":"","overlay-opacity":"","overlay-gradient":""},"mobile":{"background-color":"","background-image":"","background-repeat":"repeat","background-position":"center center","background-size":"auto","background-attachment":"scroll","background-type":"","background-media":"","overlay-type":"","overlay-color":"","overlay-opacity":"","overlay-gradient":""}},"ast-content-background-meta":{"desktop":{"background-color":"var(--ast-global-color-5)","background-image":"","background-repeat":"repeat","background-position":"center center","background-size":"auto","background-attachment":"scroll","background-type":"","background-media":"","overlay-type":"","overlay-color":"","overlay-opacity":"","overlay-gradient":""},"tablet":{"background-color":"var(--ast-global-color-5)","background-image":"","background-repeat":"repeat","background-position":"center center","background-size":"auto","background-attachment":"scroll","background-type":"","background-media":"","overlay-type":"","overlay-color":"","overlay-opacity":"","overlay-gradient":""},"mobile":{"background-color":"var(--ast-global-color-5)","background-image":"","background-repeat":"repeat","background-position":"center center","background-size":"auto","background-attachment":"scroll","background-type":"","background-media":"","overlay-type":"","overlay-color":"","overlay-opacity":"","overlay-gradient":""}}},"product_brand":[],"product_cat":[23],"product_tag":[],"class_list":{"0":"post-2367","1":"product","2":"type-product","3":"status-publish","4":"has-post-thumbnail","6":"product_cat-dump-truck","7":"desktop-align-left","8":"tablet-align-left","9":"mobile-align-left","11":"first","12":"instock","13":"shipping-taxable","14":"product-type-simple"},"_links":{"self":[{"href":"https:\/\/satisfybot.com\/pt\/wp-json\/wp\/v2\/product\/2367","targetHints":{"allow":["GET"]}}],"collection":[{"href":"https:\/\/satisfybot.com\/pt\/wp-json\/wp\/v2\/product"}],"about":[{"href":"https:\/\/satisfybot.com\/pt\/wp-json\/wp\/v2\/types\/product"}],"version-history":[{"count":0,"href":"https:\/\/satisfybot.com\/pt\/wp-json\/wp\/v2\/product\/2367\/revisions"}],"wp:featuredmedia":[{"embeddable":true,"href":"https:\/\/satisfybot.com\/pt\/wp-json\/wp\/v2\/media\/2368"}],"wp:attachment":[{"href":"https:\/\/satisfybot.com\/pt\/wp-json\/wp\/v2\/media?parent=2367"}],"wp:term":[{"taxonomy":"product_brand","embeddable":true,"href":"https:\/\/satisfybot.com\/pt\/wp-json\/wp\/v2\/product_brand?post=2367"},{"taxonomy":"product_cat","embeddable":true,"href":"https:\/\/satisfybot.com\/pt\/wp-json\/wp\/v2\/product_cat?post=2367"},{"taxonomy":"product_tag","embeddable":true,"href":"https:\/\/satisfybot.com\/pt\/wp-json\/wp\/v2\/product_tag?post=2367"}],"curies":[{"name":"wp","href":"https:\/\/api.w.org\/{rel}","templated":true}]}}