{"id":2375,"date":"2023-07-01T02:16:15","date_gmt":"2023-07-01T02:16:15","guid":{"rendered":"https:\/\/satisfybot.com\/?post_type=product&#038;p=2375"},"modified":"2023-07-01T02:16:15","modified_gmt":"2023-07-01T02:16:15","slug":"shacman-m3000-light-kerb-weight-6x4-dump-truck-for-clinker-transportation-in-city","status":"publish","type":"product","link":"https:\/\/satisfybot.com\/pt\/produto\/shacman-m3000-light-kerb-weight-6x4-dump-truck-for-clinker-transportation-in-city\/","title":{"rendered":"Caminh\u00e3o basculante SHACMAN M3000 leve 6\u00d74 para transporte de cl\u00ednquer na cidade"},"content":{"rendered":"<p>Caminh\u00e3o basculante SHACMAN M3000 leve 6\u00d74 para transporte de cl\u00ednquer na cidade<\/p>\n<p>&nbsp;<\/p>\n<p>\u2013 Carroceria de 15cbm~20cbm, para transporte de areia e cl\u00ednquer na cidade<\/p>\n<p>\u2013Op\u00e7\u00f5es de pneus: radial 12.00R20, 12R22.5 e tubeless 315\/80R22.5.<\/p>\n<p>\u2013Cor padr\u00e3o: Branco, Vermelho, Verde (Outras cores s\u00e3o opcionais)<\/p>\n<p>&nbsp;<\/p>\n<p>Tipo de tra\u00e7\u00e3o: 6\u00d74<\/p>\n<p>Sistema de acionamento: LHD (RHD \u00e9 opcional)<\/p>\n<p>Cabine: Nova cabine plana M3000, um dorminhoco, ar condicionado<\/p>\n<p>Marca do motor: WEICHAI<\/p>\n<p>Modelo: WP10.290E32 EuroII Pot\u00eancia nominal: 290hp (340hp \u00e9 opcional)<\/p>\n<p>Cilindrada do motor: 9.726 litros<\/p>\n<p>Caixa de engrenagens: FAST 9 velocidades (9JS119)<\/p>\n<p>Embraiagem: \u0424430 Tipo de diafragma<\/p>\n<p>Dire\u00e7\u00e3o: Tecnologia ZF<\/p>\n<p>Eixo: Eixo dianteiro MAN de 7,5 toneladas; Eixo traseiro de dupla redu\u00e7\u00e3o MAN de 16 toneladas, propor\u00e7\u00e3o: 5,262<\/p>\n<p>m\u00e1x. velocidade de corrida (km\/h): 85<\/p>\n<p>Pneu: 12.00R20, 12R22.5<\/p>\n<p>Tanque de combust\u00edvel: 400L (Alum\u00ednio)<\/p>\n<p>Peso total (kg): 11400 (8040 kg apenas para chassis)<\/p>\n<p>Carga \u00fatil (kg): 25.000<\/p>\n<p>Base da roda (mm): 3775+1400<\/p>\n<p>Dimens\u00f5es (C*L*A) (mm): 8229x2500x3450<\/p>\n<p>&nbsp;<\/p>\n<p>corpo de despejo<\/p>\n<p>5400x2300x1500mm, Espessura do a\u00e7o (mm):Inferior 8, lado 4.<\/p>\n<p>Sistema de eleva\u00e7\u00e3o hidr\u00e1ulica: eleva\u00e7\u00e3o m\u00e9dia F\/T<\/p>\n<p>&nbsp;<\/p>","protected":false},"excerpt":{"rendered":"<p>SHACMAN M3000 light kerb weight 6&#215;4 dump truck for clinker transportation in city &nbsp; &#8211;Truck body from 15cbm~20cbm, for sand and clinkers transportation in the city &#8211;Options for tires: 12.00R20 radial tire, 12R22.5 and 315\/80R22.5 tubeless tire. &#8211;Standard color: White, Red, Green (Other color is optional) &nbsp; Traction type: 6&#215;4 Drive System: LHD(RHD is optional) [&hellip;]<\/p>","protected":false},"featured_media":2376,"template":"","meta":{"site-sidebar-layout":"default","site-content-layout":"default","ast-site-content-layout":"default","site-content-style":"default","site-sidebar-style":"default","ast-global-header-display":"","ast-banner-title-visibility":"","ast-main-header-display":"","ast-hfb-above-header-display":"","ast-hfb-below-header-display":"","ast-hfb-mobile-header-display":"","site-post-title":"","ast-breadcrumbs-content":"","ast-featured-img":"","footer-sml-layout":"","ast-disable-related-posts":"","theme-transparent-header-meta":"default","adv-header-id-meta":"","stick-header-meta":"","header-above-stick-meta":"","header-main-stick-meta":"","header-below-stick-meta":"","astra-migrate-meta-layouts":"default","ast-page-background-enabled":"default","ast-page-background-meta":{"desktop":{"background-color":"","background-image":"","background-repeat":"repeat","background-position":"center center","background-size":"auto","background-attachment":"scroll","background-type":"","background-media":"","overlay-type":"","overlay-color":"","overlay-opacity":"","overlay-gradient":""},"tablet":{"background-color":"","background-image":"","background-repeat":"repeat","background-position":"center center","background-size":"auto","background-attachment":"scroll","background-type":"","background-media":"","overlay-type":"","overlay-color":"","overlay-opacity":"","overlay-gradient":""},"mobile":{"background-color":"","background-image":"","background-repeat":"repeat","background-position":"center center","background-size":"auto","background-attachment":"scroll","background-type":"","background-media":"","overlay-type":"","overlay-color":"","overlay-opacity":"","overlay-gradient":""}},"ast-content-background-meta":{"desktop":{"background-color":"var(--ast-global-color-5)","background-image":"","background-repeat":"repeat","background-position":"center center","background-size":"auto","background-attachment":"scroll","background-type":"","background-media":"","overlay-type":"","overlay-color":"","overlay-opacity":"","overlay-gradient":""},"tablet":{"background-color":"var(--ast-global-color-5)","background-image":"","background-repeat":"repeat","background-position":"center center","background-size":"auto","background-attachment":"scroll","background-type":"","background-media":"","overlay-type":"","overlay-color":"","overlay-opacity":"","overlay-gradient":""},"mobile":{"background-color":"var(--ast-global-color-5)","background-image":"","background-repeat":"repeat","background-position":"center center","background-size":"auto","background-attachment":"scroll","background-type":"","background-media":"","overlay-type":"","overlay-color":"","overlay-opacity":"","overlay-gradient":""}}},"product_brand":[],"product_cat":[23],"product_tag":[],"class_list":{"0":"post-2375","1":"product","2":"type-product","3":"status-publish","4":"has-post-thumbnail","6":"product_cat-dump-truck","7":"desktop-align-left","8":"tablet-align-left","9":"mobile-align-left","11":"first","12":"instock","13":"shipping-taxable","14":"product-type-simple"},"_links":{"self":[{"href":"https:\/\/satisfybot.com\/pt\/wp-json\/wp\/v2\/product\/2375","targetHints":{"allow":["GET"]}}],"collection":[{"href":"https:\/\/satisfybot.com\/pt\/wp-json\/wp\/v2\/product"}],"about":[{"href":"https:\/\/satisfybot.com\/pt\/wp-json\/wp\/v2\/types\/product"}],"version-history":[{"count":0,"href":"https:\/\/satisfybot.com\/pt\/wp-json\/wp\/v2\/product\/2375\/revisions"}],"wp:featuredmedia":[{"embeddable":true,"href":"https:\/\/satisfybot.com\/pt\/wp-json\/wp\/v2\/media\/2376"}],"wp:attachment":[{"href":"https:\/\/satisfybot.com\/pt\/wp-json\/wp\/v2\/media?parent=2375"}],"wp:term":[{"taxonomy":"product_brand","embeddable":true,"href":"https:\/\/satisfybot.com\/pt\/wp-json\/wp\/v2\/product_brand?post=2375"},{"taxonomy":"product_cat","embeddable":true,"href":"https:\/\/satisfybot.com\/pt\/wp-json\/wp\/v2\/product_cat?post=2375"},{"taxonomy":"product_tag","embeddable":true,"href":"https:\/\/satisfybot.com\/pt\/wp-json\/wp\/v2\/product_tag?post=2375"}],"curies":[{"name":"wp","href":"https:\/\/api.w.org\/{rel}","templated":true}]}}