{"id":2381,"date":"2023-07-01T02:25:22","date_gmt":"2023-07-01T02:25:22","guid":{"rendered":"https:\/\/satisfybot.com\/?post_type=product&#038;p=2381"},"modified":"2023-07-01T02:25:22","modified_gmt":"2023-07-01T02:25:22","slug":"shacman-6x4-mining-dump-truck-for-sale-50t-tipper","status":"publish","type":"product","link":"https:\/\/satisfybot.com\/pt\/produto\/shacman-6x4-mining-dump-truck-for-sale-50t-tipper\/","title":{"rendered":"Caminh\u00e3o basculante de minera\u00e7\u00e3o SHACMAN 6X4 para venda basculante 50T"},"content":{"rendered":"<p>SHACMAN caminh\u00e3o basculante de minera\u00e7\u00e3o de 50 toneladas<\/p>\n<p>&nbsp;<\/p>\n<p>&nbsp;<\/p>\n<p>Caminh\u00e3o basculante de minera\u00e7\u00e3o Shacman<\/p>\n<p>&nbsp;<\/p>\n<p>1. Tipo de tra\u00e7\u00e3o: 6X4<br \/>\n2.Tipo de dire\u00e7\u00e3o: LHD (RHD \u00e9 opcional)<br \/>\n3. Cabine: cabine lateral \u00fanica<\/p>\n<p>Motor:<br \/>\nMarca do motor: Steyr (Weichai)<br \/>\nModelo do motor: WD12.375 375HP Euro II<br \/>\nTipo de motor: Motor diesel de inje\u00e7\u00e3o direta de 4 tempos, 6 cilindros em linha<br \/>\nCom refrigera\u00e7\u00e3o a \u00e1gua, carregamento turbo e intercooler<br \/>\nCilindrada: 11.596 litros<br \/>\nm\u00e1x. Pot\u00eancia: 375HP@2200rpm<br \/>\nTorque m\u00e1ximo: 1760NM@1300-1600rpm<br \/>\nDi\u00e2metro\/Curso (mm): 126\/155<br \/>\nConsumo espec\u00edfico de combust\u00edvel: 198g\/Kwh<\/p>\n<p>Caixa de velocidade:<br \/>\nCaixa de engrenagens: Fuller 10JSD180K-B<br \/>\nEmbreagem: Embreagem de diafragma tipo pull \u03a6 430<br \/>\nDire\u00e7\u00e3o: Tecnologia ZF<\/p>\n<p>Pneu:<br \/>\nPneu: 14.00R24<br \/>\nN\u00ba do pneu: 10+1sobressalente<\/p>\n<p>Eixo dianteiro: Eixo dianteiro Steyr de 12 toneladas<br \/>\nEixo traseiro: Tecnologia MAN Eixo motriz de redu\u00e7\u00e3o dupla de 25 toneladas<\/p>\n<p>Primavera: 14\/12<br \/>\nCapacidade do tanque de combust\u00edvel (L): 380<br \/>\nm\u00e1x. Velocidade (km\/h): 77<br \/>\nMeio-fio. Massa: 14200kg<br \/>\nMassa total: 30700kg<br \/>\nBase da roda (mm): 3800+1350<br \/>\nSali\u00eancia dianteira (mm): 1525<br \/>\nSali\u00eancia traseira (mm): 2054<br \/>\nFaixa dianteira (mm): 1939\/1939<br \/>\nTrilho traseiro (mm): 1860\/1860<br \/>\n\u00c2ngulo de aproxima\u00e7\u00e3o: 20 graus<br \/>\n\u00c2ngulo de partida: 28 graus<br \/>\nDimens\u00e3o (mm): 8500x3000x3450<\/p>\n<p>Corpo:<br \/>\nTamanho interno (mm): 5600x3000x1500<br \/>\nEspessura do a\u00e7o do corpo (mm): Piso 14 mm lateral 10 mm<br \/>\nTipo de basculamento: Tipo de basculamento frontal (na frente do corpo com sistema de basculamento HYVA, tecnologia Holland).<\/p>","protected":false},"excerpt":{"rendered":"<p>SHACMAN 50 tons Mining dump truck &nbsp; &nbsp; Shacman Mining Tipper Truck &nbsp; 1.Traction type: 6X4 2.Driving type: LHD (RHD is option) 3.Cabin: single side cabin Engine: Engine brand: Steyr (Weichai) Engine model: WD12.375 375HP Euro II Engine type: Diesel 4-stroke direct injection engine, 6-cylinder in-line With water cooling, turbo-charging &amp; intercooling Displacement: 11.596 liters [&hellip;]<\/p>","protected":false},"featured_media":2382,"template":"","meta":{"site-sidebar-layout":"default","site-content-layout":"default","ast-site-content-layout":"default","site-content-style":"default","site-sidebar-style":"default","ast-global-header-display":"","ast-banner-title-visibility":"","ast-main-header-display":"","ast-hfb-above-header-display":"","ast-hfb-below-header-display":"","ast-hfb-mobile-header-display":"","site-post-title":"","ast-breadcrumbs-content":"","ast-featured-img":"","footer-sml-layout":"","ast-disable-related-posts":"","theme-transparent-header-meta":"default","adv-header-id-meta":"","stick-header-meta":"","header-above-stick-meta":"","header-main-stick-meta":"","header-below-stick-meta":"","astra-migrate-meta-layouts":"default","ast-page-background-enabled":"default","ast-page-background-meta":{"desktop":{"background-color":"","background-image":"","background-repeat":"repeat","background-position":"center center","background-size":"auto","background-attachment":"scroll","background-type":"","background-media":"","overlay-type":"","overlay-color":"","overlay-opacity":"","overlay-gradient":""},"tablet":{"background-color":"","background-image":"","background-repeat":"repeat","background-position":"center center","background-size":"auto","background-attachment":"scroll","background-type":"","background-media":"","overlay-type":"","overlay-color":"","overlay-opacity":"","overlay-gradient":""},"mobile":{"background-color":"","background-image":"","background-repeat":"repeat","background-position":"center center","background-size":"auto","background-attachment":"scroll","background-type":"","background-media":"","overlay-type":"","overlay-color":"","overlay-opacity":"","overlay-gradient":""}},"ast-content-background-meta":{"desktop":{"background-color":"var(--ast-global-color-5)","background-image":"","background-repeat":"repeat","background-position":"center center","background-size":"auto","background-attachment":"scroll","background-type":"","background-media":"","overlay-type":"","overlay-color":"","overlay-opacity":"","overlay-gradient":""},"tablet":{"background-color":"var(--ast-global-color-5)","background-image":"","background-repeat":"repeat","background-position":"center center","background-size":"auto","background-attachment":"scroll","background-type":"","background-media":"","overlay-type":"","overlay-color":"","overlay-opacity":"","overlay-gradient":""},"mobile":{"background-color":"var(--ast-global-color-5)","background-image":"","background-repeat":"repeat","background-position":"center center","background-size":"auto","background-attachment":"scroll","background-type":"","background-media":"","overlay-type":"","overlay-color":"","overlay-opacity":"","overlay-gradient":""}}},"product_brand":[],"product_cat":[23],"product_tag":[],"class_list":{"0":"post-2381","1":"product","2":"type-product","3":"status-publish","4":"has-post-thumbnail","6":"product_cat-dump-truck","7":"desktop-align-left","8":"tablet-align-left","9":"mobile-align-left","11":"first","12":"instock","13":"shipping-taxable","14":"product-type-simple"},"_links":{"self":[{"href":"https:\/\/satisfybot.com\/pt\/wp-json\/wp\/v2\/product\/2381","targetHints":{"allow":["GET"]}}],"collection":[{"href":"https:\/\/satisfybot.com\/pt\/wp-json\/wp\/v2\/product"}],"about":[{"href":"https:\/\/satisfybot.com\/pt\/wp-json\/wp\/v2\/types\/product"}],"version-history":[{"count":0,"href":"https:\/\/satisfybot.com\/pt\/wp-json\/wp\/v2\/product\/2381\/revisions"}],"wp:featuredmedia":[{"embeddable":true,"href":"https:\/\/satisfybot.com\/pt\/wp-json\/wp\/v2\/media\/2382"}],"wp:attachment":[{"href":"https:\/\/satisfybot.com\/pt\/wp-json\/wp\/v2\/media?parent=2381"}],"wp:term":[{"taxonomy":"product_brand","embeddable":true,"href":"https:\/\/satisfybot.com\/pt\/wp-json\/wp\/v2\/product_brand?post=2381"},{"taxonomy":"product_cat","embeddable":true,"href":"https:\/\/satisfybot.com\/pt\/wp-json\/wp\/v2\/product_cat?post=2381"},{"taxonomy":"product_tag","embeddable":true,"href":"https:\/\/satisfybot.com\/pt\/wp-json\/wp\/v2\/product_tag?post=2381"}],"curies":[{"name":"wp","href":"https:\/\/api.w.org\/{rel}","templated":true}]}}