{"id":2388,"date":"2023-07-01T02:32:17","date_gmt":"2023-07-01T02:32:17","guid":{"rendered":"https:\/\/satisfybot.com\/?post_type=product&#038;p=2388"},"modified":"2023-07-01T02:32:18","modified_gmt":"2023-07-01T02:32:18","slug":"man-truck-technology-shacman-f3000-6x4-10-wheeler-dump-trucks","status":"publish","type":"product","link":"https:\/\/satisfybot.com\/pt\/produto\/man-truck-technology-shacman-f3000-6x4-10-wheeler-dump-trucks\/","title":{"rendered":"Caminh\u00f5es basculantes MAN Truck Technology SHACMAN F3000 6\u00d74 10 rodas"},"content":{"rendered":"<p>Caminh\u00f5es basculantes MAN Truck Technology SHACMAN F2000 6\u00d74 10 rodas<\/p>\n<p>&nbsp;<\/p>\n<p>\u2013 Carroceria de caminh\u00e3o de 15cbm ~ 20cbm, transporte de areia e cascalho tipo ca\u00e7amba normal, transporte de grandes pedras e rochas com ca\u00e7amba basculante tipo rocha.<\/p>\n<p>\u2013Op\u00e7\u00f5es de pneus: pneu diagonal 12.00-20, pneu radial 12.00R20, pneu tubeless 12R22.5 e 315\/80R22.5.<\/p>\n<p>\u2013Cor padr\u00e3o: Branco, Vermelho, Amarelo (Outras cores s\u00e3o opcionais)<\/p>\n<p>&nbsp;<\/p>\n<p>Tipo de tra\u00e7\u00e3o: 6\u00d74<\/p>\n<p>Sistema de acionamento: LHD (RHD \u00e9 opcional)<\/p>\n<p>Cabine: F2000 Flat Cabin, um dorminhoco, ar condicionado<\/p>\n<p>Marca do motor: WEICHAI<\/p>\n<p>Modelo: WP10.340E32 EuroII Pot\u00eancia nominal: 340hp<\/p>\n<p>Cilindrada do motor: 11.596 litros<\/p>\n<p>Caixa de engrenagens: FAST 9 velocidades (RT-11509C)<\/p>\n<p>Embraiagem: \u0424430 Tipo de diafragma<\/p>\n<p>Dire\u00e7\u00e3o: Tecnologia ZF<\/p>\n<p>Eixo: Eixo dianteiro MAN de 7,5 toneladas; Eixo traseiro de dupla redu\u00e7\u00e3o STR de 13 toneladas, rela\u00e7\u00e3o: 5,73<\/p>\n<p>m\u00e1x. velocidade de corrida (km\/h): 77<\/p>\n<p>Pneu: 12.00R20, 12R22.5<\/p>\n<p>Tanque de combust\u00edvel: 400L (Alum\u00ednio)<\/p>\n<p>Peso total (kg): 12100<\/p>\n<p>Massa total (kg): 31000<\/p>\n<p>Base da roda (mm): 3800+1350<\/p>\n<p>Dimens\u00f5es (C*L*A) (mm): 8229x2500x3450<\/p>\n<p>&nbsp;<\/p>\n<p>corpo de despejo<\/p>\n<p>5400x2300x1500mm, Espessura do a\u00e7o (mm): Inferior 8, frontal 6mm, lateral 6<\/p>\n<p>Sistema de eleva\u00e7\u00e3o hidr\u00e1ulica: eleva\u00e7\u00e3o m\u00e9dia (a eleva\u00e7\u00e3o frontal HYVA \u00e9 opcional)<\/p>\n<p><img fetchpriority=\"high\" decoding=\"async\" class=\"\" src=\"https:\/\/aliyun-hk03-cdn.hcwebsite.com\/7801b27384b660b81404f495471367cd\/res\/en\/20170223\/auto_3731.jpg\" width=\"1200\" height=\"930\" \/><\/p>\n<p><img decoding=\"async\" class=\"\" src=\"https:\/\/aliyun-hk03-cdn.hcwebsite.com\/7801b27384b660b81404f495471367cd\/res\/en\/20170223\/auto_3732.jpg\" width=\"1200\" height=\"912\" \/><\/p>","protected":false},"excerpt":{"rendered":"<p>MAN Truck Technology SHACMAN F2000 6&#215;4 10 wheeler Dump Trucks &nbsp; &#8211;Truck body from 15cbm~20cbm, sand and gravels transportation normal type dump body, big stones and rocks transportation with rock type dump body. &#8211;Options for tires: 12.00-20 bias tire, 12.00R20 radial tire, 12R22.5 and 315\/80R22.5 tubeless tire. &#8211;Standard color: White, Red, Yellow (Other color is [&hellip;]<\/p>","protected":false},"featured_media":2389,"template":"","meta":{"site-sidebar-layout":"default","site-content-layout":"default","ast-site-content-layout":"default","site-content-style":"default","site-sidebar-style":"default","ast-global-header-display":"","ast-banner-title-visibility":"","ast-main-header-display":"","ast-hfb-above-header-display":"","ast-hfb-below-header-display":"","ast-hfb-mobile-header-display":"","site-post-title":"","ast-breadcrumbs-content":"","ast-featured-img":"","footer-sml-layout":"","ast-disable-related-posts":"","theme-transparent-header-meta":"default","adv-header-id-meta":"","stick-header-meta":"","header-above-stick-meta":"","header-main-stick-meta":"","header-below-stick-meta":"","astra-migrate-meta-layouts":"default","ast-page-background-enabled":"default","ast-page-background-meta":{"desktop":{"background-color":"","background-image":"","background-repeat":"repeat","background-position":"center center","background-size":"auto","background-attachment":"scroll","background-type":"","background-media":"","overlay-type":"","overlay-color":"","overlay-opacity":"","overlay-gradient":""},"tablet":{"background-color":"","background-image":"","background-repeat":"repeat","background-position":"center center","background-size":"auto","background-attachment":"scroll","background-type":"","background-media":"","overlay-type":"","overlay-color":"","overlay-opacity":"","overlay-gradient":""},"mobile":{"background-color":"","background-image":"","background-repeat":"repeat","background-position":"center center","background-size":"auto","background-attachment":"scroll","background-type":"","background-media":"","overlay-type":"","overlay-color":"","overlay-opacity":"","overlay-gradient":""}},"ast-content-background-meta":{"desktop":{"background-color":"var(--ast-global-color-5)","background-image":"","background-repeat":"repeat","background-position":"center center","background-size":"auto","background-attachment":"scroll","background-type":"","background-media":"","overlay-type":"","overlay-color":"","overlay-opacity":"","overlay-gradient":""},"tablet":{"background-color":"var(--ast-global-color-5)","background-image":"","background-repeat":"repeat","background-position":"center center","background-size":"auto","background-attachment":"scroll","background-type":"","background-media":"","overlay-type":"","overlay-color":"","overlay-opacity":"","overlay-gradient":""},"mobile":{"background-color":"var(--ast-global-color-5)","background-image":"","background-repeat":"repeat","background-position":"center center","background-size":"auto","background-attachment":"scroll","background-type":"","background-media":"","overlay-type":"","overlay-color":"","overlay-opacity":"","overlay-gradient":""}}},"product_brand":[],"product_cat":[23],"product_tag":[],"class_list":{"0":"post-2388","1":"product","2":"type-product","3":"status-publish","4":"has-post-thumbnail","6":"product_cat-dump-truck","7":"desktop-align-left","8":"tablet-align-left","9":"mobile-align-left","11":"first","12":"instock","13":"shipping-taxable","14":"product-type-simple"},"_links":{"self":[{"href":"https:\/\/satisfybot.com\/pt\/wp-json\/wp\/v2\/product\/2388","targetHints":{"allow":["GET"]}}],"collection":[{"href":"https:\/\/satisfybot.com\/pt\/wp-json\/wp\/v2\/product"}],"about":[{"href":"https:\/\/satisfybot.com\/pt\/wp-json\/wp\/v2\/types\/product"}],"version-history":[{"count":0,"href":"https:\/\/satisfybot.com\/pt\/wp-json\/wp\/v2\/product\/2388\/revisions"}],"wp:featuredmedia":[{"embeddable":true,"href":"https:\/\/satisfybot.com\/pt\/wp-json\/wp\/v2\/media\/2389"}],"wp:attachment":[{"href":"https:\/\/satisfybot.com\/pt\/wp-json\/wp\/v2\/media?parent=2388"}],"wp:term":[{"taxonomy":"product_brand","embeddable":true,"href":"https:\/\/satisfybot.com\/pt\/wp-json\/wp\/v2\/product_brand?post=2388"},{"taxonomy":"product_cat","embeddable":true,"href":"https:\/\/satisfybot.com\/pt\/wp-json\/wp\/v2\/product_cat?post=2388"},{"taxonomy":"product_tag","embeddable":true,"href":"https:\/\/satisfybot.com\/pt\/wp-json\/wp\/v2\/product_tag?post=2388"}],"curies":[{"name":"wp","href":"https:\/\/api.w.org\/{rel}","templated":true}]}}