{"id":2393,"date":"2023-07-01T05:53:23","date_gmt":"2023-07-01T05:53:23","guid":{"rendered":"https:\/\/satisfybot.com\/?post_type=product&#038;p=2393"},"modified":"2023-07-01T05:53:24","modified_gmt":"2023-07-01T05:53:24","slug":"shaanxi-shacman-steyr-olong-6x4-dump-truck","status":"publish","type":"product","link":"https:\/\/satisfybot.com\/pt\/produto\/shaanxi-shacman-steyr-olong-6x4-dump-truck\/","title":{"rendered":"Caminh\u00e3o basculante SHAANXI SHACMAN Steyr Olong 6\u00d74"},"content":{"rendered":"<p>Caminh\u00e3o basculante SHAANXI SHACMAN Steyr Olong 6\u00d74<\/p>\n<p>\u2013 Carroceria de caminh\u00e3o de 15cbm ~ 20cbm, carroceria basculante tipo servi\u00e7o pesado, para transporte de areia de min\u00e9rio, cl\u00ednquer, cascalho<\/p>\n<p>\u2013Op\u00e7\u00f5es de pneus: radial 12.00R20, 12R22.5 e tubeless 315\/80R22.5.<\/p>\n<p>\u2013Cor padr\u00e3o: Branco, Vermelho, Amarelo (Outras cores s\u00e3o opcionais)<\/p>\n<p>&nbsp;<\/p>\n<p>Tipo de tra\u00e7\u00e3o: 6\u00d74<\/p>\n<p>Sistema de acionamento: LHD (RHD \u00e9 opcional)<\/p>\n<p>Cabine:Cabine Plana STEYR, Ar Condicionado<\/p>\n<p>Marca do motor: WEICHAI<\/p>\n<p>Modelo: WP10.340E32 EuroII Pot\u00eancia nominal: 340hp (290hp, 380hp \u00e9 opcional)<\/p>\n<p>Cilindrada do motor: 9.726 litros<\/p>\n<p>Caixa de engrenagens: FAST 9 velocidades (9JS119)<\/p>\n<p>Embraiagem: \u0424430 Tipo de diafragma<\/p>\n<p>Dire\u00e7\u00e3o: Tecnologia ZF<\/p>\n<p>Eixo: Eixo dianteiro STEYR de 6,5 toneladas; Eixo traseiro de dupla redu\u00e7\u00e3o STR de 16 Ton, rela\u00e7\u00e3o: 5,73<\/p>\n<p>m\u00e1x. velocidade de corrida (km\/h): 77<\/p>\n<p>Estrutura: Estrutura dupla para servi\u00e7o pesado<\/p>\n<p>Pneu: 12,00R20, 12R22,5 (10+1)<\/p>\n<p>Tanque de combust\u00edvel: 400L (Alum\u00ednio)<\/p>\n<p>Peso do meio-fio (kg): 11200<\/p>\n<p>Carga \u00fatil (kg): 25.000<\/p>\n<p>Base da roda (mm): 3800+1350<\/p>\n<p>Dimens\u00f5es (C*L*A) (mm): 8229x2500x3450<\/p>\n<p>&nbsp;<\/p>\n<p>Corpo de despejo (<\/p>\n<p>5400x2300x1500mm(18.6cbm), Espessura de a\u00e7o (mm): Inferior 8, lateral 6. A espessura e a capacidade do corpo podem ser alteradas de acordo com as mercadorias carregadas. Tamb\u00e9m tem corpo de despejo em forma de U<\/p>\n<p>Sistema de eleva\u00e7\u00e3o hidr\u00e1ulica: eleva\u00e7\u00e3o m\u00e9dia F\/T<\/p>","protected":false},"excerpt":{"rendered":"<p>SHAANXI SHACMAN Steyr Olong 6&#215;4 Dump Truck &#8211;Truck body from 15cbm~20cbm, heavy duty type dump body, for ore sand, clinkers, gravels transportation &#8211;Options for tires: 12.00R20 radial tire, 12R22.5 and 315\/80R22.5 tubeless tire. &#8211;Standard color: White, Red, Yellow (Other color is optional) &nbsp; Traction type: 6&#215;4 Drive System: LHD(RHD is optional) Cabin:STEYR Flat Cabin, Air [&hellip;]<\/p>","protected":false},"featured_media":2396,"template":"","meta":{"site-sidebar-layout":"default","site-content-layout":"default","ast-site-content-layout":"default","site-content-style":"default","site-sidebar-style":"default","ast-global-header-display":"","ast-banner-title-visibility":"","ast-main-header-display":"","ast-hfb-above-header-display":"","ast-hfb-below-header-display":"","ast-hfb-mobile-header-display":"","site-post-title":"","ast-breadcrumbs-content":"","ast-featured-img":"","footer-sml-layout":"","ast-disable-related-posts":"","theme-transparent-header-meta":"default","adv-header-id-meta":"","stick-header-meta":"","header-above-stick-meta":"","header-main-stick-meta":"","header-below-stick-meta":"","astra-migrate-meta-layouts":"default","ast-page-background-enabled":"default","ast-page-background-meta":{"desktop":{"background-color":"","background-image":"","background-repeat":"repeat","background-position":"center center","background-size":"auto","background-attachment":"scroll","background-type":"","background-media":"","overlay-type":"","overlay-color":"","overlay-opacity":"","overlay-gradient":""},"tablet":{"background-color":"","background-image":"","background-repeat":"repeat","background-position":"center center","background-size":"auto","background-attachment":"scroll","background-type":"","background-media":"","overlay-type":"","overlay-color":"","overlay-opacity":"","overlay-gradient":""},"mobile":{"background-color":"","background-image":"","background-repeat":"repeat","background-position":"center center","background-size":"auto","background-attachment":"scroll","background-type":"","background-media":"","overlay-type":"","overlay-color":"","overlay-opacity":"","overlay-gradient":""}},"ast-content-background-meta":{"desktop":{"background-color":"var(--ast-global-color-5)","background-image":"","background-repeat":"repeat","background-position":"center center","background-size":"auto","background-attachment":"scroll","background-type":"","background-media":"","overlay-type":"","overlay-color":"","overlay-opacity":"","overlay-gradient":""},"tablet":{"background-color":"var(--ast-global-color-5)","background-image":"","background-repeat":"repeat","background-position":"center center","background-size":"auto","background-attachment":"scroll","background-type":"","background-media":"","overlay-type":"","overlay-color":"","overlay-opacity":"","overlay-gradient":""},"mobile":{"background-color":"var(--ast-global-color-5)","background-image":"","background-repeat":"repeat","background-position":"center center","background-size":"auto","background-attachment":"scroll","background-type":"","background-media":"","overlay-type":"","overlay-color":"","overlay-opacity":"","overlay-gradient":""}}},"product_brand":[],"product_cat":[23],"product_tag":[],"class_list":{"0":"post-2393","1":"product","2":"type-product","3":"status-publish","4":"has-post-thumbnail","6":"product_cat-dump-truck","7":"desktop-align-left","8":"tablet-align-left","9":"mobile-align-left","11":"first","12":"instock","13":"shipping-taxable","14":"product-type-simple"},"_links":{"self":[{"href":"https:\/\/satisfybot.com\/pt\/wp-json\/wp\/v2\/product\/2393","targetHints":{"allow":["GET"]}}],"collection":[{"href":"https:\/\/satisfybot.com\/pt\/wp-json\/wp\/v2\/product"}],"about":[{"href":"https:\/\/satisfybot.com\/pt\/wp-json\/wp\/v2\/types\/product"}],"version-history":[{"count":0,"href":"https:\/\/satisfybot.com\/pt\/wp-json\/wp\/v2\/product\/2393\/revisions"}],"wp:featuredmedia":[{"embeddable":true,"href":"https:\/\/satisfybot.com\/pt\/wp-json\/wp\/v2\/media\/2396"}],"wp:attachment":[{"href":"https:\/\/satisfybot.com\/pt\/wp-json\/wp\/v2\/media?parent=2393"}],"wp:term":[{"taxonomy":"product_brand","embeddable":true,"href":"https:\/\/satisfybot.com\/pt\/wp-json\/wp\/v2\/product_brand?post=2393"},{"taxonomy":"product_cat","embeddable":true,"href":"https:\/\/satisfybot.com\/pt\/wp-json\/wp\/v2\/product_cat?post=2393"},{"taxonomy":"product_tag","embeddable":true,"href":"https:\/\/satisfybot.com\/pt\/wp-json\/wp\/v2\/product_tag?post=2393"}],"curies":[{"name":"wp","href":"https:\/\/api.w.org\/{rel}","templated":true}]}}