{"id":2400,"date":"2023-07-01T06:15:45","date_gmt":"2023-07-01T06:15:45","guid":{"rendered":"https:\/\/satisfybot.com\/?post_type=product&#038;p=2400"},"modified":"2023-07-01T06:21:18","modified_gmt":"2023-07-01T06:21:18","slug":"high-quality-beiben-10-wheel-dump-truck-for-sale","status":"publish","type":"product","link":"https:\/\/satisfybot.com\/pt\/produto\/high-quality-beiben-10-wheel-dump-truck-for-sale\/","title":{"rendered":"Caminh\u00e3o basculante Beiben de 10 rodas de alta qualidade para venda"},"content":{"rendered":"<table border=\"1\" cellspacing=\"0\" cellpadding=\"0\">\n<tbody>\n<tr class=\"firstRow\">\n<td><strong>Tipo de an\u00fancio<\/strong><\/td>\n<td colspan=\"2\"><em>ND3254B38<\/em><\/td>\n<td><strong>Tipo de drive<\/strong><\/td>\n<td>6&#215;4<\/td>\n<\/tr>\n<tr>\n<td><strong>Carga nominal<\/strong><\/p>\n<p>&nbsp;<\/td>\n<td colspan=\"2\">12670kg<\/td>\n<td><strong>Origem<\/strong><\/td>\n<td>Baotou<\/td>\n<\/tr>\n<tr>\n<td><strong>Massa total<\/strong><\/p>\n<p>&nbsp;<\/td>\n<td colspan=\"2\">25000<\/td>\n<td><strong>Peso do meio-fio<\/strong><\/td>\n<td>12200<\/td>\n<\/tr>\n<tr>\n<td>&nbsp;<\/p>\n<p>&nbsp;<\/p>\n<p><strong>Motor<\/strong><\/td>\n<td colspan=\"4\">&nbsp;<\/p>\n<p><em>Modelo do motor: Weichai WP10.340E32,<\/em><\/p>\n<p>Deslocamento: 9.726L<\/p>\n<p>Padr\u00f5es de emiss\u00e3o: tr\u00eas \/ Europa<\/p>\n<p>Pot\u00eancia: 340 cv<\/td>\n<\/tr>\n<tr>\n<td>&nbsp;<\/p>\n<p><strong>Transmiss\u00e3o<\/strong><\/p>\n<p>&nbsp;<\/td>\n<td colspan=\"4\"><em>Tipo de transmiss\u00e3o: Fast Gear 9JS150A<\/em><\/p>\n<p>Marcha \u00e0 r\u00e9:1<br \/>\nN\u00famero da marcha \u00e0 frente: 9<\/td>\n<\/tr>\n<tr>\n<td><strong>Chassis<\/strong><\/td>\n<td colspan=\"4\">Descri\u00e7\u00e3o: Eixo traseiro Eixo traseiro permite carga: 18000KG<\/p>\n<p>Primavera: 13\/10,<\/td>\n<\/tr>\n<tr>\n<td><strong>Pneu<\/strong><\/td>\n<td colspan=\"4\">N\u00famero de pneus: 10 +1(<a href=\"http:\/\/dict.baidu.com\/s?wd=spare%20tire\" target=\"_blank\" rel=\"noopener\">estepe<\/a>)<\/p>\n<p>Tamanho do pneu: 12.00R20<\/td>\n<\/tr>\n<tr>\n<td><strong>dist\u00e2ncia entre eixos<\/strong><\/p>\n<p>&nbsp;<\/td>\n<td>3800+1450<\/td>\n<td colspan=\"2\"><strong>Comprimento total<\/strong><\/td>\n<td>8,53m<\/td>\n<\/tr>\n<tr>\n<td><strong>Largura total<\/strong><\/p>\n<p>&nbsp;<\/td>\n<td>2,5m<\/td>\n<td colspan=\"2\"><strong>Altura Geral<\/strong><\/td>\n<td>3,31m<\/td>\n<\/tr>\n<tr>\n<td>&nbsp;<\/p>\n<p><strong>Tanque<\/strong><\/p>\n<p>&nbsp;<\/td>\n<td colspan=\"4\">&nbsp;<\/p>\n<p>Capacidade do tanque de combust\u00edvel: 300L<\/td>\n<\/tr>\n<tr>\n<td>&nbsp;<\/p>\n<p><strong>Corpo<\/strong><\/p>\n<p>&nbsp;<\/td>\n<td colspan=\"4\">Tamanho interno (mm): 5800x2300x1500<\/p>\n<p>Espessura do a\u00e7o do corpo (mm): piso 8 lateral e traseiro 4<\/p>\n<p><em>Tipo de basculamento: Tipo de basculamento frontal (na carroceria frontal com sistema de basculamento HYVA tecnologia HOLLAND)<\/em><\/p>\n<p>&nbsp;<\/td>\n<\/tr>\n<\/tbody>\n<\/table>","protected":false},"excerpt":{"rendered":"<p>Announcement Type ND3254B38 Drive Type 6&#215;4 Rated load &nbsp; 12670kg Origin Baotou Total mass &nbsp; 25000 Curb weight 12200 &nbsp; &nbsp; Engine &nbsp; Engine Model: Weichai WP10.340E32, Displacement:9.726L Emission standards: three \/ Europe Horsepower: 340hp &nbsp; Transmission &nbsp; Transmission Type:Fast Gear 9JS150A Reverse gear:1 Forward gear number:9 Chassis Description: Rear Axle rear axle allows load: [&hellip;]<\/p>","protected":false},"featured_media":2401,"template":"","meta":{"site-sidebar-layout":"default","site-content-layout":"default","ast-site-content-layout":"default","site-content-style":"default","site-sidebar-style":"default","ast-global-header-display":"","ast-banner-title-visibility":"","ast-main-header-display":"","ast-hfb-above-header-display":"","ast-hfb-below-header-display":"","ast-hfb-mobile-header-display":"","site-post-title":"","ast-breadcrumbs-content":"","ast-featured-img":"","footer-sml-layout":"","ast-disable-related-posts":"","theme-transparent-header-meta":"default","adv-header-id-meta":"","stick-header-meta":"","header-above-stick-meta":"","header-main-stick-meta":"","header-below-stick-meta":"","astra-migrate-meta-layouts":"default","ast-page-background-enabled":"default","ast-page-background-meta":{"desktop":{"background-color":"","background-image":"","background-repeat":"repeat","background-position":"center center","background-size":"auto","background-attachment":"scroll","background-type":"","background-media":"","overlay-type":"","overlay-color":"","overlay-opacity":"","overlay-gradient":""},"tablet":{"background-color":"","background-image":"","background-repeat":"repeat","background-position":"center center","background-size":"auto","background-attachment":"scroll","background-type":"","background-media":"","overlay-type":"","overlay-color":"","overlay-opacity":"","overlay-gradient":""},"mobile":{"background-color":"","background-image":"","background-repeat":"repeat","background-position":"center center","background-size":"auto","background-attachment":"scroll","background-type":"","background-media":"","overlay-type":"","overlay-color":"","overlay-opacity":"","overlay-gradient":""}},"ast-content-background-meta":{"desktop":{"background-color":"var(--ast-global-color-5)","background-image":"","background-repeat":"repeat","background-position":"center center","background-size":"auto","background-attachment":"scroll","background-type":"","background-media":"","overlay-type":"","overlay-color":"","overlay-opacity":"","overlay-gradient":""},"tablet":{"background-color":"var(--ast-global-color-5)","background-image":"","background-repeat":"repeat","background-position":"center center","background-size":"auto","background-attachment":"scroll","background-type":"","background-media":"","overlay-type":"","overlay-color":"","overlay-opacity":"","overlay-gradient":""},"mobile":{"background-color":"var(--ast-global-color-5)","background-image":"","background-repeat":"repeat","background-position":"center center","background-size":"auto","background-attachment":"scroll","background-type":"","background-media":"","overlay-type":"","overlay-color":"","overlay-opacity":"","overlay-gradient":""}}},"product_brand":[],"product_cat":[23],"product_tag":[],"class_list":{"0":"post-2400","1":"product","2":"type-product","3":"status-publish","4":"has-post-thumbnail","6":"product_cat-dump-truck","7":"desktop-align-left","8":"tablet-align-left","9":"mobile-align-left","11":"first","12":"instock","13":"shipping-taxable","14":"product-type-simple"},"_links":{"self":[{"href":"https:\/\/satisfybot.com\/pt\/wp-json\/wp\/v2\/product\/2400","targetHints":{"allow":["GET"]}}],"collection":[{"href":"https:\/\/satisfybot.com\/pt\/wp-json\/wp\/v2\/product"}],"about":[{"href":"https:\/\/satisfybot.com\/pt\/wp-json\/wp\/v2\/types\/product"}],"version-history":[{"count":0,"href":"https:\/\/satisfybot.com\/pt\/wp-json\/wp\/v2\/product\/2400\/revisions"}],"wp:featuredmedia":[{"embeddable":true,"href":"https:\/\/satisfybot.com\/pt\/wp-json\/wp\/v2\/media\/2401"}],"wp:attachment":[{"href":"https:\/\/satisfybot.com\/pt\/wp-json\/wp\/v2\/media?parent=2400"}],"wp:term":[{"taxonomy":"product_brand","embeddable":true,"href":"https:\/\/satisfybot.com\/pt\/wp-json\/wp\/v2\/product_brand?post=2400"},{"taxonomy":"product_cat","embeddable":true,"href":"https:\/\/satisfybot.com\/pt\/wp-json\/wp\/v2\/product_cat?post=2400"},{"taxonomy":"product_tag","embeddable":true,"href":"https:\/\/satisfybot.com\/pt\/wp-json\/wp\/v2\/product_tag?post=2400"}],"curies":[{"name":"wp","href":"https:\/\/api.w.org\/{rel}","templated":true}]}}