{"id":2602,"date":"2023-08-18T08:55:53","date_gmt":"2023-08-18T08:55:53","guid":{"rendered":"https:\/\/satisfybot.com\/?post_type=product&#038;p=2602"},"modified":"2023-08-18T08:56:51","modified_gmt":"2023-08-18T08:56:51","slug":"concrete-mixers-fully-hydraulic-concrete-cement-mixer-roller-truck-with-pump-1-2-3-5bm-self-loading-cement-concrete-mixer","status":"publish","type":"product","link":"https:\/\/satisfybot.com\/pt\/produto\/concrete-mixers-fully-hydraulic-concrete-cement-mixer-roller-truck-with-pump-1-2-3-5bm-self-loading-cement-concrete-mixer\/","title":{"rendered":"Misturadores de concreto compactos mini caminh\u00e3o misturador de cimento de concreto totalmente hidr\u00e1ulico com bomba 1,2-3,5bm autocarregamento pequeno misturador de concreto de cimento"},"content":{"rendered":"<div id=\"detail_decorate_root\" data-magic-global=\"%7B%22bizId%22%3A2210217953985%2C%22pageId%22%3A21227568529%2C%22siteId%22%3A10002271012%7D\"><\/div>\n<div id=\"ali-anchor-AliMagic-qcne7h\" class=\"magic-0 mceSectionContainer\" data-section=\"AliMagic-qcne7h\" data-section-title=\"Product Description\">\n<div id=\"ali-title-AliMagic-qcne7h\" style=\"padding: 8px 0; border-bottom: 1px solid #ddd;\"><span style=\"background-color: #ddd; color: #333; font-weight: bold; padding: 8px 10px; line-height: 12px;\">Descri\u00e7\u00e3o do produto<\/span><\/div>\n<p>Descri\u00e7\u00e3o do produto<\/p>\n<\/div>\n<div class=\"J_module\">\n<div class=\"detail-decorate-json-renderer-container\">\n<div class=\"magic-1\">\n<div class=\"magic-2\">\n<div class=\"magic-3\">\n<div class=\"magic-4\">\n<div class=\"magic-5\"><span class=\"magic-6\">Caminh\u00e3o de mistura com carregamento autom\u00e1tico<\/span><\/div>\n<div><span class=\"magic-7\"><span class=\"magic-8\">Este caminh\u00e3o misturador oferece alta pot\u00eancia e desempenho em um acionamento hidr\u00e1ulico para ajud\u00e1-lo a trabalhar em todos os locais de trabalho complexos.<\/span><\/span><\/div>\n<\/div>\n<\/div>\n<\/div>\n<\/div>\n<\/div>\n<\/div>\n<div class=\"J_module\">\n<div class=\"icbu-pc-images magic-9\">\n<div>\n<div class=\"flex-layout-v\">\n<div class=\"flex-layout-h magic-9\">\n<div class=\"magic-10\"><img decoding=\"async\" src=\"\/\/sc04.alicdn.com\/kf\/H09125556a4d04b108e0efd5f0e15ad66h\/273339510\/H09125556a4d04b108e0efd5f0e15ad66h.jpg\" \/><\/div>\n<\/div>\n<\/div>\n<\/div>\n<\/div>\n<\/div>\n<div class=\"J_module\">\n<div class=\"ife-detail-decorate-table\">\n<table class=\"all magic-12\">\n<tbody>\n<tr>\n<td colspan=\"1\" rowspan=\"1\">\n<div class=\"magic-13\">Modelo<\/div>\n<\/td>\n<td colspan=\"1\" rowspan=\"1\">\n<div class=\"magic-14\">Caminh\u00e3o de mistura com carregamento autom\u00e1tico<\/div>\n<\/td>\n<td colspan=\"1\" rowspan=\"1\">\n<div class=\"magic-15\">Caixa de velocidade<\/div>\n<\/td>\n<td colspan=\"1\" rowspan=\"1\">\n<div class=\"magic-14\">Caixa de engrenagens mec\u00e2nica<\/div>\n<\/td>\n<\/tr>\n<tr>\n<td colspan=\"1\" rowspan=\"1\">\n<div class=\"magic-13\">T\u00e1xi<\/div>\n<\/td>\n<td colspan=\"1\" rowspan=\"1\">\n<div class=\"magic-14\">cabine fechada de luxo<\/div>\n<\/td>\n<td colspan=\"1\" rowspan=\"1\">\n<div class=\"magic-15\">sistema de dire\u00e7\u00e3o<\/div>\n<\/td>\n<td colspan=\"1\" rowspan=\"1\">\n<div class=\"magic-14\">dire\u00e7\u00e3o hidr\u00e1ulica<\/div>\n<\/td>\n<\/tr>\n<tr>\n<td colspan=\"1\" rowspan=\"1\">\n<div class=\"magic-13\">Motor<\/div>\n<\/td>\n<td colspan=\"1\" rowspan=\"1\">\n<div class=\"magic-14\">Barra horizontal 32 Supercharge 490<\/div>\n<\/td>\n<td colspan=\"1\" rowspan=\"1\">\n<div class=\"magic-15\">freio de acionamento<\/div>\n<\/td>\n<td colspan=\"1\" rowspan=\"1\">\n<div class=\"magic-14\">Dire\u00e7\u00e3o nas quatro rodas<\/div>\n<\/td>\n<\/tr>\n<tr>\n<td colspan=\"1\" rowspan=\"1\">\n<div class=\"magic-13\">Tamanho<\/div>\n<\/td>\n<td colspan=\"1\" rowspan=\"1\">\n<div class=\"magic-14\">4900*1800*2750 mm<\/div>\n<\/td>\n<td colspan=\"1\" rowspan=\"1\">\n<div class=\"magic-15\">Sistema de travagem<\/div>\n<\/td>\n<td colspan=\"1\" rowspan=\"1\">\n<div class=\"magic-14\">Ruptura de ar\/Ruptura de \u00f3leo<\/div>\n<\/td>\n<\/tr>\n<\/tbody>\n<\/table>\n<\/div>\n<\/div>\n<div class=\"J_module\">\n<div class=\"icbu-pc-images magic-9\">\n<div>\n<div class=\"flex-layout-v\">\n<div class=\"flex-layout-h magic-9\">\n<div class=\"magic-16\"><img decoding=\"async\" src=\"\/\/sc04.alicdn.com\/kf\/H89b5a2f632204951894d00e51513a98ab\/273339510\/H89b5a2f632204951894d00e51513a98ab.jpg\" \/><\/div>\n<\/div>\n<\/div>\n<\/div>\n<\/div>\n<\/div>\n<div class=\"J_module\">\n<div class=\"icbu-pc-images magic-9\">\n<div>\n<div class=\"flex-layout-v\">\n<div class=\"flex-layout-h magic-9\">\n<div class=\"magic-18\"><img decoding=\"async\" src=\"\/\/sc04.alicdn.com\/kf\/H8dd326f9f64e43ae8ea014874281c982O\/273339510\/H8dd326f9f64e43ae8ea014874281c982O.jpg\" \/><\/div>\n<\/div>\n<\/div>\n<\/div>\n<\/div>\n<\/div>\n<div class=\"J_module\">\n<div class=\"icbu-pc-images magic-9\">\n<div>\n<div class=\"flex-layout-v\">\n<div class=\"flex-layout-h magic-9\">\n<div class=\"magic-20\"><img decoding=\"async\" src=\"\/\/sc04.alicdn.com\/kf\/H02cb707ff1534355b190710a73f4055c7\/273339510\/H02cb707ff1534355b190710a73f4055c7.jpg\" \/><\/div>\n<\/div>\n<\/div>\n<\/div>\n<\/div>\n<\/div>\n<div class=\"J_module\">\n<div class=\"icbu-pc-images magic-9\">\n<div>\n<div class=\"flex-layout-v\">\n<div class=\"flex-layout-h magic-9\">\n<div class=\"magic-22\"><img decoding=\"async\" src=\"\/\/sc04.alicdn.com\/kf\/Hfc7ae498a4ed4a0e99a7e06429e07a2e1\/273339510\/Hfc7ae498a4ed4a0e99a7e06429e07a2e1.jpg\" \/><\/div>\n<\/div>\n<\/div>\n<\/div>\n<\/div>\n<\/div>\n<div class=\"J_module\"><\/div>\n<div id=\"ali-anchor-AliMagic-ucf1rb\" class=\"magic-0 mceSectionContainer\" data-section=\"AliMagic-ucf1rb\" data-section-title=\"Why Choose Us\">\n<div id=\"ali-title-AliMagic-ucf1rb\" style=\"padding: 8px 0; border-bottom: 1px solid #ddd;\"><span style=\"background-color: #ddd; color: #333; font-weight: bold; padding: 8px 10px; line-height: 12px;\">Porque escolher-nos<\/span><\/div>\n<p>Porque escolher-nos<\/p>\n<\/div>\n<div class=\"J_module\"><\/div>\n<div class=\"J_module\">\n<div class=\"icbu-pc-images magic-9\">\n<div>\n<div class=\"flex-layout-v\">\n<div class=\"flex-layout-h magic-9\">\n<div class=\"magic-26\"><img decoding=\"async\" src=\"\/\/sc04.alicdn.com\/kf\/Hb638b270450743beb52c4c37ee2d6c27b\/273339510\/Hb638b270450743beb52c4c37ee2d6c27b.png\" \/><\/div>\n<\/div>\n<\/div>\n<\/div>\n<\/div>\n<\/div>\n<div class=\"J_module\"><\/div>\n<div class=\"J_module\"><\/div>\n<div id=\"ali-anchor-AliMagic-2rsv4w\" class=\"magic-0 mceSectionContainer\" data-section=\"AliMagic-2rsv4w\" data-section-title=\"Company Profile\">\n<div id=\"ali-title-AliMagic-2rsv4w\" style=\"padding: 8px 0; border-bottom: 1px solid #ddd;\"><span style=\"background-color: #ddd; color: #333; font-weight: bold; padding: 8px 10px; line-height: 12px;\">perfil de companhia<\/span><\/div>\n<p>perfil de companhia<\/p>\n<\/div>\n<div class=\"J_module\"><\/div>\n<div class=\"J_module\">\n<div class=\"icbu-pc-images magic-9\">\n<div>\n<div class=\"flex-layout-v\">\n<div class=\"flex-layout-h magic-9\">\n<div class=\"magic-31\"><img decoding=\"async\" src=\"\/\/sc04.alicdn.com\/kf\/Hdc208911afed420da2276b80e47c0c54O\/273339510\/Hdc208911afed420da2276b80e47c0c54O.jpg\" \/><\/div>\n<\/div>\n<\/div>\n<\/div>\n<\/div>\n<\/div>\n<div class=\"J_module\">\n<div class=\"icbu-pc-images magic-9\">\n<div>\n<div class=\"flex-layout-v\">\n<div class=\"flex-layout-h magic-9\">\n<div class=\"magic-33\"><img decoding=\"async\" src=\"\/\/sc04.alicdn.com\/kf\/H367d280baf6c47b5a7bef39aa7d440017\/273339510\/H367d280baf6c47b5a7bef39aa7d440017.jpg\" \/><\/div>\n<\/div>\n<\/div>\n<\/div>\n<\/div>\n<\/div>\n<div class=\"J_module\"><\/div>\n<div id=\"ali-anchor-AliMagic-rtwxqc\" class=\"magic-0 mceSectionContainer\" data-section=\"AliMagic-rtwxqc\" data-section-title=\"FAQ\">\n<div id=\"ali-title-AliMagic-rtwxqc\" style=\"padding: 8px 0; border-bottom: 1px solid #ddd;\"><span style=\"background-color: #ddd; color: #333; font-weight: bold; padding: 8px 10px; line-height: 12px;\">Perguntas frequentes<\/span><\/div>\n<p>Perguntas frequentes<\/p>\n<\/div>\n<div class=\"J_module\">\n<div class=\"detail-decorate-json-renderer-container\">\n<div class=\"magic-1\">\n<div class=\"magic-2\">\n<div class=\"magic-3\">\n<div class=\"magic-4\">\n<p>Q. voc\u00ea fabrica?<\/p>\n<div>R: sim, somos f\u00e1brica com mais de 10 anos de experi\u00eancia em fabrica\u00e7\u00e3o.<\/div>\n<div>Q. Quais s\u00e3o os seus termos de pagamento?<br \/>\nR: T\/T 30% como dep\u00f3sito e 70% antes da entrega. Mostraremos as fotos dos produtos e pacotes antes de pagar o saldo.<br \/>\nQ. Quais s\u00e3o os seus termos de entrega?<\/div>\n<div>UM: EXW, FOB, CFR, CIF.<\/div>\n<div>Q. Como sobre o seu tempo de entrega?<\/div>\n<div>R: Geralmente, levar\u00e1 de 7 a 10 dias \u00fateis ap\u00f3s o recebimento do pagamento antecipado. O tempo de entrega espec\u00edfico depende dos itens e da quantidade do seu pedido.<\/div>\n<div>Q. Quais s\u00e3o os seus termos de embalagem?<\/div>\n<div>R: geralmente, usamos caixa de madeira exportada padr\u00e3o para produtos lcl e fixamos bem para produtos fcl.<\/div>\n<div>P. voc\u00ea testa todos os seus produtos antes da entrega?<\/div>\n<div>R: Sim, temos o teste 100% antes da entrega.<\/div>\n<div>P. Como voc\u00ea torna nosso relacionamento comercial de longo prazo e bom?<\/div>\n<div>R: 1. Mantemos boa qualidade e pre\u00e7o competitivo para garantir os benef\u00edcios de nossos clientes;<\/div>\n<div>2. Respeitamos cada cliente como nosso amigo e sinceramente fazemos neg\u00f3cios e fazemos amizade com eles, n\u00e3o importa de onde venham.<\/div>\n<\/div>\n<\/div>\n<\/div>\n<\/div>\n<\/div>\n<\/div>","protected":false},"excerpt":{"rendered":"<p>Product Description Product Description Self-loading mixing Truck This Mixer Truck delivers high power and performance in a Hydraulic Driven to help you work in all complex workplace.It is customisable whether it works in building or in some outdoor uneven road.It is very convenient and efficient. Model Self-loading mixing Truck Gearbox Mechanical gearbox Cab Luxury enclosed [&hellip;]<\/p>","protected":false},"featured_media":2603,"template":"","meta":{"site-sidebar-layout":"default","site-content-layout":"default","ast-site-content-layout":"default","site-content-style":"default","site-sidebar-style":"default","ast-global-header-display":"","ast-banner-title-visibility":"","ast-main-header-display":"","ast-hfb-above-header-display":"","ast-hfb-below-header-display":"","ast-hfb-mobile-header-display":"","site-post-title":"","ast-breadcrumbs-content":"","ast-featured-img":"","footer-sml-layout":"","ast-disable-related-posts":"","theme-transparent-header-meta":"default","adv-header-id-meta":"","stick-header-meta":"","header-above-stick-meta":"","header-main-stick-meta":"","header-below-stick-meta":"","astra-migrate-meta-layouts":"default","ast-page-background-enabled":"default","ast-page-background-meta":{"desktop":{"background-color":"","background-image":"","background-repeat":"repeat","background-position":"center center","background-size":"auto","background-attachment":"scroll","background-type":"","background-media":"","overlay-type":"","overlay-color":"","overlay-opacity":"","overlay-gradient":""},"tablet":{"background-color":"","background-image":"","background-repeat":"repeat","background-position":"center center","background-size":"auto","background-attachment":"scroll","background-type":"","background-media":"","overlay-type":"","overlay-color":"","overlay-opacity":"","overlay-gradient":""},"mobile":{"background-color":"","background-image":"","background-repeat":"repeat","background-position":"center center","background-size":"auto","background-attachment":"scroll","background-type":"","background-media":"","overlay-type":"","overlay-color":"","overlay-opacity":"","overlay-gradient":""}},"ast-content-background-meta":{"desktop":{"background-color":"var(--ast-global-color-5)","background-image":"","background-repeat":"repeat","background-position":"center center","background-size":"auto","background-attachment":"scroll","background-type":"","background-media":"","overlay-type":"","overlay-color":"","overlay-opacity":"","overlay-gradient":""},"tablet":{"background-color":"var(--ast-global-color-5)","background-image":"","background-repeat":"repeat","background-position":"center center","background-size":"auto","background-attachment":"scroll","background-type":"","background-media":"","overlay-type":"","overlay-color":"","overlay-opacity":"","overlay-gradient":""},"mobile":{"background-color":"var(--ast-global-color-5)","background-image":"","background-repeat":"repeat","background-position":"center center","background-size":"auto","background-attachment":"scroll","background-type":"","background-media":"","overlay-type":"","overlay-color":"","overlay-opacity":"","overlay-gradient":""}}},"product_brand":[],"product_cat":[27],"product_tag":[],"class_list":{"0":"post-2602","1":"product","2":"type-product","3":"status-publish","4":"has-post-thumbnail","6":"product_cat-cement-truck","7":"desktop-align-left","8":"tablet-align-left","9":"mobile-align-left","11":"first","12":"instock","13":"shipping-taxable","14":"product-type-simple"},"_links":{"self":[{"href":"https:\/\/satisfybot.com\/pt\/wp-json\/wp\/v2\/product\/2602","targetHints":{"allow":["GET"]}}],"collection":[{"href":"https:\/\/satisfybot.com\/pt\/wp-json\/wp\/v2\/product"}],"about":[{"href":"https:\/\/satisfybot.com\/pt\/wp-json\/wp\/v2\/types\/product"}],"version-history":[{"count":0,"href":"https:\/\/satisfybot.com\/pt\/wp-json\/wp\/v2\/product\/2602\/revisions"}],"wp:featuredmedia":[{"embeddable":true,"href":"https:\/\/satisfybot.com\/pt\/wp-json\/wp\/v2\/media\/2603"}],"wp:attachment":[{"href":"https:\/\/satisfybot.com\/pt\/wp-json\/wp\/v2\/media?parent=2602"}],"wp:term":[{"taxonomy":"product_brand","embeddable":true,"href":"https:\/\/satisfybot.com\/pt\/wp-json\/wp\/v2\/product_brand?post=2602"},{"taxonomy":"product_cat","embeddable":true,"href":"https:\/\/satisfybot.com\/pt\/wp-json\/wp\/v2\/product_cat?post=2602"},{"taxonomy":"product_tag","embeddable":true,"href":"https:\/\/satisfybot.com\/pt\/wp-json\/wp\/v2\/product_tag?post=2602"}],"curies":[{"name":"wp","href":"https:\/\/api.w.org\/{rel}","templated":true}]}}