{"id":2625,"date":"2023-08-21T06:07:30","date_gmt":"2023-08-21T06:07:30","guid":{"rendered":"https:\/\/satisfybot.com\/?post_type=product&#038;p=2625"},"modified":"2023-08-21T06:08:44","modified_gmt":"2023-08-21T06:08:44","slug":"used-6ton-mini-earth-moving-caterpillar-3606e2-second-hand-used-caterpillar-excavator-used-excavator-compact-excavator-306-305-5-cat306e2-305","status":"publish","type":"product","link":"https:\/\/satisfybot.com\/pt\/produto\/used-6ton-mini-earth-moving-caterpillar-3606e2-second-hand-used-caterpillar-excavator-used-excavator-compact-excavator-306-305-5-cat306e2-305\/","title":{"rendered":"Mini lagarta de movimenta\u00e7\u00e3o de terra de 6 toneladas usada 3606E2 escavadeira de lagarta usada de segunda m\u00e3o escavadeira compacta usada 306 305.5 cat306e2 305"},"content":{"rendered":"<h3 tabindex=\"0\" role=\"button\" aria-controls=\"accordion__group--1-1\" aria-expanded=\"true\">Mini escavadeira caterpillar usada de 6 toneladas 3606E2 usada, escavadeira compacta usada cat306e2<\/h3>\n<p>&nbsp;<\/p>\n<h3 class=\"accordion__heading open\" tabindex=\"0\" role=\"button\" aria-controls=\"accordion__group--1-1\" aria-expanded=\"true\">MOTOR<\/h3>\n<div id=\"accordion__group--1-1\" class=\"accordion__body\">\n<div class=\"table-scroll\">\n<div class=\"scrollable\">\n<div>\n<table>\n<tbody>\n<tr>\n<td><strong>Pot\u00eancia L\u00edquida<\/strong><\/td>\n<td><span class=\"unit unit-us\">55,9 CV<\/span><\/td>\n<\/tr>\n<tr>\n<td><strong>Pot\u00eancia Bruta \u2013 ISO 14396<\/strong><\/td>\n<td><span class=\"unit unit-us\">57,9 CV<\/span><\/td>\n<\/tr>\n<tr>\n<td><strong>Deslocamento<\/strong><\/td>\n<td><span class=\"unit unit-us\">148 in\u00b3<\/span><\/td>\n<\/tr>\n<tr>\n<td><strong>Calibre<\/strong><\/td>\n<td><span class=\"unit unit-us\">3,4 pol.<\/span><\/td>\n<\/tr>\n<tr>\n<td><strong>AVC<\/strong><\/td>\n<td><span class=\"unit unit-us\">4 em<\/span><\/td>\n<\/tr>\n<tr>\n<td><strong>Modelo de motor<\/strong><\/td>\n<td><span class=\"unit unit-us\">Cat C2.4 Turbo<\/span><\/td>\n<\/tr>\n<tr>\n<td><strong>Pot\u00eancia l\u00edquida a 2.200 rpm \u2013 Final do Tier 4 da EPA dos EUA\/Est\u00e1gio V da UE \u2013 ISO 9249\/EEC 80\/1269<\/strong><\/td>\n<td><span class=\"unit unit-us\">55,9 CV<\/span><\/td>\n<\/tr>\n<\/tbody>\n<\/table>\n<h3 class=\"accordion__heading open\" tabindex=\"0\" role=\"button\" aria-controls=\"accordion__group--1-2\" aria-expanded=\"true\">PESOS<\/h3>\n<div id=\"accordion__group--1-2\" class=\"accordion__body\">\n<div class=\"table-scroll\">\n<div class=\"scrollable\">\n<div>\n<table>\n<tbody>\n<tr>\n<td><strong>Peso operacional<\/strong><\/td>\n<td><span class=\"unit unit-us\">15.766 libras<\/span><\/td>\n<\/tr>\n<tr>\n<td><strong>Peso Operacional M\u00ednimo com Canopy*<\/strong><\/td>\n<td><span class=\"unit unit-us\">14.134 libras<\/span><\/td>\n<\/tr>\n<tr>\n<td><strong>Peso M\u00e1ximo Operacional com Canopy**<\/strong><\/td>\n<td><span class=\"unit unit-us\">15.633 libras<\/span><\/td>\n<\/tr>\n<tr>\n<td><strong>Nota 2)<\/strong><\/td>\n<td><span class=\"unit unit-us\">**O peso m\u00e1ximo \u00e9 baseado em esteiras de a\u00e7o com sapatas, contrapeso extra, operador, tanque de combust\u00edvel cheio, bra\u00e7o longo, l\u00e2mina fixa e sem ca\u00e7amba.<\/span><\/td>\n<\/tr>\n<tr>\n<td><strong>Peso Operacional M\u00e1ximo com a Cabine**<\/strong><\/td>\n<td><span class=\"unit unit-us\">15.766 libras<\/span><\/td>\n<\/tr>\n<tr>\n<td><strong>Peso Operacional M\u00ednimo com Cabine*<\/strong><\/td>\n<td><span class=\"unit unit-us\">14.266 libras<\/span><\/td>\n<\/tr>\n<tr>\n<td><strong>Nota 1)<\/strong><\/td>\n<td><span class=\"unit unit-us\">*O peso m\u00ednimo \u00e9 baseado em esteiras de borracha, operador, tanque de combust\u00edvel cheio, bra\u00e7o padr\u00e3o, l\u00e2mina fixa e sem ca\u00e7amba.<\/span><\/td>\n<\/tr>\n<\/tbody>\n<\/table>\n<h3 class=\"accordion__heading open\" tabindex=\"0\" role=\"button\" aria-controls=\"accordion__group--1-4\" aria-expanded=\"true\">SISTEMA DE VIAGEM<\/h3>\n<div id=\"accordion__group--1-4\" class=\"accordion__body\">\n<div class=\"table-scroll\">\n<div class=\"scrollable\">\n<div>\n<table>\n<tbody>\n<tr>\n<td><strong>Press\u00e3o no Solo \u2013 Peso M\u00ednimo<\/strong><\/td>\n<td><span class=\"unit unit-us\">5,1psi<\/span><\/td>\n<\/tr>\n<tr>\n<td><strong>Press\u00e3o no Solo \u2013 Peso M\u00e1ximo<\/strong><\/td>\n<td><span class=\"unit unit-us\">5,7psi<\/span><\/td>\n<\/tr>\n<tr>\n<td><strong>Capacidade de classifica\u00e7\u00e3o \u2013 M\u00e1ximo<\/strong><\/td>\n<td><span class=\"unit unit-us\">30 graus<\/span><\/td>\n<\/tr>\n<tr>\n<td><strong>For\u00e7a M\u00e1xima de Tra\u00e7\u00e3o \u2013 Alta Velocidade<\/strong><\/td>\n<td><span class=\"unit unit-us\">6.969 lbf<\/span><\/td>\n<\/tr>\n<tr>\n<td><strong>For\u00e7a M\u00e1xima de Tra\u00e7\u00e3o \u2013 Baixa Velocidade<\/strong><\/td>\n<td><span class=\"unit unit-us\">12.589 lbf<\/span><\/td>\n<\/tr>\n<tr>\n<td><strong>Velocidade de viagem \u2013 alta<\/strong><\/td>\n<td><span class=\"unit unit-us\">3,1 milhas\/h<\/span><\/td>\n<\/tr>\n<tr>\n<td><strong>Velocidade de deslocamento \u2013 baixa<\/strong><\/td>\n<td><span class=\"unit unit-us\">1,7 milhas\/h<\/span><\/td>\n<\/tr>\n<\/tbody>\n<\/table>\n<h3 class=\"accordion__heading open\" tabindex=\"0\" role=\"button\" aria-controls=\"accordion__group--1-5\" aria-expanded=\"true\">CAPACIDADES DE REABASTECIMENTO DE SERVI\u00c7O<\/h3>\n<div id=\"accordion__group--1-5\" class=\"accordion__body\">\n<div class=\"table-scroll\">\n<div class=\"scrollable\">\n<div>\n<table>\n<tbody>\n<tr>\n<td><strong>Sistema de refrigera\u00e7\u00e3o<\/strong><\/td>\n<td><span class=\"unit unit-us\">2,6 gal\u00f5es (EUA)<\/span><\/td>\n<\/tr>\n<tr>\n<td><strong>Sistema hidr\u00e1ulico<\/strong><\/td>\n<td><span class=\"unit unit-us\">27,5 gal\u00f5es (EUA)<\/span><\/td>\n<\/tr>\n<tr>\n<td><strong>Tanque Hidr\u00e1ulico<\/strong><\/td>\n<td><span class=\"unit unit-us\">14 gal\u00f5es (EUA)<\/span><\/td>\n<\/tr>\n<tr>\n<td><strong>\u00d3leo de motor<\/strong><\/td>\n<td><span class=\"unit unit-us\">2,1 gal\u00f5es (EUA)<\/span><\/td>\n<\/tr>\n<tr>\n<td><strong>Tanque de combust\u00edvel<\/strong><\/td>\n<td><span class=\"unit unit-us\">34,3 gal\u00f5es (EUA)<\/span><\/td>\n<\/tr>\n<\/tbody>\n<\/table>\n<div style=\"width: 1280px;\" class=\"wp-video\"><video class=\"wp-video-shortcode\" id=\"video-2625-2\" width=\"1280\" height=\"720\" preload=\"metadata\" controls=\"controls\"><source type=\"video\/mp4\" src=\"https:\/\/satisfybot.com\/wp-content\/uploads\/2023\/08\/WeChat_20230613101309.mp4?_=2\" \/><a href=\"https:\/\/satisfybot.com\/wp-content\/uploads\/2023\/08\/WeChat_20230613101309.mp4\">https:\/\/satisfybot.com\/wp-content\/uploads\/2023\/08\/WeChat_20230613101309.mp4<\/a><\/video><\/div>\n<\/div>\n<\/div>\n<\/div>\n<\/div>\n<\/div>\n<\/div>\n<\/div>\n<\/div>\n<\/div>\n<\/div>\n<\/div>\n<\/div>\n<\/div>\n<\/div>\n<\/div>\n<\/div>","protected":false},"excerpt":{"rendered":"<div style=\"width: 1280px;\" class=\"wp-video\"><!--[if lt IE 9]><script>document.createElement('video');<\/script><![endif]--><br \/>\n<video class=\"wp-video-shortcode\" id=\"video-2625-1\" width=\"1280\" height=\"720\" preload=\"metadata\" controls=\"controls\"><source type=\"video\/mp4\" src=\"https:\/\/satisfybot.com\/wp-content\/uploads\/2023\/08\/WeChat_20230613101309.mp4?_=1\" \/><a href=\"https:\/\/satisfybot.com\/wp-content\/uploads\/2023\/08\/WeChat_20230613101309.mp4\">https:\/\/satisfybot.com\/wp-content\/uploads\/2023\/08\/WeChat_20230613101309.mp4<\/a><\/video><\/div>","protected":false},"featured_media":2628,"template":"","meta":{"site-sidebar-layout":"default","site-content-layout":"default","ast-site-content-layout":"default","site-content-style":"default","site-sidebar-style":"default","ast-global-header-display":"","ast-banner-title-visibility":"","ast-main-header-display":"","ast-hfb-above-header-display":"","ast-hfb-below-header-display":"","ast-hfb-mobile-header-display":"","site-post-title":"","ast-breadcrumbs-content":"","ast-featured-img":"","footer-sml-layout":"","ast-disable-related-posts":"","theme-transparent-header-meta":"default","adv-header-id-meta":"","stick-header-meta":"","header-above-stick-meta":"","header-main-stick-meta":"","header-below-stick-meta":"","astra-migrate-meta-layouts":"default","ast-page-background-enabled":"default","ast-page-background-meta":{"desktop":{"background-color":"","background-image":"","background-repeat":"repeat","background-position":"center center","background-size":"auto","background-attachment":"scroll","background-type":"","background-media":"","overlay-type":"","overlay-color":"","overlay-opacity":"","overlay-gradient":""},"tablet":{"background-color":"","background-image":"","background-repeat":"repeat","background-position":"center center","background-size":"auto","background-attachment":"scroll","background-type":"","background-media":"","overlay-type":"","overlay-color":"","overlay-opacity":"","overlay-gradient":""},"mobile":{"background-color":"","background-image":"","background-repeat":"repeat","background-position":"center center","background-size":"auto","background-attachment":"scroll","background-type":"","background-media":"","overlay-type":"","overlay-color":"","overlay-opacity":"","overlay-gradient":""}},"ast-content-background-meta":{"desktop":{"background-color":"var(--ast-global-color-5)","background-image":"","background-repeat":"repeat","background-position":"center center","background-size":"auto","background-attachment":"scroll","background-type":"","background-media":"","overlay-type":"","overlay-color":"","overlay-opacity":"","overlay-gradient":""},"tablet":{"background-color":"var(--ast-global-color-5)","background-image":"","background-repeat":"repeat","background-position":"center center","background-size":"auto","background-attachment":"scroll","background-type":"","background-media":"","overlay-type":"","overlay-color":"","overlay-opacity":"","overlay-gradient":""},"mobile":{"background-color":"var(--ast-global-color-5)","background-image":"","background-repeat":"repeat","background-position":"center center","background-size":"auto","background-attachment":"scroll","background-type":"","background-media":"","overlay-type":"","overlay-color":"","overlay-opacity":"","overlay-gradient":""}}},"product_brand":[],"product_cat":[28],"product_tag":[],"class_list":{"0":"post-2625","1":"product","2":"type-product","3":"status-publish","4":"has-post-thumbnail","6":"product_cat-excavator","7":"desktop-align-left","8":"tablet-align-left","9":"mobile-align-left","11":"first","12":"instock","13":"shipping-taxable","14":"product-type-simple"},"_links":{"self":[{"href":"https:\/\/satisfybot.com\/pt\/wp-json\/wp\/v2\/product\/2625","targetHints":{"allow":["GET"]}}],"collection":[{"href":"https:\/\/satisfybot.com\/pt\/wp-json\/wp\/v2\/product"}],"about":[{"href":"https:\/\/satisfybot.com\/pt\/wp-json\/wp\/v2\/types\/product"}],"version-history":[{"count":0,"href":"https:\/\/satisfybot.com\/pt\/wp-json\/wp\/v2\/product\/2625\/revisions"}],"wp:featuredmedia":[{"embeddable":true,"href":"https:\/\/satisfybot.com\/pt\/wp-json\/wp\/v2\/media\/2628"}],"wp:attachment":[{"href":"https:\/\/satisfybot.com\/pt\/wp-json\/wp\/v2\/media?parent=2625"}],"wp:term":[{"taxonomy":"product_brand","embeddable":true,"href":"https:\/\/satisfybot.com\/pt\/wp-json\/wp\/v2\/product_brand?post=2625"},{"taxonomy":"product_cat","embeddable":true,"href":"https:\/\/satisfybot.com\/pt\/wp-json\/wp\/v2\/product_cat?post=2625"},{"taxonomy":"product_tag","embeddable":true,"href":"https:\/\/satisfybot.com\/pt\/wp-json\/wp\/v2\/product_tag?post=2625"}],"curies":[{"name":"wp","href":"https:\/\/api.w.org\/{rel}","templated":true}]}}