{"id":2637,"date":"2023-08-21T07:10:13","date_gmt":"2023-08-21T07:10:13","guid":{"rendered":"https:\/\/satisfybot.com\/?post_type=product&#038;p=2637"},"modified":"2023-08-21T07:26:44","modified_gmt":"2023-08-21T07:26:44","slug":"used-excavator-japan-original-for-sale-in-good-hydraulic-backhoe-crawler-backhoe-excavator-7-tons-cat307-5-cat307e2-cat307c-cat307d-excavator","status":"publish","type":"product","link":"https:\/\/satisfybot.com\/pt\/produto\/used-excavator-japan-original-for-sale-in-good-hydraulic-backhoe-crawler-backhoe-excavator-7-tons-cat307-5-cat307e2-cat307c-cat307d-excavator\/","title":{"rendered":"Escavadeira japonesa usada original para venda em boa retroescavadeira hidr\u00e1ulica escavadeira retroescavadeira 7 toneladas CAT307.5\/CAT307E2\/CAT307C\/CAT307D escavadeira"},"content":{"rendered":"<p>Escavadeira japonesa usada original para venda em boa retroescavadeira hidr\u00e1ulica escavadeira retroescavadeira 7 toneladas CAT307.5\/CAT307E2\/CAT307C\/CAT307D escavadeira<\/p>\n<h3 class=\"accordion__heading open\" tabindex=\"0\" role=\"button\" aria-controls=\"accordion__group--1-1\" aria-expanded=\"true\">MOTOR<\/h3>\n<div id=\"accordion__group--1-1\" class=\"accordion__body\">\n<div class=\"table-scroll\">\n<div class=\"scrollable\">\n<div>\n<table>\n<tbody>\n<tr>\n<td><strong>Pot\u00eancia L\u00edquida<\/strong><\/td>\n<td><span class=\"unit unit-us\">54,8 CV<\/span><\/td>\n<\/tr>\n<tr>\n<td><strong>Modelo de motor<\/strong><\/td>\n<td><span class=\"unit unit-us\">Cat C2.4 Turbo<\/span><\/td>\n<\/tr>\n<tr>\n<td><strong>Deslocamento<\/strong><\/td>\n<td><span class=\"unit unit-us\">148 in\u00b3<\/span><\/td>\n<\/tr>\n<tr>\n<td><strong>Pot\u00eancia bruta - SAE J1995<\/strong><\/td>\n<td><span class=\"unit unit-us\">57,9 CV<\/span><\/td>\n<\/tr>\n<tr>\n<td><strong>Calibre<\/strong><\/td>\n<td><span class=\"unit unit-us\">3,4 pol.<\/span><\/td>\n<\/tr>\n<tr>\n<td><strong>AVC<\/strong><\/td>\n<td><span class=\"unit unit-us\">4 em<\/span><\/td>\n<\/tr>\n<tr>\n<td><strong>Pot\u00eancia l\u00edquida nominal - 2.400 rpm - US EPA Tier 4 Final\/UE Est\u00e1gio V - ISO 9249\/EEC 80\/1269<\/strong><\/td>\n<\/tr>\n<\/tbody>\n<\/table>\n<h3 class=\"accordion__heading open\" tabindex=\"0\" role=\"button\" aria-controls=\"accordion__group--1-2\" aria-expanded=\"true\">PESOS<\/h3>\n<div id=\"accordion__group--1-2\" class=\"accordion__body\">\n<div class=\"table-scroll\">\n<div class=\"scrollable\">\n<div>\n<table>\n<tbody>\n<tr>\n<td><strong>Peso operacional<\/strong><\/td>\n<td><span class=\"unit unit-us\">17905 libras<\/span><\/td>\n<\/tr>\n<tr>\n<td><strong>Nota 2)<\/strong><\/td>\n<td><span class=\"unit unit-us\">**O peso m\u00e1ximo \u00e9 baseado em esteiras de a\u00e7o com coxins de borracha, contrapeso, operador, tanque de combust\u00edvel cheio, bra\u00e7o longo, l\u00e2mina e sem ca\u00e7amba.<\/span><\/td>\n<\/tr>\n<tr>\n<td><strong>Peso Operacional M\u00e1ximo com a Cabine**<\/strong><\/td>\n<td><span class=\"unit unit-us\">17905 libras<\/span><\/td>\n<\/tr>\n<tr>\n<td><strong>Peso Operacional M\u00ednimo com Cabine*<\/strong><\/td>\n<td><span class=\"unit unit-us\">16549 libras<\/span><\/td>\n<\/tr>\n<tr>\n<td><strong>Nota 1)<\/strong><\/td>\n<td><span class=\"unit unit-us\">*O peso m\u00ednimo \u00e9 baseado em esteiras de a\u00e7o, sem contrapeso, operador, tanque de combust\u00edvel cheio, bra\u00e7o padr\u00e3o, l\u00e2mina e sem ca\u00e7amba.<\/span><\/td>\n<\/tr>\n<\/tbody>\n<\/table>\n<h3 class=\"accordion__heading open\" tabindex=\"0\" role=\"button\" aria-controls=\"accordion__group--1-3\" aria-expanded=\"true\">DIMENS\u00d5ES - VARA LONGA<\/h3>\n<div id=\"accordion__group--1-3\" class=\"accordion__body\">\n<div class=\"table-scroll\">\n<div class=\"scrollable\">\n<div>\n<table>\n<tbody>\n<tr>\n<td><strong>Profundidade de escava\u00e7\u00e3o<\/strong><\/td>\n<td><span class=\"unit unit-us\">182,8 em<\/span><\/td>\n<\/tr>\n<tr>\n<td><strong>Altura da cabine<\/strong><\/td>\n<td><span class=\"unit unit-us\">100 em<\/span><\/td>\n<\/tr>\n<tr>\n<td><strong>Altura m\u00e1xima da l\u00e2mina<\/strong><\/td>\n<td><span class=\"unit unit-us\">14,6 em<\/span><\/td>\n<\/tr>\n<tr>\n<td><strong>Largura da esteira\/sapata<\/strong><\/td>\n<td><span class=\"unit unit-us\">17,7 em<\/span><\/td>\n<\/tr>\n<tr>\n<td><strong>Altura m\u00e1xima de despejo<\/strong><\/td>\n<td><span class=\"unit unit-us\">225,1 em<\/span><\/td>\n<\/tr>\n<tr>\n<td><strong>Comprimento do material rodante O\/A<\/strong><\/td>\n<td><span class=\"unit unit-us\">108,7 em<\/span><\/td>\n<\/tr>\n<tr>\n<td><strong>Largura da Pista O\/A<\/strong><\/td>\n<td><span class=\"unit unit-us\">86,6 em<\/span><\/td>\n<\/tr>\n<tr>\n<td><strong>Parede Vertical<\/strong><\/td>\n<td><span class=\"unit unit-us\">161,9 em<\/span><\/td>\n<\/tr>\n<tr>\n<td><strong>Largura sobre a C\u00e2mara Alta<\/strong><\/td>\n<td><span class=\"unit unit-us\">88,6 em<\/span><\/td>\n<\/tr>\n<tr>\n<td><strong>Expans\u00e3o ao Alcance<\/strong><\/td>\n<td><span class=\"unit unit-us\">88,6 em<\/span><\/td>\n<\/tr>\n<tr>\n<td><strong>Comprimento do bast\u00e3o<\/strong><\/td>\n<td><span class=\"unit unit-us\">86,9 em<\/span><\/td>\n<\/tr>\n<tr>\n<td><strong>Balan\u00e7o da Cauda com Contrapeso<\/strong><\/td>\n<td><span class=\"unit unit-us\">76 em<\/span><\/td>\n<\/tr>\n<tr>\n<td><strong>Alcance M\u00e1ximo<\/strong><\/td>\n<td><span class=\"unit unit-us\">267,9 em<\/span><\/td>\n<\/tr>\n<\/tbody>\n<\/table>\n<p>&nbsp;<\/p>\n<\/div>\n<\/div>\n<\/div>\n<\/div>\n<\/div>\n<\/div>\n<\/div>\n<\/div>\n<\/div>\n<\/div>\n<\/div>\n<\/div>","protected":false},"excerpt":{"rendered":"<div style=\"width: 544px;\" class=\"wp-video\"><!--[if lt IE 9]><script>document.createElement('video');<\/script><![endif]--><br \/>\n<video class=\"wp-video-shortcode\" id=\"video-2637-1\" width=\"544\" height=\"960\" preload=\"metadata\" controls=\"controls\"><source type=\"video\/mp4\" src=\"https:\/\/satisfybot.com\/wp-content\/uploads\/2023\/08\/CAT307E2.mp4?_=1\" \/><a href=\"https:\/\/satisfybot.com\/wp-content\/uploads\/2023\/08\/CAT307E2.mp4\">https:\/\/satisfybot.com\/wp-content\/uploads\/2023\/08\/CAT307E2.mp4<\/a><\/video><\/div>","protected":false},"featured_media":2643,"template":"","meta":{"site-sidebar-layout":"default","site-content-layout":"default","ast-site-content-layout":"default","site-content-style":"default","site-sidebar-style":"default","ast-global-header-display":"","ast-banner-title-visibility":"","ast-main-header-display":"","ast-hfb-above-header-display":"","ast-hfb-below-header-display":"","ast-hfb-mobile-header-display":"","site-post-title":"","ast-breadcrumbs-content":"","ast-featured-img":"","footer-sml-layout":"","ast-disable-related-posts":"","theme-transparent-header-meta":"default","adv-header-id-meta":"","stick-header-meta":"","header-above-stick-meta":"","header-main-stick-meta":"","header-below-stick-meta":"","astra-migrate-meta-layouts":"default","ast-page-background-enabled":"default","ast-page-background-meta":{"desktop":{"background-color":"","background-image":"","background-repeat":"repeat","background-position":"center center","background-size":"auto","background-attachment":"scroll","background-type":"","background-media":"","overlay-type":"","overlay-color":"","overlay-opacity":"","overlay-gradient":""},"tablet":{"background-color":"","background-image":"","background-repeat":"repeat","background-position":"center center","background-size":"auto","background-attachment":"scroll","background-type":"","background-media":"","overlay-type":"","overlay-color":"","overlay-opacity":"","overlay-gradient":""},"mobile":{"background-color":"","background-image":"","background-repeat":"repeat","background-position":"center center","background-size":"auto","background-attachment":"scroll","background-type":"","background-media":"","overlay-type":"","overlay-color":"","overlay-opacity":"","overlay-gradient":""}},"ast-content-background-meta":{"desktop":{"background-color":"var(--ast-global-color-5)","background-image":"","background-repeat":"repeat","background-position":"center center","background-size":"auto","background-attachment":"scroll","background-type":"","background-media":"","overlay-type":"","overlay-color":"","overlay-opacity":"","overlay-gradient":""},"tablet":{"background-color":"var(--ast-global-color-5)","background-image":"","background-repeat":"repeat","background-position":"center center","background-size":"auto","background-attachment":"scroll","background-type":"","background-media":"","overlay-type":"","overlay-color":"","overlay-opacity":"","overlay-gradient":""},"mobile":{"background-color":"var(--ast-global-color-5)","background-image":"","background-repeat":"repeat","background-position":"center center","background-size":"auto","background-attachment":"scroll","background-type":"","background-media":"","overlay-type":"","overlay-color":"","overlay-opacity":"","overlay-gradient":""}}},"product_brand":[],"product_cat":[28],"product_tag":[],"class_list":{"0":"post-2637","1":"product","2":"type-product","3":"status-publish","4":"has-post-thumbnail","6":"product_cat-excavator","7":"desktop-align-left","8":"tablet-align-left","9":"mobile-align-left","11":"first","12":"instock","13":"shipping-taxable","14":"product-type-simple"},"_links":{"self":[{"href":"https:\/\/satisfybot.com\/pt\/wp-json\/wp\/v2\/product\/2637","targetHints":{"allow":["GET"]}}],"collection":[{"href":"https:\/\/satisfybot.com\/pt\/wp-json\/wp\/v2\/product"}],"about":[{"href":"https:\/\/satisfybot.com\/pt\/wp-json\/wp\/v2\/types\/product"}],"version-history":[{"count":0,"href":"https:\/\/satisfybot.com\/pt\/wp-json\/wp\/v2\/product\/2637\/revisions"}],"wp:featuredmedia":[{"embeddable":true,"href":"https:\/\/satisfybot.com\/pt\/wp-json\/wp\/v2\/media\/2643"}],"wp:attachment":[{"href":"https:\/\/satisfybot.com\/pt\/wp-json\/wp\/v2\/media?parent=2637"}],"wp:term":[{"taxonomy":"product_brand","embeddable":true,"href":"https:\/\/satisfybot.com\/pt\/wp-json\/wp\/v2\/product_brand?post=2637"},{"taxonomy":"product_cat","embeddable":true,"href":"https:\/\/satisfybot.com\/pt\/wp-json\/wp\/v2\/product_cat?post=2637"},{"taxonomy":"product_tag","embeddable":true,"href":"https:\/\/satisfybot.com\/pt\/wp-json\/wp\/v2\/product_tag?post=2637"}],"curies":[{"name":"wp","href":"https:\/\/api.w.org\/{rel}","templated":true}]}}